{"id":147757,"date":"2025-02-11T13:27:27","date_gmt":"2025-02-11T12:27:27","guid":{"rendered":"https:\/\/secureus.se\/kodlas-v42\/"},"modified":"2026-04-23T10:19:48","modified_gmt":"2026-04-23T08:19:48","slug":"kodlas-v42","status":"publish","type":"product","link":"https:\/\/secureus.se\/de\/kodlas-v42\/","title":{"rendered":"CODESCHLOSS V42"},"content":{"rendered":"<h1 data-start=\"529\" data-end=\"935\">Das V42 Codeschloss ist eines der weltweit meistverkauften Codeschl\u00f6sser und eine zuverl\u00e4ssige L\u00f6sung zur sicheren Zugangskontrolle.<\/h1>\n<p data-start=\"529\" data-end=\"935\">Mit seinem stilvollen und modernen Design ist es sowohl f\u00fcr den Innen- als auch f\u00fcr den Au\u00dfenbereich geeignet und dank seiner robusten Konstruktion h\u00e4lt es mit der Schutzart IP54 auch rauen Wetterbedingungen stand.<\/p>\n<p data-start=\"529\" data-end=\"935\">Das Codeschloss verf\u00fcgt \u00fcber eine hintergrundbeleuchtete Tastatur, die eine einfache Bedienung auch bei Dunkelheit erm\u00f6glicht.<\/p>\n<p data-start=\"937\" data-end=\"1227\">Das Schloss bietet zwei 4-stellige Codes, wodurch unterschiedliche Benutzer, wie zum Beispiel Handwerker, Hausverwalter oder Postboten, das Schloss mit ihren eigenen Codes nutzen k\u00f6nnen.<\/p>\n<p data-start=\"937\" data-end=\"1227\">Durch die Verz\u00f6gerung von einer halben Sekunde ist es nahezu unm\u00f6glich, den richtigen Code zu erraten, was die Sicherheit erh\u00f6ht.<\/p>\n<p data-start=\"1229\" data-end=\"1582\">Das V42-Kombinationsschloss ist f\u00fcr eine einfache Installation und Verwendung konzipiert.<\/p>\n<p data-start=\"1229\" data-end=\"1582\">Die Stromversorgung erfolgt \u00fcber 12 bis 24 VAC\/DC und der Stromverbrauch betr\u00e4gt im Ruhezustand nur 8 mA.<\/p>\n<p data-start=\"1229\" data-end=\"1582\">Au\u00dferdem verf\u00fcgt es \u00fcber eine Fern\u00f6ffnungsfunktion mit Verz\u00f6gerung und zwei separate Eing\u00e4nge zur zeitlichen Steuerung von Codes.<\/p>\n<p data-start=\"1229\" data-end=\"1582\">Das Umschaltrelais mit max. 1\u00a0A, 28\u00a0V DC-Ausgang macht es flexibel f\u00fcr verschiedene Arten von Installationen.<\/p>\n<p data-start=\"1584\" data-end=\"1614\"><strong data-start=\"1584\" data-end=\"1612\">Funktionen und Vorteile:<\/strong><\/p>\n<ul data-start=\"1615\" data-end=\"1834\">\n<li data-start=\"1615\" data-end=\"1663\">Zwei 4-stellige Codes f\u00fcr flexiblen Einsatz<\/li>\n<li data-start=\"1664\" data-end=\"1697\">Verz\u00f6gerung f\u00fcr mehr Sicherheit<\/li>\n<li data-start=\"1698\" data-end=\"1748\">Tastatur mit Hintergrundbeleuchtung f\u00fcr einfache Bedienung<\/li>\n<li data-start=\"1749\" data-end=\"1798\">Robuste und wetterfeste Konstruktion (IP54)<\/li>\n<li data-start=\"1799\" data-end=\"1834\">Einfache Installation und Verwendung<\/li>\n<\/ul>\n<p data-start=\"1841\" data-end=\"1872\"><strong data-start=\"1841\" data-end=\"1870\">Technische Spezifikationen:<\/strong><\/p>\n<ul data-start=\"1873\" data-end=\"2378\">\n<li data-start=\"1873\" data-end=\"1909\">Betriebsspannung: 12 bis 24 VAC\/DC<\/li>\n<li data-start=\"1910\" data-end=\"1943\">Stromaufnahme: 8 mA im Ruhezustand<\/li>\n<li data-start=\"1944\" data-end=\"2026\">Eing\u00e4nge: Fern\u00f6ffnung mit Verz\u00f6gerung, zwei Eing\u00e4nge zur Zeitsteuerung von Codes<\/li>\n<li data-start=\"2027\" data-end=\"2071\">Ausg\u00e4nge: Umschaltrelais (max. 1A, 28V DC)<\/li>\n<li data-start=\"2072\" data-end=\"2102\">\u00d6ffnungszeit: 1\u201330 Sekunden<\/li>\n<li data-start=\"2103\" data-end=\"2141\">Codekapazit\u00e4t: Zwei 4-stellige Codes<\/li>\n<li data-start=\"2142\" data-end=\"2177\">Umgebung: Innen- und Au\u00dfenverwendung<\/li>\n<li data-start=\"2178\" data-end=\"2202\">Schutzart: IP54<\/li>\n<li data-start=\"2203\" data-end=\"2265\">Geh\u00e4use: Metalldruckguss, Edelstahlkn\u00f6pfe und Sicherheitsschloss<\/li>\n<li data-start=\"2266\" data-end=\"2279\">Farbe: Grau<\/li>\n<li data-start=\"2280\" data-end=\"2325\">Abmessungen (B x H x T): 80 x 140 x 40 mm<\/li>\n<li data-start=\"2326\" data-end=\"2343\">Gewicht: 0,72 kg<\/li>\n<li data-start=\"2344\" data-end=\"2378\">Arbeitstemperatur: -35 bis +55\u00b0C<\/li>\n<\/ul>","protected":false},"excerpt":{"rendered":"<p>Das Codeschloss V42 ist ein kompaktes und robustes Codeschloss mit modernem Design, perfekt f\u00fcr den Au\u00dfenbereich.<\/p>\n<p>Durch zwei 4-stellige Codes ist die Nutzung durch unterschiedliche Personen, wie zum Beispiel Handwerker oder Postboten m\u00f6glich.<\/p>\n<p>Die hintergrundbeleuchtete Tastatur und die integrierte Verz\u00f6gerung von einer halben Sekunde machen es sicher und benutzerfreundlich.<\/p>\n<p>Es hat die Schutzart IP54 und h\u00e4lt rauen Umgebungen stand, weshalb es sich ideal f\u00fcr die Installation im Innen- und Au\u00dfenbereich eignet.<\/p>","protected":false},"featured_media":147756,"template":"","meta":{"_acf_changed":false},"product_brand":[],"product_cat":[1481],"product_tag":[],"class_list":{"0":"post-147757","1":"product","2":"type-product","3":"status-publish","4":"has-post-thumbnail","6":"product_cat-kodlas-kodlas","7":"pa_brands-6vanderbilt","8":"pa_farg-gra","9":"tm-no-options","11":"first","12":"instock","13":"sale","14":"taxable","15":"shipping-taxable","16":"purchasable","17":"product-type-simple"},"acf":[],"_links":{"self":[{"href":"https:\/\/secureus.se\/de\/wp-json\/wp\/v2\/product\/147757","targetHints":{"allow":["GET"]}}],"collection":[{"href":"https:\/\/secureus.se\/de\/wp-json\/wp\/v2\/product"}],"about":[{"href":"https:\/\/secureus.se\/de\/wp-json\/wp\/v2\/types\/product"}],"wp:featuredmedia":[{"embeddable":true,"href":"https:\/\/secureus.se\/de\/wp-json\/wp\/v2\/media\/147756"}],"wp:attachment":[{"href":"https:\/\/secureus.se\/de\/wp-json\/wp\/v2\/media?parent=147757"}],"wp:term":[{"taxonomy":"product_brand","embeddable":true,"href":"https:\/\/secureus.se\/de\/wp-json\/wp\/v2\/product_brand?post=147757"},{"taxonomy":"product_cat","embeddable":true,"href":"https:\/\/secureus.se\/de\/wp-json\/wp\/v2\/product_cat?post=147757"},{"taxonomy":"product_tag","embeddable":true,"href":"https:\/\/secureus.se\/de\/wp-json\/wp\/v2\/product_tag?post=147757"}],"curies":[{"name":"wp","href":"https:\/\/api.w.org\/{rel}","templated":true}]}}