{"id":147765,"date":"2025-02-11T13:27:26","date_gmt":"2025-02-11T12:27:26","guid":{"rendered":"https:\/\/secureus.se\/skyddshuv-sh2\/"},"modified":"2026-04-23T10:19:55","modified_gmt":"2026-04-23T08:19:55","slug":"skyddshuv-sh2","status":"publish","type":"product","link":"https:\/\/secureus.se\/de\/skyddshuv-sh2\/","title":{"rendered":"SCHUTZHAUBE SH2"},"content":{"rendered":"<h1 data-start=\"467\" data-end=\"939\">Die Schutzh\u00fclle SH2 ist das perfekte Zubeh\u00f6r zum Schutz von Bewator- und Vanderbilt-Codeschl\u00f6ssern, Tastaturen und Kartenlesern wie PP500 und RB500 in exponierten Umgebungen.<\/h1>\n<p data-start=\"467\" data-end=\"939\">Diese robuste Schutzhaube aus 5 mm starkem Acryl-Kunststoff ist darauf ausgelegt, Witterungseinfl\u00fcssen standzuhalten und die Elektronik vor Regen und Schmutz zu sch\u00fctzen.<\/p>\n<p data-start=\"467\" data-end=\"939\">Durch die Aussparungen f\u00fcr die Verkabelung ist eine einfache Installation oder Erg\u00e4nzung bestehender Systeme ohne aufw\u00e4ndige \u00c4nderungen m\u00f6glich.<\/p>\n<p data-start=\"941\" data-end=\"1293\">Die Schutzh\u00fclle wird zwischen Wand und Tastaturr\u00fcckseite platziert, so dass die Montage schnell und einfach ist.<\/p>\n<p data-start=\"941\" data-end=\"1293\">SH2 bietet zuverl\u00e4ssigen Schutz vor Witterungseinfl\u00fcssen, was besonders im Au\u00dfenbereich n\u00fctzlich ist, wo die Ger\u00e4te den Elementen ausgesetzt sind.<\/p>\n<p data-start=\"941\" data-end=\"1293\">Es funktioniert hervorragend in gewerblichen und industriellen Umgebungen, in denen Sicherheit und Haltbarkeit von entscheidender Bedeutung sind.<\/p>\n<p data-start=\"1295\" data-end=\"1325\"><strong data-start=\"1295\" data-end=\"1323\">Funktionen und Vorteile:<\/strong><\/p>\n<ul data-start=\"1326\" data-end=\"1557\">\n<li data-start=\"1326\" data-end=\"1365\">Sch\u00fctzt vor Witterungseinfl\u00fcssen und Schmutz<\/li>\n<li data-start=\"1366\" data-end=\"1434\">Passend f\u00fcr Codeschl\u00f6sser, Tastaturen und Kartenleser von Bewator und Vanderbilt<\/li>\n<li data-start=\"1435\" data-end=\"1516\">Einfache Erg\u00e4nzung vorhandener Installationen mit Aussparungen f\u00fcr die Verkabelung<\/li>\n<li data-start=\"1517\" data-end=\"1557\">Robuste Konstruktion f\u00fcr lange Lebensdauer<\/li>\n<\/ul>\n<p data-start=\"1564\" data-end=\"1595\"><strong data-start=\"1564\" data-end=\"1593\">Technische Spezifikationen:<\/strong><\/p>\n<ul data-start=\"1596\" data-end=\"1703\">\n<li data-start=\"1596\" data-end=\"1625\">Material: 5 mm Acryl-Kunststoff<\/li>\n<li data-start=\"1626\" data-end=\"1665\">Abmessungen (B x H x T): 104 x 168 x 90 mm<\/li>\n<li data-start=\"1666\" data-end=\"1703\">Gewicht: Leichte und langlebige Konstruktion<\/li>\n<\/ul>","protected":false},"excerpt":{"rendered":"<p data-start=\"71\" data-end=\"460\">Die Schutzh\u00fclle SH2 ist eine Regenh\u00fclle f\u00fcr Bewator-Codeschl\u00f6sser, Tastaturen und Kartenleser wie PP500.<\/p>\n<p data-start=\"71\" data-end=\"460\">Es ist f\u00fcr den Schutz von Ger\u00e4ten in exponierten Umgebungen konzipiert und verf\u00fcgt \u00fcber Aussparungen f\u00fcr die Verkabelung, sodass die Installation auch bei der Erg\u00e4nzung vorhandener Systeme einfach ist.<\/p>\n<p data-start=\"71\" data-end=\"460\">Gefertigt aus widerstandsf\u00e4higem 5 mm Acryl-Kunststoff bietet es zuverl\u00e4ssigen Schutz vor Witterungseinfl\u00fcssen und Schmutz.<\/p>","protected":false},"featured_media":147764,"template":"","meta":{"_acf_changed":false},"product_brand":[],"product_cat":[1481],"product_tag":[],"class_list":{"0":"post-147765","1":"product","2":"type-product","3":"status-publish","4":"has-post-thumbnail","6":"product_cat-kodlas-kodlas","7":"product_shipping_class-tunga-paket","8":"pa_brands-6vanderbilt","9":"tm-no-options","11":"first","12":"instock","13":"sale","14":"taxable","15":"shipping-taxable","16":"purchasable","17":"product-type-simple"},"acf":[],"_links":{"self":[{"href":"https:\/\/secureus.se\/de\/wp-json\/wp\/v2\/product\/147765","targetHints":{"allow":["GET"]}}],"collection":[{"href":"https:\/\/secureus.se\/de\/wp-json\/wp\/v2\/product"}],"about":[{"href":"https:\/\/secureus.se\/de\/wp-json\/wp\/v2\/types\/product"}],"wp:featuredmedia":[{"embeddable":true,"href":"https:\/\/secureus.se\/de\/wp-json\/wp\/v2\/media\/147764"}],"wp:attachment":[{"href":"https:\/\/secureus.se\/de\/wp-json\/wp\/v2\/media?parent=147765"}],"wp:term":[{"taxonomy":"product_brand","embeddable":true,"href":"https:\/\/secureus.se\/de\/wp-json\/wp\/v2\/product_brand?post=147765"},{"taxonomy":"product_cat","embeddable":true,"href":"https:\/\/secureus.se\/de\/wp-json\/wp\/v2\/product_cat?post=147765"},{"taxonomy":"product_tag","embeddable":true,"href":"https:\/\/secureus.se\/de\/wp-json\/wp\/v2\/product_tag?post=147765"}],"curies":[{"name":"wp","href":"https:\/\/api.w.org\/{rel}","templated":true}]}}