{"id":147767,"date":"2025-02-11T15:05:49","date_gmt":"2025-02-11T14:05:49","guid":{"rendered":"https:\/\/secureus.se\/dorrhallare-440-gra-assa-abloy\/"},"modified":"2026-04-23T11:56:34","modified_gmt":"2026-04-23T09:56:34","slug":"dorrhallare-440-gra-assa-abloy","status":"publish","type":"product","link":"https:\/\/secureus.se\/de\/dorrhallare-440-gra-assa-abloy\/","title":{"rendered":"T\u00fcrhalter 440 Grau \u2013 Assa Abloy"},"content":{"rendered":"<p>ASSA ABLOY 440 ist ein T\u00fcrhalter aus schwarzem Gummi und Acetalkunststoff zum Festhalten von T\u00fcren in vollst\u00e4ndig ge\u00f6ffneter Position. In der ge\u00f6ffneten Stellung wird der T\u00fcrwinkel in die Halterung gedr\u00fcckt, sodass die T\u00fcr an ihrem Platz bleibt. Beim Ziehen an der T\u00fcr gibt der Halter die T\u00fcrhalterung frei. Die Halterung wird an der Wand, der T\u00fcrwinkel an der T\u00fcr montiert.<\/p>\n<p><b>Eigenschaften:<\/b><\/p>\n<ul>\n<li>T\u00fcrwinkeldurchmesser: \u00d8 23 mm<\/li>\n<li>L\u00e4nge der T\u00fcrhalterung: 16 mm.<\/li>\n<li>Halterdurchmesser: \u00d8 40 mm.<\/li>\n<li>Halterl\u00e4nge: 60 mm<\/li>\n<li>Empfohlene Schraube: TKX 5,5 f\u00fcr Halter und TKX 4,5 f\u00fcr T\u00fcrwinkel<\/li>\n<\/ul>\n<p><strong>Das Paket enth\u00e4lt<\/strong><br \/>\n1 x T\u00fcrhalter<br \/>\n1 x T\u00fcrhalterung<\/p>\n<div><\/div>","protected":false},"excerpt":{"rendered":"<p>Zum Halten der T\u00fcr in der vollst\u00e4ndig ge\u00f6ffneten Position.<\/p>\n<p>In der ge\u00f6ffneten Stellung wird der T\u00fcrwinkel in die Halterung gedr\u00fcckt, sodass die T\u00fcr an ihrem Platz bleibt. Beim anschlie\u00dfenden Ziehen an der T\u00fcr gibt der Halter die T\u00fcrhalterung frei.<\/p>","protected":false},"featured_media":147766,"template":"","meta":{"_acf_changed":false},"product_brand":[],"product_cat":[4605],"product_tag":[],"class_list":{"0":"post-147767","1":"product","2":"type-product","3":"status-publish","4":"has-post-thumbnail","6":"product_cat-dorrhallare","7":"product_shipping_class-postnord-varubrev","8":"pa_brands-abloy","9":"tm-no-options","11":"first","12":"instock","13":"sale","14":"taxable","15":"shipping-taxable","16":"purchasable","17":"product-type-simple"},"acf":[],"_links":{"self":[{"href":"https:\/\/secureus.se\/de\/wp-json\/wp\/v2\/product\/147767","targetHints":{"allow":["GET"]}}],"collection":[{"href":"https:\/\/secureus.se\/de\/wp-json\/wp\/v2\/product"}],"about":[{"href":"https:\/\/secureus.se\/de\/wp-json\/wp\/v2\/types\/product"}],"wp:featuredmedia":[{"embeddable":true,"href":"https:\/\/secureus.se\/de\/wp-json\/wp\/v2\/media\/147766"}],"wp:attachment":[{"href":"https:\/\/secureus.se\/de\/wp-json\/wp\/v2\/media?parent=147767"}],"wp:term":[{"taxonomy":"product_brand","embeddable":true,"href":"https:\/\/secureus.se\/de\/wp-json\/wp\/v2\/product_brand?post=147767"},{"taxonomy":"product_cat","embeddable":true,"href":"https:\/\/secureus.se\/de\/wp-json\/wp\/v2\/product_cat?post=147767"},{"taxonomy":"product_tag","embeddable":true,"href":"https:\/\/secureus.se\/de\/wp-json\/wp\/v2\/product_tag?post=147767"}],"curies":[{"name":"wp","href":"https:\/\/api.w.org\/{rel}","templated":true}]}}