{"id":147774,"date":"2025-02-11T15:05:33","date_gmt":"2025-02-11T14:05:33","guid":{"rendered":"https:\/\/secureus.se\/dorrhallare-393-70mm-rostfri-habo\/"},"modified":"2026-03-11T12:42:59","modified_gmt":"2026-03-11T11:42:59","slug":"dorrhallare-393-70mm-rostfri-habo","status":"publish","type":"product","link":"https:\/\/secureus.se\/de\/dorrhallare-393-70mm-rostfri-habo\/","title":{"rendered":"T\u00fcrhalter 393 70mm Edelstahl \u2013 Habo"},"content":{"rendered":"<p>T\u00fcrfeststeller aus Edelstahl mit verdeckter Befestigung. Sch\u00fctzt T\u00fcr und Wand vor St\u00f6\u00dfen und Besch\u00e4digungen. F\u00fcr Holz- oder Steinb\u00f6den. Schrauben enthalten. Erh\u00e4ltlich in zwei H\u00f6hen: 70\u00a0mm (dieses hier, 16318) und 100\u00a0mm (16321).<\/p>\n<p><b>Eigenschaften:<\/b><\/p>\n<ul>\n<li>Plattendurchmesser: 50 mm<\/li>\n<li>H\u00f6he: 70mm<\/li>\n<li>Ma\u00dfe Halterung: 15\u00d735 mm<\/li>\n<\/ul>","protected":false},"excerpt":{"rendered":"<p>T\u00fcrfeststeller aus Edelstahl mit verdeckter Befestigung. Sch\u00fctzt T\u00fcr und Wand vor St\u00f6\u00dfen und Besch\u00e4digungen. F\u00fcr Holz- oder Steinb\u00f6den. Schrauben enthalten.<\/p>","protected":false},"featured_media":147773,"template":"","meta":{"_acf_changed":false},"product_brand":[],"product_cat":[4605],"product_tag":[],"class_list":{"0":"post-147774","1":"product","2":"type-product","3":"status-publish","4":"has-post-thumbnail","6":"product_cat-dorrhallare","7":"product_shipping_class-postnord-varubrev","8":"pa_brands-habo","9":"tm-no-options","11":"first","12":"instock","13":"sale","14":"taxable","15":"shipping-taxable","16":"purchasable","17":"product-type-simple"},"acf":[],"_links":{"self":[{"href":"https:\/\/secureus.se\/de\/wp-json\/wp\/v2\/product\/147774","targetHints":{"allow":["GET"]}}],"collection":[{"href":"https:\/\/secureus.se\/de\/wp-json\/wp\/v2\/product"}],"about":[{"href":"https:\/\/secureus.se\/de\/wp-json\/wp\/v2\/types\/product"}],"wp:featuredmedia":[{"embeddable":true,"href":"https:\/\/secureus.se\/de\/wp-json\/wp\/v2\/media\/147773"}],"wp:attachment":[{"href":"https:\/\/secureus.se\/de\/wp-json\/wp\/v2\/media?parent=147774"}],"wp:term":[{"taxonomy":"product_brand","embeddable":true,"href":"https:\/\/secureus.se\/de\/wp-json\/wp\/v2\/product_brand?post=147774"},{"taxonomy":"product_cat","embeddable":true,"href":"https:\/\/secureus.se\/de\/wp-json\/wp\/v2\/product_cat?post=147774"},{"taxonomy":"product_tag","embeddable":true,"href":"https:\/\/secureus.se\/de\/wp-json\/wp\/v2\/product_tag?post=147774"}],"curies":[{"name":"wp","href":"https:\/\/api.w.org\/{rel}","templated":true}]}}