{"id":147784,"date":"2025-02-11T15:45:41","date_gmt":"2025-02-11T14:45:41","guid":{"rendered":"https:\/\/secureus.se\/porthallare-170-z-habo\/"},"modified":"2026-04-23T11:56:16","modified_gmt":"2026-04-23T09:56:16","slug":"porthallare-170-z-habo","status":"publish","type":"product","link":"https:\/\/secureus.se\/de\/porthallare-170-z-habo\/","title":{"rendered":"Torhalter 170 \u2013 Habo"},"content":{"rendered":"<div>Der T\u00fcrhalter 170 hilft dabei, gro\u00dfe Fl\u00fcgelt\u00fcren\/-tore in der ge\u00f6ffneten Position zu halten. Kann bei Gebrauch zusammengeklappt werden. Lieferung mit Schrauben.<\/div>\n<div><b><br \/>\nEigenschaften:<\/b><\/div>\n<div>\n<ul>\n<li>Material: Stahl<\/li>\n<li>Schenkell\u00e4nge: 350 mm<\/li>\n<li>Ma\u00dfe Montageplatte: 40\u00d794 mm<\/li>\n<\/ul>\n<\/div>\n<div><\/div>","protected":false},"excerpt":{"rendered":"<header class=\"product-header\" role=\"banner\">\n<div class=\"short description product-short-description\">Habo Torhalter 170<\/div>\n<\/header>","protected":false},"featured_media":147782,"template":"","meta":{"_acf_changed":false},"product_brand":[],"product_cat":[4607],"product_tag":[],"class_list":{"0":"post-147784","1":"product","2":"type-product","3":"status-publish","4":"has-post-thumbnail","6":"product_cat-porthallare","7":"pa_brands-habo","8":"tm-no-options","10":"first","11":"instock","12":"sale","13":"taxable","14":"shipping-taxable","15":"purchasable","16":"product-type-simple"},"acf":[],"_links":{"self":[{"href":"https:\/\/secureus.se\/de\/wp-json\/wp\/v2\/product\/147784","targetHints":{"allow":["GET"]}}],"collection":[{"href":"https:\/\/secureus.se\/de\/wp-json\/wp\/v2\/product"}],"about":[{"href":"https:\/\/secureus.se\/de\/wp-json\/wp\/v2\/types\/product"}],"wp:featuredmedia":[{"embeddable":true,"href":"https:\/\/secureus.se\/de\/wp-json\/wp\/v2\/media\/147782"}],"wp:attachment":[{"href":"https:\/\/secureus.se\/de\/wp-json\/wp\/v2\/media?parent=147784"}],"wp:term":[{"taxonomy":"product_brand","embeddable":true,"href":"https:\/\/secureus.se\/de\/wp-json\/wp\/v2\/product_brand?post=147784"},{"taxonomy":"product_cat","embeddable":true,"href":"https:\/\/secureus.se\/de\/wp-json\/wp\/v2\/product_cat?post=147784"},{"taxonomy":"product_tag","embeddable":true,"href":"https:\/\/secureus.se\/de\/wp-json\/wp\/v2\/product_tag?post=147784"}],"curies":[{"name":"wp","href":"https:\/\/api.w.org\/{rel}","templated":true}]}}