{"id":147785,"date":"2025-02-11T15:45:43","date_gmt":"2025-02-11T14:45:43","guid":{"rendered":"https:\/\/secureus.se\/porthallare-271-fz-dorrbedd-1100-1300mm-assa-abloy\/"},"modified":"2026-04-23T11:56:00","modified_gmt":"2026-04-23T09:56:00","slug":"porthallare-271-fz-dorrbedd-1100-1300mm-assa-abloy","status":"publish","type":"product","link":"https:\/\/secureus.se\/de\/porthallare-271-fz-dorrbedd-1100-1300mm-assa-abloy\/","title":{"rendered":"T\u00fcrfeststeller 271 \u2013 T\u00fcrbreite 1100-1300mm \u2013 Assa Abloy"},"content":{"rendered":"<div>Der T\u00fcrhalter ASSA ABLOY 271 ist ein T\u00fcrhalter zum Positionieren einer T\u00fcr oder eines Tores in einer vollst\u00e4ndig ge\u00f6ffneten Position von ungef\u00e4hr 90 Grad. Schraube enthalten.<\/div>\n<div><b><br \/>\nEigenschaften:<\/b><\/div>\n<div>\n<ul>\n<li>F\u00fcr T\u00fcrbreite 1100-1300 mm. (270 kann 800-1100 mm bew\u00e4ltigen)<\/li>\n<li>Passend f\u00fcr rechts- und linksangeschlagene T\u00fcren (wird bei der Montage ermittelt).<\/li>\n<li>Max. T\u00fcrgewicht: 125 kg<\/li>\n<li>In der vollst\u00e4ndig ge\u00f6ffneten Position (ca. 90 Grad) f\u00e4llt der Riegel automatisch in die Verriegelungsposition und h\u00e4lt die T\u00fcr an ihrem Platz.<\/li>\n<li>Wird die T\u00fcr weiter in Richtung \u00d6ffnungsposition gedr\u00fcckt, l\u00f6st sich der Riegel und die T\u00fcr kann geschlossen werden.<\/li>\n<li>Die Anschlagfeder dient gleichzeitig als Sto\u00dfd\u00e4mpfer und sch\u00fctzt somit T\u00fcr und Scharniere.<\/li>\n<\/ul>\n<\/div>","protected":false},"excerpt":{"rendered":"<p>T\u00fcrfeststeller ASSA ABLOY 271<\/p>","protected":false},"featured_media":147786,"template":"","meta":{"_acf_changed":false},"product_brand":[],"product_cat":[4607],"product_tag":[],"class_list":{"0":"post-147785","1":"product","2":"type-product","3":"status-publish","4":"has-post-thumbnail","6":"product_cat-porthallare","7":"product_shipping_class-tunga-paket","8":"pa_brands-abloy","9":"tm-no-options","11":"first","12":"instock","13":"sale","14":"taxable","15":"shipping-taxable","16":"purchasable","17":"product-type-simple"},"acf":[],"_links":{"self":[{"href":"https:\/\/secureus.se\/de\/wp-json\/wp\/v2\/product\/147785","targetHints":{"allow":["GET"]}}],"collection":[{"href":"https:\/\/secureus.se\/de\/wp-json\/wp\/v2\/product"}],"about":[{"href":"https:\/\/secureus.se\/de\/wp-json\/wp\/v2\/types\/product"}],"wp:featuredmedia":[{"embeddable":true,"href":"https:\/\/secureus.se\/de\/wp-json\/wp\/v2\/media\/147786"}],"wp:attachment":[{"href":"https:\/\/secureus.se\/de\/wp-json\/wp\/v2\/media?parent=147785"}],"wp:term":[{"taxonomy":"product_brand","embeddable":true,"href":"https:\/\/secureus.se\/de\/wp-json\/wp\/v2\/product_brand?post=147785"},{"taxonomy":"product_cat","embeddable":true,"href":"https:\/\/secureus.se\/de\/wp-json\/wp\/v2\/product_cat?post=147785"},{"taxonomy":"product_tag","embeddable":true,"href":"https:\/\/secureus.se\/de\/wp-json\/wp\/v2\/product_tag?post=147785"}],"curies":[{"name":"wp","href":"https:\/\/api.w.org\/{rel}","templated":true}]}}