{"id":147793,"date":"2025-02-11T15:45:49","date_gmt":"2025-02-11T14:45:49","guid":{"rendered":"https:\/\/secureus.se\/garageporthallare-1291-habo\/"},"modified":"2026-03-25T15:31:46","modified_gmt":"2026-03-25T14:31:46","slug":"garageporthallare-1291-habo","status":"publish","type":"product","link":"https:\/\/secureus.se\/de\/garageporthallare-1291-habo\/","title":{"rendered":"Garagentorhalter 1291 \u2013 Habo"},"content":{"rendered":"<header class=\"product-header\" role=\"banner\">\n<div class=\"short description product-short-description\">Habo Garagentorhalter 1291 Paar<\/div>\n<div>\n<p><strong>So schlie\u00dfen Sie die T\u00fcr in ge\u00f6ffneter Stellung:<\/strong><\/p>\n<p>Dr\u00fccken Sie die T\u00fcr noch etwas weiter nach au\u00dfen, sodass das Metallst\u00fcck wieder herunterf\u00e4llt und schlie\u00dfen Sie die T\u00fcr anschlie\u00dfend wie gewohnt.<\/p>\n<\/div>\n<\/header>","protected":false},"excerpt":{"rendered":"<div>Habo 1291 ist ein Garagentorhalter aus 17 mm Stahlrohr. Die Lieferung erfolgt paarweise und inklusive Schrauben.<\/div>\n<div><b><br \/>\nEigenschaften: <\/b><\/div>\n<div>\n<ul>\n<li>Maximaler \u00d6ffnungswinkel 100\u00ba<\/li>\n<li>Stangenl\u00e4nge: 1000 mm<\/li>\n<\/ul>\n<\/div>\n<div><\/div>","protected":false},"featured_media":147791,"template":"","meta":{"_acf_changed":false},"product_brand":[],"product_cat":[4607],"product_tag":[],"class_list":{"0":"post-147793","1":"product","2":"type-product","3":"status-publish","4":"has-post-thumbnail","6":"product_cat-porthallare","7":"product_shipping_class-tunga-paket","8":"pa_brands-habo","9":"tm-no-options","11":"first","12":"instock","13":"sale","14":"taxable","15":"shipping-taxable","16":"purchasable","17":"product-type-simple"},"acf":[],"_links":{"self":[{"href":"https:\/\/secureus.se\/de\/wp-json\/wp\/v2\/product\/147793","targetHints":{"allow":["GET"]}}],"collection":[{"href":"https:\/\/secureus.se\/de\/wp-json\/wp\/v2\/product"}],"about":[{"href":"https:\/\/secureus.se\/de\/wp-json\/wp\/v2\/types\/product"}],"wp:featuredmedia":[{"embeddable":true,"href":"https:\/\/secureus.se\/de\/wp-json\/wp\/v2\/media\/147791"}],"wp:attachment":[{"href":"https:\/\/secureus.se\/de\/wp-json\/wp\/v2\/media?parent=147793"}],"wp:term":[{"taxonomy":"product_brand","embeddable":true,"href":"https:\/\/secureus.se\/de\/wp-json\/wp\/v2\/product_brand?post=147793"},{"taxonomy":"product_cat","embeddable":true,"href":"https:\/\/secureus.se\/de\/wp-json\/wp\/v2\/product_cat?post=147793"},{"taxonomy":"product_tag","embeddable":true,"href":"https:\/\/secureus.se\/de\/wp-json\/wp\/v2\/product_tag?post=147793"}],"curies":[{"name":"wp","href":"https:\/\/api.w.org\/{rel}","templated":true}]}}