{"id":147836,"date":"2025-02-12T16:15:38","date_gmt":"2025-02-12T15:15:38","guid":{"rendered":"https:\/\/secureus.se\/ajax-hub-bp-4g-batteridriven-vit\/"},"modified":"2026-03-11T14:47:52","modified_gmt":"2026-03-11T13:47:52","slug":"ajax-hub-bp-4g-batteridriven-vit","status":"publish","type":"product","link":"https:\/\/secureus.se\/de\/ajax-hub-bp-4g-batteridriven-vit\/","title":{"rendered":"Ajax Hub BP 4G batteriebetrieben \u2013 Wei\u00df"},"content":{"rendered":"<h3 data-start=\"0\" data-end=\"63\"><strong data-start=\"0\" data-end=\"63\">Hub BP \u2013 Batteriebetriebenes Sicherheitszentrum f\u00fcr Orte ohne Strom<\/strong><\/h3>\n<p data-start=\"65\" data-end=\"404\">Hub BP ist ein innovatives Zentralger\u00e4t von Ajax, das auch dort f\u00fcr Sicherheit sorgt, wo das Stromnetz unzuverl\u00e4ssig oder gar nicht verf\u00fcgbar ist. Hub BP eignet sich perfekt f\u00fcr leerstehende H\u00e4user, Baustellen, B\u00fcros oder andere abgelegene Standorte und bietet eine robuste und flexible Sicherheitsl\u00f6sung mit langer Akkulaufzeit und zuverl\u00e4ssiger Kommunikation \u00fcber 4G\/LTE.<\/p>\n<h3 data-start=\"411\" data-end=\"433\">Hauptmerkmale<\/h3>\n<ul data-start=\"435\" data-end=\"2066\">\n<li data-start=\"435\" data-end=\"665\">\n<p data-start=\"437\" data-end=\"665\"><strong data-start=\"437\" data-end=\"461\">Batteriebetriebener Betrieb:<\/strong><br data-start=\"461\" data-end=\"464\" \/>Funktioniert vollst\u00e4ndig mit internen oder externen Batterien. W\u00e4hlen Sie beispielsweise eine Bleibatterie mit 12 V und 7,2 Ah f\u00fcr eine Betriebsdauer von bis zu 2 Monaten oder eine Option mit 7,2 V und 95 Ah, die eine Betriebsdauer von bis zu 17 Monaten erm\u00f6glicht.<\/p>\n<\/li>\n<li data-start=\"667\" data-end=\"839\">\n<p data-start=\"669\" data-end=\"839\"><strong data-start=\"669\" data-end=\"700\">4G\/LTE mit Dual-SIM:<\/strong><br data-start=\"700\" data-end=\"703\" \/>Zwei Micro-SIM-Steckpl\u00e4tze gew\u00e4hrleisten eine stabile und sichere Verbindung, sodass Sie unabh\u00e4ngig von der Netzsituation immer verbunden sind.<\/p>\n<\/li>\n<li data-start=\"841\" data-end=\"1022\">\n<p data-start=\"843\" data-end=\"1022\"><strong data-start=\"843\" data-end=\"861\">Externe Antenne:<\/strong><br data-start=\"861\" data-end=\"864\" \/>Verbessern Sie die Signalreichweite durch die M\u00f6glichkeit, externe Antennen anzuschlie\u00dfen. Die eingebauten Antennen dienen als Backup, falls die externe Antenne besch\u00e4digt wird.<\/p>\n<\/li>\n<li data-start=\"1024\" data-end=\"1183\">\n<p data-start=\"1026\" data-end=\"1183\"><strong data-start=\"1026\" data-end=\"1056\">Umfassende Kompatibilit\u00e4t:<\/strong><br data-start=\"1056\" data-end=\"1059\" \/>Hub BP ist vollst\u00e4ndig mit allen Ajax-Produkten kompatibel und l\u00e4sst sich daher problemlos in Ihr bestehendes Sicherheitssystem integrieren.<\/p>\n<\/li>\n<li data-start=\"1185\" data-end=\"1331\">\n<p data-start=\"1187\" data-end=\"1331\"><strong data-start=\"1187\" data-end=\"1213\">Gro\u00dfe Funkreichweite:<\/strong><br data-start=\"1213\" data-end=\"1216\" \/>Mit einer Reichweite von bis zu 2000 Metern im freien Gel\u00e4nde k\u00f6nnen Sie gro\u00dfe Fl\u00e4chen und mehrere Geb\u00e4ude problemlos abdecken.<\/p>\n<\/li>\n<li data-start=\"1333\" data-end=\"1487\">\n<p data-start=\"1335\" data-end=\"1487\"><strong data-start=\"1335\" data-end=\"1366\">Integriertes Kameramanagement:<\/strong><br data-start=\"1366\" data-end=\"1369\" \/>Durch die Unterst\u00fctzung von Ajax IR-Kameras kann das Ger\u00e4t bei Alarmereignissen Serienbilder aufnehmen \u2013 ideal zur \u00dcberpr\u00fcfung von Ereignissen.<\/p>\n<\/li>\n<li data-start=\"1489\" data-end=\"1712\">\n<p data-start=\"1491\" data-end=\"1712\"><strong data-start=\"1491\" data-end=\"1515\">Einfache Konfiguration:<\/strong><br data-start=\"1515\" data-end=\"1518\" \/>Verwalten und konfigurieren Sie das System \u00fcber die kostenlosen Apps Ajax PRO (f\u00fcr Installateure) und Ajax Security System (f\u00fcr Benutzer). Es gibt auch eine PRO-Desktopversion f\u00fcr Windows und macOS.<\/p>\n<\/li>\n<li data-start=\"1714\" data-end=\"1887\">\n<p data-start=\"1716\" data-end=\"1887\"><strong data-start=\"1716\" data-end=\"1746\">Automatische Updates:<\/strong><br data-start=\"1746\" data-end=\"1749\" \/>Firmware-Updates werden automatisch durchgef\u00fchrt, wenn das System deaktiviert wird. So wird sichergestellt, dass Sie immer \u00fcber die neueste und sicherste Version verf\u00fcgen.<\/p>\n<\/li>\n<li data-start=\"1889\" data-end=\"2066\">\n<p data-start=\"1891\" data-end=\"2066\"><strong data-start=\"1891\" data-end=\"1914\">Flexible Szenarien:<\/strong><br data-start=\"1914\" data-end=\"1917\" \/>Erstellen Sie bis zu 32 Szenarien, um beispielsweise mit einem einfachen Knopfdruck die Beleuchtung zu steuern, die Wasserzufuhr abzustellen oder Garagentore zu \u00f6ffnen.<\/p>\n<\/li>\n<\/ul>\n<hr data-start=\"2303\" data-end=\"2306\" \/>\n<p data-start=\"2328\" data-end=\"2769\">Hub BP ist die ultimative L\u00f6sung f\u00fcr die Sicherheit Ihres Eigentums, selbst wenn der Zugang zu Elektrizit\u00e4t eingeschr\u00e4nkt ist. Dank robustem Batteriebetrieb, zuverl\u00e4ssiger 4G\/LTE-Kommunikation, gro\u00dfer Reichweite und einfacher Integration mit der gesamten Ajax-Reihe erhalten Sie ein Sicherheitscenter, das sowohl flexibel als auch benutzerfreundlich ist. Egal, ob Sie ein leeres Haus oder ein komplexes Geb\u00e4udesystem sch\u00fctzen m\u00f6chten: Hub BP bietet Ihnen Sicherheit und kontinuierlichen Schutz \u2013 Tag f\u00fcr Tag.<\/p>\n<p data-start=\"2771\" data-end=\"2865\" data-is-last-node=\"\">W\u00e4hlen Sie Hub BP f\u00fcr eine vollst\u00e4ndige und zuverl\u00e4ssige Sicherheitsl\u00f6sung, mit der Sie immer verbunden bleiben!<\/p>","protected":false},"excerpt":{"rendered":"<p data-start=\"0\" data-end=\"63\"><strong data-start=\"0\" data-end=\"63\">Hub BP \u2013 Batteriebetriebenes Sicherheitszentrum f\u00fcr Orte ohne Strom<\/strong><\/p>\n<p data-start=\"65\" data-end=\"404\">Hub BP ist ein innovatives Zentralger\u00e4t von Ajax, das auch dort f\u00fcr Sicherheit sorgt, wo das Stromnetz unzuverl\u00e4ssig oder gar nicht verf\u00fcgbar ist. Hub BP eignet sich perfekt f\u00fcr leerstehende H\u00e4user, Baustellen, B\u00fcros oder andere abgelegene Standorte und bietet eine robuste und flexible Sicherheitsl\u00f6sung mit langer Akkulaufzeit und zuverl\u00e4ssiger Kommunikation \u00fcber 4G\/LTE.<\/p>","protected":false},"featured_media":151918,"template":"","meta":{"_acf_changed":false},"product_brand":[],"product_cat":[3154],"product_tag":[4863],"class_list":{"0":"post-147836","1":"product","2":"type-product","3":"status-publish","4":"has-post-thumbnail","6":"product_cat-centralenheter","7":"product_tag-pf","8":"product_shipping_class-tunga-paket","9":"pa_brands-ajax-systems","10":"pa_farg-svart","11":"pa_farg-vit","12":"tm-no-options","14":"first","15":"instock","16":"sale","17":"taxable","18":"shipping-taxable","19":"purchasable","20":"product-type-simple"},"acf":[],"_links":{"self":[{"href":"https:\/\/secureus.se\/de\/wp-json\/wp\/v2\/product\/147836","targetHints":{"allow":["GET"]}}],"collection":[{"href":"https:\/\/secureus.se\/de\/wp-json\/wp\/v2\/product"}],"about":[{"href":"https:\/\/secureus.se\/de\/wp-json\/wp\/v2\/types\/product"}],"wp:featuredmedia":[{"embeddable":true,"href":"https:\/\/secureus.se\/de\/wp-json\/wp\/v2\/media\/151918"}],"wp:attachment":[{"href":"https:\/\/secureus.se\/de\/wp-json\/wp\/v2\/media?parent=147836"}],"wp:term":[{"taxonomy":"product_brand","embeddable":true,"href":"https:\/\/secureus.se\/de\/wp-json\/wp\/v2\/product_brand?post=147836"},{"taxonomy":"product_cat","embeddable":true,"href":"https:\/\/secureus.se\/de\/wp-json\/wp\/v2\/product_cat?post=147836"},{"taxonomy":"product_tag","embeddable":true,"href":"https:\/\/secureus.se\/de\/wp-json\/wp\/v2\/product_tag?post=147836"}],"curies":[{"name":"wp","href":"https:\/\/api.w.org\/{rel}","templated":true}]}}