{"id":147856,"date":"2025-02-13T15:24:30","date_gmt":"2025-02-13T14:24:30","guid":{"rendered":"https:\/\/secureus.se\/batteribox-sbb2-45-vagg-max-2x45ah\/"},"modified":"2025-12-31T21:48:01","modified_gmt":"2025-12-31T20:48:01","slug":"batteribox-sbb2-45-vagg-max-2x45ah","status":"publish","type":"product","link":"https:\/\/secureus.se\/de\/batteribox-sbb2-45-vagg-max-2x45ah\/","title":{"rendered":"Batteriebox SBB2-45 Wand max 2x45Ah"},"content":{"rendered":"<h1 data-start=\"456\" data-end=\"918\">Die Batteriebox SBB2-45 ist f\u00fcr Batterien zwischen 7 und 45 Ah ausgelegt und bietet eine sichere und effiziente L\u00f6sung f\u00fcr die Stromversorgung in Sicherheitssystemen und anderen Anwendungen.<\/h1>\n<p data-start=\"456\" data-end=\"918\">Es ist mit einem Batteriezentrum vom Typ MCB 32A ausgestattet und verf\u00fcgt \u00fcber eine interne Verkabelung, was die Installation schnell und einfach macht.<\/p>\n<p data-start=\"456\" data-end=\"918\">Die Batteriebox passt zum SM40 und ist f\u00fcr die Wandmontage vorgesehen, was Platz spart und f\u00fcr eine aufger\u00e4umte Installation sorgt.<\/p>\n<p data-start=\"920\" data-end=\"1271\">Die rundum geschlossene Bauweise bietet guten Schutz vor Staub und Feuchtigkeit und erm\u00f6glicht den Einsatz sowohl im Innenbereich als auch in raueren Umgebungen.<\/p>\n<p data-start=\"920\" data-end=\"1271\">Die Batteriebox hat die Ma\u00dfe 180 mm Tiefe, 320 mm H\u00f6he und 420 mm Breite und l\u00e4sst sich somit problemlos in die meisten Installationen integrieren.<\/p>\n<p data-start=\"920\" data-end=\"1271\">F\u00fcr das Produkt gilt eine Garantie von 24 Monaten, die Ihnen Sicherheit bei langfristiger Nutzung bietet.<\/p>\n<p data-start=\"1273\" data-end=\"1303\"><strong data-start=\"1273\" data-end=\"1301\">Funktionen und Vorteile:<\/strong><\/p>\n<ul data-start=\"1304\" data-end=\"1531\">\n<li data-start=\"1304\" data-end=\"1343\">Passend f\u00fcr Batterien von 7 Ah bis 45 Ah<\/li>\n<li data-start=\"1344\" data-end=\"1396\">Enth\u00e4lt interne Verkabelung f\u00fcr einfache Installation<\/li>\n<li data-start=\"1397\" data-end=\"1481\">Ausgestattet mit MCB Typ 32A Batteriezentrale und Kabel zum Anschluss an Gleichrichter<\/li>\n<li data-start=\"1482\" data-end=\"1531\">Vollst\u00e4ndig geschlossenes und langlebiges Design f\u00fcr die Wandmontage<\/li>\n<\/ul>\n<p data-start=\"1538\" data-end=\"1569\"><strong data-start=\"1538\" data-end=\"1567\">Technische Spezifikationen:<\/strong><\/p>\n<ul data-start=\"1570\" data-end=\"1823\">\n<li data-start=\"1570\" data-end=\"1598\">Batteriekapazit\u00e4t: 7\u201345 Ah<\/li>\n<li data-start=\"1599\" data-end=\"1630\">Batteriemitte: MCB Typ 32A<\/li>\n<li data-start=\"1631\" data-end=\"1664\">Verkabelung: Interne Verkabelung enthalten<\/li>\n<li data-start=\"1665\" data-end=\"1705\">Abmessungen (B x H x T): 420 x 320 x 180 mm<\/li>\n<li data-start=\"1706\" data-end=\"1738\">Zertifizierung: Nicht zertifiziert<\/li>\n<li data-start=\"1739\" data-end=\"1762\">Garantie: 24 Monate<\/li>\n<li data-start=\"1763\" data-end=\"1779\">Passend f\u00fcr: SM40<\/li>\n<li data-start=\"1780\" data-end=\"1803\">Marke: Swansons<\/li>\n<\/ul>","protected":false},"excerpt":{"rendered":"<p>Die Batteriebox SBB2-45 f\u00fcr die Wand ist eine robuste und vollst\u00e4ndig geschlossene Batteriebox f\u00fcr Batterien von 7 bis 45 Ah.<\/p>\n<p>Es verf\u00fcgt \u00fcber eine interne Verkabelung und einen Batteriekern vom Typ MCB mit 32 A f\u00fcr den einfachen Anschluss an Gleichrichter.<\/p>\n<p>Passt zum SM40 und bietet eine praktische Stromversorgungsl\u00f6sung mit einfacher Installation und langer Haltbarkeit.<\/p>","protected":false},"featured_media":147855,"template":"","meta":{"_acf_changed":false},"product_brand":[],"product_cat":[4613,2428],"product_tag":[],"class_list":{"0":"post-147856","1":"product","2":"type-product","3":"status-publish","4":"has-post-thumbnail","6":"product_cat-batteribox","7":"product_cat-stromforsorjning-batterier","8":"pa_brands-swansons","9":"tm-no-options","11":"first","12":"instock","13":"taxable","14":"shipping-taxable","15":"purchasable","16":"product-type-simple"},"acf":[],"_links":{"self":[{"href":"https:\/\/secureus.se\/de\/wp-json\/wp\/v2\/product\/147856","targetHints":{"allow":["GET"]}}],"collection":[{"href":"https:\/\/secureus.se\/de\/wp-json\/wp\/v2\/product"}],"about":[{"href":"https:\/\/secureus.se\/de\/wp-json\/wp\/v2\/types\/product"}],"wp:featuredmedia":[{"embeddable":true,"href":"https:\/\/secureus.se\/de\/wp-json\/wp\/v2\/media\/147855"}],"wp:attachment":[{"href":"https:\/\/secureus.se\/de\/wp-json\/wp\/v2\/media?parent=147856"}],"wp:term":[{"taxonomy":"product_brand","embeddable":true,"href":"https:\/\/secureus.se\/de\/wp-json\/wp\/v2\/product_brand?post=147856"},{"taxonomy":"product_cat","embeddable":true,"href":"https:\/\/secureus.se\/de\/wp-json\/wp\/v2\/product_cat?post=147856"},{"taxonomy":"product_tag","embeddable":true,"href":"https:\/\/secureus.se\/de\/wp-json\/wp\/v2\/product_tag?post=147856"}],"curies":[{"name":"wp","href":"https:\/\/api.w.org\/{rel}","templated":true}]}}