{"id":147858,"date":"2025-02-13T15:19:15","date_gmt":"2025-02-13T14:19:15","guid":{"rendered":"https:\/\/secureus.se\/batteribox-sbb1-20-vagg-max-2x20ah\/"},"modified":"2025-12-31T21:47:56","modified_gmt":"2025-12-31T20:47:56","slug":"batteribox-sbb1-20-vagg-max-2x20ah","status":"publish","type":"product","link":"https:\/\/secureus.se\/de\/batteribox-sbb1-20-vagg-max-2x20ah\/","title":{"rendered":"Akkubox SBB1-20 Wand max 2x20Ah"},"content":{"rendered":"<h1>Akkubox SBB1-20 Wand max 2x20Ah<\/h1>\n<p>Diese vollst\u00e4ndig geschlossene, wandmontierte Batteriebox eignet sich ideal zur Aufnahme von 7\u201320 Ah-Batterien und bietet eine zuverl\u00e4ssige L\u00f6sung f\u00fcr die Stromversorgung verschiedener Sicherheitssysteme und anderer Ger\u00e4te.<\/p>\n<p data-start=\"488\" data-end=\"883\">Es ist mit einem 16A MCB-Batteriezentrum ausgestattet und verf\u00fcgt \u00fcber eine interne Verkabelung f\u00fcr den einfachen Anschluss an Gleichrichter, sodass die Installation schnell und problemlos erfolgt.<\/p>\n<p data-start=\"885\" data-end=\"1263\">Die Batteriebox ist speziell f\u00fcr das SM40 konzipiert und bietet eine sichere und praktische L\u00f6sung zur Wandmontage.<\/p>\n<p data-start=\"885\" data-end=\"1263\">Durch die kompakte Bauweise (Abmessungen: 110 mm Tiefe, 300 mm H\u00f6he, 360 mm Breite) l\u00e4sst er sich problemlos in unterschiedlichste Installationen integrieren.<\/p>\n<p data-start=\"885\" data-end=\"1263\">Die Box ist zwar nicht zertifiziert, verf\u00fcgt jedoch \u00fcber eine lange Garantie von 24 Monaten, die f\u00fcr Sicherheit und eine langfristige Nutzung sorgt.<\/p>\n<p data-start=\"1265\" data-end=\"1295\"><strong data-start=\"1265\" data-end=\"1293\">Funktionen und Vorteile:<\/strong><\/p>\n<ul data-start=\"1296\" data-end=\"1518\">\n<li data-start=\"1296\" data-end=\"1335\">Passend f\u00fcr Batterien von 7 Ah bis 20 Ah<\/li>\n<li data-start=\"1336\" data-end=\"1388\">Enth\u00e4lt interne Verkabelung f\u00fcr einfache Installation<\/li>\n<li data-start=\"1389\" data-end=\"1473\">Ausgestattet mit MCB Typ 16A Batteriezentrale und Kabel zum Anschluss an Gleichrichter<\/li>\n<li data-start=\"1474\" data-end=\"1518\">Kompaktes und langlebiges Design f\u00fcr die Wandmontage<\/li>\n<\/ul>\n<p data-start=\"1525\" data-end=\"1556\"><strong data-start=\"1525\" data-end=\"1554\">Technische Spezifikationen:<\/strong><\/p>\n<ul data-start=\"1557\" data-end=\"1839\">\n<li data-start=\"1557\" data-end=\"1585\">Batteriekapazit\u00e4t: 7\u201320 Ah<\/li>\n<li data-start=\"1586\" data-end=\"1617\">Batteriemitte: MCB Typ 16A<\/li>\n<li data-start=\"1618\" data-end=\"1651\">Verkabelung: Interne Verkabelung enthalten<\/li>\n<li data-start=\"1652\" data-end=\"1692\">Abmessungen (B x H x T): 360 x 300 x 110 mm<\/li>\n<li data-start=\"1693\" data-end=\"1725\">Zertifizierung: Nicht zertifiziert<\/li>\n<li data-start=\"1726\" data-end=\"1749\">Garantie: 24 Monate<\/li>\n<li data-start=\"1796\" data-end=\"1819\">Marke: Swansons<\/li>\n<\/ul>","protected":false},"excerpt":{"rendered":"<p>An der Wand montierter Batteriekasten f\u00fcr 7\u201320 Ah-Batterien, einschlie\u00dflich interner Verkabelung f\u00fcr eine einfache Installation.<\/p>\n<p>Ausgestattet mit einem Batteriezentrum vom Typ MCB 16A und einem Kabel f\u00fcr den einfachen Anschluss an den Gleichrichter.<\/p>\n<p>Kompaktes Design mit hoher Haltbarkeit und 24 Monaten Garantie.<\/p>\n<p>Perfekt f\u00fcr die Stromversorgung in Sicherheitssystemen.<\/p>","protected":false},"featured_media":147857,"template":"","meta":{"_acf_changed":false},"product_brand":[],"product_cat":[4613,2428],"product_tag":[],"class_list":{"0":"post-147858","1":"product","2":"type-product","3":"status-publish","4":"has-post-thumbnail","6":"product_cat-batteribox","7":"product_cat-stromforsorjning-batterier","8":"pa_brands-swansons","9":"tm-no-options","11":"first","12":"instock","13":"taxable","14":"shipping-taxable","15":"purchasable","16":"product-type-simple"},"acf":[],"_links":{"self":[{"href":"https:\/\/secureus.se\/de\/wp-json\/wp\/v2\/product\/147858","targetHints":{"allow":["GET"]}}],"collection":[{"href":"https:\/\/secureus.se\/de\/wp-json\/wp\/v2\/product"}],"about":[{"href":"https:\/\/secureus.se\/de\/wp-json\/wp\/v2\/types\/product"}],"wp:featuredmedia":[{"embeddable":true,"href":"https:\/\/secureus.se\/de\/wp-json\/wp\/v2\/media\/147857"}],"wp:attachment":[{"href":"https:\/\/secureus.se\/de\/wp-json\/wp\/v2\/media?parent=147858"}],"wp:term":[{"taxonomy":"product_brand","embeddable":true,"href":"https:\/\/secureus.se\/de\/wp-json\/wp\/v2\/product_brand?post=147858"},{"taxonomy":"product_cat","embeddable":true,"href":"https:\/\/secureus.se\/de\/wp-json\/wp\/v2\/product_cat?post=147858"},{"taxonomy":"product_tag","embeddable":true,"href":"https:\/\/secureus.se\/de\/wp-json\/wp\/v2\/product_tag?post=147858"}],"curies":[{"name":"wp","href":"https:\/\/api.w.org\/{rel}","templated":true}]}}