{"id":147870,"date":"2025-02-14T11:54:09","date_gmt":"2025-02-14T10:54:09","guid":{"rendered":"https:\/\/secureus.se\/kolsyreslackare-co2-5kg\/"},"modified":"2026-01-07T10:15:39","modified_gmt":"2026-01-07T09:15:39","slug":"kolsyreslackare-co2-5kg","status":"publish","type":"product","link":"https:\/\/secureus.se\/de\/kolsyreslackare-co2-5kg\/","title":{"rendered":"Kohlendioxidl\u00f6scher Co2 5 kg \u2013 Kraftvolles Feuerl\u00f6schen f\u00fcr Br\u00e4nde der Klasse B"},"content":{"rendered":"<h3 data-start=\"0\" data-end=\"81\"><strong data-start=\"4\" data-end=\"79\">Kohlendioxidl\u00f6scher Co2 5 kg \u2013 Kraftvolles Feuerl\u00f6schen f\u00fcr Br\u00e4nde der Klasse B<\/strong><\/h3>\n<p data-start=\"331\" data-end=\"655\">Dieses hier <strong data-start=\"375\" data-end=\"403\">Kohlendioxid-Feuerl\u00f6scher Co2 5 kg<\/strong> ist eine leistungsstarke und zuverl\u00e4ssige L\u00f6sung zur Bek\u00e4mpfung von Br\u00e4nden brennbarer Fl\u00fcssigkeiten (Klasse B). Es ist gem\u00e4\u00df UNI EN 3-7:2008 gebaut und gem\u00e4\u00df der PED-Druckger\u00e4terichtlinie 2014\/68\/EU zertifiziert, was h\u00f6chste Qualit\u00e4t und Leistung gew\u00e4hrleistet.<\/p>\n<p data-start=\"657\" data-end=\"1025\">Der Kohlendioxid-Feuerl\u00f6scher enth\u00e4lt <strong data-start=\"685\" data-end=\"706\">99,99 % Kohlendioxid<\/strong>, das hei\u00dft, es l\u00f6scht den Brand r\u00fcckstandslos. Dadurch ist es ideal f\u00fcr empfindliche elektronische Ger\u00e4te und elektrische Installationen bis 1000 V. Der Feuerl\u00f6scher verf\u00fcgt \u00fcber eine robuste Konstruktion aus hochfestem Stahl, beschichtet mit Epoxidpolyester in RAL 3000, was hervorragenden Korrosionsschutz und Haltbarkeit bietet.<\/p>\n<p data-start=\"1027\" data-end=\"1057\"><strong data-start=\"1027\" data-end=\"1055\">Funktionen und Vorteile:<\/strong><\/p>\n<ul data-start=\"1058\" data-end=\"1375\">\n<li data-start=\"1058\" data-end=\"1119\"><strong data-start=\"1060\" data-end=\"1079\">Hohe L\u00f6schkraft<\/strong> \u2013 Klasse 113B f\u00fcr brennbare Fl\u00fcssigkeiten<\/li>\n<li data-start=\"1120\" data-end=\"1184\"><strong data-start=\"1122\" data-end=\"1167\">Sichere Verwendung an elektrischen Ger\u00e4ten<\/strong> bis 1000V<\/li>\n<li data-start=\"1185\" data-end=\"1246\"><strong data-start=\"1187\" data-end=\"1215\">Robuste Stahlkonstruktion<\/strong> mit Epoxid-Polyester-Beschichtung<\/li>\n<li data-start=\"1247\" data-end=\"1313\"><strong data-start=\"1249\" data-end=\"1269\">Lange Entleerungszeit<\/strong> in 15 Sekunden f\u00fcr maximale L\u00f6schleistung<\/li>\n<li data-start=\"1314\" data-end=\"1375\"><strong data-start=\"1316\" data-end=\"1373\">Zertifiziert nach UNI EN 3-7:2008 und PED 2014\/68\/EU<\/strong><\/li>\n<\/ul>\n<p data-start=\"1377\" data-end=\"1408\"><strong data-start=\"1377\" data-end=\"1406\">Technische Spezifikationen:<\/strong><\/p>\n<ul data-start=\"1409\" data-end=\"1856\">\n<li data-start=\"1409\" data-end=\"1440\"><strong data-start=\"1411\" data-end=\"1426\">L\u00f6schmittel:<\/strong> 99,99 % Co2<\/li>\n<li data-start=\"1441\" data-end=\"1465\"><strong data-start=\"1443\" data-end=\"1458\">Brandklasse:<\/strong> 113B<\/li>\n<li data-start=\"1466\" data-end=\"1509\"><strong data-start=\"1468\" data-end=\"1488\">Betriebstemperatur:<\/strong> -20 \u00b0C bis +60 \u00b0C<\/li>\n<li data-start=\"1510\" data-end=\"1541\"><strong data-start=\"1512\" data-end=\"1534\">Nennf\u00fcllung:<\/strong> 5 kg<\/li>\n<li data-start=\"1542\" data-end=\"1569\"><strong data-start=\"1544\" data-end=\"1558\">Gesamtgewicht:<\/strong> ~13,8 kg<\/li>\n<li data-start=\"1570\" data-end=\"1602\"><strong data-start=\"1572\" data-end=\"1588\">Entleerungszeit:<\/strong> 15 Sekunden<\/li>\n<li data-start=\"1603\" data-end=\"1633\"><strong data-start=\"1605\" data-end=\"1624\">Max. Drehmoment:<\/strong> 196 Nm<\/li>\n<li data-start=\"1634\" data-end=\"1668\"><strong data-start=\"1636\" data-end=\"1658\">Pr\u00fcfdruck Beh\u00e4lter:<\/strong> 250 bar<\/li>\n<li data-start=\"1669\" data-end=\"1697\"><strong data-start=\"1671\" data-end=\"1689\">Tankinhalt:<\/strong> 7,5 Liter<\/li>\n<li data-start=\"1698\" data-end=\"1746\"><strong data-start=\"1700\" data-end=\"1729\">Sicherheitsventildruck:<\/strong> 185 +\/- 15 bar<\/li>\n<li data-start=\"1747\" data-end=\"1777\"><strong data-start=\"1749\" data-end=\"1762\">Material:<\/strong> Legierter Stahl<\/li>\n<li data-start=\"1778\" data-end=\"1856\"><strong data-start=\"1780\" data-end=\"1797\">Oberfl\u00e4chenbehandlung:<\/strong> Epoxidpolyester RAL 3000, sandgestrahlt und pulverbeschichtet<\/li>\n<\/ul>\n<p data-start=\"1991\" data-end=\"2156\" data-is-last-node=\"\">","protected":false},"excerpt":{"rendered":"<p>Kohlendioxidl\u00f6scher Co2 5 kg - Leistungsstarkes Feuerl\u00f6schen f\u00fcr Br\u00e4nde der Klasse B Dieser Kohlendioxidl\u00f6scher Co2 5 kg ist eine leistungsstarke und zuverl\u00e4ssige L\u00f6sung zur Bek\u00e4mpfung von Br\u00e4nden brennbarer Fl\u00fcssigkeiten (Klasse B).<\/p>","protected":false},"featured_media":147869,"template":"","meta":{"_acf_changed":false},"product_brand":[],"product_cat":[1533],"product_tag":[],"class_list":{"0":"post-147870","1":"product","2":"type-product","3":"status-publish","4":"has-post-thumbnail","6":"product_cat-brandslackare","7":"tm-no-options","9":"first","10":"outofstock","11":"sale","12":"taxable","13":"shipping-taxable","14":"purchasable","15":"product-type-simple"},"acf":[],"_links":{"self":[{"href":"https:\/\/secureus.se\/de\/wp-json\/wp\/v2\/product\/147870","targetHints":{"allow":["GET"]}}],"collection":[{"href":"https:\/\/secureus.se\/de\/wp-json\/wp\/v2\/product"}],"about":[{"href":"https:\/\/secureus.se\/de\/wp-json\/wp\/v2\/types\/product"}],"wp:featuredmedia":[{"embeddable":true,"href":"https:\/\/secureus.se\/de\/wp-json\/wp\/v2\/media\/147869"}],"wp:attachment":[{"href":"https:\/\/secureus.se\/de\/wp-json\/wp\/v2\/media?parent=147870"}],"wp:term":[{"taxonomy":"product_brand","embeddable":true,"href":"https:\/\/secureus.se\/de\/wp-json\/wp\/v2\/product_brand?post=147870"},{"taxonomy":"product_cat","embeddable":true,"href":"https:\/\/secureus.se\/de\/wp-json\/wp\/v2\/product_cat?post=147870"},{"taxonomy":"product_tag","embeddable":true,"href":"https:\/\/secureus.se\/de\/wp-json\/wp\/v2\/product_tag?post=147870"}],"curies":[{"name":"wp","href":"https:\/\/api.w.org\/{rel}","templated":true}]}}