{"id":147918,"date":"2025-02-17T12:59:02","date_gmt":"2025-02-17T11:59:02","guid":{"rendered":"https:\/\/secureus.se\/?post_type=product&#038;p=147918"},"modified":"2026-03-25T15:32:17","modified_gmt":"2026-03-25T14:32:17","slug":"fonsterhallare-225-vit","status":"publish","type":"product","link":"https:\/\/secureus.se\/de\/fonsterhallare-225-vit\/","title":{"rendered":"Fensterhalter 225 Wei\u00df"},"content":{"rendered":"<div>Der ASSA ABLOY Fensterhalter 225 wird f\u00fcr nach au\u00dfen \u00f6ffnende Fenster verwendet.<\/div>\n<div><b><br \/>Eigenschaften: <\/b><\/div>\n<div>\n<ul>\n<li>Die gew\u00fcnschte \u00d6ffnungsposition wird mit der Stellschraube fixiert.<\/li>\n<li>Passt sowohl rechts als auch links<\/li>\n<li>F\u00fcr Bogenbreiten unter 500 mm (230 f\u00fcr Bogenbreiten \u00fcber 500 mm)<\/li>\n<li>Kann auch zum Aufstellen in einem separaten Bogen verwendet werden. Den Stangenstift anheben, die Stange von der Stangenhalterung l\u00f6sen und in die Unterlegscheibe am \u00e4u\u00dferen Rahmen einhaken<\/li>\n<li>Empfohlene Schraube: Stangenhalterung TKX 4,0 mm &amp; Rahmenhalterung TKFX 3,5 mm<\/li>\n<li>AUFMERKSAMKEIT! Nicht kindersicher<\/li>\n<\/ul>\n<\/div>\n<div><b><br \/>Montage:<\/b><\/div>\n<div>\n<ul>\n<li>Nach Anleitung zusammenbauen<\/li>\n<li>Die Ma\u00dfe sind von der Scharnierseite aus gerechnet.<\/li>\n<li>Die Stangenhalterung wird so montiert, dass die Stange parallel zum Rahmen verl\u00e4uft.<\/li>\n<li>Die Unterlegscheibe wird am Au\u00dfenrahmen montiert, nachdem eine Aussparung f\u00fcr das Stangenende angebracht wurde.<\/li>\n<\/ul>\n<\/div>\n<div><\/div>\n<div><\/div>","protected":false},"excerpt":{"rendered":"<p>Der ASSA ABLOY Fensterhalter 225 wird f\u00fcr nach au\u00dfen \u00f6ffnende Fenster verwendet. Eigenschaften: Gew\u00fcnschte \u00d6ffnungsposition wird mit der Einstellschraube fixiert Rechts und links passend F\u00fcr Bogenbreiten unter 500 mm (230 f\u00fcr Bogenbreiten \u00fcber 500 mm)<\/p>","protected":false},"featured_media":147917,"template":"","meta":{"_acf_changed":false},"product_brand":[],"product_cat":[4649],"product_tag":[],"class_list":{"0":"post-147918","1":"product","2":"type-product","3":"status-publish","4":"has-post-thumbnail","6":"product_cat-fonsterhallare","7":"product_shipping_class-postnord-varubrev","8":"pa_brands-abloy","9":"tm-no-options","11":"first","12":"instock","13":"sale","14":"taxable","15":"shipping-taxable","16":"purchasable","17":"product-type-simple"},"acf":[],"_links":{"self":[{"href":"https:\/\/secureus.se\/de\/wp-json\/wp\/v2\/product\/147918","targetHints":{"allow":["GET"]}}],"collection":[{"href":"https:\/\/secureus.se\/de\/wp-json\/wp\/v2\/product"}],"about":[{"href":"https:\/\/secureus.se\/de\/wp-json\/wp\/v2\/types\/product"}],"wp:featuredmedia":[{"embeddable":true,"href":"https:\/\/secureus.se\/de\/wp-json\/wp\/v2\/media\/147917"}],"wp:attachment":[{"href":"https:\/\/secureus.se\/de\/wp-json\/wp\/v2\/media?parent=147918"}],"wp:term":[{"taxonomy":"product_brand","embeddable":true,"href":"https:\/\/secureus.se\/de\/wp-json\/wp\/v2\/product_brand?post=147918"},{"taxonomy":"product_cat","embeddable":true,"href":"https:\/\/secureus.se\/de\/wp-json\/wp\/v2\/product_cat?post=147918"},{"taxonomy":"product_tag","embeddable":true,"href":"https:\/\/secureus.se\/de\/wp-json\/wp\/v2\/product_tag?post=147918"}],"curies":[{"name":"wp","href":"https:\/\/api.w.org\/{rel}","templated":true}]}}