{"id":147922,"date":"2025-02-17T12:59:03","date_gmt":"2025-02-17T11:59:03","guid":{"rendered":"https:\/\/secureus.se\/?post_type=product&#038;p=147922"},"modified":"2026-04-08T15:27:45","modified_gmt":"2026-04-08T13:27:45","slug":"stormkrok-formassingad","status":"publish","type":"product","link":"https:\/\/secureus.se\/de\/stormkrok-formassingad\/","title":{"rendered":"Sturmhaken Messing vernickelt"},"content":{"rendered":"<p>ROCA Stormkrok ist ein klassischer und zuverl\u00e4ssiger L\u00fcftungsbeschlag mit zwei L\u00fcftungspositionen. Ein dekorativer und funktionaler Beschlag f\u00fcr seitlich aufgeh\u00e4ngte, nach au\u00dfen \u00f6ffnende Fenster. Auch f\u00fcr rustikale Fenster im skandinavischen Bauernhausstil geeignet. Komplett mit Schwanzhaken und Nagel. Siehe unter der Registerkarte \u201eKombinieren mit\u201c.<\/p>\n<p><b>Eigenschaften:<\/b><\/p>\n<ul>\n<li>Material: Stahl\/Zink<\/li>\n<li>Oberfl\u00e4chenbehandlung: Messingbeschichtung<\/li>\n<\/ul>","protected":false},"excerpt":{"rendered":"<p>ROCA Stormkrok ist ein klassischer und zuverl\u00e4ssiger L\u00fcftungsbeschlag mit zwei L\u00fcftungspositionen. Ein dekorativer und funktionaler Beschlag f\u00fcr seitlich aufgeh\u00e4ngte, nach au\u00dfen \u00f6ffnende Fenster. Auch f\u00fcr rustikale Fenster im skandinavischen Bauernhausstil geeignet. Ausstehend<\/p>","protected":false},"featured_media":147921,"template":"","meta":{"_acf_changed":false},"product_brand":[],"product_cat":[4649],"product_tag":[],"class_list":{"0":"post-147922","1":"product","2":"type-product","3":"status-publish","4":"has-post-thumbnail","6":"product_cat-fonsterhallare","7":"product_shipping_class-postnord-varubrev","8":"pa_brands-roca","9":"tm-no-options","11":"first","12":"instock","13":"sale","14":"taxable","15":"shipping-taxable","16":"purchasable","17":"product-type-simple"},"acf":[],"_links":{"self":[{"href":"https:\/\/secureus.se\/de\/wp-json\/wp\/v2\/product\/147922","targetHints":{"allow":["GET"]}}],"collection":[{"href":"https:\/\/secureus.se\/de\/wp-json\/wp\/v2\/product"}],"about":[{"href":"https:\/\/secureus.se\/de\/wp-json\/wp\/v2\/types\/product"}],"wp:featuredmedia":[{"embeddable":true,"href":"https:\/\/secureus.se\/de\/wp-json\/wp\/v2\/media\/147921"}],"wp:attachment":[{"href":"https:\/\/secureus.se\/de\/wp-json\/wp\/v2\/media?parent=147922"}],"wp:term":[{"taxonomy":"product_brand","embeddable":true,"href":"https:\/\/secureus.se\/de\/wp-json\/wp\/v2\/product_brand?post=147922"},{"taxonomy":"product_cat","embeddable":true,"href":"https:\/\/secureus.se\/de\/wp-json\/wp\/v2\/product_cat?post=147922"},{"taxonomy":"product_tag","embeddable":true,"href":"https:\/\/secureus.se\/de\/wp-json\/wp\/v2\/product_tag?post=147922"}],"curies":[{"name":"wp","href":"https:\/\/api.w.org\/{rel}","templated":true}]}}