{"id":147924,"date":"2025-02-17T12:59:03","date_gmt":"2025-02-17T11:59:03","guid":{"rendered":"https:\/\/secureus.se\/?post_type=product&#038;p=147924"},"modified":"2026-04-08T15:27:40","modified_gmt":"2026-04-08T13:27:40","slug":"fonsterhallare-220-vit-med-skruv","status":"publish","type":"product","link":"https:\/\/secureus.se\/de\/fonsterhallare-220-vit-med-skruv\/","title":{"rendered":"Fensterhalter 220 wei\u00df mit Schraube"},"content":{"rendered":"<div>Der ASSA ABLOY Fensterhalter 220 ist f\u00fcr nach innen \u00f6ffnende Fenster mit \u00fcberf\u00e4lztem Fl\u00fcgel geeignet. Im Lieferumfang sind 4 St\u00fcck enthalten. TKFX 3,5 x 25 mm Holzschraube.<\/div>\n<div><b><br \/>Eigenschaften:<\/b><\/div>\n<div>\n<ul>\n<li>Die gew\u00fcnschte \u00d6ffnungsposition wird mit der Stellschraube fixiert.<\/li>\n<li>Passt sowohl rechts als auch links<\/li>\n<li>Empfohlene Schraube: Stangenhalterung TFX 4,0 mm &amp; Bogenhalterung TKFX 3,5 mm<\/li>\n<li>F\u00fcr Bogenbreiten \u00fcber 500 mm (202 f\u00fcr Bogenbreiten unter 500 mm)<\/li>\n<li>AUFMERKSAMKEIT! Nicht kindersicher<\/li>\n<\/ul>\n<\/div>\n<div><b><br \/>Montage:<\/b><\/div>\n<div>\n<ul>\n<li>Montieren Sie den Fensterhalter f\u00fcr Rechts- oder Linksfl\u00fcgel.<\/li>\n<li>Dr\u00fccken Sie auf den Stift der Stangenhalterung, sodass er einrastet.<\/li>\n<li>F\u00fchren Sie die Installation gem\u00e4\u00df den beigef\u00fcgten Anweisungen durch.<\/li>\n<li>Die Ma\u00dfe sind von der Scharnierseite aus gerechnet.<\/li>\n<li>Die Masthalterung wird so montiert, dass der Mast parallel zum Bogen steht.\u00a0<\/li>\n<\/ul>\n<\/div>","protected":false},"excerpt":{"rendered":"<p>Der ASSA ABLOY Fensterhalter 220 ist f\u00fcr nach innen \u00f6ffnende Fenster mit \u00fcberf\u00e4lztem Fl\u00fcgel geeignet. Im Lieferumfang sind 4 St\u00fcck enthalten. TKFX 3,5 x 25 mm Holzschraube. Eigenschaften: Gew\u00fcnschte \u00d6ffnungsposition wird mit der Stellschraube fixiert Sowohl rechts als auch links passend<\/p>","protected":false},"featured_media":147923,"template":"","meta":{"_acf_changed":false},"product_brand":[],"product_cat":[4649],"product_tag":[],"class_list":{"0":"post-147924","1":"product","2":"type-product","3":"status-publish","4":"has-post-thumbnail","6":"product_cat-fonsterhallare","7":"product_shipping_class-postnord-varubrev","8":"pa_brands-abloy","9":"tm-no-options","11":"first","12":"instock","13":"sale","14":"taxable","15":"shipping-taxable","16":"purchasable","17":"product-type-simple"},"acf":[],"_links":{"self":[{"href":"https:\/\/secureus.se\/de\/wp-json\/wp\/v2\/product\/147924","targetHints":{"allow":["GET"]}}],"collection":[{"href":"https:\/\/secureus.se\/de\/wp-json\/wp\/v2\/product"}],"about":[{"href":"https:\/\/secureus.se\/de\/wp-json\/wp\/v2\/types\/product"}],"wp:featuredmedia":[{"embeddable":true,"href":"https:\/\/secureus.se\/de\/wp-json\/wp\/v2\/media\/147923"}],"wp:attachment":[{"href":"https:\/\/secureus.se\/de\/wp-json\/wp\/v2\/media?parent=147924"}],"wp:term":[{"taxonomy":"product_brand","embeddable":true,"href":"https:\/\/secureus.se\/de\/wp-json\/wp\/v2\/product_brand?post=147924"},{"taxonomy":"product_cat","embeddable":true,"href":"https:\/\/secureus.se\/de\/wp-json\/wp\/v2\/product_cat?post=147924"},{"taxonomy":"product_tag","embeddable":true,"href":"https:\/\/secureus.se\/de\/wp-json\/wp\/v2\/product_tag?post=147924"}],"curies":[{"name":"wp","href":"https:\/\/api.w.org\/{rel}","templated":true}]}}