{"id":147947,"date":"2025-02-17T12:59:06","date_gmt":"2025-02-17T11:59:06","guid":{"rendered":"https:\/\/secureus.se\/?post_type=product&#038;p=147947"},"modified":"2026-04-08T15:26:18","modified_gmt":"2026-04-08T13:26:18","slug":"spik-for-stjarthake-nickel","status":"publish","type":"product","link":"https:\/\/secureus.se\/de\/spik-for-stjarthake-nickel\/","title":{"rendered":"Nagel f\u00fcr Fanghaken Nickel"},"content":{"rendered":"","protected":false},"excerpt":{"rendered":"<p>Nagel f\u00fcr ROCA-Hakenl\u00fcftungsbeschl\u00e4ge f\u00fcr Fenster.<\/p>\n<p><b>Eigenschaften:<\/b><\/p>\n<ul>\n<li>L\u00e4nge: 27 mm<\/li>\n<li>Durchmesser: \u00d8 2,5 mm<\/li>\n<li>Schalendurchmesser: \u00d8 5,9<\/li>\n<li>Vernickelter Stahl<\/li>\n<\/ul>","protected":false},"featured_media":147946,"template":"","meta":{"_acf_changed":false},"product_brand":[],"product_cat":[4649],"product_tag":[],"class_list":{"0":"post-147947","1":"product","2":"type-product","3":"status-publish","4":"has-post-thumbnail","6":"product_cat-fonsterhallare","7":"product_shipping_class-postnord-varubrev","8":"pa_brands-roca","9":"tm-no-options","11":"first","12":"instock","13":"sale","14":"taxable","15":"shipping-taxable","16":"purchasable","17":"product-type-simple"},"acf":[],"_links":{"self":[{"href":"https:\/\/secureus.se\/de\/wp-json\/wp\/v2\/product\/147947","targetHints":{"allow":["GET"]}}],"collection":[{"href":"https:\/\/secureus.se\/de\/wp-json\/wp\/v2\/product"}],"about":[{"href":"https:\/\/secureus.se\/de\/wp-json\/wp\/v2\/types\/product"}],"wp:featuredmedia":[{"embeddable":true,"href":"https:\/\/secureus.se\/de\/wp-json\/wp\/v2\/media\/147946"}],"wp:attachment":[{"href":"https:\/\/secureus.se\/de\/wp-json\/wp\/v2\/media?parent=147947"}],"wp:term":[{"taxonomy":"product_brand","embeddable":true,"href":"https:\/\/secureus.se\/de\/wp-json\/wp\/v2\/product_brand?post=147947"},{"taxonomy":"product_cat","embeddable":true,"href":"https:\/\/secureus.se\/de\/wp-json\/wp\/v2\/product_cat?post=147947"},{"taxonomy":"product_tag","embeddable":true,"href":"https:\/\/secureus.se\/de\/wp-json\/wp\/v2\/product_tag?post=147947"}],"curies":[{"name":"wp","href":"https:\/\/api.w.org\/{rel}","templated":true}]}}