{"id":147949,"date":"2025-02-17T12:59:05","date_gmt":"2025-02-17T11:59:05","guid":{"rendered":"https:\/\/secureus.se\/?post_type=product&#038;p=147949"},"modified":"2026-04-08T15:26:55","modified_gmt":"2026-04-08T13:26:55","slug":"fonsterhallare-220-vit","status":"publish","type":"product","link":"https:\/\/secureus.se\/de\/fonsterhallare-220-vit\/","title":{"rendered":"Fensterhalter 220 Wei\u00df"},"content":{"rendered":"<div>Der ASSA ABLOY Fensterhalter 220 ist f\u00fcr nach innen \u00f6ffnende Fenster mit \u00fcberf\u00e4lztem Fl\u00fcgel geeignet.<\/div>\n<div><b><br \/>\nEigenschaften:<\/b><\/div>\n<div>\n<ul>\n<li>Die gew\u00fcnschte \u00d6ffnungsposition wird mit der Stellschraube fixiert.<\/li>\n<li>Passt sowohl rechts als auch links<\/li>\n<li>Empfohlene Schraube: Stangenhalterung TFX 4,0 mm &amp; Bogenhalterung TKFX 3,5 mm<\/li>\n<li>F\u00fcr Bogenbreiten \u00fcber 500 mm (202 f\u00fcr Bogenbreiten unter 500 mm)<\/li>\n<li>AUFMERKSAMKEIT! Nicht kindersicher<\/li>\n<\/ul>\n<\/div>\n<div><b><br \/>\nMontage:<\/b><\/div>\n<div>\n<ul>\n<li>Montieren Sie den Fensterhalter f\u00fcr Rechts- oder Linksfl\u00fcgel.<\/li>\n<li>Dr\u00fccken Sie auf den Stift der Stangenhalterung, sodass er einrastet.<\/li>\n<li>F\u00fchren Sie die Installation gem\u00e4\u00df den beigef\u00fcgten Anweisungen durch.<\/li>\n<li>Die Ma\u00dfe sind von der Scharnierseite aus gerechnet.<\/li>\n<li>Die Masthalterung wird so montiert, dass der Mast parallel zum Bogen steht.<\/li>\n<\/ul>\n<\/div>","protected":false},"excerpt":{"rendered":"<p>ASSA ABLOY F\u00f6nsterh\u00e5llare 220 \u00e4r anpassad f\u00f6r in\u00e5tg\u00e5ende f\u00f6nster med \u00f6verfalsad b\u00e5ge. Egenskaper: \u00d6nskat \u00f6ppningsl\u00e4ge fixeras med st\u00e4llskruven Passar s\u00e5v\u00e4l h\u00f6ger som v\u00e4nster Rekommenderad skruv: St\u00e5ngf\u00e4ste TFX 4,0 mm &amp;<\/p>","protected":false},"featured_media":147948,"template":"","meta":{"_acf_changed":false},"product_brand":[],"product_cat":[4649],"product_tag":[],"class_list":{"0":"post-147949","1":"product","2":"type-product","3":"status-publish","4":"has-post-thumbnail","6":"product_cat-fonsterhallare","7":"product_shipping_class-postnord-varubrev","8":"pa_brands-abloy","9":"tm-no-options","11":"first","12":"instock","13":"sale","14":"taxable","15":"shipping-taxable","16":"purchasable","17":"product-type-simple"},"acf":[],"_links":{"self":[{"href":"https:\/\/secureus.se\/de\/wp-json\/wp\/v2\/product\/147949","targetHints":{"allow":["GET"]}}],"collection":[{"href":"https:\/\/secureus.se\/de\/wp-json\/wp\/v2\/product"}],"about":[{"href":"https:\/\/secureus.se\/de\/wp-json\/wp\/v2\/types\/product"}],"wp:featuredmedia":[{"embeddable":true,"href":"https:\/\/secureus.se\/de\/wp-json\/wp\/v2\/media\/147948"}],"wp:attachment":[{"href":"https:\/\/secureus.se\/de\/wp-json\/wp\/v2\/media?parent=147949"}],"wp:term":[{"taxonomy":"product_brand","embeddable":true,"href":"https:\/\/secureus.se\/de\/wp-json\/wp\/v2\/product_brand?post=147949"},{"taxonomy":"product_cat","embeddable":true,"href":"https:\/\/secureus.se\/de\/wp-json\/wp\/v2\/product_cat?post=147949"},{"taxonomy":"product_tag","embeddable":true,"href":"https:\/\/secureus.se\/de\/wp-json\/wp\/v2\/product_tag?post=147949"}],"curies":[{"name":"wp","href":"https:\/\/api.w.org\/{rel}","templated":true}]}}