{"id":147966,"date":"2025-02-17T12:59:06","date_gmt":"2025-02-17T11:59:06","guid":{"rendered":"https:\/\/secureus.se\/?post_type=product&#038;p=147966"},"modified":"2026-04-14T14:07:12","modified_gmt":"2026-04-14T12:07:12","slug":"stormkrok-kultur-nickel","status":"publish","type":"product","link":"https:\/\/secureus.se\/de\/stormkrok-kultur-nickel\/","title":{"rendered":"Sturmhaken Culture Nickel"},"content":{"rendered":"<p>ROCA Kultur Sturmhaken im rustikalen Stil. Ein klassischer Sturmhaken und ein zuverl\u00e4ssiger Bel\u00fcftungsbeschlag mit zwei Bel\u00fcftungspositionen und angepasst an die Montage von Moskitonetzen. Ein dekorativer und funktionaler Beschlag f\u00fcr seitlich aufgeh\u00e4ngte, nach au\u00dfen \u00f6ffnende Fenster. Auch f\u00fcr rustikale Fenster im skandinavischen Bauernhausstil geeignet. Komplett mit Schwanzhaken und Nagel. Siehe unter der Registerkarte \u201eKombinieren mit\u201c.<\/p>\n<p><b>Eigenschaften:<\/b><\/p>\n<ul>\n<li>Material: Zamak<\/li>\n<li>Oberfl\u00e4chenbehandlung: Vernickelt<\/li>\n<\/ul>","protected":false},"excerpt":{"rendered":"<p>ROCA Kultur Sturmhaken im rustikalen Stil. Ein klassischer Sturmhaken und ein zuverl\u00e4ssiger Bel\u00fcftungsbeschlag mit zwei Bel\u00fcftungspositionen und angepasst an die Montage von Moskitonetzen. Eine dekorative und funktionale Armatur f\u00fcr<\/p>","protected":false},"featured_media":147965,"template":"","meta":{"_acf_changed":false},"product_brand":[],"product_cat":[4649],"product_tag":[],"class_list":{"0":"post-147966","1":"product","2":"type-product","3":"status-publish","4":"has-post-thumbnail","6":"product_cat-fonsterhallare","7":"product_shipping_class-postnord-varubrev","8":"pa_brands-roca","9":"tm-no-options","11":"first","12":"instock","13":"sale","14":"taxable","15":"shipping-taxable","16":"purchasable","17":"product-type-simple"},"acf":[],"_links":{"self":[{"href":"https:\/\/secureus.se\/de\/wp-json\/wp\/v2\/product\/147966","targetHints":{"allow":["GET"]}}],"collection":[{"href":"https:\/\/secureus.se\/de\/wp-json\/wp\/v2\/product"}],"about":[{"href":"https:\/\/secureus.se\/de\/wp-json\/wp\/v2\/types\/product"}],"wp:featuredmedia":[{"embeddable":true,"href":"https:\/\/secureus.se\/de\/wp-json\/wp\/v2\/media\/147965"}],"wp:attachment":[{"href":"https:\/\/secureus.se\/de\/wp-json\/wp\/v2\/media?parent=147966"}],"wp:term":[{"taxonomy":"product_brand","embeddable":true,"href":"https:\/\/secureus.se\/de\/wp-json\/wp\/v2\/product_brand?post=147966"},{"taxonomy":"product_cat","embeddable":true,"href":"https:\/\/secureus.se\/de\/wp-json\/wp\/v2\/product_cat?post=147966"},{"taxonomy":"product_tag","embeddable":true,"href":"https:\/\/secureus.se\/de\/wp-json\/wp\/v2\/product_tag?post=147966"}],"curies":[{"name":"wp","href":"https:\/\/api.w.org\/{rel}","templated":true}]}}