{"id":147990,"date":"2025-02-25T12:22:20","date_gmt":"2025-02-25T11:22:20","guid":{"rendered":"https:\/\/secureus.se\/?post_type=product&#038;p=147990"},"modified":"2026-03-26T11:08:00","modified_gmt":"2026-03-26T10:08:00","slug":"plejd-belysning-downlight-tilt-svart","status":"publish","type":"product","link":"https:\/\/secureus.se\/de\/plejd-belysning-downlight-tilt-svart\/","title":{"rendered":"Plejd Beleuchtung Downlight Tilt schwarz"},"content":{"rendered":"<h1>Plejd DWN-01 \u2013 Smartes Downlight mit Tunable White und kabelloser Steuerung<\/h1>\n<p data-start=\"586\" data-end=\"842\">Plejd DWN-01 ist ein intelligentes und flexibles Downlight, das f\u00fcr eine optimale Lichtsteuerung konzipiert ist.<\/p>\n<p data-start=\"586\" data-end=\"842\">Dank der integrierten Dimmerfunktion ist kein externer Dimmer erforderlich \u2013 alles l\u00e4sst sich ganz einfach \u00fcber die Plejd-App, einen Druckknopf oder andere Plejd-Ger\u00e4te steuern.<\/p>\n<p data-start=\"844\" data-end=\"1278\">Die Lichtquelle verf\u00fcgt \u00fcber eine Neigungsfunktion von 22\u00b0, die es erm\u00f6glicht, das Licht auszurichten und so f\u00fcr eine optimale Beleuchtung im Raum zu sorgen.<\/p>\n<p data-start=\"844\" data-end=\"1278\">Mithilfe der Tunable-White-Technologie kann der Benutzer die Farbtemperatur zwischen 2200 K und 4000 K einstellen und so das Licht ganz einfach an Ihre Bed\u00fcrfnisse anpassen \u2013 von warmem und gem\u00fctlichem bis hin zu neutralerem Arbeitslicht.<\/p>\n<p data-start=\"844\" data-end=\"1278\">Das Produkt unterst\u00fctzt au\u00dferdem \u201eDim to Warm\u201c, was beim Dimmen f\u00fcr ein nat\u00fcrlicheres Lichterlebnis sorgt.<\/p>\n<p data-start=\"1280\" data-end=\"1603\">Dank der Bluetooth\u00ae Mesh-Technologie kann der DWN-01 in ein intelligentes Beleuchtungssystem integriert werden, in dem mehrere Ger\u00e4te drahtlos gruppiert und gemeinsam gesteuert werden k\u00f6nnen.<\/p>\n<p data-start=\"1280\" data-end=\"1603\">Zur weiteren Automatisierung verf\u00fcgt der DWN-01 \u00fcber integrierte Zeitfunktionen wie Astro- und Wochenuhr, wodurch das Licht je nach Tageszeit automatisch angepasst werden kann.<\/p>\n<p data-start=\"1605\" data-end=\"1955\">Der DWN-01 verf\u00fcgt \u00fcber die Schutzart IP44 und ist daher f\u00fcr Badezimmer und andere feuchte Umgebungen geeignet.<\/p>\n<p data-start=\"1605\" data-end=\"1955\">Au\u00dferdem verf\u00fcgt es \u00fcber einen \u00dcbertemperaturschutz, der einen sicheren und langlebigen Betrieb gew\u00e4hrleistet.<\/p>\n<p data-start=\"1605\" data-end=\"1955\">Dank der geringen Einbautiefe von nur 40 mm ist die Installation problemlos m\u00f6glich, sodass auch bei begrenzter Tiefe eine Montage m\u00f6glich ist.<\/p>\n<h3 data-start=\"1962\" data-end=\"1997\"><strong data-start=\"1966\" data-end=\"1995\">Technische Spezifikationen:<\/strong><\/h3>\n<ul data-start=\"1998\" data-end=\"2808\">\n<li data-start=\"1998\" data-end=\"2034\"><strong data-start=\"2000\" data-end=\"2014\">Lichtquelle:<\/strong> LED (nicht austauschbar)<\/li>\n<li data-start=\"2035\" data-end=\"2060\"><strong data-start=\"2037\" data-end=\"2051\">Lichtstrom:<\/strong> 515 Lumen<\/li>\n<li data-start=\"2061\" data-end=\"2111\"><strong data-start=\"2063\" data-end=\"2082\">Farbtemperatur:<\/strong> 2200\u20134000 K (abstimmbares Wei\u00df)<\/li>\n<li data-start=\"2112\" data-end=\"2145\"><strong data-start=\"2114\" data-end=\"2133\">Dimmbereich:<\/strong> 0,1\u2013100 %<\/li>\n<li data-start=\"2146\" data-end=\"2169\"><strong data-start=\"2148\" data-end=\"2163\">Neigbarkeit:<\/strong> 22\u00b0<\/li>\n<li data-start=\"2170\" data-end=\"2199\"><strong data-start=\"2172\" data-end=\"2193\">Spreizwinkel:<\/strong> 40\u00b0<\/li>\n<li data-start=\"2200\" data-end=\"2233\"><strong data-start=\"2202\" data-end=\"2228\">Farbwiedergabe (CRI):<\/strong> 90<\/li>\n<li data-start=\"2234\" data-end=\"2286\"><strong data-start=\"2236\" data-end=\"2250\">Leben:<\/strong> 60.000 Stunden (L70\/B50 bei 25\u00b0C)<\/li>\n<li data-start=\"2287\" data-end=\"2306\"><strong data-start=\"2289\" data-end=\"2300\">Wirkung:<\/strong> 8W<\/li>\n<li data-start=\"2307\" data-end=\"2342\"><strong data-start=\"2309\" data-end=\"2338\">Energieeffizienzklasse:<\/strong> F<\/li>\n<li data-start=\"2343\" data-end=\"2372\"><strong data-start=\"2345\" data-end=\"2361\">Schutzklasse:<\/strong> Klasse II<\/li>\n<li data-start=\"2373\" data-end=\"2421\"><strong data-start=\"2375\" data-end=\"2388\">IP-Klasse:<\/strong> IP44 (Leuchte), IP20 (Treiber)<\/li>\n<li data-start=\"2422\" data-end=\"2454\"><strong data-start=\"2424\" data-end=\"2440\">Netzspannung:<\/strong> 230V \/ 50Hz<\/li>\n<li data-start=\"2455\" data-end=\"2481\"><strong data-start=\"2457\" data-end=\"2474\">Leistungsfaktor:<\/strong> 0,84<\/li>\n<li data-start=\"2482\" data-end=\"2528\"><strong data-start=\"2484\" data-end=\"2502\">Kommunikation:<\/strong> 2,4 GHz Bluetooth\u00ae Mesh<\/li>\n<li data-start=\"2529\" data-end=\"2604\"><strong data-start=\"2531\" data-end=\"2549\">Funkreichweite:<\/strong> Ungef\u00e4hr 10 Meter im Innenbereich (erweitert mit Plejd Mesh-Technologie)<\/li>\n<li data-start=\"2605\" data-end=\"2651\"><strong data-start=\"2607\" data-end=\"2621\">Montage:<\/strong> In die Decke eingelassen (\u00d8 83 mm Loch)<\/li>\n<li data-start=\"2652\" data-end=\"2691\"><strong data-start=\"2654\" data-end=\"2683\">Mindesteinbautiefe:<\/strong> 40 mm<\/li>\n<li data-start=\"2692\" data-end=\"2752\"><strong data-start=\"2694\" data-end=\"2707\">Material:<\/strong> Aluminium pulverbeschichtet, schwarz (RAL 9004)<\/li>\n<li data-start=\"2753\" data-end=\"2808\"><strong data-start=\"2755\" data-end=\"2774\">Kompatibilit\u00e4t:<\/strong> Apple HomeKit, Google Assistant<\/li>\n<\/ul>\n<p data-start=\"2810\" data-end=\"2958\">Plejd DWN-01 ist eine hochwertige und stilvolle L\u00f6sung f\u00fcr alle, die sich eine intelligente und flexible Beleuchtung zu Hause oder in \u00f6ffentlichen Umgebungen w\u00fcnschen.<\/p>","protected":false},"excerpt":{"rendered":"<p>Plejd DWN-01 ist ein intelligentes Downlight mit abstimmbarem Wei\u00df und integrierter Dimmerfunktion \u2013 kein externer Dimmer erforderlich.<\/p>\n<p>Die Lichtquelle kann f\u00fcr eine flexible Beleuchtung ausgerichtet werden und wird drahtlos \u00fcber die Plejd-App, andere Plejd-Produkte oder einen Druckknopf gesteuert.<\/p>\n<p>Einstellbare Farbtemperatur von 2200K\u20134000K und kompatibel mit Zeitsteuerung \u00fcber Astro- und Wochenuhr.<\/p>","protected":false},"featured_media":147989,"template":"","meta":{"_acf_changed":false},"product_brand":[],"product_cat":[4664],"product_tag":[4670],"class_list":{"0":"post-147990","1":"product","2":"type-product","3":"status-publish","4":"has-post-thumbnail","6":"product_cat-plejd-belysning","7":"product_tag-plejd","8":"product_shipping_class-tunga-paket","9":"pa_brands-plejd","10":"tm-has-options","12":"first","13":"instock","14":"sale","15":"taxable","16":"shipping-taxable","17":"purchasable","18":"product-type-simple"},"acf":[],"_links":{"self":[{"href":"https:\/\/secureus.se\/de\/wp-json\/wp\/v2\/product\/147990","targetHints":{"allow":["GET"]}}],"collection":[{"href":"https:\/\/secureus.se\/de\/wp-json\/wp\/v2\/product"}],"about":[{"href":"https:\/\/secureus.se\/de\/wp-json\/wp\/v2\/types\/product"}],"wp:featuredmedia":[{"embeddable":true,"href":"https:\/\/secureus.se\/de\/wp-json\/wp\/v2\/media\/147989"}],"wp:attachment":[{"href":"https:\/\/secureus.se\/de\/wp-json\/wp\/v2\/media?parent=147990"}],"wp:term":[{"taxonomy":"product_brand","embeddable":true,"href":"https:\/\/secureus.se\/de\/wp-json\/wp\/v2\/product_brand?post=147990"},{"taxonomy":"product_cat","embeddable":true,"href":"https:\/\/secureus.se\/de\/wp-json\/wp\/v2\/product_cat?post=147990"},{"taxonomy":"product_tag","embeddable":true,"href":"https:\/\/secureus.se\/de\/wp-json\/wp\/v2\/product_tag?post=147990"}],"curies":[{"name":"wp","href":"https:\/\/api.w.org\/{rel}","templated":true}]}}