{"id":147992,"date":"2025-02-25T12:22:20","date_gmt":"2025-02-25T11:22:20","guid":{"rendered":"https:\/\/secureus.se\/?post_type=product&#038;p=147992"},"modified":"2026-04-23T10:19:28","modified_gmt":"2026-04-23T08:19:28","slug":"plejd-belysning-downlight-deep-svart","status":"publish","type":"product","link":"https:\/\/secureus.se\/de\/plejd-belysning-downlight-deep-svart\/","title":{"rendered":"Plejd Beleuchtung Downlight Tiefschwarz"},"content":{"rendered":"<h1 data-start=\"413\" data-end=\"492\"><strong data-start=\"417\" data-end=\"490\">Plejd DWN-02 \u2013 Smartes Downlight mit Tunable White und kabelloser Steuerung<\/strong><\/h1>\n<p data-start=\"494\" data-end=\"777\">Plejd DWN-02 ist ein elegantes und funktionales Downlight, das entwickelt wurde, um maximale Flexibilit\u00e4t bei der Lichtsteuerung zu bieten.<\/p>\n<p data-start=\"494\" data-end=\"777\">Dank der integrierten Dimmerfunktion ist kein externer Dimmer erforderlich und das Licht l\u00e4sst sich bequem \u00fcber die Plejd-App, einen kabelgebundenen Druckknopf oder andere Plejd-Ger\u00e4te steuern.<\/p>\n<p data-start=\"779\" data-end=\"1164\">Die integrierte Tunable-White-Technologie erm\u00f6glicht es, die Farbtemperatur des Lichts zwischen 2200K und 4000K einzustellen, wodurch das Licht an unterschiedliche Umgebungen und Bed\u00fcrfnisse angepasst werden kann \u2013 von einem warmen und gem\u00fctlichen Schein bis hin zu einem eher funktionalen wei\u00dfen Licht.<\/p>\n<p data-start=\"779\" data-end=\"1164\">Die Dim to Warm-Funktion erzeugt beim Dimmen einen nat\u00fcrlichen \u00dcbergang der Farbtemperatur, was f\u00fcr eine angenehmere Beleuchtung sorgt.<\/p>\n<p data-start=\"1166\" data-end=\"1414\">Dieses Modell verf\u00fcgt \u00fcber eine symmetrische Lichtverteilung mit einem Abstrahlwinkel von 40\u00b0 und ist daher sowohl f\u00fcr die Allgemeinbeleuchtung als auch f\u00fcr die gerichtete Beleuchtung geeignet.<\/p>\n<p data-start=\"1166\" data-end=\"1414\">Der DWN-02 verf\u00fcgt \u00fcber eine feste Lichtrichtung, die f\u00fcr eine gleichm\u00e4\u00dfige Lichtverteilung im Raum sorgt.<\/p>\n<p data-start=\"1416\" data-end=\"1711\">Dank der geringen Einbautiefe von nur 40 mm ist die Installation problemlos m\u00f6glich, sodass auch bei begrenzter Tiefe eine Montage m\u00f6glich ist.<\/p>\n<p data-start=\"1416\" data-end=\"1711\">Es verf\u00fcgt \u00fcber die Schutzart IP44, was bedeutet, dass es in Badezimmern und anderen feuchten Umgebungen sowie bei Dachvorsprungsinstallationen im Au\u00dfenbereich verwendet werden kann.<\/p>\n<p data-start=\"1713\" data-end=\"1982\">Dank der Bluetooth\u00ae Mesh-Technologie k\u00f6nnen mehrere DWN-02-Einheiten drahtlos gruppiert und gemeinsam gesteuert werden.<\/p>\n<p data-start=\"1713\" data-end=\"1982\">Das Produkt verf\u00fcgt zudem \u00fcber integrierte Zeitfunktionen wie Astro- und Wochenuhr, welche eine automatische Lichtsteuerung entsprechend der Lichtverh\u00e4ltnisse des Tages erm\u00f6glichen.<\/p>\n<p data-start=\"1984\" data-end=\"2143\">DWN-02 ist eine stilvolle und energieeffiziente L\u00f6sung, die sich sowohl f\u00fcr private als auch gewerbliche Installationen eignet, bei denen eine moderne und intelligente Beleuchtung erforderlich ist.<\/p>\n<h3 data-start=\"2145\" data-end=\"2180\"><strong data-start=\"2149\" data-end=\"2178\">Technische Spezifikationen:<\/strong><\/h3>\n<ul data-start=\"2181\" data-end=\"2967\">\n<li data-start=\"2181\" data-end=\"2217\"><strong data-start=\"2183\" data-end=\"2197\">Lichtquelle:<\/strong> LED (nicht austauschbar)<\/li>\n<li data-start=\"2218\" data-end=\"2243\"><strong data-start=\"2220\" data-end=\"2234\">Lichtstrom:<\/strong> 515 Lumen<\/li>\n<li data-start=\"2244\" data-end=\"2294\"><strong data-start=\"2246\" data-end=\"2265\">Farbtemperatur:<\/strong> 2200\u20134000 K (abstimmbares Wei\u00df)<\/li>\n<li data-start=\"2295\" data-end=\"2328\"><strong data-start=\"2297\" data-end=\"2316\">Dimmbereich:<\/strong> 0,1\u2013100 %<\/li>\n<li data-start=\"2329\" data-end=\"2358\"><strong data-start=\"2331\" data-end=\"2352\">Spreizwinkel:<\/strong> 40\u00b0<\/li>\n<li data-start=\"2359\" data-end=\"2392\"><strong data-start=\"2361\" data-end=\"2387\">Farbwiedergabe (CRI):<\/strong> 90<\/li>\n<li data-start=\"2393\" data-end=\"2445\"><strong data-start=\"2395\" data-end=\"2409\">Leben:<\/strong> 60.000 Stunden (L70\/B50 bei 25\u00b0C)<\/li>\n<li data-start=\"2446\" data-end=\"2465\"><strong data-start=\"2448\" data-end=\"2459\">Wirkung:<\/strong> 8W<\/li>\n<li data-start=\"2466\" data-end=\"2501\"><strong data-start=\"2468\" data-end=\"2497\">Energieeffizienzklasse:<\/strong> F<\/li>\n<li data-start=\"2502\" data-end=\"2531\"><strong data-start=\"2504\" data-end=\"2520\">Schutzklasse:<\/strong> Klasse II<\/li>\n<li data-start=\"2532\" data-end=\"2580\"><strong data-start=\"2534\" data-end=\"2547\">IP-Klasse:<\/strong> IP44 (Leuchte), IP20 (Treiber)<\/li>\n<li data-start=\"2581\" data-end=\"2613\"><strong data-start=\"2583\" data-end=\"2599\">Netzspannung:<\/strong> 230V \/ 50Hz<\/li>\n<li data-start=\"2614\" data-end=\"2640\"><strong data-start=\"2616\" data-end=\"2633\">Leistungsfaktor:<\/strong> 0,84<\/li>\n<li data-start=\"2641\" data-end=\"2687\"><strong data-start=\"2643\" data-end=\"2661\">Kommunikation:<\/strong> 2,4 GHz Bluetooth\u00ae Mesh<\/li>\n<li data-start=\"2688\" data-end=\"2763\"><strong data-start=\"2690\" data-end=\"2708\">Funkreichweite:<\/strong> Ungef\u00e4hr 10 Meter im Innenbereich (erweitert mit Plejd Mesh-Technologie)<\/li>\n<li data-start=\"2764\" data-end=\"2810\"><strong data-start=\"2766\" data-end=\"2780\">Montage:<\/strong> In die Decke eingelassen (\u00d8 83 mm Loch)<\/li>\n<li data-start=\"2811\" data-end=\"2850\"><strong data-start=\"2813\" data-end=\"2842\">Mindesteinbautiefe:<\/strong> 40 mm<\/li>\n<li data-start=\"2851\" data-end=\"2911\"><strong data-start=\"2853\" data-end=\"2866\">Material:<\/strong> Aluminium pulverbeschichtet, schwarz (RAL 9004)<\/li>\n<li data-start=\"2912\" data-end=\"2967\"><strong data-start=\"2914\" data-end=\"2933\">Kompatibilit\u00e4t:<\/strong> Apple HomeKit, Google Assistant<\/li>\n<\/ul>\n<p data-start=\"2969\" data-end=\"3095\">Plejd DWN-02 ist die perfekte L\u00f6sung f\u00fcr intelligente Lichtinstallationen, bei denen Design und Funktionalit\u00e4t kombiniert werden.<\/p>","protected":false},"excerpt":{"rendered":"<p>Plejd DWN-02 ist ein intelligentes Downlight mit abstimmbarem Wei\u00df und integrierter Dimmerfunktion.<\/p>\n<p>Es wird kein externer Dimmer ben\u00f6tigt.<\/p>\n<p>Die Steuerung erfolgt \u00fcber die Plejd-App, einen Druckknopf oder andere Plejd-Ger\u00e4te.<\/p>\n<p>Einstellbare Farbtemperatur von 2200 K\u20134000 K und Unterst\u00fctzung von Dim bis Warm.<\/p>\n<p>Mit der Schutzart IP44 ist er sowohl f\u00fcr den Innenbereich als auch f\u00fcr gesch\u00fctzte Au\u00dfenbereiche geeignet.<\/p>","protected":false},"featured_media":147991,"template":"","meta":{"_acf_changed":false},"product_brand":[],"product_cat":[4664],"product_tag":[4670],"class_list":{"0":"post-147992","1":"product","2":"type-product","3":"status-publish","4":"has-post-thumbnail","6":"product_cat-plejd-belysning","7":"product_tag-plejd","8":"product_shipping_class-postnord-varubrev","9":"pa_brands-plejd","10":"tm-has-options","12":"first","13":"instock","14":"sale","15":"taxable","16":"shipping-taxable","17":"purchasable","18":"product-type-simple"},"acf":[],"_links":{"self":[{"href":"https:\/\/secureus.se\/de\/wp-json\/wp\/v2\/product\/147992","targetHints":{"allow":["GET"]}}],"collection":[{"href":"https:\/\/secureus.se\/de\/wp-json\/wp\/v2\/product"}],"about":[{"href":"https:\/\/secureus.se\/de\/wp-json\/wp\/v2\/types\/product"}],"wp:featuredmedia":[{"embeddable":true,"href":"https:\/\/secureus.se\/de\/wp-json\/wp\/v2\/media\/147991"}],"wp:attachment":[{"href":"https:\/\/secureus.se\/de\/wp-json\/wp\/v2\/media?parent=147992"}],"wp:term":[{"taxonomy":"product_brand","embeddable":true,"href":"https:\/\/secureus.se\/de\/wp-json\/wp\/v2\/product_brand?post=147992"},{"taxonomy":"product_cat","embeddable":true,"href":"https:\/\/secureus.se\/de\/wp-json\/wp\/v2\/product_cat?post=147992"},{"taxonomy":"product_tag","embeddable":true,"href":"https:\/\/secureus.se\/de\/wp-json\/wp\/v2\/product_tag?post=147992"}],"curies":[{"name":"wp","href":"https:\/\/api.w.org\/{rel}","templated":true}]}}