{"id":147994,"date":"2025-02-25T12:22:21","date_gmt":"2025-02-25T11:22:21","guid":{"rendered":"https:\/\/secureus.se\/?post_type=product&#038;p=147994"},"modified":"2026-04-23T10:19:24","modified_gmt":"2026-04-23T08:19:24","slug":"plejd-plafond-sensor-svart","status":"publish","type":"product","link":"https:\/\/secureus.se\/de\/plejd-plafond-sensor-svart\/","title":{"rendered":"Plejd Plafond Sensor schwarz"},"content":{"rendered":"<h1 data-start=\"428\" data-end=\"508\"><strong data-start=\"432\" data-end=\"506\">Plejd CCL-01-S \u2013 Smarte LED-Deckenleuchte mit Bewegungssensor und Tunable White<\/strong><\/h1>\n<p data-start=\"510\" data-end=\"843\">Plejd CCL-01-S ist eine intelligente und flexible LED-Deckenleuchte mit integrierter Dimmfunktion und Bewegungssensor.<\/p>\n<p data-start=\"510\" data-end=\"843\">Es ist kein externer Dimmer erforderlich, was die Installation einfach und problemlos macht. Die Beleuchtung kann drahtlos \u00fcber die Plejd-App, einen Druckknopf oder andere Plejd-Ger\u00e4te gesteuert werden, sodass Sie die volle Kontrolle \u00fcber die Lichteinstellungen haben.<\/p>\n<p data-start=\"845\" data-end=\"1245\">Die Deckenleuchte ist mit der Tunable-White-Technologie ausgestattet, das hei\u00dft, der Nutzer kann die Farbtemperatur zwischen 2200K und 4000K einstellen.<\/p>\n<p data-start=\"845\" data-end=\"1245\">Dadurch ist es m\u00f6glich, das Licht an unterschiedliche Situationen anzupassen \u2013 von warmem und stimmungsvollem bis hin zu eher funktionalem Arbeitslicht.<\/p>\n<p data-start=\"845\" data-end=\"1245\">Die Dim to Warm-Funktion erzeugt beim Dimmen eine nat\u00fcrliche Farbtemperatur\u00e4nderung, die f\u00fcr ein angenehmeres Lichterlebnis sorgt.<\/p>\n<p data-start=\"1247\" data-end=\"1585\">Der eingebaute Bewegungssensor kombiniert PIR-Sensor und HF-Sensor f\u00fcr eine verbesserte Erkennung.<\/p>\n<p data-start=\"1247\" data-end=\"1585\">Die Reichweite betr\u00e4gt bis zu 11 Meter und die Empfindlichkeit ist einstellbar. Das Ger\u00e4t ist au\u00dferdem mit einem Tageslichtsensor ausgestattet, sodass es nur bei geringer Umgebungshelligkeit aktiviert werden kann und so zur Energieeinsparung beitr\u00e4gt.<\/p>\n<p data-start=\"1587\" data-end=\"1838\">Dank der Bluetooth\u00ae Mesh-Technologie k\u00f6nnen mehrere Ger\u00e4te drahtlos gruppiert und gemeinsam gesteuert werden.<\/p>\n<p data-start=\"1587\" data-end=\"1838\">Zudem verf\u00fcgt das Produkt \u00fcber Zeitfunktionen wie Astro- und Wochenuhr, wodurch die Beleuchtung je nach Tages- und Jahreszeit automatisch angepasst werden kann.<\/p>\n<p data-start=\"1840\" data-end=\"2125\">Die Installation ist einfach und die Deckenleuchte kann sowohl an der Decke als auch an der Wand montiert werden.<\/p>\n<p data-start=\"1840\" data-end=\"2125\">Es verf\u00fcgt \u00fcber die Schutzart IP44 und ist daher f\u00fcr Badezimmer und andere feuchte Umgebungen geeignet.<\/p>\n<p data-start=\"1840\" data-end=\"2125\">Die Deckenleuchte ist f\u00fcr den Innenbereich konzipiert und verf\u00fcgt \u00fcber eine robuste Konstruktion mit Sto\u00dffestigkeit nach IK07.<\/p>\n<p data-start=\"2127\" data-end=\"2394\">Plejd CCL-01-S ist eine energieeffiziente und langlebige Beleuchtungsl\u00f6sung mit einer Lebensdauer von bis zu 100.000 Stunden.<\/p>\n<p data-start=\"2127\" data-end=\"2394\">Seine hohe Lichtqualit\u00e4t (CRI 93) sorgt f\u00fcr eine nat\u00fcrliche und angenehme Lichtwiedergabe, perfekt sowohl f\u00fcr private als auch gewerbliche Installationen.<\/p>\n<h3 data-start=\"2396\" data-end=\"2431\"><strong data-start=\"2400\" data-end=\"2429\">Technische Spezifikationen:<\/strong><\/h3>\n<ul data-start=\"2432\" data-end=\"3397\">\n<li data-start=\"2432\" data-end=\"2468\"><strong data-start=\"2434\" data-end=\"2448\">Lichtquelle:<\/strong> LED (nicht austauschbar)<\/li>\n<li data-start=\"2469\" data-end=\"2495\"><strong data-start=\"2471\" data-end=\"2485\">Lichtstrom:<\/strong> 2000 Lumen<\/li>\n<li data-start=\"2496\" data-end=\"2546\"><strong data-start=\"2498\" data-end=\"2517\">Farbtemperatur:<\/strong> 2200\u20134000 K (abstimmbares Wei\u00df)<\/li>\n<li data-start=\"2547\" data-end=\"2580\"><strong data-start=\"2549\" data-end=\"2568\">Dimmbereich:<\/strong> 0,1\u2013100 %<\/li>\n<li data-start=\"2581\" data-end=\"2654\"><strong data-start=\"2583\" data-end=\"2601\">Bewegungssensor:<\/strong> PIR + HF Sensor (einstellbar bis 11 m Reichweite)<\/li>\n<li data-start=\"2655\" data-end=\"2721\"><strong data-start=\"2657\" data-end=\"2675\">Tageslichtsensor:<\/strong> Wird nur bei schwachem Umgebungslicht aktiviert<\/li>\n<li data-start=\"2722\" data-end=\"2752\"><strong data-start=\"2724\" data-end=\"2745\">Spreizwinkel:<\/strong> 120\u00b0<\/li>\n<li data-start=\"2753\" data-end=\"2786\"><strong data-start=\"2755\" data-end=\"2781\">Farbwiedergabe (CRI):<\/strong> 93<\/li>\n<li data-start=\"2787\" data-end=\"2840\"><strong data-start=\"2789\" data-end=\"2803\">Leben:<\/strong> 100.000 Stunden (L70\/B50 bei 25\u00b0C)<\/li>\n<li data-start=\"2841\" data-end=\"2861\"><strong data-start=\"2843\" data-end=\"2854\">Wirkung:<\/strong> 22W<\/li>\n<li data-start=\"2862\" data-end=\"2897\"><strong data-start=\"2864\" data-end=\"2893\">Energieeffizienzklasse:<\/strong> F<\/li>\n<li data-start=\"2898\" data-end=\"2927\"><strong data-start=\"2900\" data-end=\"2916\">Schutzklasse:<\/strong> Klasse II<\/li>\n<li data-start=\"2928\" data-end=\"2987\"><strong data-start=\"2930\" data-end=\"2943\">IP-Klasse:<\/strong> IP44 (Deckenmontage), IP20 (Wandmontage)<\/li>\n<li data-start=\"2988\" data-end=\"3014\"><strong data-start=\"2990\" data-end=\"3007\">Schlagfestigkeit:<\/strong> IK07<\/li>\n<li data-start=\"3015\" data-end=\"3047\"><strong data-start=\"3017\" data-end=\"3033\">Netzspannung:<\/strong> 230V \/ 50Hz<\/li>\n<li data-start=\"3048\" data-end=\"3073\"><strong data-start=\"3050\" data-end=\"3067\">Leistungsfaktor:<\/strong> 0,9<\/li>\n<li data-start=\"3074\" data-end=\"3120\"><strong data-start=\"3076\" data-end=\"3094\">Kommunikation:<\/strong> 2,4 GHz Bluetooth\u00ae Mesh<\/li>\n<li data-start=\"3121\" data-end=\"3196\"><strong data-start=\"3123\" data-end=\"3141\">Funkreichweite:<\/strong> Ungef\u00e4hr 10 Meter im Innenbereich (erweitert mit Plejd Mesh-Technologie)<\/li>\n<li data-start=\"3197\" data-end=\"3245\"><strong data-start=\"3199\" data-end=\"3213\">Montage:<\/strong> Aufputzmontage an Decke oder Wand<\/li>\n<li data-start=\"3246\" data-end=\"3280\"><strong data-start=\"3248\" data-end=\"3257\">Messen:<\/strong> \u00d8 294 mm, H\u00f6he 50 mm<\/li>\n<li data-start=\"3281\" data-end=\"3327\"><strong data-start=\"3283\" data-end=\"3296\">Material:<\/strong> Kunststoff matt, schwarz (RAL 7016)<\/li>\n<li data-start=\"3328\" data-end=\"3397\"><strong data-start=\"3330\" data-end=\"3349\">Kompatibilit\u00e4t:<\/strong> Apple HomeKit, Google Assistant, Amazon Alexa<\/li>\n<\/ul>\n<p>Plejd CCL-01-S ist die ultimative L\u00f6sung f\u00fcr intelligente Beleuchtung, die Design, Funktion und Energieeffizienz vereint.<\/p>","protected":false},"excerpt":{"rendered":"<p>Plejd CCL-01-S ist eine intelligente LED-Deckenleuchte mit abstimmbarem Wei\u00df und integrierter Dimmerfunktion.<\/p>\n<p>Es wird kein externer Dimmer ben\u00f6tigt. Sie verf\u00fcgt \u00fcber einen integrierten Bewegungsmelder mit Grundlichtfunktion und Tageslichtsensor.<\/p>\n<p>Steuerbar \u00fcber die Plejd-App, Taster oder andere Plejd-Ger\u00e4te.<\/p>\n<p>Einstellbare Farbtemperatur von 2200 K\u20134000 K und Unterst\u00fctzung von Dim bis Warm.<\/p>","protected":false},"featured_media":147993,"template":"","meta":{"_acf_changed":false},"product_brand":[],"product_cat":[4664],"product_tag":[4670],"class_list":{"0":"post-147994","1":"product","2":"type-product","3":"status-publish","4":"has-post-thumbnail","6":"product_cat-plejd-belysning","7":"product_tag-plejd","8":"product_shipping_class-postnord-varubrev","9":"pa_brands-plejd","10":"pa_farg-svart","11":"tm-has-options","13":"first","14":"instock","15":"sale","16":"taxable","17":"shipping-taxable","18":"purchasable","19":"product-type-simple"},"acf":[],"_links":{"self":[{"href":"https:\/\/secureus.se\/de\/wp-json\/wp\/v2\/product\/147994","targetHints":{"allow":["GET"]}}],"collection":[{"href":"https:\/\/secureus.se\/de\/wp-json\/wp\/v2\/product"}],"about":[{"href":"https:\/\/secureus.se\/de\/wp-json\/wp\/v2\/types\/product"}],"wp:featuredmedia":[{"embeddable":true,"href":"https:\/\/secureus.se\/de\/wp-json\/wp\/v2\/media\/147993"}],"wp:attachment":[{"href":"https:\/\/secureus.se\/de\/wp-json\/wp\/v2\/media?parent=147994"}],"wp:term":[{"taxonomy":"product_brand","embeddable":true,"href":"https:\/\/secureus.se\/de\/wp-json\/wp\/v2\/product_brand?post=147994"},{"taxonomy":"product_cat","embeddable":true,"href":"https:\/\/secureus.se\/de\/wp-json\/wp\/v2\/product_cat?post=147994"},{"taxonomy":"product_tag","embeddable":true,"href":"https:\/\/secureus.se\/de\/wp-json\/wp\/v2\/product_tag?post=147994"}],"curies":[{"name":"wp","href":"https:\/\/api.w.org\/{rel}","templated":true}]}}