{"id":147996,"date":"2025-02-25T12:22:21","date_gmt":"2025-02-25T11:22:21","guid":{"rendered":"https:\/\/secureus.se\/?post_type=product&#038;p=147996"},"modified":"2026-04-08T16:30:38","modified_gmt":"2026-04-08T14:30:38","slug":"plejd-plafond-svart","status":"publish","type":"product","link":"https:\/\/secureus.se\/de\/plejd-plafond-svart\/","title":{"rendered":"Plaid Plafond schwarz"},"content":{"rendered":"<h1>Plejd CCL-01 \u2013 Intelligente LED-Deckenleuchte mit einstellbarem Wei\u00df und drahtloser Steuerung<\/h1>\n<p data-start=\"471\" data-end=\"826\">Plejd CCL-01 ist eine moderne und stilvolle LED-Deckenleuchte, die flexible und intelligente Beleuchtung bietet.<\/p>\n<p data-start=\"471\" data-end=\"826\">Es ist mit einer integrierten Dimmerfunktion ausgestattet, sodass kein externer Dimmer erforderlich ist.<\/p>\n<p data-start=\"471\" data-end=\"826\">Die Beleuchtung l\u00e4sst sich bequem \u00fcber die Plejd-App, einen Druckknopf oder andere Plejd-Ger\u00e4te steuern und stellt somit eine vielseitige L\u00f6sung f\u00fcr unterschiedliche Umgebungen dar.<\/p>\n<p data-start=\"828\" data-end=\"1223\">Die Deckenleuchte verf\u00fcgt \u00fcber die Tunable-White-Technologie, welche es erm\u00f6glicht, die Farbtemperatur zwischen 2200K und 4000K einzustellen.<\/p>\n<p data-start=\"828\" data-end=\"1223\">Dadurch ist es m\u00f6glich, das Licht von einem warmen und gem\u00fctlichen Ton bis hin zu einem eher funktionalen und neutralen Licht anzupassen.<\/p>\n<p data-start=\"828\" data-end=\"1223\">Die Dim-to-Warm-Funktion passt die Farbtemperatur automatisch an, wenn die Helligkeit ver\u00e4ndert wird, und sorgt so f\u00fcr ein angenehmes und nat\u00fcrliches Lichterlebnis.<\/p>\n<p data-start=\"1225\" data-end=\"1423\">Diese Deckenleuchte verf\u00fcgt \u00fcber einen breiten Abstrahlwinkel von 120\u00b0, wodurch das Licht gleichm\u00e4\u00dfig im Raum verteilt wird.<\/p>\n<p data-start=\"1225\" data-end=\"1423\">Es eignet sich daher ideal f\u00fcr die Allgemeinbeleuchtung in Wohnungen, B\u00fcros und Gewerber\u00e4umen.<\/p>\n<p data-start=\"1425\" data-end=\"1705\">Dank der Bluetooth\u00ae Mesh-Technologie k\u00f6nnen mehrere CCL-01-Einheiten drahtlos gruppiert und gemeinsam \u00fcber das Plejd-System gesteuert werden.<\/p>\n<p data-start=\"1425\" data-end=\"1705\">Dar\u00fcber hinaus verf\u00fcgt das Produkt \u00fcber integrierte Zeitfunktionen wie Astro- und Wochenuhren, die eine Automatisierung von Beleuchtungspl\u00e4nen je nach Tageszeit erm\u00f6glichen.<\/p>\n<p data-start=\"1707\" data-end=\"1979\">Die Installation ist einfach und flexibel \u2013 die Deckenleuchte kann an der Decke oder Wand montiert werden und verf\u00fcgt \u00fcber eine robuste Konstruktion.<\/p>\n<p data-start=\"1707\" data-end=\"1979\">Es ist IP44-zertifiziert und somit f\u00fcr Badezimmer und andere feuchte Umgebungen geeignet, w\u00e4hrend seine Sto\u00dffestigkeit nach IK07 es besonders langlebig macht.<\/p>\n<p data-start=\"1981\" data-end=\"2281\">Plejd CCL-01 ist eine energieeffiziente Beleuchtungsl\u00f6sung mit einer Lebensdauer von bis zu 100.000 Stunden, die einen langfristigen und zuverl\u00e4ssigen Betrieb gew\u00e4hrleistet.<\/p>\n<p data-start=\"1981\" data-end=\"2281\">Sein hoher Farbwiedergabeindex von CRI 93 garantiert ein nat\u00fcrliches und angenehmes Licht, perfekt f\u00fcr alle Umgebungen, in denen eine hohe Lichtqualit\u00e4t erforderlich ist.<\/p>\n<h3 data-start=\"2283\" data-end=\"2318\"><strong data-start=\"2287\" data-end=\"2316\">Technische Spezifikationen:<\/strong><\/h3>\n<ul data-start=\"2319\" data-end=\"3143\">\n<li data-start=\"2319\" data-end=\"2355\"><strong data-start=\"2321\" data-end=\"2335\">Lichtquelle:<\/strong> LED (nicht austauschbar)<\/li>\n<li data-start=\"2356\" data-end=\"2382\"><strong data-start=\"2358\" data-end=\"2372\">Lichtstrom:<\/strong> 2000 Lumen<\/li>\n<li data-start=\"2383\" data-end=\"2433\"><strong data-start=\"2385\" data-end=\"2404\">Farbtemperatur:<\/strong> 2200\u20134000 K (abstimmbares Wei\u00df)<\/li>\n<li data-start=\"2434\" data-end=\"2467\"><strong data-start=\"2436\" data-end=\"2455\">Dimmbereich:<\/strong> 0,1\u2013100 %<\/li>\n<li data-start=\"2468\" data-end=\"2498\"><strong data-start=\"2470\" data-end=\"2491\">Spreizwinkel:<\/strong> 120\u00b0<\/li>\n<li data-start=\"2499\" data-end=\"2532\"><strong data-start=\"2501\" data-end=\"2527\">Farbwiedergabe (CRI):<\/strong> 93<\/li>\n<li data-start=\"2533\" data-end=\"2586\"><strong data-start=\"2535\" data-end=\"2549\">Leben:<\/strong> 100.000 Stunden (L70\/B50 bei 25\u00b0C)<\/li>\n<li data-start=\"2587\" data-end=\"2607\"><strong data-start=\"2589\" data-end=\"2600\">Wirkung:<\/strong> 22W<\/li>\n<li data-start=\"2608\" data-end=\"2643\"><strong data-start=\"2610\" data-end=\"2639\">Energieeffizienzklasse:<\/strong> F<\/li>\n<li data-start=\"2644\" data-end=\"2673\"><strong data-start=\"2646\" data-end=\"2662\">Schutzklasse:<\/strong> Klasse II<\/li>\n<li data-start=\"2674\" data-end=\"2733\"><strong data-start=\"2676\" data-end=\"2689\">IP-Klasse:<\/strong> IP44 (Deckenmontage), IP20 (Wandmontage)<\/li>\n<li data-start=\"2734\" data-end=\"2760\"><strong data-start=\"2736\" data-end=\"2753\">Schlagfestigkeit:<\/strong> IK07<\/li>\n<li data-start=\"2761\" data-end=\"2793\"><strong data-start=\"2763\" data-end=\"2779\">Netzspannung:<\/strong> 230V \/ 50Hz<\/li>\n<li data-start=\"2794\" data-end=\"2819\"><strong data-start=\"2796\" data-end=\"2813\">Leistungsfaktor:<\/strong> 0,9<\/li>\n<li data-start=\"2820\" data-end=\"2866\"><strong data-start=\"2822\" data-end=\"2840\">Kommunikation:<\/strong> 2,4 GHz Bluetooth\u00ae Mesh<\/li>\n<li data-start=\"2867\" data-end=\"2942\"><strong data-start=\"2869\" data-end=\"2887\">Funkreichweite:<\/strong> Ungef\u00e4hr 10 Meter im Innenbereich (erweitert mit Plejd Mesh-Technologie)<\/li>\n<li data-start=\"2943\" data-end=\"2991\"><strong data-start=\"2945\" data-end=\"2959\">Montage:<\/strong> Aufputzmontage an Decke oder Wand<\/li>\n<li data-start=\"2992\" data-end=\"3026\"><strong data-start=\"2994\" data-end=\"3003\">Messen:<\/strong> \u00d8 294 mm, H\u00f6he 50 mm<\/li>\n<li data-start=\"3027\" data-end=\"3073\"><strong data-start=\"3029\" data-end=\"3042\">Material:<\/strong> Kunststoff matt, schwarz (RAL 7016)<\/li>\n<li data-start=\"3074\" data-end=\"3143\"><strong data-start=\"3076\" data-end=\"3095\">Kompatibilit\u00e4t:<\/strong> Apple HomeKit, Google Assistant, Amazon Alexa<\/li>\n<\/ul>\n<p data-start=\"3145\" data-end=\"3275\">Plejd CCL-01 ist eine hochwertige und energieeffiziente Deckenleuchte, die modernes Design mit fortschrittlicher Lichttechnologie verbindet.<\/p>","protected":false},"excerpt":{"rendered":"<p>Plejd CCL-01 ist eine intelligente LED-Deckenleuchte mit abstimmbarem Wei\u00df und integrierter Dimmerfunktion.<\/p>\n<p>Es wird kein externer Dimmer ben\u00f6tigt.<\/p>\n<p>Es kann \u00fcber die Plejd-App, einen Druckknopf oder andere Plejd-Ger\u00e4te gesteuert werden und verf\u00fcgt \u00fcber eine einstellbare Farbtemperatur von 2200 K\u20134000 K sowie Unterst\u00fctzung f\u00fcr \u201eDimmen bis Warm\u201c.<\/p>\n<p>Sowohl f\u00fcr die Decken- als auch f\u00fcr die Wandmontage geeignet.<\/p>","protected":false},"featured_media":147995,"template":"","meta":{"_acf_changed":false},"product_brand":[],"product_cat":[4664],"product_tag":[4670],"class_list":{"0":"post-147996","1":"product","2":"type-product","3":"status-publish","4":"has-post-thumbnail","6":"product_cat-plejd-belysning","7":"product_tag-plejd","8":"product_shipping_class-postnord-varubrev","9":"pa_brands-plejd","10":"tm-has-options","12":"first","13":"instock","14":"sale","15":"taxable","16":"shipping-taxable","17":"purchasable","18":"product-type-simple"},"acf":[],"_links":{"self":[{"href":"https:\/\/secureus.se\/de\/wp-json\/wp\/v2\/product\/147996","targetHints":{"allow":["GET"]}}],"collection":[{"href":"https:\/\/secureus.se\/de\/wp-json\/wp\/v2\/product"}],"about":[{"href":"https:\/\/secureus.se\/de\/wp-json\/wp\/v2\/types\/product"}],"wp:featuredmedia":[{"embeddable":true,"href":"https:\/\/secureus.se\/de\/wp-json\/wp\/v2\/media\/147995"}],"wp:attachment":[{"href":"https:\/\/secureus.se\/de\/wp-json\/wp\/v2\/media?parent=147996"}],"wp:term":[{"taxonomy":"product_brand","embeddable":true,"href":"https:\/\/secureus.se\/de\/wp-json\/wp\/v2\/product_brand?post=147996"},{"taxonomy":"product_cat","embeddable":true,"href":"https:\/\/secureus.se\/de\/wp-json\/wp\/v2\/product_cat?post=147996"},{"taxonomy":"product_tag","embeddable":true,"href":"https:\/\/secureus.se\/de\/wp-json\/wp\/v2\/product_tag?post=147996"}],"curies":[{"name":"wp","href":"https:\/\/api.w.org\/{rel}","templated":true}]}}