{"id":147998,"date":"2025-02-25T12:22:21","date_gmt":"2025-02-25T11:22:21","guid":{"rendered":"https:\/\/secureus.se\/?post_type=product&#038;p=147998"},"modified":"2026-04-08T16:33:54","modified_gmt":"2026-04-08T14:33:54","slug":"plejd-belysning-downlight-deep-svart-6-pack","status":"publish","type":"product","link":"https:\/\/secureus.se\/de\/plejd-belysning-downlight-deep-svart-6-pack\/","title":{"rendered":"Plejd Lighting Downlight Tiefschwarz 6er-Pack"},"content":{"rendered":"<h1>Plejd DWN-02 \u2013 Smart Downlight Deep 6er-Pack mit Tunable White und kabelloser Steuerung<\/h1>\n<p data-start=\"521\" data-end=\"903\">Plejd DWN-02 ist ein modernes und funktionales Downlight, das eine intelligente Lichtsteuerung bietet.<\/p>\n<p data-start=\"521\" data-end=\"903\">Es ist mit einer integrierten Dimmerfunktion ausgestattet, sodass kein externer Dimmer erforderlich ist.<\/p>\n<p data-start=\"521\" data-end=\"903\">Das Licht l\u00e4sst sich einfach \u00fcber die Plejd-App, einen kabelgebundenen Druckknopf oder andere Plejd-Ger\u00e4te einstellen und steuern, was es zu einer flexiblen L\u00f6sung f\u00fcr private und gewerbliche Umgebungen macht.<\/p>\n<p data-start=\"905\" data-end=\"1253\">Mithilfe der fortschrittlichen Tunable-White-Technologie kann der Benutzer die Farbtemperatur zwischen 2200 K und 4000 K einstellen, sodass die Beleuchtung von warmem und stimmungsvollem zu eher funktionalem und neutralem Licht angepasst werden kann.<\/p>\n<p data-start=\"905\" data-end=\"1253\">Die Dim to Warm Funktion erzeugt beim Dimmen einen nat\u00fcrlichen Farbwechsel, was das Lichterlebnis zus\u00e4tzlich verbessert.<\/p>\n<p data-start=\"1255\" data-end=\"1513\">Der DWN-02 verf\u00fcgt \u00fcber eine symmetrische Lichtverteilung mit einem Abstrahlwinkel von 40\u00b0 und eignet sich daher ideal sowohl f\u00fcr die Allgemeinbeleuchtung als auch f\u00fcr eine gezieltere Beleuchtung.<\/p>\n<p data-start=\"1255\" data-end=\"1513\">Da er nicht verstellbar ist, sorgt er f\u00fcr eine gleichm\u00e4\u00dfige Lichtverteilung im Raum.<\/p>\n<p data-start=\"1515\" data-end=\"1792\">Dank Bluetooth\u00ae Mesh-Technologie k\u00f6nnen mehrere Downlights drahtlos gruppiert und gemeinsam \u00fcber das Plejd-System gesteuert werden.<\/p>\n<p data-start=\"1515\" data-end=\"1792\">Das Produkt verf\u00fcgt au\u00dferdem \u00fcber integrierte Zeitfunktionen wie Astro- und Wochenuhren, sodass sich Beleuchtungspl\u00e4ne ganz einfach auf Grundlage der Tageszeit automatisieren lassen.<\/p>\n<p data-start=\"1794\" data-end=\"2046\">Die Installation ist einfach und passt dank einer geringen Einbautiefe von nur 40 mm in die meisten Decken.<\/p>\n<p data-start=\"1794\" data-end=\"2046\">Das Downlight verf\u00fcgt \u00fcber die Schutzart IP44 und ist daher f\u00fcr Badezimmer und andere feuchte Umgebungen sowie f\u00fcr die Installation unter Dachvorspr\u00fcngen im Au\u00dfenbereich geeignet.<\/p>\n<p data-start=\"2048\" data-end=\"2292\">Es wird im 6er-Pack geliefert und ist daher ideal f\u00fcr gr\u00f6\u00dfere Installationen, bei denen mehrere Lichtpunkte ben\u00f6tigt werden.<\/p>\n<p data-start=\"2048\" data-end=\"2292\">Seine robuste Konstruktion und die hohe Energieeffizienz gew\u00e4hrleisten einen dauerhaften Betrieb mit einer Lebensdauer von bis zu 60.000 Stunden.<\/p>\n<h3 data-start=\"2294\" data-end=\"2329\"><strong data-start=\"2298\" data-end=\"2327\">Technische Spezifikationen:<\/strong><\/h3>\n<ul data-start=\"2330\" data-end=\"3140\">\n<li data-start=\"2330\" data-end=\"2366\"><strong data-start=\"2332\" data-end=\"2346\">Lichtquelle:<\/strong> LED (nicht austauschbar)<\/li>\n<li data-start=\"2367\" data-end=\"2406\"><strong data-start=\"2369\" data-end=\"2383\">Lichtstrom:<\/strong> 515 lm pro Downlight<\/li>\n<li data-start=\"2407\" data-end=\"2457\"><strong data-start=\"2409\" data-end=\"2428\">Farbtemperatur:<\/strong> 2200\u20134000 K (abstimmbares Wei\u00df)<\/li>\n<li data-start=\"2458\" data-end=\"2491\"><strong data-start=\"2460\" data-end=\"2479\">Dimmbereich:<\/strong> 0,1\u2013100 %<\/li>\n<li data-start=\"2492\" data-end=\"2521\"><strong data-start=\"2494\" data-end=\"2515\">Spreizwinkel:<\/strong> 40\u00b0<\/li>\n<li data-start=\"2522\" data-end=\"2555\"><strong data-start=\"2524\" data-end=\"2550\">Farbwiedergabe (CRI):<\/strong> 90<\/li>\n<li data-start=\"2556\" data-end=\"2608\"><strong data-start=\"2558\" data-end=\"2572\">Leben:<\/strong> 60.000 Stunden (L70\/B50 bei 25\u00b0C)<\/li>\n<li data-start=\"2609\" data-end=\"2638\"><strong data-start=\"2611\" data-end=\"2622\">Wirkung:<\/strong> 8 W pro Einheit<\/li>\n<li data-start=\"2639\" data-end=\"2674\"><strong data-start=\"2641\" data-end=\"2670\">Energieeffizienzklasse:<\/strong> F<\/li>\n<li data-start=\"2675\" data-end=\"2704\"><strong data-start=\"2677\" data-end=\"2693\">Schutzklasse:<\/strong> Klasse II<\/li>\n<li data-start=\"2705\" data-end=\"2753\"><strong data-start=\"2707\" data-end=\"2720\">IP-Klasse:<\/strong> IP44 (Leuchte), IP20 (Treiber)<\/li>\n<li data-start=\"2754\" data-end=\"2786\"><strong data-start=\"2756\" data-end=\"2772\">Netzspannung:<\/strong> 230V \/ 50Hz<\/li>\n<li data-start=\"2787\" data-end=\"2813\"><strong data-start=\"2789\" data-end=\"2806\">Leistungsfaktor:<\/strong> 0,84<\/li>\n<li data-start=\"2814\" data-end=\"2860\"><strong data-start=\"2816\" data-end=\"2834\">Kommunikation:<\/strong> 2,4 GHz Bluetooth\u00ae Mesh<\/li>\n<li data-start=\"2861\" data-end=\"2936\"><strong data-start=\"2863\" data-end=\"2881\">Funkreichweite:<\/strong> Ungef\u00e4hr 10 Meter im Innenbereich (erweitert mit Plejd Mesh-Technologie)<\/li>\n<li data-start=\"2937\" data-end=\"2983\"><strong data-start=\"2939\" data-end=\"2953\">Montage:<\/strong> In die Decke eingelassen (\u00d8 83 mm Loch)<\/li>\n<li data-start=\"2984\" data-end=\"3023\"><strong data-start=\"2986\" data-end=\"3015\">Mindesteinbautiefe:<\/strong> 40 mm<\/li>\n<li data-start=\"3024\" data-end=\"3084\"><strong data-start=\"3026\" data-end=\"3039\">Material:<\/strong> Aluminium pulverbeschichtet, schwarz (RAL 9004)<\/li>\n<li data-start=\"3085\" data-end=\"3140\"><strong data-start=\"3087\" data-end=\"3106\">Kompatibilit\u00e4t:<\/strong> Apple HomeKit, Google Assistant<\/li>\n<\/ul>\n<p data-start=\"3142\" data-end=\"3285\">Plejd DWN-02 ist die ultimative Beleuchtungsl\u00f6sung f\u00fcr moderne H\u00e4user und intelligente Immobilien, bei der Funktion, Stil und Technologie zusammenkommen.<\/p>","protected":false},"excerpt":{"rendered":"<p>Plejd DWN-02 ist ein intelligentes Downlight mit abstimmbarem Wei\u00df und integrierter Dimmerfunktion \u2013 kein externer Dimmer erforderlich.<\/p>\n<p>Die Steuerung erfolgt \u00fcber die Plejd-App, einen Druckknopf oder andere Plejd-Ger\u00e4te.<\/p>\n<p>Einstellbare Farbtemperatur von 2200 K\u20134000 K und Unterst\u00fctzung von Dim bis Warm.<\/p>\n<p>IP44-zertifiziert, Lieferung im 6er-Pack zur einfachen Installation im ganzen Haus.<\/p>","protected":false},"featured_media":147997,"template":"","meta":{"_acf_changed":false},"product_brand":[],"product_cat":[4664],"product_tag":[4670],"class_list":{"0":"post-147998","1":"product","2":"type-product","3":"status-publish","4":"has-post-thumbnail","6":"product_cat-plejd-belysning","7":"product_tag-plejd","8":"product_shipping_class-postnord-varubrev","9":"pa_brands-plejd","10":"tm-has-options","12":"first","13":"instock","14":"sale","15":"taxable","16":"shipping-taxable","17":"purchasable","18":"product-type-simple"},"acf":[],"_links":{"self":[{"href":"https:\/\/secureus.se\/de\/wp-json\/wp\/v2\/product\/147998","targetHints":{"allow":["GET"]}}],"collection":[{"href":"https:\/\/secureus.se\/de\/wp-json\/wp\/v2\/product"}],"about":[{"href":"https:\/\/secureus.se\/de\/wp-json\/wp\/v2\/types\/product"}],"wp:featuredmedia":[{"embeddable":true,"href":"https:\/\/secureus.se\/de\/wp-json\/wp\/v2\/media\/147997"}],"wp:attachment":[{"href":"https:\/\/secureus.se\/de\/wp-json\/wp\/v2\/media?parent=147998"}],"wp:term":[{"taxonomy":"product_brand","embeddable":true,"href":"https:\/\/secureus.se\/de\/wp-json\/wp\/v2\/product_brand?post=147998"},{"taxonomy":"product_cat","embeddable":true,"href":"https:\/\/secureus.se\/de\/wp-json\/wp\/v2\/product_cat?post=147998"},{"taxonomy":"product_tag","embeddable":true,"href":"https:\/\/secureus.se\/de\/wp-json\/wp\/v2\/product_tag?post=147998"}],"curies":[{"name":"wp","href":"https:\/\/api.w.org\/{rel}","templated":true}]}}