{"id":148002,"date":"2025-02-25T12:22:21","date_gmt":"2025-02-25T11:22:21","guid":{"rendered":"https:\/\/secureus.se\/?post_type=product&#038;p=148002"},"modified":"2026-04-08T16:38:23","modified_gmt":"2026-04-08T14:38:23","slug":"plejd-belysning-downlight-deep-vit","status":"publish","type":"product","link":"https:\/\/secureus.se\/de\/plejd-belysning-downlight-deep-vit\/","title":{"rendered":"Plejd Beleuchtung Downlight Tiefwei\u00df"},"content":{"rendered":"<h1 data-start=\"415\" data-end=\"499\"><strong data-start=\"419\" data-end=\"497\">Plejd DWN-02 \u2013 Smart Downlight Deep mit Tunable White und kabelloser Steuerung<\/strong><\/h1>\n<p data-start=\"501\" data-end=\"837\">Plejd DWN-02 ist ein stilvolles und funktionales Downlight, das intelligente Beleuchtung f\u00fcr moderne Umgebungen bietet.<\/p>\n<p data-start=\"501\" data-end=\"837\">Dank der integrierten Dimmerfunktion ist kein externer Dimmer erforderlich, was die Installation vereinfacht und mehr Kontrolle \u00fcber das Licht bietet.<\/p>\n<p data-start=\"501\" data-end=\"837\">Die Steuerung erfolgt \u00fcber die Plejd-App, einen kabelgebundenen Druckknopf oder andere Plejd-Ger\u00e4te.<\/p>\n<p data-start=\"839\" data-end=\"1199\">Die fortschrittliche Tunable-White-Technologie erm\u00f6glicht die Einstellung der Farbtemperatur zwischen 2200 K und 4000 K, sodass Sie das Licht ganz einfach an Ihre Bed\u00fcrfnisse anpassen k\u00f6nnen \u2013 von einem warmen und gem\u00fctlichen Schein bis hin zu einem neutraleren Arbeitslicht.<\/p>\n<p data-start=\"839\" data-end=\"1199\">Die Dim-to-Warm-Funktion sorgt f\u00fcr eine nat\u00fcrliche Anpassung der Farbtemperatur beim Dimmen und damit f\u00fcr ein sanftes und angenehmes Lichterlebnis.<\/p>\n<p data-start=\"1201\" data-end=\"1492\">Der DWN-02 verf\u00fcgt \u00fcber einen Abstrahlwinkel von 40\u00b0, der f\u00fcr eine symmetrische Lichtverteilung sorgt, die sich sowohl f\u00fcr die Allgemeinbeleuchtung als auch f\u00fcr die gerichtete Beleuchtung perfekt eignet.<\/p>\n<p data-start=\"1201\" data-end=\"1492\">Mit einem hohen Farbwiedergabeindex (CRI 90) werden Farben auf nat\u00fcrliche und angenehme Weise wiedergegeben, was es ideal f\u00fcr Wohnungen, B\u00fcros und Gesch\u00e4fte macht.<\/p>\n<p data-start=\"1494\" data-end=\"1792\">Dank Bluetooth\u00ae Mesh-Technologie k\u00f6nnen mehrere Downlights drahtlos gruppiert und gemeinsam \u00fcber das Plejd-System gesteuert werden.<\/p>\n<p data-start=\"1494\" data-end=\"1792\">Dar\u00fcber hinaus verf\u00fcgt das Produkt \u00fcber integrierte Zeitfunktionen wie Astro- und Wochenuhren, mit denen sich die Beleuchtung ganz einfach je nach Tageszeit und Lichtverh\u00e4ltnissen automatisieren l\u00e4sst.<\/p>\n<p data-start=\"1794\" data-end=\"2072\">Die Installation ist einfach und dank einer geringen Einbautiefe von nur 40 mm kann das Downlight auch in R\u00e4umen mit begrenzter Tiefe installiert werden.<\/p>\n<p data-start=\"1794\" data-end=\"2072\">Es verf\u00fcgt \u00fcber die Schutzart IP44, ist also gegen Feuchtigkeit gesch\u00fctzt und f\u00fcr den Einsatz in Badezimmern und zur Montage an Dachrinnen im Au\u00dfenbereich geeignet.<\/p>\n<p data-start=\"2074\" data-end=\"2240\">Plejd DWN-02 ist eine energieeffiziente und nachhaltige L\u00f6sung mit einer Lebensdauer von bis zu 60.000 Stunden und gew\u00e4hrleistet eine langfristige und zuverl\u00e4ssige Beleuchtung.<\/p>\n<h3 data-start=\"2242\" data-end=\"2277\"><strong data-start=\"2246\" data-end=\"2275\">Technische Spezifikationen:<\/strong><\/h3>\n<ul data-start=\"2278\" data-end=\"3062\">\n<li data-start=\"2278\" data-end=\"2314\"><strong data-start=\"2280\" data-end=\"2294\">Lichtquelle:<\/strong> LED (nicht austauschbar)<\/li>\n<li data-start=\"2315\" data-end=\"2340\"><strong data-start=\"2317\" data-end=\"2331\">Lichtstrom:<\/strong> 515 Lumen<\/li>\n<li data-start=\"2341\" data-end=\"2391\"><strong data-start=\"2343\" data-end=\"2362\">Farbtemperatur:<\/strong> 2200\u20134000 K (abstimmbares Wei\u00df)<\/li>\n<li data-start=\"2392\" data-end=\"2425\"><strong data-start=\"2394\" data-end=\"2413\">Dimmbereich:<\/strong> 0,1\u2013100 %<\/li>\n<li data-start=\"2426\" data-end=\"2455\"><strong data-start=\"2428\" data-end=\"2449\">Spreizwinkel:<\/strong> 40\u00b0<\/li>\n<li data-start=\"2456\" data-end=\"2489\"><strong data-start=\"2458\" data-end=\"2484\">Farbwiedergabe (CRI):<\/strong> 90<\/li>\n<li data-start=\"2490\" data-end=\"2542\"><strong data-start=\"2492\" data-end=\"2506\">Leben:<\/strong> 60.000 Stunden (L70\/B50 bei 25\u00b0C)<\/li>\n<li data-start=\"2543\" data-end=\"2562\"><strong data-start=\"2545\" data-end=\"2556\">Wirkung:<\/strong> 8W<\/li>\n<li data-start=\"2563\" data-end=\"2598\"><strong data-start=\"2565\" data-end=\"2594\">Energieeffizienzklasse:<\/strong> F<\/li>\n<li data-start=\"2599\" data-end=\"2628\"><strong data-start=\"2601\" data-end=\"2617\">Schutzklasse:<\/strong> Klasse II<\/li>\n<li data-start=\"2629\" data-end=\"2677\"><strong data-start=\"2631\" data-end=\"2644\">IP-Klasse:<\/strong> IP44 (Leuchte), IP20 (Treiber)<\/li>\n<li data-start=\"2678\" data-end=\"2710\"><strong data-start=\"2680\" data-end=\"2696\">Netzspannung:<\/strong> 230V \/ 50Hz<\/li>\n<li data-start=\"2711\" data-end=\"2737\"><strong data-start=\"2713\" data-end=\"2730\">Leistungsfaktor:<\/strong> 0,84<\/li>\n<li data-start=\"2738\" data-end=\"2784\"><strong data-start=\"2740\" data-end=\"2758\">Kommunikation:<\/strong> 2,4 GHz Bluetooth\u00ae Mesh<\/li>\n<li data-start=\"2785\" data-end=\"2860\"><strong data-start=\"2787\" data-end=\"2805\">Funkreichweite:<\/strong> Ungef\u00e4hr 10 Meter im Innenbereich (erweitert mit Plejd Mesh-Technologie)<\/li>\n<li data-start=\"2861\" data-end=\"2907\"><strong data-start=\"2863\" data-end=\"2877\">Montage:<\/strong> In die Decke eingelassen (\u00d8 83 mm Loch)<\/li>\n<li data-start=\"2908\" data-end=\"2947\"><strong data-start=\"2910\" data-end=\"2939\">Mindesteinbautiefe:<\/strong> 40 mm<\/li>\n<li data-start=\"2948\" data-end=\"3006\"><strong data-start=\"2950\" data-end=\"2963\">Material:<\/strong> Aluminium pulverbeschichtet, wei\u00df (RAL 9003)<\/li>\n<li data-start=\"3007\" data-end=\"3062\"><strong data-start=\"3009\" data-end=\"3028\">Kompatibilit\u00e4t:<\/strong> Apple HomeKit, Google Assistant<\/li>\n<\/ul>\n<p data-start=\"3064\" data-end=\"3213\">Plejd DWN-02 ist die perfekte L\u00f6sung f\u00fcr intelligente und stilvolle Beleuchtung, bei der Funktion, Design und Technologie zusammenwirken, um eine optimale Lichtumgebung zu schaffen.<\/p>","protected":false},"excerpt":{"rendered":"<p>Plejd DWN-02 ist ein intelligentes Downlight mit abstimmbarem Wei\u00df und integrierter Dimmerfunktion \u2013 kein externer Dimmer erforderlich.<\/p>\n<p>Die Steuerung erfolgt \u00fcber die Plejd-App, einen Druckknopf oder andere Plejd-Ger\u00e4te.<\/p>\n<p>Einstellbare Farbtemperatur von 2200 K\u20134000 K und Unterst\u00fctzung von Dim bis Warm.<\/p>\n<p>Schutzart IP44, geeignet sowohl f\u00fcr den Innenbereich als auch f\u00fcr gesch\u00fctzte Au\u00dfenbereiche.<\/p>","protected":false},"featured_media":148001,"template":"","meta":{"_acf_changed":false},"product_brand":[],"product_cat":[4664],"product_tag":[4670],"class_list":{"0":"post-148002","1":"product","2":"type-product","3":"status-publish","4":"has-post-thumbnail","6":"product_cat-plejd-belysning","7":"product_tag-plejd","8":"product_shipping_class-postnord-varubrev","9":"pa_brands-plejd","10":"tm-has-options","12":"first","13":"instock","14":"sale","15":"taxable","16":"shipping-taxable","17":"purchasable","18":"product-type-simple"},"acf":[],"_links":{"self":[{"href":"https:\/\/secureus.se\/de\/wp-json\/wp\/v2\/product\/148002","targetHints":{"allow":["GET"]}}],"collection":[{"href":"https:\/\/secureus.se\/de\/wp-json\/wp\/v2\/product"}],"about":[{"href":"https:\/\/secureus.se\/de\/wp-json\/wp\/v2\/types\/product"}],"wp:featuredmedia":[{"embeddable":true,"href":"https:\/\/secureus.se\/de\/wp-json\/wp\/v2\/media\/148001"}],"wp:attachment":[{"href":"https:\/\/secureus.se\/de\/wp-json\/wp\/v2\/media?parent=148002"}],"wp:term":[{"taxonomy":"product_brand","embeddable":true,"href":"https:\/\/secureus.se\/de\/wp-json\/wp\/v2\/product_brand?post=148002"},{"taxonomy":"product_cat","embeddable":true,"href":"https:\/\/secureus.se\/de\/wp-json\/wp\/v2\/product_cat?post=148002"},{"taxonomy":"product_tag","embeddable":true,"href":"https:\/\/secureus.se\/de\/wp-json\/wp\/v2\/product_tag?post=148002"}],"curies":[{"name":"wp","href":"https:\/\/api.w.org\/{rel}","templated":true}]}}