{"id":148004,"date":"2025-02-25T12:22:22","date_gmt":"2025-02-25T11:22:22","guid":{"rendered":"https:\/\/secureus.se\/?post_type=product&#038;p=148004"},"modified":"2026-04-23T10:18:58","modified_gmt":"2026-04-23T08:18:58","slug":"plejd-belysning-downlight-tilt-vit","status":"publish","type":"product","link":"https:\/\/secureus.se\/de\/plejd-belysning-downlight-tilt-vit\/","title":{"rendered":"Plejd Beleuchtung Downlight Tilt wei\u00df"},"content":{"rendered":"<h1>Plejd DWN-01 \u2013 Smart Downlight Tilt mit einstellbarem Lichtwinkel und drahtloser Steuerung<\/h1>\n<p data-start=\"519\" data-end=\"919\">Plejd DWN-01 ist ein stilvolles und flexibles Downlight, das eine intelligente Lichtsteuerung f\u00fcr private und gewerbliche Umgebungen bietet.<\/p>\n<p data-start=\"519\" data-end=\"919\">Dank der integrierten Dimmerfunktion ist kein externer Dimmer erforderlich, was die Installation vereinfacht und eine direkte Steuerung des Lichts erm\u00f6glicht.<\/p>\n<p data-start=\"519\" data-end=\"919\">Die Steuerung erfolgt \u00fcber die Plejd-App, Taster oder andere Plejd-Ger\u00e4te, sodass die Beleuchtung je nach Bedarf angepasst werden kann.<\/p>\n<p data-start=\"921\" data-end=\"1182\">Die neigbare Lichtquelle l\u00e4sst sich um bis zu 22\u00b0 neigen, wodurch das Licht gezielt ausgerichtet und ein dynamischerer Lichteffekt erzeugt werden kann.<\/p>\n<p data-start=\"921\" data-end=\"1182\">Perfekt zum Hervorheben von Details, zum Erzeugen von Punktbeleuchtung oder zum Erzielen einer gleichm\u00e4\u00dfigen Lichtverteilung, je nach den Anforderungen der Installation.<\/p>\n<p data-start=\"1184\" data-end=\"1539\">Mit der Tunable-White-Technologie l\u00e4sst sich die Farbtemperatur zwischen 2200 K und 4000 K einstellen, sodass Sie die Beleuchtung v\u00f6llig frei von einem warmen und gem\u00fctlichen Schein bis hin zu einem eher funktionalen wei\u00dfen Licht anpassen k\u00f6nnen.<\/p>\n<p data-start=\"1184\" data-end=\"1539\">Die Dim to Warm Funktion sorgt f\u00fcr ein nat\u00fcrliches Lichterlebnis beim Dimmen durch automatische Anpassung der Farbtemperatur an unterschiedliche Helligkeitsstufen.<\/p>\n<p data-start=\"1541\" data-end=\"1790\">DWN-01 verf\u00fcgt \u00fcber einen Abstrahlwinkel von 40\u00b0, der f\u00fcr eine symmetrische und angenehme Lichtverteilung sorgt.<\/p>\n<p data-start=\"1541\" data-end=\"1790\">Durch den hohen Farbwiedergabeindex (CRI 90) wird ein nat\u00fcrliches und angenehmes Lichterlebnis gew\u00e4hrleistet, was es ideal f\u00fcr Wohnungen, B\u00fcros und Gesch\u00e4fte macht.<\/p>\n<p data-start=\"1792\" data-end=\"2090\">Dank Bluetooth\u00ae Mesh-Technologie k\u00f6nnen mehrere Downlights drahtlos gruppiert und gemeinsam \u00fcber das Plejd-System gesteuert werden.<\/p>\n<p data-start=\"1792\" data-end=\"2090\">Das Produkt verf\u00fcgt au\u00dferdem \u00fcber integrierte Zeitfunktionen wie Astro- und Wochenuhren, sodass sich Beleuchtungspl\u00e4ne je nach Tageszeit und Lichtverh\u00e4ltnissen problemlos automatisieren lassen.<\/p>\n<p data-start=\"2092\" data-end=\"2386\">Die Installation ist dank der geringen Einbautiefe von nur 40 mm einfach, sodass das Downlight auch in R\u00e4umen mit begrenzter Tiefe montiert werden kann.<\/p>\n<p data-start=\"2092\" data-end=\"2386\">Es verf\u00fcgt \u00fcber die Schutzart IP44, ist also gegen Feuchtigkeit gesch\u00fctzt und f\u00fcr den Einsatz in Badezimmern und zur Montage an Dachrinnen im Au\u00dfenbereich geeignet.<\/p>\n<p data-start=\"2388\" data-end=\"2544\">Plejd DWN-01 ist eine energieeffiziente und nachhaltige L\u00f6sung mit einer Lebensdauer von bis zu 60.000 Stunden, die einen langfristigen und stabilen Betrieb gew\u00e4hrleistet.<\/p>\n<h3 data-start=\"2546\" data-end=\"2581\"><strong data-start=\"2550\" data-end=\"2579\">Technische Spezifikationen:<\/strong><\/h3>\n<ul data-start=\"2582\" data-end=\"3390\">\n<li data-start=\"2582\" data-end=\"2618\"><strong data-start=\"2584\" data-end=\"2598\">Lichtquelle:<\/strong> LED (nicht austauschbar)<\/li>\n<li data-start=\"2619\" data-end=\"2644\"><strong data-start=\"2621\" data-end=\"2635\">Lichtstrom:<\/strong> 515 Lumen<\/li>\n<li data-start=\"2645\" data-end=\"2695\"><strong data-start=\"2647\" data-end=\"2666\">Farbtemperatur:<\/strong> 2200\u20134000 K (abstimmbares Wei\u00df)<\/li>\n<li data-start=\"2696\" data-end=\"2729\"><strong data-start=\"2698\" data-end=\"2717\">Dimmbereich:<\/strong> 0,1\u2013100 %<\/li>\n<li data-start=\"2730\" data-end=\"2753\"><strong data-start=\"2732\" data-end=\"2747\">Neigbarkeit:<\/strong> 22\u00b0<\/li>\n<li data-start=\"2754\" data-end=\"2783\"><strong data-start=\"2756\" data-end=\"2777\">Spreizwinkel:<\/strong> 40\u00b0<\/li>\n<li data-start=\"2784\" data-end=\"2817\"><strong data-start=\"2786\" data-end=\"2812\">Farbwiedergabe (CRI):<\/strong> 90<\/li>\n<li data-start=\"2818\" data-end=\"2870\"><strong data-start=\"2820\" data-end=\"2834\">Leben:<\/strong> 60.000 Stunden (L70\/B50 bei 25\u00b0C)<\/li>\n<li data-start=\"2871\" data-end=\"2890\"><strong data-start=\"2873\" data-end=\"2884\">Wirkung:<\/strong> 8W<\/li>\n<li data-start=\"2891\" data-end=\"2926\"><strong data-start=\"2893\" data-end=\"2922\">Energieeffizienzklasse:<\/strong> F<\/li>\n<li data-start=\"2927\" data-end=\"2956\"><strong data-start=\"2929\" data-end=\"2945\">Schutzklasse:<\/strong> Klasse II<\/li>\n<li data-start=\"2957\" data-end=\"3005\"><strong data-start=\"2959\" data-end=\"2972\">IP-Klasse:<\/strong> IP44 (Leuchte), IP20 (Treiber)<\/li>\n<li data-start=\"3006\" data-end=\"3038\"><strong data-start=\"3008\" data-end=\"3024\">Netzspannung:<\/strong> 230V \/ 50Hz<\/li>\n<li data-start=\"3039\" data-end=\"3065\"><strong data-start=\"3041\" data-end=\"3058\">Leistungsfaktor:<\/strong> 0,84<\/li>\n<li data-start=\"3066\" data-end=\"3112\"><strong data-start=\"3068\" data-end=\"3086\">Kommunikation:<\/strong> 2,4 GHz Bluetooth\u00ae Mesh<\/li>\n<li data-start=\"3113\" data-end=\"3188\"><strong data-start=\"3115\" data-end=\"3133\">Funkreichweite:<\/strong> Ungef\u00e4hr 10 Meter im Innenbereich (erweitert mit Plejd Mesh-Technologie)<\/li>\n<li data-start=\"3189\" data-end=\"3235\"><strong data-start=\"3191\" data-end=\"3205\">Montage:<\/strong> In die Decke eingelassen (\u00d8 83 mm Loch)<\/li>\n<li data-start=\"3236\" data-end=\"3275\"><strong data-start=\"3238\" data-end=\"3267\">Mindesteinbautiefe:<\/strong> 40 mm<\/li>\n<li data-start=\"3276\" data-end=\"3334\"><strong data-start=\"3278\" data-end=\"3291\">Material:<\/strong> Aluminium pulverbeschichtet, wei\u00df (RAL 9003)<\/li>\n<li data-start=\"3335\" data-end=\"3390\"><strong data-start=\"3337\" data-end=\"3356\">Kompatibilit\u00e4t:<\/strong> Apple HomeKit, Google Assistant<\/li>\n<\/ul>\n<p data-start=\"3392\" data-end=\"3557\">Plejd DWN-01 ist die perfekte Beleuchtungsl\u00f6sung f\u00fcr intelligente Installationen, bei denen Funktion, Design und Technologie zusammenwirken, um eine moderne und effiziente Beleuchtungsumgebung zu schaffen.<\/p>","protected":false},"excerpt":{"rendered":"<p>Plejd DWN-01 ist ein intelligentes Downlight mit abstimmbarem Wei\u00df und integrierter Dimmerfunktion \u2013 kein externer Dimmer erforderlich.<\/p>\n<p>F\u00fcr eine flexible Beleuchtung l\u00e4sst sich die Lichtquelle ausrichten und \u00fcber die Plejd-App, einen Druckknopf oder andere Plejd-Ger\u00e4te steuern. Einstellbare Farbtemperatur von 2200 K\u20134000 K und Unterst\u00fctzung von Dim bis Warm.<\/p>\n<p>IP44-zertifiziert, perfekt f\u00fcr die Deckenmontage.<\/p>","protected":false},"featured_media":148003,"template":"","meta":{"_acf_changed":false},"product_brand":[],"product_cat":[4664],"product_tag":[4670],"class_list":{"0":"post-148004","1":"product","2":"type-product","3":"status-publish","4":"has-post-thumbnail","6":"product_cat-plejd-belysning","7":"product_tag-plejd","8":"product_shipping_class-postnord-varubrev","9":"pa_brands-plejd","10":"tm-has-options","12":"first","13":"outofstock","14":"sale","15":"taxable","16":"shipping-taxable","17":"purchasable","18":"product-type-simple"},"acf":[],"_links":{"self":[{"href":"https:\/\/secureus.se\/de\/wp-json\/wp\/v2\/product\/148004","targetHints":{"allow":["GET"]}}],"collection":[{"href":"https:\/\/secureus.se\/de\/wp-json\/wp\/v2\/product"}],"about":[{"href":"https:\/\/secureus.se\/de\/wp-json\/wp\/v2\/types\/product"}],"wp:featuredmedia":[{"embeddable":true,"href":"https:\/\/secureus.se\/de\/wp-json\/wp\/v2\/media\/148003"}],"wp:attachment":[{"href":"https:\/\/secureus.se\/de\/wp-json\/wp\/v2\/media?parent=148004"}],"wp:term":[{"taxonomy":"product_brand","embeddable":true,"href":"https:\/\/secureus.se\/de\/wp-json\/wp\/v2\/product_brand?post=148004"},{"taxonomy":"product_cat","embeddable":true,"href":"https:\/\/secureus.se\/de\/wp-json\/wp\/v2\/product_cat?post=148004"},{"taxonomy":"product_tag","embeddable":true,"href":"https:\/\/secureus.se\/de\/wp-json\/wp\/v2\/product_tag?post=148004"}],"curies":[{"name":"wp","href":"https:\/\/api.w.org\/{rel}","templated":true}]}}