{"id":148006,"date":"2025-02-25T12:22:21","date_gmt":"2025-02-25T11:22:21","guid":{"rendered":"https:\/\/secureus.se\/?post_type=product&#038;p=148006"},"modified":"2026-04-08T16:38:19","modified_gmt":"2026-04-08T14:38:19","slug":"plejd-belysning-plafond-vit","status":"publish","type":"product","link":"https:\/\/secureus.se\/de\/plejd-belysning-plafond-vit\/","title":{"rendered":"Plejd Beleuchtung Plafond wei\u00df"},"content":{"rendered":"<h1>Plejd CCL-01 \u2013 Intelligente LED-Deckenleuchte mit einstellbarem Wei\u00df und drahtloser Steuerung<\/h1>\n<p data-start=\"484\" data-end=\"762\">Plejd CCL-01 ist eine moderne und stilvolle LED-Deckenleuchte, die intelligente Lichtsteuerung mit hoher Lichtqualit\u00e4t kombiniert.<\/p>\n<p data-start=\"484\" data-end=\"762\">Dank der integrierten Dimmerfunktion ist kein externer Dimmer erforderlich. Dies vereinfacht die Installation und gibt dem Benutzer die volle Kontrolle \u00fcber die Beleuchtung.<\/p>\n<p data-start=\"764\" data-end=\"1101\">Die Deckenleuchte l\u00e4sst sich \u00fcber die Plejd-App, einen kabelgebundenen Taster oder andere Plejd-Ger\u00e4te steuern und auch drahtlos gruppieren, wodurch sie sich sowohl f\u00fcr den privaten als auch f\u00fcr den gewerblichen Bereich perfekt eignet.<\/p>\n<p data-start=\"764\" data-end=\"1101\">Dar\u00fcber hinaus verf\u00fcgt sie \u00fcber integrierte Zeitfunktionen wie Astro- und Wochenuhr, die eine tageszeitabh\u00e4ngige Automatisierung der Beleuchtungsabl\u00e4ufe erm\u00f6glichen.<\/p>\n<p data-start=\"1103\" data-end=\"1447\">Mithilfe der Tunable-White-Technologie l\u00e4sst sich die Farbtemperatur zwischen 2200 K und 4000 K einstellen. Dies bietet die Flexibilit\u00e4t, die Beleuchtung von einem warmen und gem\u00fctlichen Schein zu einem eher funktionalen wei\u00dfen Licht umzuwandeln.<\/p>\n<p data-start=\"1103\" data-end=\"1447\">Die Dim to Warm-Funktion sorgt f\u00fcr ein nat\u00fcrliches Lichterlebnis durch automatische Anpassung der Farbtemperatur an unterschiedliche Helligkeitsstufen.<\/p>\n<p data-start=\"1449\" data-end=\"1690\">Der CCL-01 verf\u00fcgt \u00fcber einen Abstrahlwinkel von 120\u00b0, der f\u00fcr eine breite und gleichm\u00e4\u00dfige Lichtverteilung sorgt.<\/p>\n<p data-start=\"1449\" data-end=\"1690\">Seine hohe Farbwiedergabe (CRI 93) sorgt f\u00fcr eine nat\u00fcrliche und angenehme Lichtwiedergabe und macht es ideal f\u00fcr Wohnungen, B\u00fcros und Gesch\u00e4fte.<\/p>\n<p data-start=\"1692\" data-end=\"1934\">Es hat die Schutzart IP44 und ist daher bei Deckenmontage f\u00fcr Badezimmer und andere feuchte Umgebungen geeignet.<\/p>\n<p data-start=\"1692\" data-end=\"1934\">F\u00fcr die Wandmontage ist es IP20-zertifiziert. Dar\u00fcber hinaus verf\u00fcgt die Deckenleuchte \u00fcber die Sto\u00dffestigkeitsklasse IK07 und ist somit besonders robust und langlebig.<\/p>\n<p data-start=\"1936\" data-end=\"2128\">Dank der Bluetooth\u00ae Mesh-Technologie k\u00f6nnen mehrere Ger\u00e4te miteinander kommunizieren und die Funkreichweite erweitern, was eine stabile und zuverl\u00e4ssige Steuerung in gr\u00f6\u00dferen Installationen gew\u00e4hrleistet.<\/p>\n<p data-start=\"2130\" data-end=\"2291\">Plejd CCL-01 ist eine energieeffiziente und langlebige L\u00f6sung mit einer Lebensdauer von bis zu 100.000 Stunden, die einen nachhaltigen und zuverl\u00e4ssigen Betrieb gew\u00e4hrleistet.<\/p>\n<h3 data-start=\"2293\" data-end=\"2328\"><strong data-start=\"2297\" data-end=\"2326\">Technische Spezifikationen:<\/strong><\/h3>\n<ul data-start=\"2329\" data-end=\"3155\">\n<li data-start=\"2329\" data-end=\"2365\"><strong data-start=\"2331\" data-end=\"2345\">Lichtquelle:<\/strong> LED (nicht austauschbar)<\/li>\n<li data-start=\"2366\" data-end=\"2392\"><strong data-start=\"2368\" data-end=\"2382\">Lichtstrom:<\/strong> 2000 Lumen<\/li>\n<li data-start=\"2393\" data-end=\"2443\"><strong data-start=\"2395\" data-end=\"2414\">Farbtemperatur:<\/strong> 2200\u20134000 K (abstimmbares Wei\u00df)<\/li>\n<li data-start=\"2444\" data-end=\"2477\"><strong data-start=\"2446\" data-end=\"2465\">Dimmbereich:<\/strong> 0,1\u2013100 %<\/li>\n<li data-start=\"2478\" data-end=\"2508\"><strong data-start=\"2480\" data-end=\"2501\">Spreizwinkel:<\/strong> 120\u00b0<\/li>\n<li data-start=\"2509\" data-end=\"2542\"><strong data-start=\"2511\" data-end=\"2537\">Farbwiedergabe (CRI):<\/strong> 93<\/li>\n<li data-start=\"2543\" data-end=\"2596\"><strong data-start=\"2545\" data-end=\"2559\">Leben:<\/strong> 100.000 Stunden (L70\/B50 bei 25\u00b0C)<\/li>\n<li data-start=\"2597\" data-end=\"2617\"><strong data-start=\"2599\" data-end=\"2610\">Wirkung:<\/strong> 22W<\/li>\n<li data-start=\"2618\" data-end=\"2653\"><strong data-start=\"2620\" data-end=\"2649\">Energieeffizienzklasse:<\/strong> F<\/li>\n<li data-start=\"2654\" data-end=\"2683\"><strong data-start=\"2656\" data-end=\"2672\">Schutzklasse:<\/strong> Klasse II<\/li>\n<li data-start=\"2684\" data-end=\"2752\"><strong data-start=\"2686\" data-end=\"2699\">IP-Klasse:<\/strong>\n<ul data-start=\"2704\" data-end=\"2752\">\n<li data-start=\"2704\" data-end=\"2726\">Deckenmontage: IP44<\/li>\n<li data-start=\"2729\" data-end=\"2752\">Wandmontage: IP20<\/li>\n<\/ul>\n<\/li>\n<li data-start=\"2753\" data-end=\"2779\"><strong data-start=\"2755\" data-end=\"2772\">Schlagfestigkeit:<\/strong> IK07<\/li>\n<li data-start=\"2780\" data-end=\"2812\"><strong data-start=\"2782\" data-end=\"2798\">Netzspannung:<\/strong> 230V \/ 50Hz<\/li>\n<li data-start=\"2813\" data-end=\"2838\"><strong data-start=\"2815\" data-end=\"2832\">Leistungsfaktor:<\/strong> 0,9<\/li>\n<li data-start=\"2839\" data-end=\"2885\"><strong data-start=\"2841\" data-end=\"2859\">Kommunikation:<\/strong> 2,4 GHz Bluetooth\u00ae Mesh<\/li>\n<li data-start=\"2886\" data-end=\"2961\"><strong data-start=\"2888\" data-end=\"2906\">Funkreichweite:<\/strong> Ungef\u00e4hr 10 Meter im Innenbereich (erweitert mit Plejd Mesh-Technologie)<\/li>\n<li data-start=\"2962\" data-end=\"3005\"><strong data-start=\"2964\" data-end=\"2978\">Montage:<\/strong> Decken- oder Wandmontage<\/li>\n<li data-start=\"3006\" data-end=\"3040\"><strong data-start=\"3008\" data-end=\"3017\">Messen:<\/strong> \u00d8 294 mm, H\u00f6he 50 mm<\/li>\n<li data-start=\"3041\" data-end=\"3085\"><strong data-start=\"3043\" data-end=\"3056\">Material:<\/strong> Kunststoff matt, wei\u00df (RAL 9003)<\/li>\n<li data-start=\"3086\" data-end=\"3155\"><strong data-start=\"3088\" data-end=\"3107\">Kompatibilit\u00e4t:<\/strong> Apple HomeKit, Google Assistant, Amazon Alexa<\/li>\n<\/ul>\n<p data-start=\"3157\" data-end=\"3322\">Plejd CCL-01 ist die optimale Beleuchtungsl\u00f6sung f\u00fcr intelligente Installationen, bei denen Stil, Funktionalit\u00e4t und moderne Technologie f\u00fcr eine perfekte Lichtumgebung kombiniert werden.<\/p>","protected":false},"excerpt":{"rendered":"<p>Plejd CCL-01 ist eine intelligente LED-Deckenleuchte mit abstimmbarem Wei\u00df und integrierter Dimmerfunktion \u2013 kein externer Dimmer erforderlich.<\/p>\n<p>Es kann \u00fcber die Plejd-App, einen Druckknopf oder andere Plejd-Ger\u00e4te gesteuert werden und verf\u00fcgt \u00fcber eine einstellbare Farbtemperatur von 2200 K\u20134000 K sowie Unterst\u00fctzung f\u00fcr \u201eDimmen bis Warm\u201c.<\/p>\n<p>IP44-zertifiziert und f\u00fcr die Decken- und Wandmontage geeignet.<\/p>","protected":false},"featured_media":148005,"template":"","meta":{"_acf_changed":false},"product_brand":[],"product_cat":[4664],"product_tag":[4670],"class_list":{"0":"post-148006","1":"product","2":"type-product","3":"status-publish","4":"has-post-thumbnail","6":"product_cat-plejd-belysning","7":"product_tag-plejd","8":"product_shipping_class-postnord-varubrev","9":"pa_brands-plejd","10":"tm-has-options","12":"first","13":"instock","14":"sale","15":"taxable","16":"shipping-taxable","17":"purchasable","18":"product-type-simple"},"acf":[],"_links":{"self":[{"href":"https:\/\/secureus.se\/de\/wp-json\/wp\/v2\/product\/148006","targetHints":{"allow":["GET"]}}],"collection":[{"href":"https:\/\/secureus.se\/de\/wp-json\/wp\/v2\/product"}],"about":[{"href":"https:\/\/secureus.se\/de\/wp-json\/wp\/v2\/types\/product"}],"wp:featuredmedia":[{"embeddable":true,"href":"https:\/\/secureus.se\/de\/wp-json\/wp\/v2\/media\/148005"}],"wp:attachment":[{"href":"https:\/\/secureus.se\/de\/wp-json\/wp\/v2\/media?parent=148006"}],"wp:term":[{"taxonomy":"product_brand","embeddable":true,"href":"https:\/\/secureus.se\/de\/wp-json\/wp\/v2\/product_brand?post=148006"},{"taxonomy":"product_cat","embeddable":true,"href":"https:\/\/secureus.se\/de\/wp-json\/wp\/v2\/product_cat?post=148006"},{"taxonomy":"product_tag","embeddable":true,"href":"https:\/\/secureus.se\/de\/wp-json\/wp\/v2\/product_tag?post=148006"}],"curies":[{"name":"wp","href":"https:\/\/api.w.org\/{rel}","templated":true}]}}