{"id":148008,"date":"2025-02-25T12:22:22","date_gmt":"2025-02-25T11:22:22","guid":{"rendered":"https:\/\/secureus.se\/?post_type=product&#038;p=148008"},"modified":"2026-04-08T16:38:13","modified_gmt":"2026-04-08T14:38:13","slug":"plejd-belysning-downlight-deep-vit-6-pack","status":"publish","type":"product","link":"https:\/\/secureus.se\/de\/plejd-belysning-downlight-deep-vit-6-pack\/","title":{"rendered":"Plejd Lighting Downlight Tiefwei\u00df 6er-Pack"},"content":{"rendered":"<h1>Plejd DWN-02 \u2013 Smart Downlight Deep 6er-Pack mit Tunable White und kabelloser Steuerung<\/h1>\n<p data-start=\"505\" data-end=\"918\">Plejd DWN-02 ist ein modernes und stilvolles Downlight, das intelligente Lichttechnik mit hoher Lichtqualit\u00e4t kombiniert.<\/p>\n<p data-start=\"505\" data-end=\"918\">Dank der integrierten Dimmerfunktion ist kein externer Dimmer erforderlich. Dies vereinfacht die Installation und erm\u00f6glicht eine direkte Steuerung der Beleuchtung.<\/p>\n<p data-start=\"505\" data-end=\"918\">Die Steuerung erfolgt \u00fcber die Plejd-App, kabelgebundene Taster oder andere Plejd-Ger\u00e4te, zudem ist eine automatische Steuerung des Lichts mit Astro- und Wochenuhren m\u00f6glich.<\/p>\n<p data-start=\"920\" data-end=\"1296\">Die fortschrittliche Tunable-White-Technologie erm\u00f6glicht die Einstellung der Farbtemperatur zwischen 2200 K und 4000 K, sodass das Licht von warmem und stimmungsvollem zu einem eher funktionalen und neutralen Wei\u00dflicht angepasst werden kann.<\/p>\n<p data-start=\"920\" data-end=\"1296\">Die Dim to Warm-Funktion erzeugt beim Dimmen einen nat\u00fcrlichen Farbtemperaturwechsel, der das Licht bei niedrigeren Helligkeitsstufen weicher wirken l\u00e4sst.<\/p>\n<p data-start=\"1298\" data-end=\"1558\">DWN-02 verf\u00fcgt \u00fcber einen Abstrahlwinkel von 40\u00b0, der f\u00fcr eine symmetrische Lichtverteilung und gleichm\u00e4\u00dfige Ausleuchtung der Fl\u00e4che sorgt.<\/p>\n<p data-start=\"1298\" data-end=\"1558\">Dank der hohen Farbwiedergabe (CRI 90) wirken Farben nat\u00fcrlich, sodass sich das Downlight ideal f\u00fcr Wohnungen, B\u00fcros und gewerbliche R\u00e4ume eignet.<\/p>\n<p data-start=\"1560\" data-end=\"1834\">Die Installation ist dank der geringen Einbautiefe von nur 40 mm einfach, sodass der DWN-02 auch in R\u00e4umen mit begrenzter Tiefe montiert werden kann.<\/p>\n<p data-start=\"1560\" data-end=\"1834\">Es verf\u00fcgt \u00fcber die Schutzart IP44 und ist daher f\u00fcr Badezimmer und gesch\u00fctzte Au\u00dfenbereiche wie Dachvorspr\u00fcnge geeignet.<\/p>\n<p data-start=\"1836\" data-end=\"2107\">Dank Bluetooth\u00ae Mesh-Technologie k\u00f6nnen mehrere Downlights drahtlos gruppiert und gemeinsam \u00fcber das Plejd-System gesteuert werden.<\/p>\n<p data-start=\"1836\" data-end=\"2107\">Durch die Mesh-Technologie von Plejd k\u00f6nnen die Ger\u00e4te untereinander kommunizieren und die Funkreichweite erweitern, um eine stabile und zuverl\u00e4ssige Steuerung zu erm\u00f6glichen.<\/p>\n<p data-start=\"2109\" data-end=\"2346\">Plejd DWN-02 wird im 6er-Pack geliefert und ist somit eine ausgezeichnete Wahl f\u00fcr gr\u00f6\u00dfere Installationen, bei denen mehrere Lichtpunkte ben\u00f6tigt werden.<\/p>\n<p data-start=\"2109\" data-end=\"2346\">Mit einer Lebensdauer von bis zu 60.000 Stunden gew\u00e4hrleistet es einen energieeffizienten und nachhaltigen Betrieb.<\/p>\n<h3 data-start=\"2348\" data-end=\"2383\"><strong data-start=\"2352\" data-end=\"2381\">Technische Spezifikationen:<\/strong><\/h3>\n<ul data-start=\"2384\" data-end=\"3241\">\n<li data-start=\"2384\" data-end=\"2420\"><strong data-start=\"2386\" data-end=\"2400\">Lichtquelle:<\/strong> LED (nicht austauschbar)<\/li>\n<li data-start=\"2421\" data-end=\"2460\"><strong data-start=\"2423\" data-end=\"2437\">Lichtstrom:<\/strong> 515 lm pro Downlight<\/li>\n<li data-start=\"2461\" data-end=\"2511\"><strong data-start=\"2463\" data-end=\"2482\">Farbtemperatur:<\/strong> 2200\u20134000 K (abstimmbares Wei\u00df)<\/li>\n<li data-start=\"2512\" data-end=\"2545\"><strong data-start=\"2514\" data-end=\"2533\">Dimmbereich:<\/strong> 0,1\u2013100 %<\/li>\n<li data-start=\"2546\" data-end=\"2575\"><strong data-start=\"2548\" data-end=\"2569\">Spreizwinkel:<\/strong> 40\u00b0<\/li>\n<li data-start=\"2576\" data-end=\"2609\"><strong data-start=\"2578\" data-end=\"2604\">Farbwiedergabe (CRI):<\/strong> 90<\/li>\n<li data-start=\"2610\" data-end=\"2662\"><strong data-start=\"2612\" data-end=\"2626\">Leben:<\/strong> 60.000 Stunden (L70\/B50 bei 25\u00b0C)<\/li>\n<li data-start=\"2663\" data-end=\"2692\"><strong data-start=\"2665\" data-end=\"2676\">Wirkung:<\/strong> 8 W pro Einheit<\/li>\n<li data-start=\"2693\" data-end=\"2728\"><strong data-start=\"2695\" data-end=\"2724\">Energieeffizienzklasse:<\/strong> F<\/li>\n<li data-start=\"2729\" data-end=\"2758\"><strong data-start=\"2731\" data-end=\"2747\">Schutzklasse:<\/strong> Klasse II<\/li>\n<li data-start=\"2759\" data-end=\"2829\"><strong data-start=\"2761\" data-end=\"2774\">IP-Klasse:<\/strong>\n<ul data-start=\"2779\" data-end=\"2829\">\n<li data-start=\"2779\" data-end=\"2805\"><strong data-start=\"2781\" data-end=\"2798\">Deckenmontage:<\/strong> IP44<\/li>\n<li data-start=\"2808\" data-end=\"2829\"><strong data-start=\"2810\" data-end=\"2822\">Treiber:<\/strong> IP20<\/li>\n<\/ul>\n<\/li>\n<li data-start=\"2830\" data-end=\"2856\"><strong data-start=\"2832\" data-end=\"2849\">Schlagfestigkeit:<\/strong> IK07<\/li>\n<li data-start=\"2857\" data-end=\"2889\"><strong data-start=\"2859\" data-end=\"2875\">Netzspannung:<\/strong> 230V \/ 50Hz<\/li>\n<li data-start=\"2890\" data-end=\"2916\"><strong data-start=\"2892\" data-end=\"2909\">Leistungsfaktor:<\/strong> 0,84<\/li>\n<li data-start=\"2917\" data-end=\"2963\"><strong data-start=\"2919\" data-end=\"2937\">Kommunikation:<\/strong> 2,4 GHz Bluetooth\u00ae Mesh<\/li>\n<li data-start=\"2964\" data-end=\"3039\"><strong data-start=\"2966\" data-end=\"2984\">Funkreichweite:<\/strong> Ungef\u00e4hr 10 Meter im Innenbereich (erweitert mit Plejd Mesh-Technologie)<\/li>\n<li data-start=\"3040\" data-end=\"3086\"><strong data-start=\"3042\" data-end=\"3056\">Montage:<\/strong> In die Decke eingelassen (\u00d8 83 mm Loch)<\/li>\n<li data-start=\"3087\" data-end=\"3126\"><strong data-start=\"3089\" data-end=\"3118\">Mindesteinbautiefe:<\/strong> 40 mm<\/li>\n<li data-start=\"3127\" data-end=\"3185\"><strong data-start=\"3129\" data-end=\"3142\">Material:<\/strong> Aluminium pulverbeschichtet, wei\u00df (RAL 9003)<\/li>\n<li data-start=\"3186\" data-end=\"3241\"><strong data-start=\"3188\" data-end=\"3207\">Kompatibilit\u00e4t:<\/strong> Apple HomeKit, Google Assistant<\/li>\n<\/ul>\n<p data-start=\"3243\" data-end=\"3424\">Plejd DWN-02 im 6er-Pack ist die optimale Lichtl\u00f6sung f\u00fcr moderne Installationen, bei denen Design, Technologie und Funktionalit\u00e4t zusammenkommen, um eine effiziente und stilvolle Lichtumgebung zu schaffen.<\/p>\n<p>&nbsp;<\/p>","protected":false},"excerpt":{"rendered":"<p>Plejd DWN-02 ist ein intelligentes Downlight mit abstimmbarem Wei\u00df und integrierter Dimmerfunktion \u2013 kein externer Dimmer erforderlich.<\/p>\n<p>Die Steuerung der Lichtquelle erfolgt \u00fcber die Plejd-App, einen Taster oder andere Plejd-Ger\u00e4te.<\/p>\n<p>Einstellbare Farbtemperatur von 2200 K\u20134000 K und Unterst\u00fctzung von Dim bis Warm.<\/p>\n<p>Wird im 6er-Pack geliefert, perfekt f\u00fcr gr\u00f6\u00dfere Installationen.<\/p>","protected":false},"featured_media":148007,"template":"","meta":{"_acf_changed":false},"product_brand":[],"product_cat":[4664],"product_tag":[4670],"class_list":{"0":"post-148008","1":"product","2":"type-product","3":"status-publish","4":"has-post-thumbnail","6":"product_cat-plejd-belysning","7":"product_tag-plejd","8":"product_shipping_class-postnord-varubrev","9":"pa_brands-plejd","10":"tm-has-options","12":"first","13":"instock","14":"sale","15":"taxable","16":"shipping-taxable","17":"purchasable","18":"product-type-simple"},"acf":[],"_links":{"self":[{"href":"https:\/\/secureus.se\/de\/wp-json\/wp\/v2\/product\/148008","targetHints":{"allow":["GET"]}}],"collection":[{"href":"https:\/\/secureus.se\/de\/wp-json\/wp\/v2\/product"}],"about":[{"href":"https:\/\/secureus.se\/de\/wp-json\/wp\/v2\/types\/product"}],"wp:featuredmedia":[{"embeddable":true,"href":"https:\/\/secureus.se\/de\/wp-json\/wp\/v2\/media\/148007"}],"wp:attachment":[{"href":"https:\/\/secureus.se\/de\/wp-json\/wp\/v2\/media?parent=148008"}],"wp:term":[{"taxonomy":"product_brand","embeddable":true,"href":"https:\/\/secureus.se\/de\/wp-json\/wp\/v2\/product_brand?post=148008"},{"taxonomy":"product_cat","embeddable":true,"href":"https:\/\/secureus.se\/de\/wp-json\/wp\/v2\/product_cat?post=148008"},{"taxonomy":"product_tag","embeddable":true,"href":"https:\/\/secureus.se\/de\/wp-json\/wp\/v2\/product_tag?post=148008"}],"curies":[{"name":"wp","href":"https:\/\/api.w.org\/{rel}","templated":true}]}}