{"id":148010,"date":"2025-02-25T12:22:22","date_gmt":"2025-02-25T11:22:22","guid":{"rendered":"https:\/\/secureus.se\/?post_type=product&#038;p=148010"},"modified":"2026-04-08T16:38:07","modified_gmt":"2026-04-08T14:38:07","slug":"plejd-belysning-plafond-sensor-vit","status":"publish","type":"product","link":"https:\/\/secureus.se\/de\/plejd-belysning-plafond-sensor-vit\/","title":{"rendered":"Plejd Beleuchtung Plafond Sensor wei\u00df"},"content":{"rendered":"<h1>Plejd CCL-01-S \u2013 Smarte LED-Deckenleuchte mit Bewegungssensor und Tunable White<\/h1>\n<p data-start=\"508\" data-end=\"757\">Plejd CCL-01-S ist eine intelligente LED-Deckenleuchte mit integriertem Bewegungssensor und Lichtsteuerung, perfekt f\u00fcr Privathaushalte und \u00f6ffentliche Umgebungen.<\/p>\n<p data-start=\"508\" data-end=\"757\">Dank der integrierten Dimmerfunktion ist kein externer Dimmer erforderlich, was die Installation einfacher und flexibler macht.<\/p>\n<p data-start=\"759\" data-end=\"1078\">Die Steuerung erfolgt \u00fcber die Plejd-App, einen Druckknopf oder andere Plejd-Ger\u00e4te. Zudem ist eine drahtlos-Gruppierung m\u00f6glich, wodurch die problemlose Steuerung mehrerer Leuchten gleichzeitig erm\u00f6glicht wird.<\/p>\n<p data-start=\"759\" data-end=\"1078\">Dar\u00fcber hinaus verf\u00fcgt sie \u00fcber integrierte Zeitfunktionen wie Astro- und Wochenuhr, wodurch die Beleuchtung je nach Tageszeit automatisch angepasst werden kann.<\/p>\n<p data-start=\"1080\" data-end=\"1483\">Der integrierte Bewegungssensor kombiniert PIR- und HF-Technologie f\u00fcr eine optimale Bewegungserkennung.<\/p>\n<p data-start=\"1080\" data-end=\"1483\">Der PIR-Sensor hat eine Reichweite von bis zu 11 Metern, w\u00e4hrend der HF-Sensor bis zu 10 Meter einstellbar ist und selbst kleine Bewegungen erfassen kann.<\/p>\n<p data-start=\"1080\" data-end=\"1483\">Zudem ist er mit einem Tageslichtsensor ausgestattet, der daf\u00fcr sorgt, dass die Beleuchtung nur bei geringer Umgebungshelligkeit aktiviert wird, was zur Energieeinsparung beitr\u00e4gt.<\/p>\n<p data-start=\"1485\" data-end=\"1830\">Mithilfe der Tunable-White-Technologie l\u00e4sst sich die Farbtemperatur zwischen 2200 K und 4000 K einstellen, sodass Sie die Beleuchtung ganz einfach an Ihre Bed\u00fcrfnisse anpassen k\u00f6nnen \u2013 von einem warmen und gem\u00fctlichen Schein bis hin zu einem neutraleren Arbeitslicht.<\/p>\n<p data-start=\"1485\" data-end=\"1830\">Die Dim-to-Warm-Funktion sorgt f\u00fcr eine nat\u00fcrliche Anpassung der Farbtemperatur beim Dimmen und damit f\u00fcr ein sanftes und angenehmes Lichterlebnis.<\/p>\n<p data-start=\"1832\" data-end=\"2072\">Die Deckenleuchte verf\u00fcgt \u00fcber einen Abstrahlwinkel von 120\u00b0, welcher f\u00fcr eine breite und gleichm\u00e4\u00dfige Lichtverteilung sorgt.<\/p>\n<p data-start=\"1832\" data-end=\"2072\">Dank des hohen Farbwiedergabeindex (CRI 93) werden Farben nat\u00fcrlich und angenehm wiedergegeben, sodass sich die Leuchte ideal f\u00fcr Wohnungen, B\u00fcros und Gesch\u00e4fte eignet.<\/p>\n<p data-start=\"2074\" data-end=\"2253\">Dank der Bluetooth\u00ae Mesh-Technologie k\u00f6nnen mehrere Ger\u00e4te miteinander kommunizieren und die Funkreichweite erweitern, wodurch eine stabile und zuverl\u00e4ssige Steuerung in gr\u00f6\u00dferen Installationen gew\u00e4hrleistet wird.<\/p>\n<p data-start=\"2255\" data-end=\"2478\">Bei Deckenmontage erf\u00fcllt es die Schutzart IP44 und ist daher f\u00fcr Badezimmer und feuchte Umgebungen geeignet.<\/p>\n<p data-start=\"2255\" data-end=\"2478\">Bei Wandmontage entspricht es der Schutzart IP20. Dar\u00fcber hinaus verf\u00fcgt die Deckenleuchte \u00fcber eine Sto\u00dffestigkeit nach IK07, was sie besonders langlebig macht.<\/p>\n<p data-start=\"2480\" data-end=\"2653\">Plejd CCL-01-S ist eine energieeffiziente und langlebige Beleuchtungsl\u00f6sung mit einer Lebensdauer von bis zu 100.000 Stunden, die einen nachhaltigen und zuverl\u00e4ssigen Betrieb gew\u00e4hrleistet.<\/p>\n<h3 data-start=\"2655\" data-end=\"2690\"><strong data-start=\"2659\" data-end=\"2688\">Technische Spezifikationen:<\/strong><\/h3>\n<ul data-start=\"2691\" data-end=\"3645\">\n<li data-start=\"2691\" data-end=\"2727\"><strong data-start=\"2693\" data-end=\"2707\">Lichtquelle:<\/strong> LED (nicht austauschbar)<\/li>\n<li data-start=\"2728\" data-end=\"2754\"><strong data-start=\"2730\" data-end=\"2744\">Lichtstrom:<\/strong> 2000 Lumen<\/li>\n<li data-start=\"2755\" data-end=\"2805\"><strong data-start=\"2757\" data-end=\"2776\">Farbtemperatur:<\/strong> 2200\u20134000 K (abstimmbares Wei\u00df)<\/li>\n<li data-start=\"2806\" data-end=\"2839\"><strong data-start=\"2808\" data-end=\"2827\">Dimmbereich:<\/strong> 0,1\u2013100 %<\/li>\n<li data-start=\"2840\" data-end=\"2870\"><strong data-start=\"2842\" data-end=\"2863\">Spreizwinkel:<\/strong> 120\u00b0<\/li>\n<li data-start=\"2871\" data-end=\"2904\"><strong data-start=\"2873\" data-end=\"2899\">Farbwiedergabe (CRI):<\/strong> 93<\/li>\n<li data-start=\"2905\" data-end=\"2958\"><strong data-start=\"2907\" data-end=\"2921\">Leben:<\/strong> 100.000 Stunden (L70\/B50 bei 25\u00b0C)<\/li>\n<li data-start=\"2959\" data-end=\"2979\"><strong data-start=\"2961\" data-end=\"2972\">Wirkung:<\/strong> 22W<\/li>\n<li data-start=\"2980\" data-end=\"3015\"><strong data-start=\"2982\" data-end=\"3011\">Energieeffizienzklasse:<\/strong> F<\/li>\n<li data-start=\"3016\" data-end=\"3045\"><strong data-start=\"3018\" data-end=\"3034\">Schutzklasse:<\/strong> Klasse II<\/li>\n<li data-start=\"3046\" data-end=\"3122\"><strong data-start=\"3048\" data-end=\"3061\">IP-Klasse:<\/strong>\n<ul data-start=\"3066\" data-end=\"3122\">\n<li data-start=\"3066\" data-end=\"3092\"><strong data-start=\"3068\" data-end=\"3085\">Deckenmontage:<\/strong> IP44<\/li>\n<li data-start=\"3095\" data-end=\"3122\"><strong data-start=\"3097\" data-end=\"3115\">Wandmontage:<\/strong> IP20<\/li>\n<\/ul>\n<\/li>\n<li data-start=\"3123\" data-end=\"3149\"><strong data-start=\"3125\" data-end=\"3142\">Schlagfestigkeit:<\/strong> IK07<\/li>\n<li data-start=\"3150\" data-end=\"3182\"><strong data-start=\"3152\" data-end=\"3168\">Netzspannung:<\/strong> 230V \/ 50Hz<\/li>\n<li data-start=\"3183\" data-end=\"3208\"><strong data-start=\"3185\" data-end=\"3202\">Leistungsfaktor:<\/strong> 0,9<\/li>\n<li data-start=\"3209\" data-end=\"3255\"><strong data-start=\"3211\" data-end=\"3229\">Kommunikation:<\/strong> 2,4 GHz Bluetooth\u00ae Mesh<\/li>\n<li data-start=\"3256\" data-end=\"3331\"><strong data-start=\"3258\" data-end=\"3276\">Funkreichweite:<\/strong> Ungef\u00e4hr 10 Meter im Innenbereich (erweitert mit Plejd Mesh-Technologie)<\/li>\n<li data-start=\"3332\" data-end=\"3375\"><strong data-start=\"3334\" data-end=\"3348\">Montage:<\/strong> Decken- oder Wandmontage<\/li>\n<li data-start=\"3376\" data-end=\"3410\"><strong data-start=\"3378\" data-end=\"3387\">Messen:<\/strong> \u00d8 294 mm, H\u00f6he 50 mm<\/li>\n<li data-start=\"3411\" data-end=\"3455\"><strong data-start=\"3413\" data-end=\"3426\">Material:<\/strong> Kunststoff matt, wei\u00df (RAL 9003)<\/li>\n<li data-start=\"3456\" data-end=\"3520\"><strong data-start=\"3458\" data-end=\"3476\">Bewegungssensor:<\/strong> PIR + HF-Sensor (einstellbar bis 10 m)<\/li>\n<li data-start=\"3521\" data-end=\"3575\"><strong data-start=\"3523\" data-end=\"3541\">Tageslichtsensor:<\/strong> Wird nur bei schwachem Licht aktiviert<\/li>\n<li data-start=\"3576\" data-end=\"3645\"><strong data-start=\"3578\" data-end=\"3597\">Kompatibilit\u00e4t:<\/strong> Apple HomeKit, Google Assistant, Amazon Alexa<\/li>\n<\/ul>\n<p data-start=\"3647\" data-end=\"3816\">Plejd CCL-01-S ist die optimale Lichtl\u00f6sung f\u00fcr intelligente Installationen, bei denen Design, Funktionalit\u00e4t und moderne Technologie f\u00fcr eine perfekte Lichtumgebung kombiniert werden.<\/p>\n<p>&nbsp;<\/p>","protected":false},"excerpt":{"rendered":"<p>Plejd CCL-01-S ist eine intelligente LED-Deckenleuchte mit Bewegungssensor und integrierter Dimmfunktion. Es wird kein externer Dimmer ben\u00f6tigt.<\/p>\n<p>Es kann \u00fcber die Plejd-App, einen Druckknopf oder andere Plejd-Ger\u00e4te gesteuert werden und verf\u00fcgt \u00fcber eine einstellbare Farbtemperatur von 2200 K\u20134000 K sowie Unterst\u00fctzung f\u00fcr \u201eDimmen bis Warm\u201c.<\/p>\n<p>Schutzart IP44, perfekt sowohl f\u00fcr den Innenbereich als auch f\u00fcr gesch\u00fctzte Au\u00dfenbereiche.<\/p>","protected":false},"featured_media":148009,"template":"","meta":{"_acf_changed":false},"product_brand":[],"product_cat":[4664],"product_tag":[4670],"class_list":{"0":"post-148010","1":"product","2":"type-product","3":"status-publish","4":"has-post-thumbnail","6":"product_cat-plejd-belysning","7":"product_tag-plejd","8":"product_shipping_class-postnord-varubrev","9":"pa_brands-plejd","10":"pa_farg-vit","11":"tm-has-options","13":"first","14":"instock","15":"sale","16":"taxable","17":"shipping-taxable","18":"purchasable","19":"product-type-simple"},"acf":[],"_links":{"self":[{"href":"https:\/\/secureus.se\/de\/wp-json\/wp\/v2\/product\/148010","targetHints":{"allow":["GET"]}}],"collection":[{"href":"https:\/\/secureus.se\/de\/wp-json\/wp\/v2\/product"}],"about":[{"href":"https:\/\/secureus.se\/de\/wp-json\/wp\/v2\/types\/product"}],"wp:featuredmedia":[{"embeddable":true,"href":"https:\/\/secureus.se\/de\/wp-json\/wp\/v2\/media\/148009"}],"wp:attachment":[{"href":"https:\/\/secureus.se\/de\/wp-json\/wp\/v2\/media?parent=148010"}],"wp:term":[{"taxonomy":"product_brand","embeddable":true,"href":"https:\/\/secureus.se\/de\/wp-json\/wp\/v2\/product_brand?post=148010"},{"taxonomy":"product_cat","embeddable":true,"href":"https:\/\/secureus.se\/de\/wp-json\/wp\/v2\/product_cat?post=148010"},{"taxonomy":"product_tag","embeddable":true,"href":"https:\/\/secureus.se\/de\/wp-json\/wp\/v2\/product_tag?post=148010"}],"curies":[{"name":"wp","href":"https:\/\/api.w.org\/{rel}","templated":true}]}}