{"id":148012,"date":"2025-02-25T12:22:22","date_gmt":"2025-02-25T11:22:22","guid":{"rendered":"https:\/\/secureus.se\/?post_type=product&#038;p=148012"},"modified":"2026-04-07T12:47:08","modified_gmt":"2026-04-07T10:47:08","slug":"plejd-belysning-downlight-tilt-vit-6-pack","status":"publish","type":"product","link":"https:\/\/secureus.se\/de\/plejd-belysning-downlight-tilt-vit-6-pack\/","title":{"rendered":"Plejd Beleuchtung Downlight Tilt wei\u00df 6er-Pack"},"content":{"rendered":"<h1>Plejd DWN-01 \u2013 Smart Downlight Tilt 6er-Pack mit einstellbarem Lichtwinkel und drahtloser Steuerung<\/h1>\n<p data-start=\"554\" data-end=\"875\">Plejd DWN-01 ist ein modernes und elegantes Downlight, das eine intelligente Lichtsteuerung f\u00fcr den privaten und gewerblichen Einsatz bietet.<\/p>\n<p data-start=\"554\" data-end=\"875\">Es verf\u00fcgt \u00fcber eine integrierte Dimmerfunktion, sodass kein externer Dimmer erforderlich ist.<\/p>\n<p data-start=\"554\" data-end=\"875\">Die Steuerung erfolgt reibungslos \u00fcber die Plejd-App, kabelgebundene Taster oder andere Plejd-Ger\u00e4te.<\/p>\n<p data-start=\"877\" data-end=\"1143\">Der gr\u00f6\u00dfte Vorteil des DWN-01 ist seine 22\u00b0-Neigungsfunktion, die es erm\u00f6glicht, das Licht auszurichten und so eine flexiblere Beleuchtung zu schaffen.<\/p>\n<p data-start=\"877\" data-end=\"1143\">Perfekt zum Hervorheben von Details, zum Erzeugen von Punktbeleuchtung oder zum Erzielen einer gleichm\u00e4\u00dfigen Lichtverteilung, je nach den Anforderungen der Installation.<\/p>\n<p data-start=\"1145\" data-end=\"1478\">Mit der Tunable-White-Technologie l\u00e4sst sich die Farbtemperatur zwischen 2200 K und 4000 K einstellen, sodass Sie die Beleuchtung v\u00f6llig frei von einem warmen und gem\u00fctlichen Schein bis hin zu einem eher funktionalen wei\u00dfen Licht anpassen k\u00f6nnen.<\/p>\n<p data-start=\"1145\" data-end=\"1478\">Die Dim to Warm Funktion sorgt f\u00fcr ein nat\u00fcrliches Lichterlebnis beim Dimmen durch automatische Anpassung der Farbtemperatur.<\/p>\n<p data-start=\"1480\" data-end=\"1714\">DWN-01 verf\u00fcgt \u00fcber einen Abstrahlwinkel von 40\u00b0, der f\u00fcr eine symmetrische und angenehme Lichtverteilung sorgt.<\/p>\n<p data-start=\"1480\" data-end=\"1714\">Durch einen hohen Farbwiedergabeindex (CRI 90) wird eine nat\u00fcrliche und angenehme Lichtwiedergabe gew\u00e4hrleistet, perfekt f\u00fcr Wohnungen, B\u00fcros und Gesch\u00e4fte.<\/p>\n<p data-start=\"1716\" data-end=\"2014\">Dank Bluetooth\u00ae Mesh-Technologie k\u00f6nnen mehrere Downlights drahtlos gruppiert und gemeinsam \u00fcber das Plejd-System gesteuert werden.<\/p>\n<p data-start=\"1716\" data-end=\"2014\">Das Produkt verf\u00fcgt au\u00dferdem \u00fcber integrierte Zeitfunktionen wie Astro- und Wochenuhren, sodass sich Beleuchtungspl\u00e4ne je nach Tageszeit und Lichtverh\u00e4ltnissen problemlos automatisieren lassen.<\/p>\n<p data-start=\"2016\" data-end=\"2310\">Die Installation ist dank der geringen Einbautiefe von nur 40 mm einfach, sodass das Downlight auch in R\u00e4umen mit begrenzter Tiefe montiert werden kann.<\/p>\n<p data-start=\"2016\" data-end=\"2310\">Es verf\u00fcgt \u00fcber die Schutzart IP44, ist also gegen Feuchtigkeit gesch\u00fctzt und f\u00fcr den Einsatz in Badezimmern und zur Montage an Dachrinnen im Au\u00dfenbereich geeignet.<\/p>\n<p data-start=\"2312\" data-end=\"2558\">Plejd DWN-01 wird im 6er-Pack geliefert und ist somit eine ideale L\u00f6sung f\u00fcr gr\u00f6\u00dfere Installationen, bei denen mehrere Lichtpunkte ben\u00f6tigt werden.<\/p>\n<p data-start=\"2312\" data-end=\"2558\">Die Lebensdauer betr\u00e4gt bis zu 60.000 Stunden und gew\u00e4hrleistet einen energieeffizienten und nachhaltigen Betrieb.<\/p>\n<h3 data-start=\"2560\" data-end=\"2595\"><strong data-start=\"2564\" data-end=\"2593\">Technische Spezifikationen:<\/strong><\/h3>\n<ul data-start=\"2596\" data-end=\"3428\">\n<li data-start=\"2596\" data-end=\"2632\"><strong data-start=\"2598\" data-end=\"2612\">Lichtquelle:<\/strong> LED (nicht austauschbar)<\/li>\n<li data-start=\"2633\" data-end=\"2672\"><strong data-start=\"2635\" data-end=\"2649\">Lichtstrom:<\/strong> 515 lm pro Downlight<\/li>\n<li data-start=\"2673\" data-end=\"2723\"><strong data-start=\"2675\" data-end=\"2694\">Farbtemperatur:<\/strong> 2200\u20134000 K (abstimmbares Wei\u00df)<\/li>\n<li data-start=\"2724\" data-end=\"2757\"><strong data-start=\"2726\" data-end=\"2745\">Dimmbereich:<\/strong> 0,1\u2013100 %<\/li>\n<li data-start=\"2758\" data-end=\"2781\"><strong data-start=\"2760\" data-end=\"2775\">Neigbarkeit:<\/strong> 22\u00b0<\/li>\n<li data-start=\"2782\" data-end=\"2811\"><strong data-start=\"2784\" data-end=\"2805\">Spreizwinkel:<\/strong> 40\u00b0<\/li>\n<li data-start=\"2812\" data-end=\"2845\"><strong data-start=\"2814\" data-end=\"2840\">Farbwiedergabe (CRI):<\/strong> 90<\/li>\n<li data-start=\"2846\" data-end=\"2898\"><strong data-start=\"2848\" data-end=\"2862\">Leben:<\/strong> 60.000 Stunden (L70\/B50 bei 25\u00b0C)<\/li>\n<li data-start=\"2899\" data-end=\"2928\"><strong data-start=\"2901\" data-end=\"2912\">Wirkung:<\/strong> 8 W pro Einheit<\/li>\n<li data-start=\"2929\" data-end=\"2964\"><strong data-start=\"2931\" data-end=\"2960\">Energieeffizienzklasse:<\/strong> F<\/li>\n<li data-start=\"2965\" data-end=\"2994\"><strong data-start=\"2967\" data-end=\"2983\">Schutzklasse:<\/strong> Klasse II<\/li>\n<li data-start=\"2995\" data-end=\"3043\"><strong data-start=\"2997\" data-end=\"3010\">IP-Klasse:<\/strong> IP44 (Leuchte), IP20 (Treiber)<\/li>\n<li data-start=\"3044\" data-end=\"3076\"><strong data-start=\"3046\" data-end=\"3062\">Netzspannung:<\/strong> 230V \/ 50Hz<\/li>\n<li data-start=\"3077\" data-end=\"3103\"><strong data-start=\"3079\" data-end=\"3096\">Leistungsfaktor:<\/strong> 0,84<\/li>\n<li data-start=\"3104\" data-end=\"3150\"><strong data-start=\"3106\" data-end=\"3124\">Kommunikation:<\/strong> 2,4 GHz Bluetooth\u00ae Mesh<\/li>\n<li data-start=\"3151\" data-end=\"3226\"><strong data-start=\"3153\" data-end=\"3171\">Funkreichweite:<\/strong> Ungef\u00e4hr 10 Meter im Innenbereich (erweitert mit Plejd Mesh-Technologie)<\/li>\n<li data-start=\"3227\" data-end=\"3273\"><strong data-start=\"3229\" data-end=\"3243\">Montage:<\/strong> In die Decke eingelassen (\u00d8 83 mm Loch)<\/li>\n<li data-start=\"3274\" data-end=\"3313\"><strong data-start=\"3276\" data-end=\"3305\">Mindesteinbautiefe:<\/strong> 40 mm<\/li>\n<li data-start=\"3314\" data-end=\"3372\"><strong data-start=\"3316\" data-end=\"3329\">Material:<\/strong> Aluminium pulverbeschichtet, wei\u00df (RAL 9003)<\/li>\n<li data-start=\"3373\" data-end=\"3428\"><strong data-start=\"3375\" data-end=\"3394\">Kompatibilit\u00e4t:<\/strong> Apple HomeKit, Google Assistant<\/li>\n<\/ul>\n<p data-start=\"3430\" data-end=\"3599\">Plejd DWN-01 im 6er-Pack ist die perfekte L\u00f6sung f\u00fcr gro\u00dfe Beleuchtungsprojekte, bei denen Funktion, Design und Technologie zusammenwirken, um eine intelligente und flexible Lichtumgebung zu schaffen.<\/p>","protected":false},"excerpt":{"rendered":"<p>Plejd DWN-01 ist ein intelligentes Downlight mit abstimmbarem Wei\u00df und integrierter Dimmerfunktion \u2013 kein externer Dimmer erforderlich.<\/p>\n<p>F\u00fcr eine flexible Beleuchtung l\u00e4sst sich die Lichtquelle ausrichten und \u00fcber die Plejd-App, einen Druckknopf oder andere Plejd-Ger\u00e4te steuern.<\/p>\n<p>Einstellbare Farbtemperatur von 2200 K\u20134000 K und Unterst\u00fctzung von Dim bis Warm.<\/p>\n<p>Lieferung im 6er-Pack, ideal f\u00fcr gr\u00f6\u00dfere Installationen.<\/p>","protected":false},"featured_media":148011,"template":"","meta":{"_acf_changed":false},"product_brand":[],"product_cat":[4664],"product_tag":[4670],"class_list":{"0":"post-148012","1":"product","2":"type-product","3":"status-publish","4":"has-post-thumbnail","6":"product_cat-plejd-belysning","7":"product_tag-plejd","8":"product_shipping_class-postnord-varubrev","9":"pa_brands-plejd","10":"tm-has-options","12":"first","13":"outofstock","14":"sale","15":"taxable","16":"shipping-taxable","17":"purchasable","18":"product-type-simple"},"acf":[],"_links":{"self":[{"href":"https:\/\/secureus.se\/de\/wp-json\/wp\/v2\/product\/148012","targetHints":{"allow":["GET"]}}],"collection":[{"href":"https:\/\/secureus.se\/de\/wp-json\/wp\/v2\/product"}],"about":[{"href":"https:\/\/secureus.se\/de\/wp-json\/wp\/v2\/types\/product"}],"wp:featuredmedia":[{"embeddable":true,"href":"https:\/\/secureus.se\/de\/wp-json\/wp\/v2\/media\/148011"}],"wp:attachment":[{"href":"https:\/\/secureus.se\/de\/wp-json\/wp\/v2\/media?parent=148012"}],"wp:term":[{"taxonomy":"product_brand","embeddable":true,"href":"https:\/\/secureus.se\/de\/wp-json\/wp\/v2\/product_brand?post=148012"},{"taxonomy":"product_cat","embeddable":true,"href":"https:\/\/secureus.se\/de\/wp-json\/wp\/v2\/product_cat?post=148012"},{"taxonomy":"product_tag","embeddable":true,"href":"https:\/\/secureus.se\/de\/wp-json\/wp\/v2\/product_tag?post=148012"}],"curies":[{"name":"wp","href":"https:\/\/api.w.org\/{rel}","templated":true}]}}