{"id":148014,"date":"2025-02-25T12:22:22","date_gmt":"2025-02-25T11:22:22","guid":{"rendered":"https:\/\/secureus.se\/?post_type=product&#038;p=148014"},"modified":"2026-04-08T16:27:46","modified_gmt":"2026-04-08T14:27:46","slug":"plejd-vridadapter-rtr-01-rb-svart","status":"publish","type":"product","link":"https:\/\/secureus.se\/de\/plejd-vridadapter-rtr-01-rb-svart\/","title":{"rendered":"Plejd Schwenkadapter RTR-01-RB schwarz"},"content":{"rendered":"<h1 data-start=\"513\" data-end=\"564\"><strong data-start=\"517\" data-end=\"562\">Sanfte und kabellose Lichtsteuerung mit Plejd<\/strong><\/h1>\n<p data-start=\"565\" data-end=\"971\">Der Drehadapter RB Black ist eine innovative L\u00f6sung f\u00fcr alle, die die klassische Drehdimmerfunktion mit der neuesten Smart-Technologie kombinieren m\u00f6chten.<\/p>\n<p data-start=\"565\" data-end=\"971\">Durch Zusammenklicken des Schwenkadapters mit einem Plejd-Puck Ihrer Wahl erhalten Sie eine intuitive Lichtsteuerung, die sowohl manuell als auch \u00fcber das drahtlose Mesh-Netzwerk von Plejd funktioniert.<\/p>\n<p data-start=\"565\" data-end=\"971\">Perfekt f\u00fcr alle, die die Beleuchtung in ihrem Smart Home oder am Arbeitsplatz einfach und effektiv steuern m\u00f6chten.<\/p>\n<h3 data-start=\"973\" data-end=\"1010\"><strong data-start=\"977\" data-end=\"1008\">Flexibel und anpassungsf\u00e4hig<\/strong><\/h3>\n<p data-start=\"1011\" data-end=\"1373\">Einer der gr\u00f6\u00dften Vorteile des RB Black Swivel Adapters ist seine kabellose Funktionalit\u00e4t.<\/p>\n<p data-start=\"1011\" data-end=\"1373\">Durch die integrierte Mesh-Technologie von Plejd kann der Adapter mit anderen Produkten im System kommunizieren und ist daher ideal f\u00fcr kleine und gro\u00dfe Beleuchtungsl\u00f6sungen.<\/p>\n<p data-start=\"1011\" data-end=\"1373\">Dar\u00fcber hinaus k\u00f6nnen Sie die Einstellungen ganz einfach \u00fcber die Plejd-App anpassen, um Lichtszenen und zeitgesteuerte Steuerungen zu erstellen.<\/p>\n<h3 data-start=\"1375\" data-end=\"1415\"><strong data-start=\"1379\" data-end=\"1413\">Produktmerkmale und Vorteile<\/strong><\/h3>\n<ul data-start=\"1417\" data-end=\"2141\">\n<li data-start=\"1417\" data-end=\"1514\"><strong data-start=\"1419\" data-end=\"1450\">Klassische Drehdimmerfunktion<\/strong> \u2013 Funktioniert wie ein herk\u00f6mmlicher Dimmer, jedoch mit intelligenter Steuerung.<\/li>\n<li data-start=\"1515\" data-end=\"1608\"><strong data-start=\"1517\" data-end=\"1540\">Drahtlose Integration<\/strong> \u2013 Verbindung \u00fcber das Mesh-Netzwerk des Plejd-Systems f\u00fcr flexible Steuerung.<\/li>\n<li data-start=\"1609\" data-end=\"1689\"><strong data-start=\"1611\" data-end=\"1630\">Einfache Montage<\/strong> \u2013 Durch die Schnappbefestigung ist die Installation schnell und einfach.<\/li>\n<li data-start=\"1690\" data-end=\"1786\"><strong data-start=\"1692\" data-end=\"1719\">Hochwertige Materialien<\/strong> \u2013 Aus halogenfreiem Thermoplast mit lackierter, gl\u00e4nzender Oberfl\u00e4che.<\/li>\n<li data-start=\"1787\" data-end=\"1856\"><strong data-start=\"1789\" data-end=\"1807\">Kompatibilit\u00e4t<\/strong> \u2013 Passt zum schwarzen Rahmen von Schneider Renova\u00ae.<\/li>\n<li data-start=\"1857\" data-end=\"1940\"><strong data-start=\"1859\" data-end=\"1877\">Stilvolles Design<\/strong> \u2013 Schwarze Farbe (RAL 9005), die sich in moderne Innenr\u00e4ume einf\u00fcgt.<\/li>\n<li data-start=\"1941\" data-end=\"2008\"><strong data-start=\"1943\" data-end=\"1959\">Schutzart IP20<\/strong> \u2013 Gesch\u00fctzt gegen feste Objekte, die gr\u00f6\u00dfer als 12,5 mm sind.<\/li>\n<li data-start=\"2009\" data-end=\"2086\"><strong data-start=\"2011\" data-end=\"2025\">IK00-Schutz<\/strong> \u2013 Keine besondere Schlagfestigkeit, f\u00fcr den Innenbereich empfohlen.<\/li>\n<li data-start=\"2087\" data-end=\"2141\"><strong data-start=\"2089\" data-end=\"2097\">Messen<\/strong> \u2013 Breite: 52 mm, H\u00f6he: 52 mm, Tiefe: 18 mm.<\/li>\n<\/ul>\n<h3 data-start=\"2143\" data-end=\"2171\"><strong data-start=\"2147\" data-end=\"2169\">Einsatzgebiete<\/strong><\/h3>\n<p data-start=\"2172\" data-end=\"2499\">Der Drehadapter RB Black ist die ideale L\u00f6sung f\u00fcr alle, die eine traditionelle Lichtsteuerung mit modernen Smart-Funktionen kombinieren m\u00f6chten.<\/p>\n<p data-start=\"2172\" data-end=\"2499\">Es eignet sich perfekt f\u00fcr Wohnungen, B\u00fcros und Gesch\u00e4fte, in denen eine reibungslose und kabellose Steuerung erforderlich ist. Da es mit dem Mesh-Netzwerk von Plejd funktioniert, kann es problemlos in neue und bestehende Installationen integriert werden.<\/p>\n<h3 data-start=\"2501\" data-end=\"2541\"><strong data-start=\"2505\" data-end=\"2539\">Installation und Konfiguration<\/strong><\/h3>\n<p data-start=\"2542\" data-end=\"2850\">Die Installation ist einfach und erfordert keine speziellen Werkzeuge. Der Schwenkadapter wird mit einem Plejd-Puck zusammengeklickt und mit Schnappverschluss in einer Standard-Ger\u00e4tedose montiert.<\/p>\n<p data-start=\"2542\" data-end=\"2850\">Die Einstellungen werden dann in der Plejd-App konfiguriert, wo Sie Ihre eigenen Lichtszenen erstellen, Dimmerstufen einstellen und die Beleuchtung drahtlos steuern k\u00f6nnen.<\/p>\n<h3 data-start=\"2852\" data-end=\"2883\"><strong data-start=\"2856\" data-end=\"2881\">Design und Nachhaltigkeit<\/strong><\/h3>\n<p data-start=\"2884\" data-end=\"3245\">Der Schwenkadapter RB Black ist so konzipiert, dass er sich in moderne Inneneinrichtungen einf\u00fcgt.<\/p>\n<p data-start=\"2884\" data-end=\"3245\">Es verf\u00fcgt \u00fcber ein elegantes, schwarz lackiertes Finish mit gl\u00e4nzender Oberfl\u00e4che und besteht aus langlebigem, halogenfreiem Thermoplast.<\/p>\n<p data-start=\"2884\" data-end=\"3245\">Es ist jedoch nicht antibakteriell und verf\u00fcgt weder \u00fcber ein bedruckbares Etikett noch \u00fcber eine austauschbare Linse.<\/p>\n<p data-start=\"2884\" data-end=\"3245\">Mit seiner IP20-Einstufung ist es f\u00fcr den Innenbereich geeignet, der Einsatz in feuchten Umgebungen sollte jedoch vermieden werden.<\/p>\n<h3 data-start=\"3247\" data-end=\"3265\"><strong data-start=\"3251\" data-end=\"3263\">Abschluss<\/strong><\/h3>\n<p data-start=\"3266\" data-end=\"3587\">Mit dem Rotary Adapter RB Black erhalten Sie eine perfekte Kombination aus klassischer Drehdimmerfunktion und moderner smarter Lichtsteuerung.<\/p>\n<p data-start=\"3266\" data-end=\"3587\">Die einfache Installation, die kabellose Flexibilit\u00e4t und das elegante Design machen es zu einer ausgezeichneten Wahl f\u00fcr alle, die sich eine reibungslose und effiziente Lichtsteuerung in ihrem Smart Home oder ihrer Arbeitsumgebung w\u00fcnschen.<\/p>","protected":false},"excerpt":{"rendered":"<p>Der Drehadapter RB Black wird mit einem optionalen Plejd-Puck zusammengeklickt und fungiert als klassischer Drehdimmer.<\/p>\n<p>Mithilfe der Wireless-Mesh-Technologie kann es andere Plejd-Produkte im System steuern.<\/p>\n<p>Einfache Installation \u00fcber die App.<\/p>\n<p>Aus schwarzem, halogenfreiem Thermoplast mit lackierter, gl\u00e4nzender Oberfl\u00e4che.<\/p>\n<p>Passt zum schwarzen Rahmen von Schneider Renova\u00ae.<\/p>","protected":false},"featured_media":148013,"template":"","meta":{"_acf_changed":false},"product_brand":[],"product_cat":[4661],"product_tag":[4670],"class_list":{"0":"post-148014","1":"product","2":"type-product","3":"status-publish","4":"has-post-thumbnail","6":"product_cat-plejd-vridadapter","7":"product_tag-plejd","8":"product_shipping_class-postnord-varubrev","9":"pa_brands-plejd","10":"pa_farg-svart","11":"tm-has-options","13":"first","14":"instock","15":"sale","16":"taxable","17":"shipping-taxable","18":"purchasable","19":"product-type-simple"},"acf":[],"_links":{"self":[{"href":"https:\/\/secureus.se\/de\/wp-json\/wp\/v2\/product\/148014","targetHints":{"allow":["GET"]}}],"collection":[{"href":"https:\/\/secureus.se\/de\/wp-json\/wp\/v2\/product"}],"about":[{"href":"https:\/\/secureus.se\/de\/wp-json\/wp\/v2\/types\/product"}],"wp:featuredmedia":[{"embeddable":true,"href":"https:\/\/secureus.se\/de\/wp-json\/wp\/v2\/media\/148013"}],"wp:attachment":[{"href":"https:\/\/secureus.se\/de\/wp-json\/wp\/v2\/media?parent=148014"}],"wp:term":[{"taxonomy":"product_brand","embeddable":true,"href":"https:\/\/secureus.se\/de\/wp-json\/wp\/v2\/product_brand?post=148014"},{"taxonomy":"product_cat","embeddable":true,"href":"https:\/\/secureus.se\/de\/wp-json\/wp\/v2\/product_cat?post=148014"},{"taxonomy":"product_tag","embeddable":true,"href":"https:\/\/secureus.se\/de\/wp-json\/wp\/v2\/product_tag?post=148014"}],"curies":[{"name":"wp","href":"https:\/\/api.w.org\/{rel}","templated":true}]}}