{"id":148016,"date":"2025-02-25T12:22:22","date_gmt":"2025-02-25T11:22:22","guid":{"rendered":"https:\/\/secureus.se\/?post_type=product&#038;p=148016"},"modified":"2026-04-07T12:46:46","modified_gmt":"2026-04-07T10:46:46","slug":"plejd-vridratt-tradlos-wrt-01-ewvit","status":"publish","type":"product","link":"https:\/\/secureus.se\/de\/plejd-vridratt-tradlos-wrt-01-ewvit\/","title":{"rendered":"Plejd Drehknopf Funk WRT-01-EWwei\u00df"},"content":{"rendered":"<h1 data-start=\"470\" data-end=\"521\"><strong data-start=\"474\" data-end=\"519\">Kabellose und sanfte Lichtsteuerung mit Plejd<\/strong><\/h1>\n<p data-start=\"522\" data-end=\"915\">Rotary Knob Wireless EW White ist eine innovative und flexible L\u00f6sung zur Steuerung der Beleuchtung in Ihrem Zuhause oder B\u00fcro.<\/p>\n<p data-start=\"522\" data-end=\"915\">Mit diesem kabellosen Dreh- und Druckknopf k\u00f6nnen Sie die Helligkeit eines oder mehrerer Plejd-Ger\u00e4te ganz einfach regeln, ohne dass Kabel oder komplizierte Installationen erforderlich sind.<\/p>\n<p data-start=\"522\" data-end=\"915\">Die Konfiguration erfolgt reibungslos in der Plejd-App, wo Sie Funktionen und Szenariensteuerung an Ihre Bed\u00fcrfnisse anpassen k\u00f6nnen.<\/p>\n<p data-start=\"917\" data-end=\"1167\">Durch das kompakte und elegante Design f\u00fcgt sich das Ger\u00e4t in jede Umgebung ein.<\/p>\n<p data-start=\"917\" data-end=\"1167\">Mit einer langen Batterielebensdauer von bis zu 15 Jahren und Unterst\u00fctzung f\u00fcr Smart-Home-Systeme wie Apple HomeKit und Google Assistant ist dies eine zukunftssichere L\u00f6sung zur drahtlosen Lichtsteuerung.<\/p>\n<h3 data-start=\"1169\" data-end=\"1220\"><strong data-start=\"1173\" data-end=\"1218\">Flexible Montage und einfache Installation<\/strong><\/h3>\n<p data-start=\"1221\" data-end=\"1499\">Der Drehknopf Wireless EW White kann an der Au\u00dfenseite einer Standard-Ger\u00e4tedose montiert oder mit doppelseitigem Klebeband oder Schrauben befestigt werden, was die Installation schnell und einfach macht.<\/p>\n<p data-start=\"1221\" data-end=\"1499\">Da keine Verkabelung erforderlich ist, eignet es sich ideal sowohl f\u00fcr Neuinstallationen als auch f\u00fcr die Aufr\u00fcstung vorhandener elektrischer Systeme.<\/p>\n<h3 data-start=\"1501\" data-end=\"1541\"><strong data-start=\"1505\" data-end=\"1539\">Produktmerkmale und Vorteile<\/strong><\/h3>\n<ul data-start=\"1543\" data-end=\"2260\">\n<li data-start=\"1543\" data-end=\"1626\"><strong data-start=\"1545\" data-end=\"1569\">Kabellose Lichtsteuerung<\/strong> \u2013 Passen Sie das Licht bequem per Dreh- oder Dr\u00fcckfunktion an.<\/li>\n<li data-start=\"1627\" data-end=\"1721\"><strong data-start=\"1629\" data-end=\"1647\">Kompatibilit\u00e4t<\/strong> \u2013 Funktioniert mit allen Plejd-Ger\u00e4ten und kann mehrere Lichter gleichzeitig steuern.<\/li>\n<li data-start=\"1722\" data-end=\"1794\"><strong data-start=\"1724\" data-end=\"1745\">Intelligente Integration<\/strong> \u2013 Unterst\u00fctzung f\u00fcr Apple HomeKit und Google Assistant.<\/li>\n<li data-start=\"1795\" data-end=\"1880\"><strong data-start=\"1797\" data-end=\"1816\">Lange Akkulaufzeit<\/strong> \u2013 Bis zu 15 Jahre (ca. 200.000 Klicks) mit 3 x CR2032 Batterien.<\/li>\n<li data-start=\"1881\" data-end=\"1957\"><strong data-start=\"1883\" data-end=\"1903\">Szenariosteuerung<\/strong> \u2013 Durch Doppelklick k\u00f6nnen voreingestellte Lichtszenen aktiviert werden.<\/li>\n<li data-start=\"1958\" data-end=\"2039\"><strong data-start=\"1960\" data-end=\"1979\">Einfache Montage<\/strong> \u2013 Schnelle Montage auf der Oberfl\u00e4che oder mit Klebeband\/Schrauben.<\/li>\n<li data-start=\"2040\" data-end=\"2103\"><strong data-start=\"2042\" data-end=\"2060\">Kompaktes Design<\/strong> \u2013 Passt in alle modernen H\u00e4user und Umgebungen.<\/li>\n<li data-start=\"2104\" data-end=\"2185\"><strong data-start=\"2106\" data-end=\"2147\">Passend f\u00fcr ELKO\u00ae RS\/Plus Rahmen in Bergwei\u00df<\/strong> \u2013 Verleiht ein einheitliches und stilvolles Aussehen.<\/li>\n<li data-start=\"2186\" data-end=\"2260\"><strong data-start=\"2188\" data-end=\"2209\">Sicher und langlebig<\/strong> \u2013 Aus halogenfreiem, langlebigem Thermoplast.<\/li>\n<\/ul>\n<h3 data-start=\"2262\" data-end=\"2296\"><strong data-start=\"2266\" data-end=\"2294\">Technische Spezifikationen<\/strong><\/h3>\n<ul data-start=\"2298\" data-end=\"3018\">\n<li data-start=\"2298\" data-end=\"2329\"><strong data-start=\"2300\" data-end=\"2311\">Modell:<\/strong> Serieller Drucktaster<\/li>\n<li data-start=\"2330\" data-end=\"2373\"><strong data-start=\"2332\" data-end=\"2354\">Funktionsweise:<\/strong> Dreh-\/Dr\u00fcckknopf<\/li>\n<li data-start=\"2374\" data-end=\"2441\"><strong data-start=\"2376\" data-end=\"2396\">Montagemethode:<\/strong> Aufputzmontage (Schnellbefestigung mit Klebeband\/Schraube)<\/li>\n<li data-start=\"2442\" data-end=\"2470\"><strong data-start=\"2444\" data-end=\"2453\">Malen:<\/strong> Wei\u00df (RAL 9010)<\/li>\n<li data-start=\"2471\" data-end=\"2512\"><strong data-start=\"2473\" data-end=\"2486\">Material:<\/strong> Thermoplast (halogenfrei)<\/li>\n<li data-start=\"2513\" data-end=\"2556\"><strong data-start=\"2515\" data-end=\"2532\">Oberfl\u00e4chenbehandlung:<\/strong> Unbehandelte, gl\u00e4nzende Oberfl\u00e4che<\/li>\n<li data-start=\"2557\" data-end=\"2604\"><strong data-start=\"2559\" data-end=\"2572\">IP-Klasse:<\/strong> IP20 (nur f\u00fcr den Innenbereich)<\/li>\n<li data-start=\"2605\" data-end=\"2631\"><strong data-start=\"2607\" data-end=\"2624\">Schlagfestigkeit:<\/strong> IK00<\/li>\n<li data-start=\"2632\" data-end=\"2681\"><strong data-start=\"2634\" data-end=\"2643\">Messen:<\/strong> Breite 71 mm, H\u00f6he 71 mm, Tiefe 20 mm<\/li>\n<li data-start=\"2682\" data-end=\"2724\"><strong data-start=\"2684\" data-end=\"2699\">Akku-Typ:<\/strong> 3 x CR2032 (austauschbar)<\/li>\n<li data-start=\"2725\" data-end=\"2759\"><strong data-start=\"2727\" data-end=\"2742\">Akkulaufzeit:<\/strong> Bis zu 15 Jahre<\/li>\n<li data-start=\"2760\" data-end=\"2815\"><strong data-start=\"2762\" data-end=\"2778\">Funksystem:<\/strong> 2,4 GHz Mesh, Bluetooth\u00ae (&lt;10 dBm)<\/li>\n<li data-start=\"2816\" data-end=\"2858\"><strong data-start=\"2818\" data-end=\"2836\">Funkreichweite:<\/strong> Etwa 10 Meter im Innenbereich<\/li>\n<li data-start=\"2859\" data-end=\"2899\"><strong data-start=\"2861\" data-end=\"2893\">Mesh-Netzwerk-Erweiterung:<\/strong> NEIN<\/li>\n<li data-start=\"2900\" data-end=\"2983\"><strong data-start=\"2902\" data-end=\"2921\">Kompatibilit\u00e4t:<\/strong> Apple HomeKit, Google Assistant (nicht Amazon Alexa, nicht IFTTT)<\/li>\n<li data-start=\"2984\" data-end=\"3018\"><strong data-start=\"2986\" data-end=\"3012\">Beleuchtung\/Signallicht:<\/strong> NEIN<\/li>\n<\/ul>\n<h3 data-start=\"3020\" data-end=\"3079\"><strong data-start=\"3024\" data-end=\"3077\">Perfekt f\u00fcr Smart Homes und professionelle Umgebungen<\/strong><\/h3>\n<p data-start=\"3080\" data-end=\"3343\">Durch sein minimalistisches Design und die benutzerfreundliche Funktionalit\u00e4t eignet sich der kabellose Drehknopf perfekt sowohl f\u00fcr den privaten Wohnbereich als auch f\u00fcr gewerbliche Umgebungen.<\/p>\n<p data-start=\"3080\" data-end=\"3343\">Steuern Sie Ihre gesamte Plejd-Beleuchtung ganz einfach, ohne Kabel verlegen zu m\u00fcssen, und erstellen Sie individuelle Lichtszenen f\u00fcr verschiedene Anl\u00e4sse.<\/p>\n<p data-start=\"3345\" data-end=\"3556\">Durch die m\u00f6gliche Integration mit Apple HomeKit und Google Assistant k\u00f6nnen Sie die Beleuchtung mit Sprachbefehlen oder \u00fcber die App steuern.<\/p>\n<p data-start=\"3345\" data-end=\"3556\">So l\u00e4sst sich die Beleuchtung ganz einfach automatisieren und an Ihren Alltag anpassen.<\/p>\n<h3 data-start=\"3558\" data-end=\"3576\"><strong data-start=\"3562\" data-end=\"3574\">Abschluss<\/strong><\/h3>\n<p data-start=\"3577\" data-end=\"3914\">Der Drehknopf Wireless EW White ist eine innovative und flexible L\u00f6sung zur kabellosen Lichtsteuerung.<\/p>\n<p data-start=\"3577\" data-end=\"3914\">Dank langer Akkulaufzeit, einfacher Installation und intelligenten Funktionen ist dies ein optimales Ger\u00e4t f\u00fcr alle, die eine reibungslose und moderne Lichtsteuerung w\u00fcnschen.<\/p>\n<p data-start=\"3577\" data-end=\"3914\">Perfekt sowohl f\u00fcr Smart Homes als auch f\u00fcr professionelle Umgebungen, in denen Einfachheit und Funktionalit\u00e4t im Mittelpunkt stehen.<\/p>","protected":false},"excerpt":{"rendered":"<p>Der Drehknopf Wireless EW White erm\u00f6glicht die drahtlose Steuerung einer oder mehrerer Plejd-Einheiten.<\/p>\n<p>Einfache Montage an der Au\u00dfenseite der Ger\u00e4tedose oder mit Klebeband\/Schrauben.<\/p>\n<p>Bis zu 15 Jahre Batterielebensdauer.<\/p>\n<p>Kompatibel mit Apple HomeKit und Google Assistant.<\/p>\n<p>Passend zum bergwei\u00dfen Rahmen von ELKO\u00ae RS\/Plus.<\/p>","protected":false},"featured_media":148015,"template":"","meta":{"_acf_changed":false},"product_brand":[],"product_cat":[4661],"product_tag":[4670],"class_list":{"0":"post-148016","1":"product","2":"type-product","3":"status-publish","4":"has-post-thumbnail","6":"product_cat-plejd-vridadapter","7":"product_tag-plejd","8":"product_shipping_class-postnord-varubrev","9":"pa_brands-plejd","10":"pa_farg-vit","11":"tm-has-options","13":"first","14":"instock","15":"sale","16":"taxable","17":"shipping-taxable","18":"purchasable","19":"product-type-simple"},"acf":[],"_links":{"self":[{"href":"https:\/\/secureus.se\/de\/wp-json\/wp\/v2\/product\/148016","targetHints":{"allow":["GET"]}}],"collection":[{"href":"https:\/\/secureus.se\/de\/wp-json\/wp\/v2\/product"}],"about":[{"href":"https:\/\/secureus.se\/de\/wp-json\/wp\/v2\/types\/product"}],"wp:featuredmedia":[{"embeddable":true,"href":"https:\/\/secureus.se\/de\/wp-json\/wp\/v2\/media\/148015"}],"wp:attachment":[{"href":"https:\/\/secureus.se\/de\/wp-json\/wp\/v2\/media?parent=148016"}],"wp:term":[{"taxonomy":"product_brand","embeddable":true,"href":"https:\/\/secureus.se\/de\/wp-json\/wp\/v2\/product_brand?post=148016"},{"taxonomy":"product_cat","embeddable":true,"href":"https:\/\/secureus.se\/de\/wp-json\/wp\/v2\/product_cat?post=148016"},{"taxonomy":"product_tag","embeddable":true,"href":"https:\/\/secureus.se\/de\/wp-json\/wp\/v2\/product_tag?post=148016"}],"curies":[{"name":"wp","href":"https:\/\/api.w.org\/{rel}","templated":true}]}}