{"id":148018,"date":"2025-02-25T12:22:22","date_gmt":"2025-02-25T11:22:22","guid":{"rendered":"https:\/\/secureus.se\/?post_type=product&#038;p=148018"},"modified":"2026-04-23T10:18:37","modified_gmt":"2026-04-23T08:18:37","slug":"plejd-monteringsclips-din-vagg","status":"publish","type":"product","link":"https:\/\/secureus.se\/de\/plejd-monteringsclips-din-vagg\/","title":{"rendered":"Plejd Befestigungsclips DIN\/Wand"},"content":{"rendered":"<h1 data-start=\"446\" data-end=\"498\"><strong data-start=\"450\" data-end=\"496\">Einfache und reibungslose Montage von Plejd-Pucks<\/strong><\/h1>\n<p data-start=\"499\" data-end=\"790\">DIN\/WAND-Montageclips sind eine intelligente und flexible L\u00f6sung zur Montage von Plejd-Pucks auf einer DIN-Schiene (35 mm) oder direkt an einer Wand.<\/p>\n<p data-start=\"499\" data-end=\"790\">Mit der praktischen Clip-Funktion k\u00f6nnen Sie den Puck nach der Clip-Montage schnell und einfach einrasten und so einen stabilen und sicheren Sitz gew\u00e4hrleisten.<\/p>\n<h3 data-start=\"792\" data-end=\"838\"><strong data-start=\"796\" data-end=\"836\">Flexible Installation f\u00fcr alle Anforderungen<\/strong><\/h3>\n<p data-start=\"839\" data-end=\"1112\">Egal, ob Sie einen Plejd-Puck in einem Schaltschrank auf einer DIN-Schiene oder direkt an der Wand in einer Anschlussdose montieren m\u00f6chten, die DIN\/WALL-Montageclips bieten Ihnen die Flexibilit\u00e4t, die Sie brauchen.<\/p>\n<p data-start=\"839\" data-end=\"1112\">Durch die schlichte Bauweise ist eine problemlose Montage und Demontage der Ger\u00e4te ohne zus\u00e4tzliches Werkzeug m\u00f6glich.<\/p>\n<h3 data-start=\"1114\" data-end=\"1154\"><strong data-start=\"1118\" data-end=\"1152\">Produktmerkmale und Vorteile<\/strong><\/h3>\n<ul data-start=\"1156\" data-end=\"1625\">\n<li data-start=\"1156\" data-end=\"1217\"><strong data-start=\"1158\" data-end=\"1187\">Universelle Kompatibilit\u00e4t<\/strong> \u2013 Passend f\u00fcr alle Plejd-Pucks.<\/li>\n<li data-start=\"1218\" data-end=\"1293\"><strong data-start=\"1220\" data-end=\"1242\">Flexible Montage<\/strong> \u2013 Kann sowohl auf DIN-Schiene (35 mm) als auch an der Wand befestigt werden.<\/li>\n<li data-start=\"1294\" data-end=\"1377\"><strong data-start=\"1296\" data-end=\"1318\">Schnelle Installation<\/strong> \u2013 Durch die Clip-Funktion l\u00e4sst sich der Puck ganz einfach einrasten.<\/li>\n<li data-start=\"1378\" data-end=\"1463\"><strong data-start=\"1380\" data-end=\"1404\">Langlebige Konstruktion<\/strong> \u2013 Aus strapazierf\u00e4higem Kunststoff f\u00fcr dauerhaften Gebrauch.<\/li>\n<li data-start=\"1464\" data-end=\"1544\"><strong data-start=\"1466\" data-end=\"1489\">Stabile Befestigung<\/strong> \u2013 Sorgt f\u00fcr einen festen und sicheren Sitz des Pucks.<\/li>\n<li data-start=\"1545\" data-end=\"1625\"><strong data-start=\"1547\" data-end=\"1574\">Platzsparende L\u00f6sung<\/strong> \u2013 Perfekt f\u00fcr Schalttafeln und Installationsschr\u00e4nke.<\/li>\n<\/ul>\n<h3 data-start=\"1627\" data-end=\"1655\"><strong data-start=\"1631\" data-end=\"1653\">Einsatzgebiete<\/strong><\/h3>\n<p data-start=\"1656\" data-end=\"1944\">DIN\/WALL-Montageclips sind ideal sowohl f\u00fcr professionelle Elektriker als auch f\u00fcr Heimanwender, die eine stabile und sichere Montage von Plejd-Produkten w\u00fcnschen.<\/p>\n<p data-start=\"1656\" data-end=\"1944\">Der Einsatz in Schaltschr\u00e4nken, Anschlussdosen oder direkt an der Wand ist m\u00f6glich und stellt somit eine vielseitige L\u00f6sung f\u00fcr unterschiedliche Installationen dar.<\/p>\n<h3 data-start=\"1946\" data-end=\"1983\"><strong data-start=\"1950\" data-end=\"1981\">Installation und Verwendung<\/strong><\/h3>\n<p data-start=\"1984\" data-end=\"2038\">Die Montage ist einfach und erfordert kein Spezialwerkzeug:<\/p>\n<ol data-start=\"2040\" data-end=\"2292\">\n<li data-start=\"2040\" data-end=\"2129\"><strong data-start=\"2043\" data-end=\"2059\">Befestigen Sie die Clips<\/strong> \u2013 Befestigung direkt auf DIN-Schiene (35 mm) oder mit Schrauben an der Wand.<\/li>\n<li data-start=\"2130\" data-end=\"2216\"><strong data-start=\"2133\" data-end=\"2154\">Schnapp dir den Puck<\/strong> \u2013 Der Plejd-Puck l\u00e4sst sich einfach in die Befestigungsclips einklicken.<\/li>\n<li data-start=\"2217\" data-end=\"2292\"><strong data-start=\"2220\" data-end=\"2243\">Abgeschlossene Installation<\/strong> \u2013 Der Puck sitzt sicher und ist sofort einsatzbereit.<\/li>\n<\/ol>\n<p data-start=\"2294\" data-end=\"2411\">Diese L\u00f6sung erm\u00f6glicht den einfachen Austausch oder die Aufr\u00fcstung von Plejd-Einheiten, ohne dass die gesamte Installation demontiert werden muss.<\/p>\n<h3 data-start=\"2413\" data-end=\"2447\"><strong data-start=\"2417\" data-end=\"2445\">Technische Spezifikationen<\/strong><\/h3>\n<ul data-start=\"2449\" data-end=\"2665\">\n<li data-start=\"2449\" data-end=\"2515\"><strong data-start=\"2451\" data-end=\"2475\">Art der Befestigung:<\/strong> DIN-Schiene (35 mm) oder Wandmontage<\/li>\n<li data-start=\"2516\" data-end=\"2547\"><strong data-start=\"2518\" data-end=\"2541\">Typ des Schienenhalters:<\/strong> Gerade<\/li>\n<li data-start=\"2548\" data-end=\"2571\"><strong data-start=\"2550\" data-end=\"2563\">Material:<\/strong> Plastik<\/li>\n<li data-start=\"2572\" data-end=\"2620\"><strong data-start=\"2574\" data-end=\"2593\">Kompatibilit\u00e4t:<\/strong> Passend f\u00fcr alle Plejd-Pucks<\/li>\n<li data-start=\"2621\" data-end=\"2665\"><strong data-start=\"2623\" data-end=\"2643\">Montagemethode:<\/strong> Clip\/Snap-Funktion<\/li>\n<\/ul>\n<h3 data-start=\"2667\" data-end=\"2710\"><strong data-start=\"2671\" data-end=\"2708\">Langlebiges und benutzerfreundliches Design<\/strong><\/h3>\n<p data-start=\"2711\" data-end=\"3002\">DIN\/WALL-Montageclips sind dazu konzipiert, die Installation von Plejd-Produkten auf reibungslose und sichere Weise zu erm\u00f6glichen.<\/p>\n<p data-start=\"2711\" data-end=\"3002\">Mit seiner robusten Kunststoffkonstruktion und der einfachen Clip-Funktion ist es die perfekte L\u00f6sung f\u00fcr alle Arten von Installationen, von Wohngeb\u00e4uden bis hin zu gr\u00f6\u00dferen Gewerbeimmobilien.<\/p>\n<h3 data-start=\"3004\" data-end=\"3022\"><strong data-start=\"3008\" data-end=\"3020\">Abschluss<\/strong><\/h3>\n<p data-start=\"3023\" data-end=\"3274\">Mit den DIN\/WALL-Montageclips k\u00f6nnen Sie Plejd-Pucks einfach, schnell und sicher auf einer DIN-Schiene oder Wand befestigen.<\/p>\n<p data-start=\"3023\" data-end=\"3274\">Das schlanke Design und die Kompatibilit\u00e4t mit allen Plejd-Ger\u00e4ten machen es zu einer unverzichtbaren Komponente f\u00fcr Profis und Privatpersonen.<\/p>\n<h4 data-start=\"3276\" data-end=\"3304\"><strong data-start=\"3281\" data-end=\"3302\">Metatitel (SEO):<\/strong><\/h4>\n<p data-start=\"3305\" data-end=\"3365\">DIN\/WALL Montageclips \u2013 Einfache Montage von Plejd Pucks<\/p>\n<h4 data-start=\"3367\" data-end=\"3401\"><strong data-start=\"3372\" data-end=\"3399\">Meta-Beschreibung (SEO):<\/strong><\/h4>\n<p data-start=\"3402\" data-end=\"3556\" data-is-last-node=\"\">Befestigen Sie Plejd-Pucks einfach mit DIN\/WAND-Montageclips. Schnelle Montage auf DIN-Schiene (35 mm) oder Wand.<\/p>\n<p data-start=\"3402\" data-end=\"3556\" data-is-last-node=\"\">Reibungslose Clip-Funktion und robuste Kunststoffkonstruktion.<\/p>","protected":false},"excerpt":{"rendered":"<p>Mit den DIN\/WAND-Montageclips l\u00e4sst sich jeder Plejd-Puck ganz einfach an einer DIN-Schiene (35 mm) oder Wand befestigen.<\/p>\n<p>Dank praktischer Clip-Funktion l\u00e4sst sich der Puck nach der Montage ganz einfach aufschnappen.<\/p>\n<p>Aus strapazierf\u00e4higem Kunststoff gefertigt und f\u00fcr eine einfache Installation konzipiert.<\/p>","protected":false},"featured_media":148017,"template":"","meta":{"_acf_changed":false},"product_brand":[],"product_cat":[4662],"product_tag":[4670],"class_list":{"0":"post-148018","1":"product","2":"type-product","3":"status-publish","4":"has-post-thumbnail","6":"product_cat-plejd-tillbehor","7":"product_tag-plejd","8":"product_shipping_class-postnord-varubrev","9":"pa_brands-plejd","10":"tm-has-options","12":"first","13":"instock","14":"sale","15":"taxable","16":"shipping-taxable","17":"purchasable","18":"product-type-simple"},"acf":[],"_links":{"self":[{"href":"https:\/\/secureus.se\/de\/wp-json\/wp\/v2\/product\/148018","targetHints":{"allow":["GET"]}}],"collection":[{"href":"https:\/\/secureus.se\/de\/wp-json\/wp\/v2\/product"}],"about":[{"href":"https:\/\/secureus.se\/de\/wp-json\/wp\/v2\/types\/product"}],"wp:featuredmedia":[{"embeddable":true,"href":"https:\/\/secureus.se\/de\/wp-json\/wp\/v2\/media\/148017"}],"wp:attachment":[{"href":"https:\/\/secureus.se\/de\/wp-json\/wp\/v2\/media?parent=148018"}],"wp:term":[{"taxonomy":"product_brand","embeddable":true,"href":"https:\/\/secureus.se\/de\/wp-json\/wp\/v2\/product_brand?post=148018"},{"taxonomy":"product_cat","embeddable":true,"href":"https:\/\/secureus.se\/de\/wp-json\/wp\/v2\/product_cat?post=148018"},{"taxonomy":"product_tag","embeddable":true,"href":"https:\/\/secureus.se\/de\/wp-json\/wp\/v2\/product_tag?post=148018"}],"curies":[{"name":"wp","href":"https:\/\/api.w.org\/{rel}","templated":true}]}}