{"id":148020,"date":"2025-02-25T12:22:22","date_gmt":"2025-02-25T11:22:22","guid":{"rendered":"https:\/\/secureus.se\/?post_type=product&#038;p=148020"},"modified":"2026-04-07T12:46:37","modified_gmt":"2026-04-07T10:46:37","slug":"plejd-vridadapter-rtr-01-sa-antracit","status":"publish","type":"product","link":"https:\/\/secureus.se\/de\/plejd-vridadapter-rtr-01-sa-antracit\/","title":{"rendered":"Plejd Schwenkadapter RTR-01-SA anthrazit"},"content":{"rendered":"<h1 data-start=\"479\" data-end=\"539\"><strong data-start=\"483\" data-end=\"537\">Kombinieren Sie klassische Dimmerfunktion mit intelligenter Technologie<\/strong><\/h1>\n<p data-start=\"540\" data-end=\"919\">Der Schwenkadapter SA Anthrazit ist eine elegante und funktionale L\u00f6sung zur intelligenten Lichtsteuerung.<\/p>\n<p data-start=\"540\" data-end=\"919\">Durch Zusammenklicken des Adapters mit einem Plejd-Puck Ihrer Wahl erhalten Sie einen herk\u00f6mmlichen Drehdimmer, der sowohl manuell als auch drahtlos \u00fcber die Mesh-Technologie des Plejd-Systems gesteuert werden kann.<\/p>\n<p data-start=\"540\" data-end=\"919\">Dadurch eignet es sich ideal sowohl f\u00fcr moderne Wohnh\u00e4user als auch f\u00fcr professionelle Installationen, bei denen Flexibilit\u00e4t und Design wichtige Faktoren sind.<\/p>\n<h3 data-start=\"921\" data-end=\"970\"><strong data-start=\"925\" data-end=\"968\">Kabellose und flexible Lichtsteuerung<\/strong><\/h3>\n<p data-start=\"971\" data-end=\"1349\">Einer der gro\u00dfen Vorteile des Vridadapter SA Anthracite ist seine F\u00e4higkeit, im Plejd-\u00d6kosystem zu funktionieren.<\/p>\n<p data-start=\"971\" data-end=\"1349\">Dank der Wireless-Mesh-Technologie kann es andere Plejd-Ger\u00e4te steuern und sich nahtlos in Ihr bestehendes System integrieren.<\/p>\n<p data-start=\"971\" data-end=\"1349\">Der mit dem Adapter verwendete Puck beh\u00e4lt seine Funktionen wie Steuereingang und Zeiteinstellungen, sodass Sie die Beleuchtung \u00fcber mehrere verschiedene Tasten steuern k\u00f6nnen.<\/p>\n<h3 data-start=\"1351\" data-end=\"1391\"><strong data-start=\"1355\" data-end=\"1389\">Produktmerkmale und Vorteile<\/strong><\/h3>\n<ul data-start=\"1393\" data-end=\"2051\">\n<li data-start=\"1393\" data-end=\"1482\"><strong data-start=\"1395\" data-end=\"1426\">Klassische Drehdimmerfunktion<\/strong> \u2013 Bietet ein traditionelles Gef\u00fchl mit moderner, intelligenter Technologie.<\/li>\n<li data-start=\"1483\" data-end=\"1557\"><strong data-start=\"1485\" data-end=\"1508\">Drahtlose Integration<\/strong> \u2013 Steuern Sie andere Plejd-Ger\u00e4te \u00fcber das Mesh-Netzwerk.<\/li>\n<li data-start=\"1558\" data-end=\"1628\"><strong data-start=\"1560\" data-end=\"1582\">Einfache Installation<\/strong> \u2013 Schnappbefestigung im Kasten oder Doppelrahmen.<\/li>\n<li data-start=\"1629\" data-end=\"1695\"><strong data-start=\"1631\" data-end=\"1649\">Elegantes Design<\/strong> \u2013 Lackierte, matte Oberfl\u00e4che in Anthrazit (RAL 7024).<\/li>\n<li data-start=\"1696\" data-end=\"1794\"><strong data-start=\"1698\" data-end=\"1720\">Flexible Montage<\/strong> \u2013 Kann freistehend oder im Doppelrahmen mit handels\u00fcblichem Lichtschalter montiert werden.<\/li>\n<li data-start=\"1795\" data-end=\"1883\"><strong data-start=\"1797\" data-end=\"1818\">Nachhaltiges Material<\/strong> \u2013 Aus halogenfreiem Thermoplast f\u00fcr lange Haltbarkeit.<\/li>\n<li data-start=\"1884\" data-end=\"1964\"><strong data-start=\"1886\" data-end=\"1901\">App-Steuerung<\/strong> \u2013 Konfiguration und Einstellungen erfolgen ganz einfach in der Plejd-App.<\/li>\n<li data-start=\"1884\" data-end=\"1964\"><strong data-start=\"1967\" data-end=\"2005\">Passt zu Schneider Exxact\u00ae Rahmen<\/strong> \u2013 F\u00fcr eine einheitliche und stilvolle Installation.<\/li>\n<\/ul>\n<h3><strong data-start=\"2057\" data-end=\"2110\">Perfekt f\u00fcr Smart Homes und professionelle Umgebungen<\/strong><\/h3>\n<p data-start=\"2113\" data-end=\"2325\">Der SA Anthrazit-Drehadapter ist die perfekte L\u00f6sung f\u00fcr alle, die eine stilvolle und funktionale Lichtsteuerung w\u00fcnschen. Es passt gleicherma\u00dfen gut in moderne Wohn- und B\u00fcroumgebungen, in denen Sie Stil mit intelligenten Funktionen kombinieren m\u00f6chten.<\/p>\n<h3 data-start=\"2327\" data-end=\"2364\"><strong data-start=\"2331\" data-end=\"2362\">Installation und Verwendung<\/strong><\/h3>\n<p data-start=\"2365\" data-end=\"2422\">Die Installation ist einfach und erfordert kein Spezialwerkzeug:<\/p>\n<ol data-start=\"2424\" data-end=\"2843\">\n<li data-start=\"2424\" data-end=\"2522\"><strong data-start=\"2427\" data-end=\"2473\">Klicken Sie den Schwenkadapter mit einem Plejd-Puck zusammen<\/strong> \u2013 W\u00e4hlen Sie einen kompatiblen Puck aus dem Sortiment von Plejd.<\/li>\n<li data-start=\"2523\" data-end=\"2633\"><strong data-start=\"2526\" data-end=\"2546\">Montieren Sie den Adapter<\/strong> \u2013 Rasten Sie es zusammen mit einem herk\u00f6mmlichen Lichtschalter in eine Dose oder einen Doppelrahmen ein.<\/li>\n<li data-start=\"2634\" data-end=\"2734\"><strong data-start=\"2637\" data-end=\"2662\">Konfigurieren \u00fcber die App<\/strong> \u2013 Passen Sie Helligkeit, Szenarien und andere Funktionen \u00fcber die Plejd-App an.<\/li>\n<li data-start=\"2735\" data-end=\"2843\"><strong data-start=\"2738\" data-end=\"2765\">Beginnen Sie mit der Steuerung der Beleuchtung<\/strong> \u2013 Dimmen Sie das Licht mit dem Knopf oder nutzen Sie die Wireless-Funktionen des Plejd-Systems.<\/li>\n<\/ol>\n<p data-start=\"2845\" data-end=\"2985\">Durch die flexible Befestigung ist die Montage des Swivel Adapter SA Anthrazit sowohl einzeln als auch in Kombination mit anderen Plejd-Einheiten m\u00f6glich.<\/p>\n<h3 data-start=\"2987\" data-end=\"3021\"><strong data-start=\"2991\" data-end=\"3019\">Technische Spezifikationen<\/strong><\/h3>\n<ul data-start=\"3023\" data-end=\"3576\">\n<li data-start=\"3023\" data-end=\"3043\"><strong data-start=\"3025\" data-end=\"3036\">Modell:<\/strong> Wrack<\/li>\n<li data-start=\"3044\" data-end=\"3083\"><strong data-start=\"3046\" data-end=\"3068\">Funktionsweise:<\/strong> Rotationsfunktion<\/li>\n<li data-start=\"3084\" data-end=\"3116\"><strong data-start=\"3086\" data-end=\"3108\">Dichtungsart:<\/strong> Einrasten<\/li>\n<li data-start=\"3117\" data-end=\"3158\"><strong data-start=\"3119\" data-end=\"3132\">Material:<\/strong> Thermoplast (halogenfrei)<\/li>\n<li data-start=\"3159\" data-end=\"3199\"><strong data-start=\"3161\" data-end=\"3178\">Oberfl\u00e4chenbehandlung:<\/strong> Lackierte, matte Oberfl\u00e4che<\/li>\n<li data-start=\"3200\" data-end=\"3233\"><strong data-start=\"3202\" data-end=\"3211\">Malen:<\/strong> Anthrazit (RAL 7024)<\/li>\n<li data-start=\"3234\" data-end=\"3274\"><strong data-start=\"3236\" data-end=\"3249\">IP-Klasse:<\/strong> IP20 (f\u00fcr den Innenbereich)<\/li>\n<li data-start=\"3275\" data-end=\"3301\"><strong data-start=\"3277\" data-end=\"3294\">Schlagfestigkeit:<\/strong> IK00<\/li>\n<li data-start=\"3302\" data-end=\"3322\"><strong data-start=\"3304\" data-end=\"3314\">Breite:<\/strong> 55 mm<\/li>\n<li data-start=\"3323\" data-end=\"3342\"><strong data-start=\"3325\" data-end=\"3334\">H\u00f6he:<\/strong> 55 mm<\/li>\n<li data-start=\"3343\" data-end=\"3362\"><strong data-start=\"3345\" data-end=\"3354\">Tiefe:<\/strong> 18 mm<\/li>\n<li data-start=\"3363\" data-end=\"3417\"><strong data-start=\"3365\" data-end=\"3411\">Passend f\u00fcr Touchsensor f\u00fcr Bussysteme:<\/strong> NEIN<\/li>\n<li data-start=\"3418\" data-end=\"3461\"><strong data-start=\"3420\" data-end=\"3455\">Scanbares Symbol \/ Barrierefreiheit:<\/strong> NEIN<\/li>\n<li data-start=\"3462\" data-end=\"3495\"><strong data-start=\"3464\" data-end=\"3489\">Mit bedruckbarem Etikett:<\/strong> NEIN<\/li>\n<li data-start=\"3496\" data-end=\"3533\"><strong data-start=\"3498\" data-end=\"3527\">Mit wechselbarem Objektiv\/Symbol:<\/strong> NEIN<\/li>\n<li data-start=\"3534\" data-end=\"3576\"><strong data-start=\"3536\" data-end=\"3570\">\u00dcberwachungsfenster\/Lichtsteckdose:<\/strong> NEIN<\/li>\n<\/ul>\n<h3 data-start=\"3578\" data-end=\"3625\"><strong data-start=\"3582\" data-end=\"3623\">Design und Funktion in perfekter Harmonie<\/strong><\/h3>\n<p data-start=\"3626\" data-end=\"3911\">Die anthrazitfarbene, matte Oberfl\u00e4che und die Kompatibilit\u00e4t mit Schneider Exxact\u00ae-Rahmen machen den Swivel Adapter SA Anthracite zu einer stilvollen Wahl f\u00fcr Umgebungen aller Art.<\/p>\n<p data-start=\"3626\" data-end=\"3911\">Das minimalistische Design f\u00fcgt sich gut in moderne Innenr\u00e4ume ein und bietet gleichzeitig volle Kontrolle \u00fcber die Beleuchtung.<\/p>\n<h3 data-start=\"3913\" data-end=\"3931\"><strong data-start=\"3917\" data-end=\"3929\">Abschluss<\/strong><\/h3>\n<p data-start=\"3932\" data-end=\"4246\">Der Drehadapter SA Anthrazit ist eine elegante und intelligente Lichtsteuerungsl\u00f6sung, die die klassische Drehdimmerfunktion mit moderner Funktechnologie kombiniert.<\/p>\n<p data-start=\"3932\" data-end=\"4246\">Die einfache Installation, das elegante Design und die Integration mit dem Plejd-System machen es zu einer offensichtlichen Wahl sowohl f\u00fcr Privatpersonen als auch f\u00fcr professionelle Installateure.<\/p>","protected":false},"excerpt":{"rendered":"<p>Der Drehadapter SA Anthrazit wird mit einem optionalen Plejd-Puck zusammengeklickt und fungiert als klassischer Drehdimmer.<\/p>\n<p>Die Wireless-Mesh-Technologie erm\u00f6glicht die Steuerung anderer Plejd-Ger\u00e4te.<\/p>\n<p>Einfache Installation und Konfiguration \u00fcber die Plejd-App.<\/p>\n<p>Passend zum anthrazitfarbenen Rahmen von Schneider Exxact\u00ae.<\/p>","protected":false},"featured_media":148019,"template":"","meta":{"_acf_changed":false},"product_brand":[],"product_cat":[4661],"product_tag":[4670],"class_list":{"0":"post-148020","1":"product","2":"type-product","3":"status-publish","4":"has-post-thumbnail","6":"product_cat-plejd-vridadapter","7":"product_tag-plejd","8":"product_shipping_class-postnord-varubrev","9":"pa_brands-plejd","10":"pa_farg-antracit","11":"tm-has-options","13":"first","14":"instock","15":"sale","16":"taxable","17":"shipping-taxable","18":"purchasable","19":"product-type-simple"},"acf":[],"_links":{"self":[{"href":"https:\/\/secureus.se\/de\/wp-json\/wp\/v2\/product\/148020","targetHints":{"allow":["GET"]}}],"collection":[{"href":"https:\/\/secureus.se\/de\/wp-json\/wp\/v2\/product"}],"about":[{"href":"https:\/\/secureus.se\/de\/wp-json\/wp\/v2\/types\/product"}],"wp:featuredmedia":[{"embeddable":true,"href":"https:\/\/secureus.se\/de\/wp-json\/wp\/v2\/media\/148019"}],"wp:attachment":[{"href":"https:\/\/secureus.se\/de\/wp-json\/wp\/v2\/media?parent=148020"}],"wp:term":[{"taxonomy":"product_brand","embeddable":true,"href":"https:\/\/secureus.se\/de\/wp-json\/wp\/v2\/product_brand?post=148020"},{"taxonomy":"product_cat","embeddable":true,"href":"https:\/\/secureus.se\/de\/wp-json\/wp\/v2\/product_cat?post=148020"},{"taxonomy":"product_tag","embeddable":true,"href":"https:\/\/secureus.se\/de\/wp-json\/wp\/v2\/product_tag?post=148020"}],"curies":[{"name":"wp","href":"https:\/\/api.w.org\/{rel}","templated":true}]}}