{"id":148022,"date":"2025-02-25T12:22:23","date_gmt":"2025-02-25T11:22:23","guid":{"rendered":"https:\/\/secureus.se\/?post_type=product&#038;p=148022"},"modified":"2026-03-26T11:07:11","modified_gmt":"2026-03-26T10:07:11","slug":"plejd-monteringsdosa","status":"publish","type":"product","link":"https:\/\/secureus.se\/de\/plejd-monteringsdosa\/","title":{"rendered":"Plejd Montagedose"},"content":{"rendered":"<h1 data-start=\"450\" data-end=\"501\"><strong data-start=\"454\" data-end=\"499\">Sichere und einfache Montage von Plejd-Pucks<\/strong><\/h1>\n<p data-start=\"502\" data-end=\"791\">Die Montagebox ist eine praktische und sichere L\u00f6sung f\u00fcr die Installation von Plejd-Pucks an der Wand, in einem Schaltschrank oder in einem Spotloch.<\/p>\n<p data-start=\"502\" data-end=\"791\">Mit ihrem kompakten Design und der funktionalen Konstruktion gew\u00e4hrleistet die Box eine ber\u00fchrungssichere Installation und sorgt gleichzeitig f\u00fcr eine stabile Befestigung und ein geordnetes Kabelmanagement.<\/p>\n<p data-start=\"793\" data-end=\"1019\">Es ist f\u00fcr eine Vielzahl von Installationsumgebungen geeignet und mit Standardwand- und Deckeninstallationen kompatibel.<\/p>\n<p data-start=\"793\" data-end=\"1019\">Die Montagebox besteht aus langlebigem, halogenfreiem Kunststoff und ist f\u00fcr den Innenbereich mit IP20 zertifiziert.<\/p>\n<h3 data-start=\"1021\" data-end=\"1068\"><strong data-start=\"1025\" data-end=\"1066\">Flexible und anpassbare Montage<\/strong><\/h3>\n<p data-start=\"1069\" data-end=\"1385\">Die Montagedose ist f\u00fcr unterschiedliche Installationen geeignet und kann sowohl f\u00fcr die Wandmontage als auch f\u00fcr den Einsatz in Schaltschr\u00e4nken verwendet werden.<\/p>\n<p data-start=\"1069\" data-end=\"1385\">Durch sechs Eing\u00e4nge und Vorstanzungen zur Verdrahtung l\u00e4sst sich die Box leicht an unterschiedliche Bed\u00fcrfnisse anpassen.<\/p>\n<p data-start=\"1069\" data-end=\"1385\">Es ist au\u00dferdem mit einer Zugentlastung ausgestattet, um eine stabile und sichere Kabelverbindung zu gew\u00e4hrleisten.<\/p>\n<h3 data-start=\"1387\" data-end=\"1427\"><strong data-start=\"1391\" data-end=\"1425\">Produktmerkmale und Vorteile<\/strong><\/h3>\n<ul data-start=\"1429\" data-end=\"2080\">\n<li data-start=\"1429\" data-end=\"1506\"><strong data-start=\"1431\" data-end=\"1450\">Sichere Montage<\/strong> \u2013 Erm\u00f6glicht eine ber\u00fchrungssichere Montage von Plejd-Pucks.<\/li>\n<li data-start=\"1507\" data-end=\"1592\"><strong data-start=\"1509\" data-end=\"1527\">Zugentlastung<\/strong> \u2013 Verhindert, dass sich Kabel bei der Installation l\u00f6sen oder besch\u00e4digt werden.<\/li>\n<li data-start=\"1593\" data-end=\"1670\"><strong data-start=\"1595\" data-end=\"1620\">Flexible Installation<\/strong> \u2013 Kann an der Wand, in einem Schrank oder in einer Strahler\u00f6ffnung montiert werden.<\/li>\n<li data-start=\"1671\" data-end=\"1749\"><strong data-start=\"1673\" data-end=\"1699\">Platzsparendes Design<\/strong> \u2013 Kompakte Gr\u00f6\u00dfe, die in enge R\u00e4ume passt.<\/li>\n<li data-start=\"1750\" data-end=\"1830\"><strong data-start=\"1752\" data-end=\"1776\">Langlebige Konstruktion<\/strong> \u2013 Aus halogenfreiem Kunststoff f\u00fcr lange Lebensdauer.<\/li>\n<li data-start=\"1831\" data-end=\"1905\"><strong data-start=\"1833\" data-end=\"1856\">Schutzart IP20<\/strong> \u2013 Gesch\u00fctzt gegen feste Objekte, die gr\u00f6\u00dfer als 12,5 mm sind.<\/li>\n<li data-start=\"1906\" data-end=\"1995\"><strong data-start=\"1908\" data-end=\"1931\">Einfache Verdrahtung<\/strong> \u2013 Sechs Eing\u00e4nge mit Vorlochungen f\u00fcr Leiterrohre bis 16 mm.<\/li>\n<li data-start=\"1996\" data-end=\"2080\"><strong data-start=\"1998\" data-end=\"2026\">Benutzerfreundliche Montage<\/strong> \u2013 Schnelle und einfache Installation ohne zus\u00e4tzliches Werkzeug.<\/li>\n<\/ul>\n<h3 data-start=\"2082\" data-end=\"2110\"><strong data-start=\"2086\" data-end=\"2108\">Einsatzgebiete<\/strong><\/h3>\n<p data-start=\"2111\" data-end=\"2298\">Die Montagebox ist perfekt sowohl f\u00fcr Heimanwender als auch f\u00fcr professionelle Installateure, die eine sichere und einfache Installation von Plejd-Pucks w\u00fcnschen. Es kann in verschiedenen Umgebungen verwendet werden, darunter:<\/p>\n<ul data-start=\"2300\" data-end=\"2560\">\n<li data-start=\"2300\" data-end=\"2373\"><strong data-start=\"2302\" data-end=\"2319\">Wandmontage<\/strong> \u2013 Perfekt f\u00fcr den Einbau in Standard-Elektroinstallationen.<\/li>\n<li data-start=\"2374\" data-end=\"2487\"><strong data-start=\"2376\" data-end=\"2405\">Schaltschr\u00e4nke und Anschlussk\u00e4sten<\/strong> \u2013 Ideal f\u00fcr den Einbau in Schr\u00e4nke, bei denen eine sichere und geordnete Kabelf\u00fchrung erforderlich ist.<\/li>\n<li data-start=\"2488\" data-end=\"2560\"><strong data-start=\"2490\" data-end=\"2501\">Punktloch<\/strong> \u2013 Geeignet f\u00fcr Deckeneinbauten und Beleuchtungssysteme.<\/li>\n<\/ul>\n<h3 data-start=\"2562\" data-end=\"2596\"><strong data-start=\"2566\" data-end=\"2594\">Technische Spezifikationen<\/strong><\/h3>\n<ul data-start=\"2598\" data-end=\"3189\">\n<li data-start=\"2598\" data-end=\"2625\"><strong data-start=\"2600\" data-end=\"2611\">Modell:<\/strong> Ger\u00e4tebox<\/li>\n<li data-start=\"2626\" data-end=\"2667\"><strong data-start=\"2628\" data-end=\"2648\">Montagemethode:<\/strong> Wand-\/Deckenmontage<\/li>\n<li data-start=\"2668\" data-end=\"2704\"><strong data-start=\"2670\" data-end=\"2683\">Material:<\/strong> Kunststoff (halogenfrei)<\/li>\n<li data-start=\"2705\" data-end=\"2722\"><strong data-start=\"2707\" data-end=\"2716\">Malen:<\/strong> Wei\u00df<\/li>\n<li data-start=\"2723\" data-end=\"2751\"><strong data-start=\"2725\" data-end=\"2744\">Schutzklasse:<\/strong> IP20<\/li>\n<li data-start=\"2752\" data-end=\"2777\"><strong data-start=\"2754\" data-end=\"2773\">Anzahl Eing\u00e4nge:<\/strong> 6<\/li>\n<li data-start=\"2778\" data-end=\"2826\"><strong data-start=\"2780\" data-end=\"2812\">Art der Geh\u00e4usedurchdringung:<\/strong> Vorpr\u00e4gung<\/li>\n<li data-start=\"2827\" data-end=\"2860\"><strong data-start=\"2829\" data-end=\"2851\">Maximale Leiterfl\u00e4che:<\/strong> 16 mm\u00b2<\/li>\n<li data-start=\"2861\" data-end=\"2896\"><strong data-start=\"2863\" data-end=\"2888\">F\u00fcr Leiterrohrdurchmesser:<\/strong> 16 mm<\/li>\n<li data-start=\"2897\" data-end=\"2924\"><strong data-start=\"2899\" data-end=\"2919\">Zulauf von hinten:<\/strong> Ja<\/li>\n<li data-start=\"2925\" data-end=\"2945\"><strong data-start=\"2927\" data-end=\"2937\">L\u00e4nge:<\/strong> 93 mm<\/li>\n<li data-start=\"2946\" data-end=\"2966\"><strong data-start=\"2948\" data-end=\"2958\">Breite:<\/strong> 53 mm<\/li>\n<li data-start=\"2967\" data-end=\"2986\"><strong data-start=\"2969\" data-end=\"2978\">Tiefe:<\/strong> 25 mm<\/li>\n<li data-start=\"2987\" data-end=\"3010\"><strong data-start=\"2989\" data-end=\"3002\">Durchmesser:<\/strong> 70 mm<\/li>\n<li data-start=\"3011\" data-end=\"3044\"><strong data-start=\"3013\" data-end=\"3027\">Deckel\/Abdeckung:<\/strong> Montagekappe<\/li>\n<li data-start=\"3045\" data-end=\"3074\"><strong data-start=\"3047\" data-end=\"3068\">Transparenter Deckel:<\/strong> NEIN<\/li>\n<li data-start=\"3075\" data-end=\"3098\"><strong data-start=\"3077\" data-end=\"3092\">Versiegelbar:<\/strong> NEIN<\/li>\n<li data-start=\"3099\" data-end=\"3141\"><strong data-start=\"3101\" data-end=\"3133\">Nennisolationsspannung:<\/strong> 400 V<\/li>\n<li data-start=\"3142\" data-end=\"3189\"><strong data-start=\"3144\" data-end=\"3170\">Betriebstemperaturbereich:<\/strong> -30\u00b0C bis +60\u00b0C<\/li>\n<\/ul>\n<h3 data-start=\"3191\" data-end=\"3229\"><strong data-start=\"3195\" data-end=\"3227\">Einfache und sichere Installation<\/strong><\/h3>\n<p data-start=\"3230\" data-end=\"3523\">Die Montagebox ist auf einfache Installation und Handhabung ausgelegt. Dank der Vorpr\u00e4gungen k\u00f6nnen Sie Kabel problemlos einziehen und die Installation bei Bedarf anpassen.<\/p>\n<p data-start=\"3230\" data-end=\"3523\">Die stabile Zugentlastung sorgt daf\u00fcr, dass die Kabel an ihrem Platz gehalten werden und minimiert das Risiko von Besch\u00e4digungen oder Fehlverbindungen.<\/p>\n<h3 data-start=\"3525\" data-end=\"3583\"><strong data-start=\"3529\" data-end=\"3581\">Eine notwendige Komponente in intelligenten Beleuchtungssystemen<\/strong><\/h3>\n<p data-start=\"3584\" data-end=\"3840\">Mit ihrer robusten Konstruktion und dem anpassungsf\u00e4higen Design ist die Montagebox ein wichtiger Bestandteil aller Plejd-Installationen.<\/p>\n<p data-start=\"3584\" data-end=\"3840\">Es bietet eine sichere und professionelle Montage und erleichtert gleichzeitig die Organisation und den Schutz der Kabel in Ihrer Installation.<\/p>\n<h3 data-start=\"3842\" data-end=\"3860\"><strong data-start=\"3846\" data-end=\"3858\">Abschluss<\/strong><\/h3>\n<p data-start=\"3861\" data-end=\"4180\">Die Montagebox ist eine smarte, flexible und sichere L\u00f6sung zur ber\u00fchrungsgesch\u00fctzten Montage von Plejd-Pucks.<\/p>\n<p data-start=\"3861\" data-end=\"4180\">Es ist ideal sowohl f\u00fcr Profis als auch f\u00fcr Heimanwender, die eine stabile und organisierte Einrichtung w\u00fcnschen.<\/p>\n<p data-start=\"3861\" data-end=\"4180\">Durch die einfache Montage und langlebige Konstruktion ist es eine perfekte Komponente f\u00fcr das Plejd-System.<\/p>","protected":false},"excerpt":{"rendered":"<p>Montagebox zur sicheren und ber\u00fchrungsgesch\u00fctzten Montage von Plejd-Pucks an der Wand, in einem Schrank oder einer Spotbohrung.<\/p>\n<p>Ausgestattet mit Zugentlastung f\u00fcr eine sichere Kabelverbindung.<\/p>\n<p>IP20-zertifiziert, aus halogenfreiem Kunststoff mit sechs Eing\u00e4ngen und kompaktem Design f\u00fcr eine einfache Installation.<\/p>","protected":false},"featured_media":148021,"template":"","meta":{"_acf_changed":false},"product_brand":[],"product_cat":[4662],"product_tag":[4670],"class_list":{"0":"post-148022","1":"product","2":"type-product","3":"status-publish","4":"has-post-thumbnail","6":"product_cat-plejd-tillbehor","7":"product_tag-plejd","8":"product_shipping_class-postnord-varubrev","9":"pa_brands-plejd","10":"pa_farg-vit","11":"tm-has-options","13":"first","14":"instock","15":"sale","16":"taxable","17":"shipping-taxable","18":"purchasable","19":"product-type-simple"},"acf":[],"_links":{"self":[{"href":"https:\/\/secureus.se\/de\/wp-json\/wp\/v2\/product\/148022","targetHints":{"allow":["GET"]}}],"collection":[{"href":"https:\/\/secureus.se\/de\/wp-json\/wp\/v2\/product"}],"about":[{"href":"https:\/\/secureus.se\/de\/wp-json\/wp\/v2\/types\/product"}],"wp:featuredmedia":[{"embeddable":true,"href":"https:\/\/secureus.se\/de\/wp-json\/wp\/v2\/media\/148021"}],"wp:attachment":[{"href":"https:\/\/secureus.se\/de\/wp-json\/wp\/v2\/media?parent=148022"}],"wp:term":[{"taxonomy":"product_brand","embeddable":true,"href":"https:\/\/secureus.se\/de\/wp-json\/wp\/v2\/product_brand?post=148022"},{"taxonomy":"product_cat","embeddable":true,"href":"https:\/\/secureus.se\/de\/wp-json\/wp\/v2\/product_cat?post=148022"},{"taxonomy":"product_tag","embeddable":true,"href":"https:\/\/secureus.se\/de\/wp-json\/wp\/v2\/product_tag?post=148022"}],"curies":[{"name":"wp","href":"https:\/\/api.w.org\/{rel}","templated":true}]}}