{"id":148024,"date":"2025-02-25T12:22:23","date_gmt":"2025-02-25T11:22:23","guid":{"rendered":"https:\/\/secureus.se\/?post_type=product&#038;p=148024"},"modified":"2026-04-08T16:37:32","modified_gmt":"2026-04-08T14:37:32","slug":"plejd-vridadapter-rtr-01-eb-svart","status":"publish","type":"product","link":"https:\/\/secureus.se\/de\/plejd-vridadapter-rtr-01-eb-svart\/","title":{"rendered":"Plejd Schwenkadapter RTR-01-EB schwarz"},"content":{"rendered":"<h1 data-start=\"448\" data-end=\"508\"><strong data-start=\"452\" data-end=\"506\">Kombinieren Sie klassische Dimmerfunktion mit intelligenter Technologie<\/strong><\/h1>\n<p data-start=\"509\" data-end=\"885\">Der Schwenkadapter EB Black ist eine elegante und funktionale L\u00f6sung zur intelligenten Lichtsteuerung.<\/p>\n<p data-start=\"509\" data-end=\"885\">Durch Zusammenklicken des Adapters mit einem Plejd-Puck Ihrer Wahl erhalten Sie einen herk\u00f6mmlichen Drehdimmer, der sowohl manuell als auch drahtlos \u00fcber die Mesh-Technologie des Plejd-Systems gesteuert werden kann.<\/p>\n<p data-start=\"509\" data-end=\"885\">Dadurch eignet es sich ideal sowohl f\u00fcr moderne Wohnh\u00e4user als auch f\u00fcr professionelle Installationen, bei denen Flexibilit\u00e4t und Design wichtige Faktoren sind.<\/p>\n<h3 data-start=\"887\" data-end=\"936\"><strong data-start=\"891\" data-end=\"934\">Kabellose und flexible Lichtsteuerung<\/strong><\/h3>\n<p data-start=\"937\" data-end=\"1312\">Einer der gro\u00dfen Vorteile des EB Black Swivel Adapters ist seine F\u00e4higkeit, im Plejd-\u00d6kosystem zu funktionieren.<\/p>\n<p data-start=\"937\" data-end=\"1312\">Dank der Wireless-Mesh-Technologie kann es andere Plejd-Ger\u00e4te steuern und sich nahtlos in Ihr bestehendes System integrieren.<\/p>\n<p data-start=\"937\" data-end=\"1312\">Der mit dem Adapter verwendete Puck beh\u00e4lt seine Funktionen wie Steuereingang und Zeiteinstellungen, sodass Sie die Beleuchtung \u00fcber mehrere verschiedene Tasten steuern k\u00f6nnen.<\/p>\n<h3 data-start=\"1314\" data-end=\"1354\"><strong data-start=\"1318\" data-end=\"1352\">Produktmerkmale und Vorteile<\/strong><\/h3>\n<ul data-start=\"1356\" data-end=\"2079\">\n<li data-start=\"1356\" data-end=\"1445\"><strong data-start=\"1358\" data-end=\"1389\">Klassische Drehdimmerfunktion<\/strong> \u2013 Bietet ein traditionelles Gef\u00fchl mit moderner, intelligenter Technologie.<\/li>\n<li data-start=\"1446\" data-end=\"1520\"><strong data-start=\"1448\" data-end=\"1471\">Drahtlose Integration<\/strong> \u2013 Steuern Sie andere Plejd-Ger\u00e4te \u00fcber das Mesh-Netzwerk.<\/li>\n<li data-start=\"1521\" data-end=\"1591\"><strong data-start=\"1523\" data-end=\"1545\">Einfache Installation<\/strong> \u2013 Schnappbefestigung im Kasten oder Doppelrahmen.<\/li>\n<li data-start=\"1592\" data-end=\"1655\"><strong data-start=\"1594\" data-end=\"1612\">Elegantes Design<\/strong> \u2013 Lackierte, matte Oberfl\u00e4che in Schwarz (RAL 9005).<\/li>\n<li data-start=\"1656\" data-end=\"1754\"><strong data-start=\"1658\" data-end=\"1680\">Flexible Montage<\/strong> \u2013 Kann freistehend oder im Doppelrahmen mit handels\u00fcblichem Lichtschalter montiert werden.<\/li>\n<li data-start=\"1755\" data-end=\"1843\"><strong data-start=\"1757\" data-end=\"1778\">Nachhaltiges Material<\/strong> \u2013 Aus halogenfreiem Thermoplast f\u00fcr lange Haltbarkeit.<\/li>\n<li data-start=\"1844\" data-end=\"1924\"><strong data-start=\"1846\" data-end=\"1861\">App-Steuerung<\/strong> \u2013 Konfiguration und Einstellungen erfolgen ganz einfach in der Plejd-App.<\/li>\n<li data-start=\"1925\" data-end=\"2004\"><strong data-start=\"1927\" data-end=\"1958\">Passend f\u00fcr ELKO\u00ae Plus Rahmen<\/strong> \u2013 F\u00fcr eine einheitliche und stilvolle Installation.<\/li>\n<li data-start=\"2005\" data-end=\"2079\"><strong data-start=\"2007\" data-end=\"2031\">In mehreren Farben erh\u00e4ltlich<\/strong> \u2013 Passen Sie es mit verschiedenen Farboptionen an Ihr Interieur an.<\/li>\n<\/ul>\n<h3 data-start=\"2081\" data-end=\"2140\"><strong data-start=\"2085\" data-end=\"2138\">Perfekt f\u00fcr Smart Homes und professionelle Umgebungen<\/strong><\/h3>\n<p data-start=\"2141\" data-end=\"2350\">Der EB Black-Drehadapter ist die perfekte L\u00f6sung f\u00fcr alle, die eine stilvolle und funktionale Lichtsteuerung w\u00fcnschen.<\/p>\n<p data-start=\"2141\" data-end=\"2350\">Es passt gleicherma\u00dfen gut in moderne Wohn- und B\u00fcroumgebungen, in denen Sie Stil mit intelligenten Funktionen kombinieren m\u00f6chten.<\/p>\n<h3 data-start=\"2352\" data-end=\"2389\"><strong data-start=\"2356\" data-end=\"2387\">Installation und Verwendung<\/strong><\/h3>\n<p data-start=\"2390\" data-end=\"2447\">Die Installation ist einfach und erfordert kein Spezialwerkzeug:<\/p>\n<ol data-start=\"2449\" data-end=\"2868\">\n<li data-start=\"2449\" data-end=\"2547\"><strong data-start=\"2452\" data-end=\"2498\">Klicken Sie den Schwenkadapter mit einem Plejd-Puck zusammen<\/strong> \u2013 W\u00e4hlen Sie einen kompatiblen Puck aus dem Sortiment von Plejd.<\/li>\n<li data-start=\"2548\" data-end=\"2658\"><strong data-start=\"2551\" data-end=\"2571\">Montieren Sie den Adapter<\/strong> \u2013 Rasten Sie es zusammen mit einem herk\u00f6mmlichen Lichtschalter in eine Dose oder einen Doppelrahmen ein.<\/li>\n<li data-start=\"2659\" data-end=\"2759\"><strong data-start=\"2662\" data-end=\"2687\">Konfigurieren \u00fcber die App<\/strong> \u2013 Passen Sie Helligkeit, Szenarien und andere Funktionen \u00fcber die Plejd-App an.<\/li>\n<li data-start=\"2760\" data-end=\"2868\"><strong data-start=\"2763\" data-end=\"2790\">Beginnen Sie mit der Steuerung der Beleuchtung<\/strong> \u2013 Dimmen Sie das Licht mit dem Knopf oder nutzen Sie die Wireless-Funktionen des Plejd-Systems.<\/li>\n<\/ol>\n<p data-start=\"2870\" data-end=\"3007\">Durch die flexible Befestigung ist die Installation des Swivel Adapter EB Black sowohl einzeln als auch in Kombination mit anderen Plejd-Einheiten m\u00f6glich.<\/p>\n<h3 data-start=\"3009\" data-end=\"3043\"><strong data-start=\"3013\" data-end=\"3041\">Technische Spezifikationen<\/strong><\/h3>\n<ul data-start=\"3045\" data-end=\"3595\">\n<li data-start=\"3045\" data-end=\"3065\"><strong data-start=\"3047\" data-end=\"3058\">Modell:<\/strong> Wrack<\/li>\n<li data-start=\"3066\" data-end=\"3105\"><strong data-start=\"3068\" data-end=\"3090\">Funktionsweise:<\/strong> Rotationsfunktion<\/li>\n<li data-start=\"3106\" data-end=\"3138\"><strong data-start=\"3108\" data-end=\"3130\">Dichtungsart:<\/strong> Einrasten<\/li>\n<li data-start=\"3139\" data-end=\"3180\"><strong data-start=\"3141\" data-end=\"3154\">Material:<\/strong> Thermoplast (halogenfrei)<\/li>\n<li data-start=\"3181\" data-end=\"3221\"><strong data-start=\"3183\" data-end=\"3200\">Oberfl\u00e4chenbehandlung:<\/strong> Lackierte, matte Oberfl\u00e4che<\/li>\n<li data-start=\"3222\" data-end=\"3252\"><strong data-start=\"3224\" data-end=\"3233\">Malen:<\/strong> Schwarz (RAL 9005)<\/li>\n<li data-start=\"3253\" data-end=\"3293\"><strong data-start=\"3255\" data-end=\"3268\">IP-Klasse:<\/strong> IP20 (f\u00fcr den Innenbereich)<\/li>\n<li data-start=\"3294\" data-end=\"3320\"><strong data-start=\"3296\" data-end=\"3313\">Schlagfestigkeit:<\/strong> IK00<\/li>\n<li data-start=\"3321\" data-end=\"3341\"><strong data-start=\"3323\" data-end=\"3333\">Breite:<\/strong> 55 mm<\/li>\n<li data-start=\"3342\" data-end=\"3361\"><strong data-start=\"3344\" data-end=\"3353\">H\u00f6he:<\/strong> 55 mm<\/li>\n<li data-start=\"3362\" data-end=\"3381\"><strong data-start=\"3364\" data-end=\"3373\">Tiefe:<\/strong> 18 mm<\/li>\n<li data-start=\"3382\" data-end=\"3436\"><strong data-start=\"3384\" data-end=\"3430\">Passend f\u00fcr Touchsensor f\u00fcr Bussysteme:<\/strong> NEIN<\/li>\n<li data-start=\"3437\" data-end=\"3480\"><strong data-start=\"3439\" data-end=\"3474\">Scanbares Symbol \/ Barrierefreiheit:<\/strong> NEIN<\/li>\n<li data-start=\"3481\" data-end=\"3514\"><strong data-start=\"3483\" data-end=\"3508\">Mit bedruckbarem Etikett:<\/strong> NEIN<\/li>\n<li data-start=\"3515\" data-end=\"3552\"><strong data-start=\"3517\" data-end=\"3546\">Mit wechselbarem Objektiv\/Symbol:<\/strong> NEIN<\/li>\n<li data-start=\"3553\" data-end=\"3595\"><strong data-start=\"3555\" data-end=\"3589\">\u00dcberwachungsfenster\/Lichtsteckdose:<\/strong> NEIN<\/li>\n<\/ul>\n<h3 data-start=\"3597\" data-end=\"3644\"><strong data-start=\"3601\" data-end=\"3642\">Design und Funktion in perfekter Harmonie<\/strong><\/h3>\n<p data-start=\"3645\" data-end=\"3911\">Die schwarze, matte Oberfl\u00e4che und die Kompatibilit\u00e4t mit ELKO\u00ae Plus-Rahmen machen den Schwenkadapter EB Black zu einer stilvollen Wahl f\u00fcr alle Arten von Umgebungen.<\/p>\n<p data-start=\"3645\" data-end=\"3911\">Das minimalistische Design f\u00fcgt sich gut in moderne Innenr\u00e4ume ein und bietet gleichzeitig volle Kontrolle \u00fcber die Beleuchtung.<\/p>\n<h3 data-start=\"3913\" data-end=\"3931\"><strong data-start=\"3917\" data-end=\"3929\">Abschluss<\/strong><\/h3>\n<p data-start=\"3932\" data-end=\"4243\">Der Drehadapter EB Black ist eine elegante und intelligente Lichtsteuerungsl\u00f6sung, die die klassische Drehdimmerfunktion mit moderner Funktechnologie kombiniert.<\/p>\n<p data-start=\"3932\" data-end=\"4243\">Die einfache Installation, das elegante Design und die Integration mit dem Plejd-System machen es zu einer offensichtlichen Wahl sowohl f\u00fcr Privatpersonen als auch f\u00fcr professionelle Installateure.<\/p>","protected":false},"excerpt":{"rendered":"<p>Der EB Black Drehadapter wird mit einem optionalen Plejd-Puck zusammengeklickt und fungiert als klassischer Drehdimmer.<\/p>\n<p>Dank der Wireless-Mesh-Technologie kann es andere Plejd-Ger\u00e4te steuern.<\/p>\n<p>Einfache Installation und Konfiguration \u00fcber die Plejd-App.<\/p>\n<p>Passt zum schwarzen Rahmen von ELKO\u00ae Plus.<\/p>","protected":false},"featured_media":148023,"template":"","meta":{"_acf_changed":false},"product_brand":[],"product_cat":[4661],"product_tag":[4670],"class_list":{"0":"post-148024","1":"product","2":"type-product","3":"status-publish","4":"has-post-thumbnail","6":"product_cat-plejd-vridadapter","7":"product_tag-plejd","8":"product_shipping_class-postnord-varubrev","9":"pa_brands-plejd","10":"pa_farg-svart","11":"tm-has-options","13":"first","14":"instock","15":"sale","16":"taxable","17":"shipping-taxable","18":"purchasable","19":"product-type-simple"},"acf":[],"_links":{"self":[{"href":"https:\/\/secureus.se\/de\/wp-json\/wp\/v2\/product\/148024","targetHints":{"allow":["GET"]}}],"collection":[{"href":"https:\/\/secureus.se\/de\/wp-json\/wp\/v2\/product"}],"about":[{"href":"https:\/\/secureus.se\/de\/wp-json\/wp\/v2\/types\/product"}],"wp:featuredmedia":[{"embeddable":true,"href":"https:\/\/secureus.se\/de\/wp-json\/wp\/v2\/media\/148023"}],"wp:attachment":[{"href":"https:\/\/secureus.se\/de\/wp-json\/wp\/v2\/media?parent=148024"}],"wp:term":[{"taxonomy":"product_brand","embeddable":true,"href":"https:\/\/secureus.se\/de\/wp-json\/wp\/v2\/product_brand?post=148024"},{"taxonomy":"product_cat","embeddable":true,"href":"https:\/\/secureus.se\/de\/wp-json\/wp\/v2\/product_cat?post=148024"},{"taxonomy":"product_tag","embeddable":true,"href":"https:\/\/secureus.se\/de\/wp-json\/wp\/v2\/product_tag?post=148024"}],"curies":[{"name":"wp","href":"https:\/\/api.w.org\/{rel}","templated":true}]}}