{"id":148032,"date":"2025-02-25T12:22:23","date_gmt":"2025-02-25T11:22:23","guid":{"rendered":"https:\/\/secureus.se\/?post_type=product&#038;p=148032"},"modified":"2026-04-23T10:18:09","modified_gmt":"2026-04-23T08:18:09","slug":"plejd-vridadapter-rtr-01-rw-vit","status":"publish","type":"product","link":"https:\/\/secureus.se\/de\/plejd-vridadapter-rtr-01-rw-vit\/","title":{"rendered":"Plejd Schwenkadapter RTR-01-RW wei\u00df"},"content":{"rendered":"<h1 data-start=\"441\" data-end=\"495\"><strong data-start=\"445\" data-end=\"493\">Einfache und reibungslose Lichtsteuerung f\u00fcr Smart Homes<\/strong><\/h1>\n<p data-start=\"496\" data-end=\"868\">Der Drehadapter RW Wei\u00df ist eine stilvolle und funktionale L\u00f6sung zur intelligenten Lichtsteuerung.<\/p>\n<p data-start=\"496\" data-end=\"868\">Durch Zusammenklicken des Adapters mit einem Plejd-Puck Ihrer Wahl erhalten Sie einen herk\u00f6mmlichen Drehdimmer, der sowohl manuell als auch drahtlos \u00fcber die Mesh-Technologie des Plejd-Systems gesteuert werden kann.<\/p>\n<p data-start=\"496\" data-end=\"868\">Dies macht es zur perfekten L\u00f6sung sowohl f\u00fcr private als auch gewerbliche Umgebungen, in denen eine einfache und flexible Lichtsteuerung erforderlich ist.<\/p>\n<h3 data-start=\"870\" data-end=\"916\"><strong data-start=\"874\" data-end=\"914\">Intelligente und kabellose Lichtsteuerung<\/strong><\/h3>\n<p data-start=\"917\" data-end=\"1243\">Mithilfe der drahtlosen Mesh-Technologie von Plejd kann der RW White Swivel Adapter andere Plejd-Ger\u00e4te steuern und sich nahtlos in Ihr bestehendes Smart-System integrieren.<\/p>\n<p data-start=\"917\" data-end=\"1243\">Der mit dem Adapter verwendete Puck beh\u00e4lt seine Funktionen wie Steuereingang und Zeiteinstellungen, sodass Sie die Beleuchtung \u00fcber mehrere verschiedene Tasten und Ger\u00e4te steuern k\u00f6nnen.<\/p>\n<h3 data-start=\"1245\" data-end=\"1285\"><strong data-start=\"1249\" data-end=\"1283\">Produktmerkmale und Vorteile<\/strong><\/h3>\n<ul data-start=\"1287\" data-end=\"2032\">\n<li data-start=\"1287\" data-end=\"1367\"><strong data-start=\"1289\" data-end=\"1320\">Klassische Drehdimmerfunktion<\/strong> \u2013 Erm\u00f6glicht eine einfache und intuitive Lichtsteuerung.<\/li>\n<li data-start=\"1368\" data-end=\"1446\"><strong data-start=\"1370\" data-end=\"1393\">Drahtlose Integration<\/strong> \u2013 Steuern Sie andere Plejd-Ger\u00e4te \u00fcber das Plejd-Mesh-Netzwerk.<\/li>\n<li data-start=\"1447\" data-end=\"1517\"><strong data-start=\"1449\" data-end=\"1471\">Einfache Installation<\/strong> \u2013 Schnappbefestigung im Kasten oder Doppelrahmen.<\/li>\n<li data-start=\"1518\" data-end=\"1580\"><strong data-start=\"1520\" data-end=\"1538\">Stilvolles Design<\/strong> \u2013 Unbehandelte, gl\u00e4nzend wei\u00dfe Oberfl\u00e4che (RAL 9003).<\/li>\n<li data-start=\"1581\" data-end=\"1679\"><strong data-start=\"1583\" data-end=\"1605\">Flexible Montage<\/strong> \u2013 Kann freistehend oder im Doppelrahmen mit handels\u00fcblichem Lichtschalter montiert werden.<\/li>\n<li data-start=\"1680\" data-end=\"1768\"><strong data-start=\"1682\" data-end=\"1703\">Nachhaltiges Material<\/strong> \u2013 Aus halogenfreiem Thermoplast f\u00fcr lange Haltbarkeit.<\/li>\n<li data-start=\"1769\" data-end=\"1852\"><strong data-start=\"1771\" data-end=\"1786\">App-Steuerung<\/strong> \u2013 Passen Sie Einstellungen und Lichtszenarien ganz einfach in der Plejd-App an.<\/li>\n<li data-start=\"1853\" data-end=\"1953\"><strong data-start=\"1855\" data-end=\"1893\">Passt zu Schneider Renova\u00ae Rahmen<\/strong> \u2013 F\u00fcr eine einheitliche und \u00e4sthetisch ansprechende Installation.<\/li>\n<li data-start=\"1954\" data-end=\"2032\"><strong data-start=\"1956\" data-end=\"1980\">Mehrere Farboptionen<\/strong> \u2013 In verschiedenen Farben erh\u00e4ltlich, passend zum Interieur.<\/li>\n<\/ul>\n<h3 data-start=\"2034\" data-end=\"2100\"><strong data-start=\"2038\" data-end=\"2098\">Perfekt f\u00fcr Smart Homes und professionelle Installationen<\/strong><\/h3>\n<p data-start=\"2101\" data-end=\"2325\">Der Drehadapter RW Wei\u00df ist die perfekte L\u00f6sung f\u00fcr alle, die eine sanfte und elegante Lichtsteuerung w\u00fcnschen.<\/p>\n<p data-start=\"2101\" data-end=\"2325\">Es ist ideal f\u00fcr moderne Wohnungen, B\u00fcroumgebungen und andere Installationen, bei denen Flexibilit\u00e4t und Benutzerfreundlichkeit im Mittelpunkt stehen.<\/p>\n<h3 data-start=\"2327\" data-end=\"2364\"><strong data-start=\"2331\" data-end=\"2362\">Installation und Verwendung<\/strong><\/h3>\n<p data-start=\"2365\" data-end=\"2422\">Die Installation ist einfach und erfordert kein Spezialwerkzeug:<\/p>\n<ol data-start=\"2424\" data-end=\"2843\">\n<li data-start=\"2424\" data-end=\"2522\"><strong data-start=\"2427\" data-end=\"2473\">Klicken Sie den Schwenkadapter mit einem Plejd-Puck zusammen<\/strong> \u2013 W\u00e4hlen Sie einen kompatiblen Puck aus dem Sortiment von Plejd.<\/li>\n<li data-start=\"2523\" data-end=\"2633\"><strong data-start=\"2526\" data-end=\"2546\">Montieren Sie den Adapter<\/strong> \u2013 Rasten Sie es zusammen mit einem herk\u00f6mmlichen Lichtschalter in eine Dose oder einen Doppelrahmen ein.<\/li>\n<li data-start=\"2634\" data-end=\"2734\"><strong data-start=\"2637\" data-end=\"2662\">Konfigurieren \u00fcber die App<\/strong> \u2013 Passen Sie Helligkeit, Szenarien und andere Funktionen \u00fcber die Plejd-App an.<\/li>\n<li data-start=\"2735\" data-end=\"2843\"><strong data-start=\"2738\" data-end=\"2765\">Beginnen Sie mit der Steuerung der Beleuchtung<\/strong> \u2013 Dimmen Sie das Licht mit dem Knopf oder nutzen Sie die Wireless-Funktionen des Plejd-Systems.<\/li>\n<\/ol>\n<p data-start=\"2845\" data-end=\"2980\">Durch die flexible Befestigung ist die Installation des RW White Swivel Adapters sowohl einzeln als auch in Kombination mit anderen Plejd-Einheiten m\u00f6glich.<\/p>\n<h3 data-start=\"2982\" data-end=\"3016\"><strong data-start=\"2986\" data-end=\"3014\">Technische Spezifikationen<\/strong><\/h3>\n<ul data-start=\"3018\" data-end=\"3569\">\n<li data-start=\"3018\" data-end=\"3038\"><strong data-start=\"3020\" data-end=\"3031\">Modell:<\/strong> Wrack<\/li>\n<li data-start=\"3039\" data-end=\"3078\"><strong data-start=\"3041\" data-end=\"3063\">Funktionsweise:<\/strong> Rotationsfunktion<\/li>\n<li data-start=\"3079\" data-end=\"3111\"><strong data-start=\"3081\" data-end=\"3103\">Dichtungsart:<\/strong> Einrasten<\/li>\n<li data-start=\"3112\" data-end=\"3153\"><strong data-start=\"3114\" data-end=\"3127\">Material:<\/strong> Thermoplast (halogenfrei)<\/li>\n<li data-start=\"3154\" data-end=\"3197\"><strong data-start=\"3156\" data-end=\"3173\">Oberfl\u00e4chenbehandlung:<\/strong> Unbehandelte, gl\u00e4nzende Oberfl\u00e4che<\/li>\n<li data-start=\"3198\" data-end=\"3226\"><strong data-start=\"3200\" data-end=\"3209\">Malen:<\/strong> Wei\u00df (RAL 9003)<\/li>\n<li data-start=\"3227\" data-end=\"3267\"><strong data-start=\"3229\" data-end=\"3242\">IP-Klasse:<\/strong> IP20 (f\u00fcr den Innenbereich)<\/li>\n<li data-start=\"3268\" data-end=\"3294\"><strong data-start=\"3270\" data-end=\"3287\">Schlagfestigkeit:<\/strong> IK00<\/li>\n<li data-start=\"3295\" data-end=\"3315\"><strong data-start=\"3297\" data-end=\"3307\">Breite:<\/strong> 52 mm<\/li>\n<li data-start=\"3316\" data-end=\"3335\"><strong data-start=\"3318\" data-end=\"3327\">H\u00f6he:<\/strong> 52 mm<\/li>\n<li data-start=\"3336\" data-end=\"3355\"><strong data-start=\"3338\" data-end=\"3347\">Tiefe:<\/strong> 18 mm<\/li>\n<li data-start=\"3356\" data-end=\"3410\"><strong data-start=\"3358\" data-end=\"3404\">Passend f\u00fcr Touchsensor f\u00fcr Bussysteme:<\/strong> NEIN<\/li>\n<li data-start=\"3411\" data-end=\"3454\"><strong data-start=\"3413\" data-end=\"3448\">Scanbares Symbol \/ Barrierefreiheit:<\/strong> NEIN<\/li>\n<li data-start=\"3455\" data-end=\"3488\"><strong data-start=\"3457\" data-end=\"3482\">Mit bedruckbarem Etikett:<\/strong> NEIN<\/li>\n<li data-start=\"3489\" data-end=\"3526\"><strong data-start=\"3491\" data-end=\"3520\">Mit wechselbarem Objektiv\/Symbol:<\/strong> NEIN<\/li>\n<li data-start=\"3527\" data-end=\"3569\"><strong data-start=\"3529\" data-end=\"3563\">\u00dcberwachungsfenster\/Lichtsteckdose:<\/strong> NEIN<\/li>\n<\/ul>\n<h3 data-start=\"3571\" data-end=\"3618\"><strong data-start=\"3575\" data-end=\"3616\">Design und Funktion in perfekter Harmonie<\/strong><\/h3>\n<p data-start=\"3619\" data-end=\"3889\">Die wei\u00dfe, gl\u00e4nzende Oberfl\u00e4che und die Kompatibilit\u00e4t mit Schneider Renova\u00ae-Rahmen machen den RW White Swivel Adapter zu einer stilvollen Wahl f\u00fcr alle Arten von Umgebungen.<\/p>\n<p data-start=\"3619\" data-end=\"3889\">Das minimalistische Design f\u00fcgt sich gut in moderne Innenr\u00e4ume ein und bietet gleichzeitig volle Kontrolle \u00fcber die Beleuchtung.<\/p>\n<h3 data-start=\"3891\" data-end=\"3909\"><strong data-start=\"3895\" data-end=\"3907\">Abschluss<\/strong><\/h3>\n<p data-start=\"3910\" data-end=\"4219\">Der Drehadapter RW Wei\u00df ist eine elegante und intelligente Lichtsteuerungsl\u00f6sung, die die klassische Drehdimmerfunktion mit moderner Funktechnologie kombiniert.<\/p>\n<p data-start=\"3910\" data-end=\"4219\">Die einfache Installation, das elegante Design und die Integration mit dem Plejd-System machen es zu einer offensichtlichen Wahl sowohl f\u00fcr Privatpersonen als auch f\u00fcr professionelle Installateure.<\/p>","protected":false},"excerpt":{"rendered":"<p>Der Drehadapter RW Wei\u00df wird mit einem optionalen Plejd-Puck zusammengeklickt und fungiert als klassischer Drehdimmer.<\/p>\n<p>Dank der Wireless-Mesh-Technologie kann es andere Plejd-Ger\u00e4te steuern. Einfache Installation und Konfiguration \u00fcber die Plejd-App.<\/p>\n<p>Passt zum wei\u00dfen Rahmen von Schneider Renova\u00ae.<\/p>","protected":false},"featured_media":148031,"template":"","meta":{"_acf_changed":false},"product_brand":[],"product_cat":[4661],"product_tag":[4670],"class_list":{"0":"post-148032","1":"product","2":"type-product","3":"status-publish","4":"has-post-thumbnail","6":"product_cat-plejd-vridadapter","7":"product_tag-plejd","8":"product_shipping_class-postnord-varubrev","9":"pa_brands-plejd","10":"pa_farg-vit","11":"tm-has-options","13":"first","14":"outofstock","15":"sale","16":"taxable","17":"shipping-taxable","18":"purchasable","19":"product-type-simple"},"acf":[],"_links":{"self":[{"href":"https:\/\/secureus.se\/de\/wp-json\/wp\/v2\/product\/148032","targetHints":{"allow":["GET"]}}],"collection":[{"href":"https:\/\/secureus.se\/de\/wp-json\/wp\/v2\/product"}],"about":[{"href":"https:\/\/secureus.se\/de\/wp-json\/wp\/v2\/types\/product"}],"wp:featuredmedia":[{"embeddable":true,"href":"https:\/\/secureus.se\/de\/wp-json\/wp\/v2\/media\/148031"}],"wp:attachment":[{"href":"https:\/\/secureus.se\/de\/wp-json\/wp\/v2\/media?parent=148032"}],"wp:term":[{"taxonomy":"product_brand","embeddable":true,"href":"https:\/\/secureus.se\/de\/wp-json\/wp\/v2\/product_brand?post=148032"},{"taxonomy":"product_cat","embeddable":true,"href":"https:\/\/secureus.se\/de\/wp-json\/wp\/v2\/product_cat?post=148032"},{"taxonomy":"product_tag","embeddable":true,"href":"https:\/\/secureus.se\/de\/wp-json\/wp\/v2\/product_tag?post=148032"}],"curies":[{"name":"wp","href":"https:\/\/api.w.org\/{rel}","templated":true}]}}