{"id":148036,"date":"2025-02-25T12:22:24","date_gmt":"2025-02-25T11:22:24","guid":{"rendered":"https:\/\/secureus.se\/?post_type=product&#038;p=148036"},"modified":"2026-03-26T11:06:34","modified_gmt":"2026-03-26T10:06:34","slug":"plejd-tryckknapp-tradlos-wph-01-ew-vit","status":"publish","type":"product","link":"https:\/\/secureus.se\/de\/plejd-tryckknapp-tradlos-wph-01-ew-vit\/","title":{"rendered":"Plejd Funk-Taster WPH-01-EW wei\u00df"},"content":{"rendered":"<h1 data-start=\"438\" data-end=\"487\"><strong data-start=\"442\" data-end=\"485\">Kabellose und flexible Lichtsteuerung<\/strong><\/h1>\n<p data-start=\"488\" data-end=\"794\">Push Button Wireless EW White ist eine elegante und flexible L\u00f6sung zur Steuerung der Beleuchtung in Ihrem Zuhause oder am Arbeitsplatz.<\/p>\n<p data-start=\"488\" data-end=\"794\">Mit diesem drahtlosen Taster k\u00f6nnen Sie die Beleuchtung eines oder mehrerer Plejd-Ger\u00e4te ganz einfach ein-, ausschalten oder dimmen \u2013 ohne Verkabelung oder komplizierte Installationen.<\/p>\n<p data-start=\"796\" data-end=\"1057\">Die Einstellungen erfolgen bequem \u00fcber <strong data-start=\"829\" data-end=\"844\">Die Plejd App<\/strong>, wo Sie Szenarien erstellen, Lichtst\u00e4rken steuern und Funktionen nach Bedarf anpassen k\u00f6nnen.<\/p>\n<p data-start=\"796\" data-end=\"1057\">Der Taster kommuniziert \u00fcber <strong data-start=\"957\" data-end=\"995\">2,4 GHz Mesh-Technologie und Bluetooth\u00ae<\/strong>, das eine stabile Verbindung innerhalb des Plejd-Systems gew\u00e4hrleistet.<\/p>\n<h3 data-start=\"1059\" data-end=\"1110\"><strong data-start=\"1063\" data-end=\"1108\">Flexible Montage und einfache Installation<\/strong><\/h3>\n<p data-start=\"1111\" data-end=\"1202\">Der kabellose Drucktaster EW White kann je nach Installationsbedarf auf verschiedene Arten montiert werden:<\/p>\n<ul data-start=\"1204\" data-end=\"1417\">\n<li data-start=\"1204\" data-end=\"1274\"><strong data-start=\"1206\" data-end=\"1223\">Klebebandmontage<\/strong> \u2013 Perfekt f\u00fcr glatte Oberfl\u00e4chen wie W\u00e4nde oder Fliesen.<\/li>\n<li data-start=\"1275\" data-end=\"1347\"><strong data-start=\"1277\" data-end=\"1295\">Schraubmontage<\/strong> \u2013 Kann direkt auf einer Standard-Schaltdose montiert werden.<\/li>\n<li data-start=\"1348\" data-end=\"1417\"><strong data-start=\"1350\" data-end=\"1374\">Freistehende Montage<\/strong> \u2013 Kann frei im Raum platziert werden.<\/li>\n<\/ul>\n<p data-start=\"1419\" data-end=\"1545\">Das stilvolle Design und die Kompatibilit\u00e4t mit <strong data-start=\"1466\" data-end=\"1489\">ELKO\u00ae RS\/Plus Rahmen<\/strong> l\u00e4sst den Taster in moderne Interieurs einflie\u00dfen.<\/p>\n<h3 data-start=\"1547\" data-end=\"1587\"><strong data-start=\"1551\" data-end=\"1585\">Produktmerkmale und Vorteile<\/strong><\/h3>\n<ul data-start=\"1589\" data-end=\"2292\">\n<li data-start=\"1589\" data-end=\"1677\"><strong data-start=\"1591\" data-end=\"1611\">Drahtlose Steuerung<\/strong> \u2013 Mit nur einem Knopfdruck k\u00f6nnen Sie die Beleuchtung ein- und ausschalten oder dimmen.<\/li>\n<li data-start=\"1678\" data-end=\"1759\"><strong data-start=\"1680\" data-end=\"1702\">Flexible Montage<\/strong> \u2013 Mit Klebeband, Schrauben oder direkt an einer Anschlussdose befestigen.<\/li>\n<li data-start=\"1760\" data-end=\"1855\"><strong data-start=\"1762\" data-end=\"1781\">Lange Akkulaufzeit<\/strong> \u2013 Bis zu 15 Jahre oder 200.000 Klicks (2 x CR2032 Batterien, austauschbar).<\/li>\n<li data-start=\"1856\" data-end=\"1948\"><strong data-start=\"1858\" data-end=\"1890\">Direkte Steuerung und Szenarien<\/strong> \u2013 Passen Sie Funktionen an und erstellen Sie Zeitpl\u00e4ne \u00fcber die Plejd-App.<\/li>\n<li data-start=\"1949\" data-end=\"2011\"><strong data-start=\"1951\" data-end=\"1969\">Stilvolles Design<\/strong> \u2013 Unbehandelte, gl\u00e4nzend wei\u00dfe Oberfl\u00e4che (RAL 9010).<\/li>\n<li data-start=\"2012\" data-end=\"2090\"><strong data-start=\"2014\" data-end=\"2044\">Passend f\u00fcr ELKO\u00ae RS\/Plus Rahmen<\/strong> \u2013 F\u00fcr eine einheitliche und elegante Installation.<\/li>\n<li data-start=\"2091\" data-end=\"2173\"><strong data-start=\"2093\" data-end=\"2118\">Drahtlose Kommunikation<\/strong> \u2013 2,4 GHz Mesh und Bluetooth\u00ae f\u00fcr eine stabile Verbindung.<\/li>\n<li data-start=\"2174\" data-end=\"2221\"><strong data-start=\"2176\" data-end=\"2193\">Funkreichweite<\/strong> \u2013 Ungef\u00e4hr 10 Meter im Innenbereich.<\/li>\n<li data-start=\"2222\" data-end=\"2292\"><strong data-start=\"2224\" data-end=\"2245\">Zwei-Knopf-Bedienung<\/strong> \u2013 Wird sowohl mit Einzel- als auch mit Doppelwippe geliefert.<\/li>\n<\/ul>\n<h3 data-start=\"2294\" data-end=\"2360\"><strong data-start=\"2298\" data-end=\"2358\">Perfekt f\u00fcr Smart Homes und professionelle Installationen<\/strong><\/h3>\n<p data-start=\"2361\" data-end=\"2604\">Push Button Wireless EW White ist die ideale L\u00f6sung f\u00fcr alle, die ihre Beleuchtung einfach und kabellos steuern m\u00f6chten.<\/p>\n<p data-start=\"2361\" data-end=\"2604\">Es ist perfekt f\u00fcr <strong data-start=\"2494\" data-end=\"2549\">Smart Homes, B\u00fcroumgebungen und andere Installationen<\/strong> wo Flexibilit\u00e4t und Benutzerfreundlichkeit entscheidend sind.<\/p>\n<h3 data-start=\"2606\" data-end=\"2643\"><strong data-start=\"2610\" data-end=\"2641\">Installation und Verwendung<\/strong><\/h3>\n<p data-start=\"2644\" data-end=\"2701\">Die Installation ist einfach und erfordert kein Spezialwerkzeug:<\/p>\n<ol data-start=\"2703\" data-end=\"2985\">\n<li data-start=\"2703\" data-end=\"2808\"><strong data-start=\"2706\" data-end=\"2725\">Installieren Sie den Button<\/strong> \u2013 Mit beiliegendem Klebeband befestigen, in die Ger\u00e4tedose schrauben oder freistehend aufstellen.<\/li>\n<li data-start=\"2809\" data-end=\"2878\"><strong data-start=\"2812\" data-end=\"2836\">In der Plejd-App verbinden<\/strong> \u2013 Konfigurieren und passen Sie die Funktionen an.<\/li>\n<li data-start=\"2879\" data-end=\"2985\"><strong data-start=\"2882\" data-end=\"2907\">Beginnen Sie mit der Verwendung der Schaltfl\u00e4che<\/strong> \u2013 Steuern Sie die Beleuchtung einfach per Tastendruck oder \u00fcber geplante Szenarien.<\/li>\n<\/ol>\n<h3 data-start=\"2987\" data-end=\"3021\"><strong data-start=\"2991\" data-end=\"3019\">Technische Spezifikationen<\/strong><\/h3>\n<ul data-start=\"3023\" data-end=\"3707\">\n<li data-start=\"3023\" data-end=\"3054\"><strong data-start=\"3025\" data-end=\"3036\">Modell:<\/strong> Serieller Drucktaster<\/li>\n<li data-start=\"3055\" data-end=\"3092\"><strong data-start=\"3057\" data-end=\"3079\">Funktionsweise:<\/strong> Druckknopf<\/li>\n<li data-start=\"3093\" data-end=\"3133\"><strong data-start=\"3095\" data-end=\"3117\">Dichtungsart:<\/strong> Kleben\/Schrauben<\/li>\n<li data-start=\"3134\" data-end=\"3162\"><strong data-start=\"3136\" data-end=\"3149\">Material:<\/strong> Thermoplast<\/li>\n<li data-start=\"3163\" data-end=\"3206\"><strong data-start=\"3165\" data-end=\"3182\">Oberfl\u00e4chenbehandlung:<\/strong> Unbehandelte, gl\u00e4nzende Oberfl\u00e4che<\/li>\n<li data-start=\"3207\" data-end=\"3235\"><strong data-start=\"3209\" data-end=\"3218\">Malen:<\/strong> Wei\u00df (RAL 9010)<\/li>\n<li data-start=\"3236\" data-end=\"3276\"><strong data-start=\"3238\" data-end=\"3251\">IP-Klasse:<\/strong> IP20 (f\u00fcr den Innenbereich)<\/li>\n<li data-start=\"3277\" data-end=\"3332\"><strong data-start=\"3279\" data-end=\"3297\">Anzahl der Tasten:<\/strong> 2 (Einzel- und Doppelwippe inklusive)<\/li>\n<li data-start=\"3333\" data-end=\"3364\"><strong data-start=\"3335\" data-end=\"3360\">Anzahl der Kontrollpunkte:<\/strong> 4<\/li>\n<li data-start=\"3365\" data-end=\"3385\"><strong data-start=\"3367\" data-end=\"3377\">Breite:<\/strong> 71 mm<\/li>\n<li data-start=\"3386\" data-end=\"3405\"><strong data-start=\"3388\" data-end=\"3397\">H\u00f6he:<\/strong> 71 mm<\/li>\n<li data-start=\"3406\" data-end=\"3425\"><strong data-start=\"3408\" data-end=\"3417\">Tiefe:<\/strong> 14 mm<\/li>\n<li data-start=\"3426\" data-end=\"3468\"><strong data-start=\"3428\" data-end=\"3443\">Akku-Typ:<\/strong> 2 x CR2032 (austauschbar)<\/li>\n<li data-start=\"3469\" data-end=\"3523\"><strong data-start=\"3471\" data-end=\"3486\">Akkulaufzeit:<\/strong> Bis zu 15 Jahre oder 200.000 Klicks<\/li>\n<li data-start=\"3524\" data-end=\"3579\"><strong data-start=\"3526\" data-end=\"3542\">Funksystem:<\/strong> 2,4 GHz Mesh, Bluetooth\u00ae (&lt;10 dBm)<\/li>\n<li data-start=\"3580\" data-end=\"3622\"><strong data-start=\"3582\" data-end=\"3600\">Funkreichweite:<\/strong> Etwa 10 Meter im Innenbereich<\/li>\n<li data-start=\"3623\" data-end=\"3663\"><strong data-start=\"3625\" data-end=\"3657\">Mesh-Netzwerk-Erweiterung:<\/strong> NEIN<\/li>\n<li data-start=\"3664\" data-end=\"3707\"><strong data-start=\"3666\" data-end=\"3685\">Kompatibilit\u00e4t:<\/strong> ELKO\u00ae RS\/Plus Rahmen<\/li>\n<\/ul>\n<h3 data-start=\"3709\" data-end=\"3758\"><strong data-start=\"3713\" data-end=\"3756\">Elegantes Design und langlebige Konstruktion<\/strong><\/h3>\n<p data-start=\"3759\" data-end=\"4067\">Die wei\u00dfe, gl\u00e4nzende Oberfl\u00e4che und die Kompatibilit\u00e4t mit <strong data-start=\"3810\" data-end=\"3833\">ELKO\u00ae RS\/Plus Rahmen<\/strong> Tun <strong data-start=\"3838\" data-end=\"3867\">Funk-Drucktaster EW Wei\u00df<\/strong> eine stilvolle Wahl f\u00fcr alle Arten von Umgebungen.<\/p>\n<p data-start=\"3759\" data-end=\"4067\">Durch sein minimalistisches Design f\u00fcgt es sich gut in sowohl moderne als auch klassische Inneneinrichtungen ein und bietet gleichzeitig eine erweiterte Lichtsteuerung.<\/p>\n<h3 data-start=\"4069\" data-end=\"4087\"><strong data-start=\"4073\" data-end=\"4085\">Abschluss<\/strong><\/h3>\n<p data-start=\"4088\" data-end=\"4336\">Pushbutton Wireless EW White ist eine innovative und flexible L\u00f6sung f\u00fcr <strong data-start=\"4155\" data-end=\"4179\">Kabellose Lichtsteuerung<\/strong>.<\/p>\n<p data-start=\"4088\" data-end=\"4336\">Mit langer Akkulaufzeit, einfacher Installation und intelligenten Funktionen ist dies ein optimales Ger\u00e4t f\u00fcr alle, die ein <strong data-start=\"4293\" data-end=\"4333\">sanfte und moderne Lichtsteuerung<\/strong>.<\/p>","protected":false},"excerpt":{"rendered":"<p>Der kabellose Druckknopf EW White erm\u00f6glicht die drahtlose Steuerung einer oder mehrerer Plejd-Einheiten.<\/p>\n<p>Einfache Installation an der Au\u00dfenseite einer Standard-Schaltdose oder mit Klebeband\/Schrauben.<\/p>\n<p>Bis zu 15 Jahre Batterielebensdauer oder 200.000 Klicks.<\/p>\n<p>Kompatibel mit ELKO\u00ae RS\/Plus-Rahmen.<\/p>","protected":false},"featured_media":148035,"template":"","meta":{"_acf_changed":false},"product_brand":[],"product_cat":[4658],"product_tag":[4670],"class_list":{"0":"post-148036","1":"product","2":"type-product","3":"status-publish","4":"has-post-thumbnail","6":"product_cat-plejd-stromstallare","7":"product_tag-plejd","8":"product_shipping_class-tunga-paket","9":"pa_brands-plejd","10":"pa_farg-vit","11":"tm-has-options","13":"first","14":"instock","15":"sale","16":"taxable","17":"shipping-taxable","18":"purchasable","19":"product-type-simple"},"acf":[],"_links":{"self":[{"href":"https:\/\/secureus.se\/de\/wp-json\/wp\/v2\/product\/148036","targetHints":{"allow":["GET"]}}],"collection":[{"href":"https:\/\/secureus.se\/de\/wp-json\/wp\/v2\/product"}],"about":[{"href":"https:\/\/secureus.se\/de\/wp-json\/wp\/v2\/types\/product"}],"wp:featuredmedia":[{"embeddable":true,"href":"https:\/\/secureus.se\/de\/wp-json\/wp\/v2\/media\/148035"}],"wp:attachment":[{"href":"https:\/\/secureus.se\/de\/wp-json\/wp\/v2\/media?parent=148036"}],"wp:term":[{"taxonomy":"product_brand","embeddable":true,"href":"https:\/\/secureus.se\/de\/wp-json\/wp\/v2\/product_brand?post=148036"},{"taxonomy":"product_cat","embeddable":true,"href":"https:\/\/secureus.se\/de\/wp-json\/wp\/v2\/product_cat?post=148036"},{"taxonomy":"product_tag","embeddable":true,"href":"https:\/\/secureus.se\/de\/wp-json\/wp\/v2\/product_tag?post=148036"}],"curies":[{"name":"wp","href":"https:\/\/api.w.org\/{rel}","templated":true}]}}