{"id":148038,"date":"2025-02-25T12:22:23","date_gmt":"2025-02-25T11:22:23","guid":{"rendered":"https:\/\/secureus.se\/?post_type=product&#038;p=148038"},"modified":"2026-04-02T11:50:16","modified_gmt":"2026-04-02T09:50:16","slug":"plejd-vridadapter-rtr-01-sw-vit","status":"publish","type":"product","link":"https:\/\/secureus.se\/de\/plejd-vridadapter-rtr-01-sw-vit\/","title":{"rendered":"Plejd Schwenkadapter RTR-01-SW wei\u00df"},"content":{"rendered":"<h1 data-start=\"447\" data-end=\"507\"><strong data-start=\"451\" data-end=\"505\">Kombinieren Sie klassische Dimmerfunktion mit intelligenter Technologie<\/strong><\/h1>\n<p data-start=\"508\" data-end=\"882\">Der SW White Schwenkadapter ist eine elegante und funktionale L\u00f6sung zur intelligenten Lichtsteuerung.<\/p>\n<p data-start=\"508\" data-end=\"882\">Durch Zusammenklicken des Adapters mit einem Plejd-Puck Ihrer Wahl erhalten Sie einen herk\u00f6mmlichen Drehdimmer, der sowohl manuell als auch drahtlos \u00fcber die Mesh-Technologie des Plejd-Systems gesteuert werden kann.<\/p>\n<p data-start=\"508\" data-end=\"882\">Dadurch eignet es sich ideal sowohl f\u00fcr moderne Wohnh\u00e4user als auch f\u00fcr professionelle Installationen, bei denen Flexibilit\u00e4t und Design wichtige Faktoren sind.<\/p>\n<h3 data-start=\"884\" data-end=\"933\"><strong data-start=\"888\" data-end=\"931\">Kabellose und flexible Lichtsteuerung<\/strong><\/h3>\n<p data-start=\"934\" data-end=\"1307\">Einer der gro\u00dfen Vorteile des SW White Rotary Adapters ist seine F\u00e4higkeit, im Plejd-\u00d6kosystem zu funktionieren. Dank der Wireless-Mesh-Technologie kann es andere Plejd-Ger\u00e4te steuern und sich nahtlos in Ihr bestehendes System integrieren.<\/p>\n<p data-start=\"934\" data-end=\"1307\">Der mit dem Adapter verwendete Puck beh\u00e4lt seine Funktionen wie Steuereingang und Zeiteinstellungen, sodass Sie die Beleuchtung \u00fcber mehrere verschiedene Tasten steuern k\u00f6nnen.<\/p>\n<p data-start=\"1309\" data-end=\"1337\"><strong data-start=\"1309\" data-end=\"1335\">Zu den Features geh\u00f6ren:<\/strong><\/p>\n<ul data-start=\"1338\" data-end=\"1563\">\n<li data-start=\"1338\" data-end=\"1395\"><strong data-start=\"1340\" data-end=\"1365\">Doppelklicken Sie auf das Lenkrad<\/strong> um Szenarien zu aktivieren.<\/li>\n<li data-start=\"1396\" data-end=\"1451\"><strong data-start=\"1398\" data-end=\"1423\">Drahtlose Kommunikation<\/strong> \u00fcber das Plejd-Mesh-Netzwerk.<\/li>\n<li data-start=\"1452\" data-end=\"1508\"><strong data-start=\"1454\" data-end=\"1477\">Volle Kompatibilit\u00e4t<\/strong> mit Schneider Exxact\u00ae Rahmen.<\/li>\n<li data-start=\"1509\" data-end=\"1563\"><strong data-start=\"1511\" data-end=\"1544\">Einstellungen lassen sich leicht anpassen<\/strong> \u00fcber die Plejd-App.<\/li>\n<\/ul>\n<h3 data-start=\"1565\" data-end=\"1605\"><strong data-start=\"1569\" data-end=\"1603\">Produktmerkmale und Vorteile<\/strong><\/h3>\n<ul data-start=\"1607\" data-end=\"2340\">\n<li data-start=\"1607\" data-end=\"1696\"><strong data-start=\"1609\" data-end=\"1640\">Klassische Drehdimmerfunktion<\/strong> \u2013 Bietet ein traditionelles Gef\u00fchl mit moderner, intelligenter Technologie.<\/li>\n<li data-start=\"1697\" data-end=\"1771\"><strong data-start=\"1699\" data-end=\"1722\">Drahtlose Integration<\/strong> \u2013 Steuern Sie andere Plejd-Ger\u00e4te \u00fcber das Mesh-Netzwerk.<\/li>\n<li data-start=\"1772\" data-end=\"1842\"><strong data-start=\"1774\" data-end=\"1796\">Einfache Installation<\/strong> \u2013 Schnappbefestigung im Kasten oder Doppelrahmen.<\/li>\n<li data-start=\"1843\" data-end=\"1905\"><strong data-start=\"1845\" data-end=\"1863\">Elegantes Design<\/strong> \u2013 Unbehandelte, gl\u00e4nzend wei\u00dfe Oberfl\u00e4che (RAL 9003).<\/li>\n<li data-start=\"1906\" data-end=\"2004\"><strong data-start=\"1908\" data-end=\"1930\">Flexible Montage<\/strong> \u2013 Kann freistehend oder im Doppelrahmen mit handels\u00fcblichem Lichtschalter montiert werden.<\/li>\n<li data-start=\"2005\" data-end=\"2093\"><strong data-start=\"2007\" data-end=\"2028\">Nachhaltiges Material<\/strong> \u2013 Aus halogenfreiem Thermoplast f\u00fcr lange Haltbarkeit.<\/li>\n<li data-start=\"2094\" data-end=\"2174\"><strong data-start=\"2096\" data-end=\"2111\">App-Steuerung<\/strong> \u2013 Konfiguration und Einstellungen erfolgen ganz einfach in der Plejd-App.<\/li>\n<li data-start=\"2175\" data-end=\"2261\"><strong data-start=\"2177\" data-end=\"2215\">Passt zu Schneider Exxact\u00ae Rahmen<\/strong> \u2013 F\u00fcr eine einheitliche und stilvolle Installation.<\/li>\n<li data-start=\"2262\" data-end=\"2340\"><strong data-start=\"2264\" data-end=\"2288\">Mehrere Farboptionen<\/strong> \u2013 In verschiedenen Farben erh\u00e4ltlich, passend zum Interieur.<\/li>\n<\/ul>\n<h3 data-start=\"2342\" data-end=\"2401\"><strong data-start=\"2346\" data-end=\"2399\">Perfekt f\u00fcr Smart Homes und professionelle Umgebungen<\/strong><\/h3>\n<p data-start=\"2402\" data-end=\"2609\">Der SW White-Drehadapter ist die perfekte L\u00f6sung f\u00fcr alle, die eine stilvolle und funktionale Lichtsteuerung w\u00fcnschen.<\/p>\n<p data-start=\"2402\" data-end=\"2609\">Es passt gleicherma\u00dfen gut in moderne Wohn- und B\u00fcroumgebungen, in denen Sie Stil mit intelligenten Funktionen kombinieren m\u00f6chten.<\/p>\n<h3 data-start=\"2611\" data-end=\"2648\"><strong data-start=\"2615\" data-end=\"2646\">Installation und Verwendung<\/strong><\/h3>\n<p data-start=\"2649\" data-end=\"2706\">Die Installation ist einfach und erfordert kein Spezialwerkzeug:<\/p>\n<ol data-start=\"2708\" data-end=\"3127\">\n<li data-start=\"2708\" data-end=\"2806\"><strong data-start=\"2711\" data-end=\"2757\">Klicken Sie den Schwenkadapter mit einem Plejd-Puck zusammen<\/strong> \u2013 W\u00e4hlen Sie einen kompatiblen Puck aus dem Sortiment von Plejd.<\/li>\n<li data-start=\"2807\" data-end=\"2917\"><strong data-start=\"2810\" data-end=\"2830\">Montieren Sie den Adapter<\/strong> \u2013 Rasten Sie es zusammen mit einem herk\u00f6mmlichen Lichtschalter in eine Dose oder einen Doppelrahmen ein.<\/li>\n<li data-start=\"2918\" data-end=\"3018\"><strong data-start=\"2921\" data-end=\"2946\">Konfigurieren \u00fcber die App<\/strong> \u2013 Passen Sie Helligkeit, Szenarien und andere Funktionen \u00fcber die Plejd-App an.<\/li>\n<li data-start=\"3019\" data-end=\"3127\"><strong data-start=\"3022\" data-end=\"3049\">Beginnen Sie mit der Steuerung der Beleuchtung<\/strong> \u2013 Dimmen Sie das Licht mit dem Knopf oder nutzen Sie die Wireless-Funktionen des Plejd-Systems.<\/li>\n<\/ol>\n<p data-start=\"3129\" data-end=\"3264\">Durch die flexible Befestigung ist die Installation des SW White Swivel Adapters sowohl einzeln als auch in Kombination mit anderen Plejd-Einheiten m\u00f6glich.<\/p>\n<h3 data-start=\"3266\" data-end=\"3300\"><strong data-start=\"3270\" data-end=\"3298\">Technische Spezifikationen<\/strong><\/h3>\n<ul data-start=\"3302\" data-end=\"3898\">\n<li data-start=\"3302\" data-end=\"3322\"><strong data-start=\"3304\" data-end=\"3315\">Modell:<\/strong> Wrack<\/li>\n<li data-start=\"3323\" data-end=\"3362\"><strong data-start=\"3325\" data-end=\"3347\">Funktionsweise:<\/strong> Rotationsfunktion<\/li>\n<li data-start=\"3363\" data-end=\"3395\"><strong data-start=\"3365\" data-end=\"3387\">Dichtungsart:<\/strong> Einrasten<\/li>\n<li data-start=\"3396\" data-end=\"3437\"><strong data-start=\"3398\" data-end=\"3411\">Material:<\/strong> Thermoplast (halogenfrei)<\/li>\n<li data-start=\"3438\" data-end=\"3481\"><strong data-start=\"3440\" data-end=\"3457\">Oberfl\u00e4chenbehandlung:<\/strong> Unbehandelte, gl\u00e4nzende Oberfl\u00e4che<\/li>\n<li data-start=\"3482\" data-end=\"3510\"><strong data-start=\"3484\" data-end=\"3493\">Malen:<\/strong> Wei\u00df (RAL 9003)<\/li>\n<li data-start=\"3511\" data-end=\"3551\"><strong data-start=\"3513\" data-end=\"3526\">IP-Klasse:<\/strong> IP20 (f\u00fcr den Innenbereich)<\/li>\n<li data-start=\"3552\" data-end=\"3578\"><strong data-start=\"3554\" data-end=\"3571\">Schlagfestigkeit:<\/strong> IK00<\/li>\n<li data-start=\"3579\" data-end=\"3599\"><strong data-start=\"3581\" data-end=\"3591\">Breite:<\/strong> 55 mm<\/li>\n<li data-start=\"3600\" data-end=\"3619\"><strong data-start=\"3602\" data-end=\"3611\">H\u00f6he:<\/strong> 55 mm<\/li>\n<li data-start=\"3620\" data-end=\"3639\"><strong data-start=\"3622\" data-end=\"3631\">Tiefe:<\/strong> 18 mm<\/li>\n<li data-start=\"3640\" data-end=\"3694\"><strong data-start=\"3642\" data-end=\"3688\">Passend f\u00fcr Touchsensor f\u00fcr Bussysteme:<\/strong> NEIN<\/li>\n<li data-start=\"3695\" data-end=\"3738\"><strong data-start=\"3697\" data-end=\"3732\">Scanbares Symbol \/ Barrierefreiheit:<\/strong> NEIN<\/li>\n<li data-start=\"3739\" data-end=\"3772\"><strong data-start=\"3741\" data-end=\"3766\">Mit bedruckbarem Etikett:<\/strong> NEIN<\/li>\n<li data-start=\"3773\" data-end=\"3810\"><strong data-start=\"3775\" data-end=\"3804\">Mit wechselbarem Objektiv\/Symbol:<\/strong> NEIN<\/li>\n<li data-start=\"3811\" data-end=\"3853\"><strong data-start=\"3813\" data-end=\"3847\">\u00dcberwachungsfenster\/Lichtsteckdose:<\/strong> NEIN<\/li>\n<li data-start=\"3854\" data-end=\"3898\"><strong data-start=\"3856\" data-end=\"3893\">Doppelklick zur Szenario-Steuerung:<\/strong> Ja<\/li>\n<\/ul>\n<h3 data-start=\"3900\" data-end=\"3947\"><strong data-start=\"3904\" data-end=\"3945\">Design und Funktion in perfekter Harmonie<\/strong><\/h3>\n<p data-start=\"3948\" data-end=\"4218\">Die wei\u00dfe, gl\u00e4nzende Oberfl\u00e4che und die Kompatibilit\u00e4t mit Schneider Exxact\u00ae-Rahmen machen den SW White Swivel Adapter zu einer stilvollen Wahl f\u00fcr alle Arten von Umgebungen.<\/p>\n<p data-start=\"3948\" data-end=\"4218\">Das minimalistische Design f\u00fcgt sich gut in moderne Innenr\u00e4ume ein und bietet gleichzeitig volle Kontrolle \u00fcber die Beleuchtung.<\/p>\n<h3 data-start=\"4220\" data-end=\"4238\"><strong data-start=\"4224\" data-end=\"4236\">Abschluss<\/strong><\/h3>\n<p data-start=\"4239\" data-end=\"4548\">Der Drehadapter SW White ist eine elegante und intelligente Lichtsteuerungsl\u00f6sung, die die klassische Drehdimmerfunktion mit moderner Funktechnologie kombiniert.<\/p>\n<p data-start=\"4239\" data-end=\"4548\">Die einfache Installation, das elegante Design und die Integration mit dem Plejd-System machen es zu einer offensichtlichen Wahl sowohl f\u00fcr Privatpersonen als auch f\u00fcr professionelle Installateure.<\/p>","protected":false},"excerpt":{"rendered":"<p>Der Drehadapter SW Wei\u00df wird mit einem optionalen Plejd-Puck zusammengeklickt und fungiert als klassischer Drehdimmer.<\/p>\n<p>Dank der Wireless-Mesh-Technologie kann es andere Plejd-Ger\u00e4te steuern.<\/p>\n<p>Einfache Installation und Konfiguration \u00fcber die Plejd-App.<\/p>\n<p>Passt zum wei\u00dfen Rahmen von Schneider Exxact\u00ae.<\/p>","protected":false},"featured_media":148037,"template":"","meta":{"_acf_changed":false},"product_brand":[],"product_cat":[4661],"product_tag":[4670],"class_list":{"0":"post-148038","1":"product","2":"type-product","3":"status-publish","4":"has-post-thumbnail","6":"product_cat-plejd-vridadapter","7":"product_tag-plejd","8":"product_shipping_class-tunga-paket","9":"pa_brands-plejd","10":"pa_farg-vit","11":"tm-has-options","13":"first","14":"instock","15":"sale","16":"taxable","17":"shipping-taxable","18":"purchasable","19":"product-type-simple"},"acf":[],"_links":{"self":[{"href":"https:\/\/secureus.se\/de\/wp-json\/wp\/v2\/product\/148038","targetHints":{"allow":["GET"]}}],"collection":[{"href":"https:\/\/secureus.se\/de\/wp-json\/wp\/v2\/product"}],"about":[{"href":"https:\/\/secureus.se\/de\/wp-json\/wp\/v2\/types\/product"}],"wp:featuredmedia":[{"embeddable":true,"href":"https:\/\/secureus.se\/de\/wp-json\/wp\/v2\/media\/148037"}],"wp:attachment":[{"href":"https:\/\/secureus.se\/de\/wp-json\/wp\/v2\/media?parent=148038"}],"wp:term":[{"taxonomy":"product_brand","embeddable":true,"href":"https:\/\/secureus.se\/de\/wp-json\/wp\/v2\/product_brand?post=148038"},{"taxonomy":"product_cat","embeddable":true,"href":"https:\/\/secureus.se\/de\/wp-json\/wp\/v2\/product_cat?post=148038"},{"taxonomy":"product_tag","embeddable":true,"href":"https:\/\/secureus.se\/de\/wp-json\/wp\/v2\/product_tag?post=148038"}],"curies":[{"name":"wp","href":"https:\/\/api.w.org\/{rel}","templated":true}]}}