{"id":148048,"date":"2025-02-25T12:22:24","date_gmt":"2025-02-25T11:22:24","guid":{"rendered":"https:\/\/secureus.se\/?post_type=product&#038;p=148048"},"modified":"2026-04-08T16:32:15","modified_gmt":"2026-04-08T14:32:15","slug":"gateway-bluetooth-internet","status":"publish","type":"product","link":"https:\/\/secureus.se\/de\/gateway-bluetooth-internet\/","title":{"rendered":"Gateway Bluetooth Internet"},"content":{"rendered":"<h1 data-start=\"538\" data-end=\"624\"><strong data-start=\"542\" data-end=\"622\">Bringen Sie das Plejd-System mit Fernsteuerung und intelligenten Integrationen auf die n\u00e4chste Ebene<\/strong><\/h1>\n<p data-start=\"625\" data-end=\"875\">Plejd Gateway GWY-01 ist eine leistungsstarke und kompakte L\u00f6sung f\u00fcr <strong data-start=\"690\" data-end=\"730\">das Plejd-System mit dem Internet verbinden<\/strong>.<\/p>\n<p data-start=\"625\" data-end=\"875\">Durch die Verbindung des Plejd-Netzes mit dem Internet erh\u00e4lt der Benutzer <strong data-start=\"796\" data-end=\"842\">M\u00f6glichkeit zur Fernsteuerung der Beleuchtung<\/strong>, unabh\u00e4ngig davon, wo Sie sind.<\/p>\n<p data-start=\"877\" data-end=\"1058\">Mit Unterst\u00fctzung f\u00fcr <strong data-start=\"890\" data-end=\"938\">Google Home, Apple HomeKit\u00ae, Alexa und Homey<\/strong> Sie k\u00f6nnen Plejd problemlos in Ihr Smart Home integrieren und die Beleuchtung \u00fcber Sprachbefehle oder Automatisierungsszenarien steuern.<\/p>\n<h3 data-start=\"1060\" data-end=\"1099\"><strong data-start=\"1064\" data-end=\"1097\">Hauptfunktionen und Vorteile<\/strong><\/h3>\n<ul data-start=\"1101\" data-end=\"1743\">\n<li data-start=\"1101\" data-end=\"1186\"><strong data-start=\"1103\" data-end=\"1135\">Fernsteuerung der Beleuchtung<\/strong> \u2013 Verwalten Sie das Plejd-System, wo immer Sie sind.<\/li>\n<li data-start=\"1187\" data-end=\"1260\"><strong data-start=\"1189\" data-end=\"1219\">Urlaubsmodus aktivieren<\/strong> \u2013 Anwesenheit simulieren, wenn Sie nicht da sind.<\/li>\n<li data-start=\"1261\" data-end=\"1376\"><strong data-start=\"1263\" data-end=\"1306\">Sch\u00fctzt Zeitfunktionen bei Stromausfall<\/strong> \u2013 Stellt sicher, dass Astro- und Wochenuhren auch bei Stromausfall funktionieren.<\/li>\n<li data-start=\"1377\" data-end=\"1487\"><strong data-start=\"1379\" data-end=\"1428\">Erm\u00f6glicht die Integration mit Diensten von Drittanbietern<\/strong> \u2013 Unterst\u00fctzung f\u00fcr Google Home, Apple HomeKit\u00ae, Alexa und Homey.<\/li>\n<li data-start=\"1488\" data-end=\"1582\"><strong data-start=\"1490\" data-end=\"1512\">Einfache Installation<\/strong> \u2013 Verbindung mit Netzwerkkabel (Ethernet\/RJ45) und USB-C-Netzteil.<\/li>\n<li data-start=\"1583\" data-end=\"1686\"><strong data-start=\"1585\" data-end=\"1606\">Teil des Plaid-Netzes<\/strong> \u2013 Wird \u00fcber die Plejd-App installiert und erweitert die Reichweite durch Mesh-Kommunikation.<\/li>\n<li data-start=\"1687\" data-end=\"1743\"><strong data-start=\"1689\" data-end=\"1707\">Energieeffizient<\/strong> \u2013 Verbraucht im Betrieb nur 0,6 W.<\/li>\n<\/ul>\n<h3 data-start=\"1745\" data-end=\"1786\"><strong data-start=\"1749\" data-end=\"1784\">Nahtlose Integration in Plaid Mesh<\/strong><\/h3>\n<p data-start=\"1787\" data-end=\"1977\">Gateway GWY-01 wird ein <strong data-start=\"1810\" data-end=\"1855\">integrierter Bestandteil Ihres Plejd Mesh-Netzwerks<\/strong>, das hei\u00dft, es kann sowohl direkt mit Ger\u00e4ten kommunizieren als auch die Mesh-Technologie von Plejd nutzen, um die Reichweite zu erweitern.<\/p>\n<p data-start=\"1979\" data-end=\"2158\">Es verf\u00fcgt \u00fcber eine <strong data-start=\"1990\" data-end=\"2030\">Funkreichweite von ca. 10 Metern im Innenbereich<\/strong>, aber dank Plejd Mesh k\u00f6nnen andere Plejd-Ger\u00e4te das Signal weiterleiten, was gro\u00dfe und stabile Installationen erm\u00f6glicht.<\/p>\n<h3 data-start=\"2160\" data-end=\"2195\"><strong data-start=\"2164\" data-end=\"2193\">Intelligente Fernbedienung<\/strong><\/h3>\n<p data-start=\"2196\" data-end=\"2432\">Wenn Gateway installiert ist, k\u00f6nnen Sie <strong data-start=\"2227\" data-end=\"2267\">Steuern Sie die Beleuchtung von \u00fcberall<\/strong> \u00fcber die Plejd-App.<\/p>\n<p data-start=\"2196\" data-end=\"2432\">Egal ob Sie im Urlaub sind oder schon vor Ihrer Heimkehr die Beleuchtung anpassen m\u00f6chten: Steuern Sie Ihre Plejd-Ger\u00e4te bequem mit Ihrem Smartphone.<\/p>\n<p data-start=\"2434\" data-end=\"2470\"><strong data-start=\"2434\" data-end=\"2468\">Anwendungsbeispiele:<\/strong><\/p>\n<ul data-start=\"2471\" data-end=\"2664\">\n<li data-start=\"2471\" data-end=\"2520\">Schalten Sie das Licht ein und aus, wenn Sie nicht da sind.<\/li>\n<li data-start=\"2521\" data-end=\"2581\">Erstellen Sie Automatisierungsszenarien basierend auf Zeit und Lichtst\u00e4rke.<\/li>\n<li data-start=\"2582\" data-end=\"2664\">Steuern Sie einzelne Lichter oder ganze R\u00e4ume mit Sprachbefehlen \u00fcber smarte Assistenten.<\/li>\n<\/ul>\n<h3 data-start=\"2666\" data-end=\"2709\"><strong data-start=\"2670\" data-end=\"2707\">Einfache Installation und Verwendung<\/strong><\/h3>\n<p data-start=\"2710\" data-end=\"2756\">Die Installation des GWY-01 ist schnell und einfach:<\/p>\n<ol data-start=\"2758\" data-end=\"3089\">\n<li data-start=\"2758\" data-end=\"2848\"><strong data-start=\"2761\" data-end=\"2794\">Verbinden Sie das Ger\u00e4t mit dem Netzwerk<\/strong> mit dem mitgelieferten Netzwerkkabel (Ethernet\/RJ45).<\/li>\n<li data-start=\"2849\" data-end=\"2906\"><strong data-start=\"2852\" data-end=\"2884\">Anschlie\u00dfen der Stromversorgung<\/strong> \u00fcber den USB-C-Adapter.<\/li>\n<li data-start=\"2907\" data-end=\"2998\"><strong data-start=\"2910\" data-end=\"2946\">Installieren Sie das Ger\u00e4t in der Plejd-App<\/strong> und verbinden Sie es mit Ihrem bestehenden Plejd-System.<\/li>\n<li data-start=\"2999\" data-end=\"3089\"><strong data-start=\"3002\" data-end=\"3030\">Beginnen Sie mit der Steuerung Ihrer Ger\u00e4te<\/strong> aus der Ferne und integrieren Sie sie in Plattformen von Drittanbietern.<\/li>\n<\/ol>\n<p data-start=\"3091\" data-end=\"3235\">Das Gateway GWY-01 kann montiert werden <strong data-start=\"3119\" data-end=\"3163\">an der Wand mit der mitgelieferten Wandhalterung<\/strong>, sodass Sie es f\u00fcr die beste Signalreichweite optimal positionieren k\u00f6nnen.<\/p>\n<h3 data-start=\"3237\" data-end=\"3271\"><strong data-start=\"3241\" data-end=\"3269\">Technische Spezifikationen<\/strong><\/h3>\n<ul data-start=\"3273\" data-end=\"3712\">\n<li data-start=\"3273\" data-end=\"3295\"><strong data-start=\"3275\" data-end=\"3286\">Modell:<\/strong> GWY-01<\/li>\n<li data-start=\"3296\" data-end=\"3331\"><strong data-start=\"3298\" data-end=\"3313\">Verbindung:<\/strong> Ethernet (RJ45)<\/li>\n<li data-start=\"3332\" data-end=\"3371\"><strong data-start=\"3334\" data-end=\"3355\">Stromversorgung:<\/strong> USB-C-Adapter<\/li>\n<li data-start=\"3372\" data-end=\"3404\"><strong data-start=\"3374\" data-end=\"3396\">Stromverbrauch:<\/strong> 0,6 W<\/li>\n<li data-start=\"3405\" data-end=\"3450\"><strong data-start=\"3407\" data-end=\"3423\">Funksystem:<\/strong> 2,4-GHz-Mesh, Bluetooth\u00ae<\/li>\n<li data-start=\"3451\" data-end=\"3493\"><strong data-start=\"3453\" data-end=\"3471\">Funkreichweite:<\/strong> Etwa 10 Meter im Innenbereich<\/li>\n<li data-start=\"3494\" data-end=\"3533\"><strong data-start=\"3496\" data-end=\"3524\">Kommunikationsprotokoll:<\/strong> TCP\/IP<\/li>\n<li data-start=\"3534\" data-end=\"3573\"><strong data-start=\"3536\" data-end=\"3568\">Maximale Anzahl Ger\u00e4te pro Kanal:<\/strong> 80<\/li>\n<li data-start=\"3574\" data-end=\"3612\"><strong data-start=\"3576\" data-end=\"3596\">Betriebstemperatur:<\/strong> 0 bis +35\u00b0C<\/li>\n<li data-start=\"3613\" data-end=\"3649\"><strong data-start=\"3615\" data-end=\"3631\">Abmessungen:<\/strong> 70 x 70 x 20 mm<\/li>\n<li data-start=\"3650\" data-end=\"3689\"><strong data-start=\"3652\" data-end=\"3672\">Montagemethode:<\/strong> Aufputzmontage<\/li>\n<li data-start=\"3690\" data-end=\"3712\"><strong data-start=\"3692\" data-end=\"3705\">IP-Klasse:<\/strong> IP20<\/li>\n<\/ul>\n<h3 data-start=\"3714\" data-end=\"3762\"><strong data-start=\"3718\" data-end=\"3760\">Verbesserte Sicherheit und Automatisierung<\/strong><\/h3>\n<p data-start=\"3763\" data-end=\"3942\">Plejd Gateway sorgt daf\u00fcr, dass Ihre <strong data-start=\"3799\" data-end=\"3862\">Zeitfunktionen funktionieren auch bei Stromausfall weiter<\/strong>, was bedeutet, dass zum Beispiel <strong data-start=\"3890\" data-end=\"3912\">Astro- und Wochenuhr<\/strong> k\u00f6nnen ihre Zeitpl\u00e4ne einhalten.<\/p>\n<p data-start=\"3944\" data-end=\"4083\">Durch die Verbindung mit <strong data-start=\"3971\" data-end=\"4021\">Google Home, Apple HomeKit\u00ae, Alexa oder Homey<\/strong>k\u00f6nnen Sie auch automatisierte Szenarien erstellen, wie zum Beispiel:<\/p>\n<ul data-start=\"4085\" data-end=\"4267\">\n<li data-start=\"4085\" data-end=\"4148\">Schalten Sie das Licht bei Sonnenaufgang oder Sonnenuntergang automatisch ein.<\/li>\n<li data-start=\"4149\" data-end=\"4201\">Schalten Sie alle Lichter im Haus mit einem Sprachbefehl aus.<\/li>\n<li data-start=\"4202\" data-end=\"4267\">Nutzen Sie Bewegungsmelder in Kombination mit Lichtsteuerung.<\/li>\n<\/ul>\n<h3 data-start=\"4269\" data-end=\"4335\"><strong data-start=\"4273\" data-end=\"4333\">Perfekt f\u00fcr Smart Homes und professionelle Installationen<\/strong><\/h3>\n<p data-start=\"4336\" data-end=\"4577\">Plejd Gateway GWY-01 ist ein Muss f\u00fcr jeden, der m\u00f6chte <strong data-start=\"4391\" data-end=\"4446\">eine intelligentere und vernetztere Beleuchtungsl\u00f6sung<\/strong>.<\/p>\n<p data-start=\"4336\" data-end=\"4577\">Es ist perfekt f\u00fcr beide <strong data-start=\"4476\" data-end=\"4520\">Privath\u00e4user und Gewerbeobjekte<\/strong> wo Fernsteuerung und intelligente Integrationen wichtig sind.<\/p>\n<p data-start=\"4579\" data-end=\"4767\">Ob Sie wollen <strong data-start=\"4598\" data-end=\"4700\">Verbessern Sie die Sicherheit Ihres Zuhauses, optimieren Sie den Energieverbrauch oder erstellen Sie reibungslose Automatisierungen<\/strong> ist dieses Gateway ein <strong data-start=\"4721\" data-end=\"4764\">notwendige Komponente in Ihrem Plejd-System<\/strong>.<\/p>\n<h3 data-start=\"4769\" data-end=\"4787\"><strong data-start=\"4773\" data-end=\"4785\">Abschluss<\/strong><\/h3>\n<p data-start=\"4788\" data-end=\"5151\">Plejd Gateway GWY-01 ist eine intelligente und effiziente L\u00f6sung f\u00fcr <strong data-start=\"4850\" data-end=\"4894\">Verbinden Sie Ihr Plejd-Mesh mit dem Internet<\/strong> und erm\u00f6glichen Fernsteuerung, intelligente Automatisierung und Integrationen von Drittanbietern.<\/p>\n<p data-start=\"4788\" data-end=\"5151\">Einfache Installation, geringer Energieverbrauch und eine leistungsstarke Verbindung machen dieses Gateway <strong data-start=\"5068\" data-end=\"5148\">ein unverzichtbarer Teil Ihrer Smart Home- oder kommerziellen Beleuchtungsl\u00f6sung<\/strong>.<\/p>","protected":false},"excerpt":{"rendered":"<p>Plejd Gateway (GWY-01) verbindet Plejd Mesh mit dem Internet und erm\u00f6glicht die Fernsteuerung des Systems und die Aktivierung des Urlaubsmodus.<\/p>\n<p>Es sch\u00fctzt Zeitfunktionen bei Stromausfall und erm\u00f6glicht die Integration mit Google Home, Apple HomeKit\u00ae, Alexa und Homey.<\/p>\n<p>Einfache Installation mit Netzwerkkabel und USB-C-Netzteil.<\/p>","protected":false},"featured_media":148047,"template":"","meta":{"_acf_changed":false},"product_brand":[],"product_cat":[4668],"product_tag":[4670],"class_list":{"0":"post-148048","1":"product","2":"type-product","3":"status-publish","4":"has-post-thumbnail","6":"product_cat-plejd-gateway","7":"product_tag-plejd","8":"product_shipping_class-postnord-varubrev","9":"pa_brands-plejd","10":"tm-has-options","12":"first","13":"instock","14":"sale","15":"taxable","16":"shipping-taxable","17":"purchasable","18":"product-type-simple"},"acf":[],"_links":{"self":[{"href":"https:\/\/secureus.se\/de\/wp-json\/wp\/v2\/product\/148048","targetHints":{"allow":["GET"]}}],"collection":[{"href":"https:\/\/secureus.se\/de\/wp-json\/wp\/v2\/product"}],"about":[{"href":"https:\/\/secureus.se\/de\/wp-json\/wp\/v2\/types\/product"}],"wp:featuredmedia":[{"embeddable":true,"href":"https:\/\/secureus.se\/de\/wp-json\/wp\/v2\/media\/148047"}],"wp:attachment":[{"href":"https:\/\/secureus.se\/de\/wp-json\/wp\/v2\/media?parent=148048"}],"wp:term":[{"taxonomy":"product_brand","embeddable":true,"href":"https:\/\/secureus.se\/de\/wp-json\/wp\/v2\/product_brand?post=148048"},{"taxonomy":"product_cat","embeddable":true,"href":"https:\/\/secureus.se\/de\/wp-json\/wp\/v2\/product_cat?post=148048"},{"taxonomy":"product_tag","embeddable":true,"href":"https:\/\/secureus.se\/de\/wp-json\/wp\/v2\/product_tag?post=148048"}],"curies":[{"name":"wp","href":"https:\/\/api.w.org\/{rel}","templated":true}]}}