{"id":148052,"date":"2025-02-25T12:22:24","date_gmt":"2025-02-25T11:22:24","guid":{"rendered":"https:\/\/secureus.se\/?post_type=product&#038;p=148052"},"modified":"2026-04-08T16:29:03","modified_gmt":"2026-04-08T14:29:03","slug":"plejd-batteribackup-for-klocka","status":"publish","type":"product","link":"https:\/\/secureus.se\/de\/plejd-batteribackup-for-klocka\/","title":{"rendered":"Plejd Batterie-Backup f\u00fcr Uhr"},"content":{"rendered":"<h1 data-start=\"485\" data-end=\"546\"><strong data-start=\"489\" data-end=\"544\">Sicherstellung des Betriebs der Zeitfunktionen bei Stromausfall<\/strong><\/h1>\n<p data-start=\"547\" data-end=\"840\">Plejd Battery Backup (BAT-01) ist ein <strong data-start=\"582\" data-end=\"605\">notwendige Komponente<\/strong> f\u00fcr alle Plejd-Installationen, bei denen zuverl\u00e4ssige Zeitfunktionen erforderlich sind.<\/p>\n<p data-start=\"547\" data-end=\"840\">Durch den Anschluss des BAT-01 an ein optionales <strong data-start=\"712\" data-end=\"726\">Karierter Puck<\/strong> sorgt daf\u00fcr, dass Zeitfunktionen wie <strong data-start=\"765\" data-end=\"787\">Astro- und Wochenuhr<\/strong>, <strong data-start=\"789\" data-end=\"837\">funktioniert auch bei Stromausfall weiter<\/strong>.<\/p>\n<p data-start=\"842\" data-end=\"951\">Es ist <strong data-start=\"849\" data-end=\"872\">einfach zu installieren<\/strong> dank seiner <strong data-start=\"887\" data-end=\"904\">Clip-Funktion<\/strong>und erfordert <strong data-start=\"917\" data-end=\"948\">keine separate Konfiguration<\/strong>.<\/p>\n<h3 data-start=\"953\" data-end=\"1006\"><strong data-start=\"957\" data-end=\"1004\">Perfekt f\u00fcr Astrotour und geplante Lenkung<\/strong><\/h3>\n<p data-start=\"1007\" data-end=\"1265\">Mit BAT-01 k\u00f6nnen Sie sicher sein, dass Ihre <strong data-start=\"1047\" data-end=\"1104\">Beleuchtung, L\u00fcftung oder andere zeitgesteuerte Ger\u00e4te<\/strong> arbeitet weiterhin planm\u00e4\u00dfig, auch wenn der Strom ausf\u00e4llt.<\/p>\n<p data-start=\"1007\" data-end=\"1265\">Dies ist besonders wichtig f\u00fcr Installationen, bei denen <strong data-start=\"1214\" data-end=\"1250\">Automatisierter Betrieb ist entscheidend<\/strong>, Zum Beispiel:<\/p>\n<ul data-start=\"1267\" data-end=\"1440\">\n<li data-start=\"1267\" data-end=\"1320\">Au\u00dfenbeleuchtung gesteuert mit <strong data-start=\"1300\" data-end=\"1317\">Astrofunktion<\/strong>.<\/li>\n<li data-start=\"1321\" data-end=\"1372\">B\u00fcro- und Industriebeleuchtung mit <strong data-start=\"1358\" data-end=\"1369\">Wochenuhr<\/strong>.<\/li>\n<li data-start=\"1373\" data-end=\"1440\">Andere automatisierte Systeme, die <strong data-start=\"1415\" data-end=\"1437\">Zeitsynchronisation<\/strong>.<\/li>\n<\/ul>\n<h3 data-start=\"1442\" data-end=\"1490\"><strong data-start=\"1446\" data-end=\"1488\">Lange Akkulaufzeit und einfache Installation<\/strong><\/h3>\n<p data-start=\"1491\" data-end=\"1623\">BAT-01 hat eine <strong data-start=\"1505\" data-end=\"1537\">Gangreserve von bis zu 10 Jahren<\/strong>, was es zu einem <strong data-start=\"1562\" data-end=\"1584\">zuverl\u00e4ssige L\u00f6sung<\/strong> ohne dass eine regelm\u00e4\u00dfige Wartung erforderlich ist.<\/p>\n<p data-start=\"1625\" data-end=\"1666\">Es kann montiert werden auf <strong data-start=\"1645\" data-end=\"1663\">zwei verschiedene Wege<\/strong>:<\/p>\n<ul data-start=\"1667\" data-end=\"1809\">\n<li data-start=\"1667\" data-end=\"1742\"><strong data-start=\"1669\" data-end=\"1685\">Auf DIN-Schiene<\/strong> \u2013 Perfekt f\u00fcr Schalttafeln und technische Installationen.<\/li>\n<li data-start=\"1743\" data-end=\"1809\"><strong data-start=\"1745\" data-end=\"1756\">An der Wand<\/strong> \u2013 Mit Schraubbefestigung f\u00fcr eine einfache und flexible Montage.<\/li>\n<\/ul>\n<p data-start=\"1811\" data-end=\"1925\"><strong data-start=\"1811\" data-end=\"1855\">Pro Plejd-System wird nur ein BAT-01 ben\u00f6tigt<\/strong>, vorausgesetzt, alle Einheiten haben <strong data-start=\"1888\" data-end=\"1922\">Funkreichweite zueinander<\/strong>.<\/p>\n<h3 data-start=\"1927\" data-end=\"1967\"><strong data-start=\"1931\" data-end=\"1965\">Produktmerkmale und Vorteile<\/strong><\/h3>\n<p data-start=\"1969\" data-end=\"2509\">\u2714 <strong data-start=\"1971\" data-end=\"2019\">Stellt die Funktion der Zeit auch bei Stromausfall sicher<\/strong> \u2013 Perfekt f\u00fcr Astrouhren und Wochenuhren.<br data-start=\"2054\" data-end=\"2057\" \/>\u2714 <strong data-start=\"2059\" data-end=\"2081\">Einfache Installation<\/strong> \u2013 Clip-Funktion zum direkten Anschluss an Plejd-Pucks.<br data-start=\"2137\" data-end=\"2140\" \/>\u2714 <strong data-start=\"2142\" data-end=\"2160\">Lange Lebensdauer<\/strong> \u2013 Bis zu <strong data-start=\"2172\" data-end=\"2193\">10 Jahre Gangreserve<\/strong> ohne dass eine Wartung erforderlich ist.<br data-start=\"2218\" data-end=\"2221\" \/>\u2714 <strong data-start=\"2223\" data-end=\"2251\">Passend f\u00fcr alle Plejd-Pucks<\/strong> \u2013 Kompatibel mit 46 x 46 x 18 mm gro\u00dfen Pucks.<br data-start=\"2288\" data-end=\"2291\" \/>\u2714 <strong data-start=\"2293\" data-end=\"2315\">Flexible Montage<\/strong> \u2013 Passt <strong data-start=\"2328\" data-end=\"2358\">DIN-Schiene (3 Module breit)<\/strong> oder Wand.<br data-start=\"2370\" data-end=\"2373\" \/>\u2714 <strong data-start=\"2375\" data-end=\"2394\">Kompakte Gr\u00f6\u00dfe<\/strong> \u2013 Nimmt im Schaltschrank nur minimalen Platz ein.<br data-start=\"2434\" data-end=\"2437\" \/>\u2714 <strong data-start=\"2439\" data-end=\"2457\">Energieeffizient<\/strong> \u2013 Wartungsfrei und auf lange Betriebszeit optimiert.<\/p>\n<h3 data-start=\"2511\" data-end=\"2545\"><strong data-start=\"2515\" data-end=\"2543\">Technische Spezifikationen<\/strong><\/h3>\n<ul data-start=\"2547\" data-end=\"2949\">\n<li data-start=\"2547\" data-end=\"2569\"><strong data-start=\"2549\" data-end=\"2560\">Modell:<\/strong> BAT-01<\/li>\n<li data-start=\"2570\" data-end=\"2596\"><strong data-start=\"2572\" data-end=\"2587\">Akku-Typ:<\/strong> Lithium<\/li>\n<li data-start=\"2597\" data-end=\"2617\"><strong data-start=\"2599\" data-end=\"2612\">Stromspannung:<\/strong> 3V<\/li>\n<li data-start=\"2618\" data-end=\"2643\"><strong data-start=\"2620\" data-end=\"2634\">Kapazit\u00e4t:<\/strong> 48 mAh<\/li>\n<li data-start=\"2644\" data-end=\"2676\"><strong data-start=\"2646\" data-end=\"2662\">Abmessungen:<\/strong> 50x38x24mm<\/li>\n<li data-start=\"2677\" data-end=\"2714\"><strong data-start=\"2679\" data-end=\"2702\">Breite der DIN-Schiene:<\/strong> 3 Module<\/li>\n<li data-start=\"2715\" data-end=\"2796\"><strong data-start=\"2717\" data-end=\"2742\">Montagem\u00f6glichkeiten:<\/strong> Clip-Funktion f\u00fcr Plejd Puck, DIN-Schiene oder Wand<\/li>\n<li data-start=\"2797\" data-end=\"2842\"><strong data-start=\"2799\" data-end=\"2813\">Leben:<\/strong> Bis zu 10 Jahre Gangreserve<\/li>\n<li data-start=\"2843\" data-end=\"2859\"><strong data-start=\"2845\" data-end=\"2854\">Gewicht:<\/strong> 8 g<\/li>\n<li data-start=\"2860\" data-end=\"2907\"><strong data-start=\"2862\" data-end=\"2878\">Geeignet f\u00fcr:<\/strong> Karierte Pucks (46x46x18 mm)<\/li>\n<li data-start=\"2908\" data-end=\"2949\"><strong data-start=\"2910\" data-end=\"2943\">Geeignet f\u00fcr EX-Anwendungen:<\/strong> NEIN<\/li>\n<\/ul>\n<h3 data-start=\"2951\" data-end=\"2988\"><strong data-start=\"2955\" data-end=\"2986\">Installation und Verwendung<\/strong><\/h3>\n<p data-start=\"2989\" data-end=\"3078\">Die Installation von Plejd Battery Backup (BAT-01) ist einfach und erfordert keine Programmierung:<\/p>\n<ol data-start=\"3080\" data-end=\"3388\">\n<li data-start=\"3080\" data-end=\"3180\"><strong data-start=\"3083\" data-end=\"3135\">Schlie\u00dfen Sie die Batteriesicherung an jeden Plejd-Puck an<\/strong> mithilfe der integrierten Clip-Funktion.<\/li>\n<li data-start=\"3181\" data-end=\"3278\"><strong data-start=\"3184\" data-end=\"3248\">Platzieren Sie das Ger\u00e4t auf einer DIN-Schiene oder schrauben Sie es an die Wand<\/strong> entsprechend der Installationsanforderung.<\/li>\n<li data-start=\"3279\" data-end=\"3388\"><strong data-start=\"3282\" data-end=\"3323\">Die Batterie-Notstromversorgung wird automatisch aktiviert<\/strong> und stellt sicher, dass die Zeitfunktionen auch bei Stromausf\u00e4llen funktionieren.<\/li>\n<\/ol>\n<p data-start=\"3390\" data-end=\"3512\">Es ist notwendig <strong data-start=\"3401\" data-end=\"3438\">nur ein BAT-01 pro Plejd-System<\/strong>, vorausgesetzt, alle Einheiten haben <strong data-start=\"3471\" data-end=\"3496\">drahtlose Kommunikation<\/strong> miteinander.<\/p>\n<h3 data-start=\"3514\" data-end=\"3569\"><strong data-start=\"3518\" data-end=\"3567\">Vorteile von BAT-01 in intelligenten Beleuchtungssystemen<\/strong><\/h3>\n<p data-start=\"3570\" data-end=\"3762\">Das Plejd-System basiert auf der Wireless Mesh-Technologie und durch die Erg\u00e4nzung des BAT-01 k\u00f6nnen Sie sicher sein, dass <strong data-start=\"3673\" data-end=\"3726\">alle zeitgesteuerten Funktionen funktionieren weiterhin<\/strong> auch bei Netzspannungsausfall.<\/p>\n<p data-start=\"3764\" data-end=\"3793\">H\u00e4ufige Verwendungszwecke:<\/p>\n<ul data-start=\"3795\" data-end=\"4028\">\n<li data-start=\"3795\" data-end=\"3867\"><strong data-start=\"3797\" data-end=\"3817\">Heim &amp; Smart Home<\/strong> \u2013 Stellt sicher, dass die geplante Beleuchtung funktioniert.<\/li>\n<li data-start=\"3868\" data-end=\"3937\"><strong data-start=\"3870\" data-end=\"3890\">B\u00fcros &amp; Gesch\u00e4fte<\/strong> \u2013 Beh\u00e4lt die Lichtsteuerung w\u00e4hrend eines Stromausfalls bei.<\/li>\n<li data-start=\"3938\" data-end=\"4028\"><strong data-start=\"3940\" data-end=\"3965\">Au\u00dfenanlagen<\/strong> \u2013 Sorgt f\u00fcr die Einhaltung der geplanten Beleuchtungsvorschriften aus Sicherheitsgr\u00fcnden.<\/li>\n<\/ul>\n<h3 data-start=\"4030\" data-end=\"4048\"><strong data-start=\"4034\" data-end=\"4046\">Abschluss<\/strong><\/h3>\n<p data-start=\"4049\" data-end=\"4375\">Plejd Battery Backup (BAT-01) ist ein <strong data-start=\"4084\" data-end=\"4115\">einfache aber leistungsstarke L\u00f6sung<\/strong> um sicherzustellen, dass <strong data-start=\"4140\" data-end=\"4216\">Astrouhr und andere Zeitfunktionen funktionieren auch bei Stromausfall weiter<\/strong>.<\/p>\n<p data-start=\"4049\" data-end=\"4375\">Mit seinem <strong data-start=\"4226\" data-end=\"4285\">kompakte Bauweise, lange Lebensdauer und einfache Montage<\/strong> ist es eins <strong data-start=\"4296\" data-end=\"4339\">notwendige Komponente in allen Plejd-Systemen<\/strong> wo Betriebszuverl\u00e4ssigkeit im Vordergrund steht.<\/p>","protected":false},"excerpt":{"rendered":"<p>Das Plejd Battery Backup (BAT-01) stellt sicher, dass Zeitfunktionen wie Astrouhr und Wochenuhr bei Stromausf\u00e4llen funktionieren.<\/p>\n<p>Einfache Montage mittels Clip-Funktion an jedem Plejd-Puck. Pro System wird nur eine Einheit ben\u00f6tigt.<\/p>\n<p>Zur Montage auf einer DIN-Schiene oder an der Wand.<\/p>\n<p>Bis zu 10 Jahre Gangreserve.<\/p>","protected":false},"featured_media":148051,"template":"","meta":{"_acf_changed":false},"product_brand":[],"product_cat":[4662],"product_tag":[4670],"class_list":{"0":"post-148052","1":"product","2":"type-product","3":"status-publish","4":"has-post-thumbnail","6":"product_cat-plejd-tillbehor","7":"product_tag-plejd","8":"product_shipping_class-postnord-varubrev","9":"pa_brands-plejd","10":"tm-has-options","12":"first","13":"instock","14":"sale","15":"taxable","16":"shipping-taxable","17":"purchasable","18":"product-type-simple"},"acf":[],"_links":{"self":[{"href":"https:\/\/secureus.se\/de\/wp-json\/wp\/v2\/product\/148052","targetHints":{"allow":["GET"]}}],"collection":[{"href":"https:\/\/secureus.se\/de\/wp-json\/wp\/v2\/product"}],"about":[{"href":"https:\/\/secureus.se\/de\/wp-json\/wp\/v2\/types\/product"}],"wp:featuredmedia":[{"embeddable":true,"href":"https:\/\/secureus.se\/de\/wp-json\/wp\/v2\/media\/148051"}],"wp:attachment":[{"href":"https:\/\/secureus.se\/de\/wp-json\/wp\/v2\/media?parent=148052"}],"wp:term":[{"taxonomy":"product_brand","embeddable":true,"href":"https:\/\/secureus.se\/de\/wp-json\/wp\/v2\/product_brand?post=148052"},{"taxonomy":"product_cat","embeddable":true,"href":"https:\/\/secureus.se\/de\/wp-json\/wp\/v2\/product_cat?post=148052"},{"taxonomy":"product_tag","embeddable":true,"href":"https:\/\/secureus.se\/de\/wp-json\/wp\/v2\/product_tag?post=148052"}],"curies":[{"name":"wp","href":"https:\/\/api.w.org\/{rel}","templated":true}]}}