{"id":148054,"date":"2025-02-25T12:22:24","date_gmt":"2025-02-25T11:22:24","guid":{"rendered":"https:\/\/secureus.se\/?post_type=product&#038;p=148054"},"modified":"2026-03-26T11:06:13","modified_gmt":"2026-03-26T10:06:13","slug":"plejd-smart-plug-spr-01-on-off-16a-mesh-bluetooth","status":"publish","type":"product","link":"https:\/\/secureus.se\/de\/plejd-smart-plug-spr-01-on-off-16a-mesh-bluetooth\/","title":{"rendered":"Plejd Smart Plug SPR-01 An\/Aus 16A Mesh Bluetooth"},"content":{"rendered":"<h1 data-start=\"542\" data-end=\"607\"><strong data-start=\"546\" data-end=\"605\">Machen Sie Ihre Elektroger\u00e4te intelligent mit dem Plejd Smart Plug<\/strong><\/h1>\n<p data-start=\"608\" data-end=\"875\">Plejd Smart Plug SPR-01 ist ein <strong data-start=\"638\" data-end=\"670\">flexible und leistungsstarke L\u00f6sung<\/strong> zur Steuerung von Beleuchtung und Elektroger\u00e4ten zu Hause oder am Arbeitsplatz.<\/p>\n<p data-start=\"608\" data-end=\"875\">Von <strong data-start=\"763\" data-end=\"801\">einfacher Anschluss an eine Wandsteckdose<\/strong> gibt SPR-01 <strong data-start=\"813\" data-end=\"872\">vollst\u00e4ndige Kontrolle \u00fcber Ger\u00e4te bis zu 16 A (3.600 W)<\/strong>.<\/p>\n<p data-start=\"877\" data-end=\"1108\">Die Steuerung erfolgt \u00fcber <strong data-start=\"896\" data-end=\"911\">Die Plejd App<\/strong>, \u00fcber andere Plejd-Ger\u00e4te oder manuell \u00fcber die <strong data-start=\"962\" data-end=\"985\">integrierter Taster<\/strong> auf der Seite.<\/p>\n<p data-start=\"877\" data-end=\"1108\">F\u00fcr die Fernsteuerung und Integration mit Google Home, Apple HomeKit\u00ae, Alexa und Homey ist ein <strong data-start=\"1088\" data-end=\"1105\">Kariertes Tor<\/strong>.<\/p>\n<h3 data-start=\"1110\" data-end=\"1167\"><strong data-start=\"1114\" data-end=\"1165\">Sanfte Ein-\/Aus-Steuerung f\u00fcr einfache Installationen<\/strong><\/h3>\n<p data-start=\"1168\" data-end=\"1294\">SPR-01 ist <strong data-start=\"1178\" data-end=\"1211\">perfekt zum Ein- und Ausschalten<\/strong> elektrische Ger\u00e4te, sondern sind <strong data-start=\"1239\" data-end=\"1252\">nicht dimmbar<\/strong>. Dies macht es optimal f\u00fcr Ger\u00e4te wie:<\/p>\n<ul data-start=\"1296\" data-end=\"1436\">\n<li data-start=\"1296\" data-end=\"1313\"><strong data-start=\"1298\" data-end=\"1311\">Beleuchtung<\/strong><\/li>\n<li data-start=\"1314\" data-end=\"1334\"><strong data-start=\"1316\" data-end=\"1332\">Heizl\u00fcfter<\/strong><\/li>\n<li data-start=\"1335\" data-end=\"1356\"><strong data-start=\"1337\" data-end=\"1354\">Kaffeemaschine<\/strong><\/li>\n<li data-start=\"1357\" data-end=\"1391\"><strong data-start=\"1359\" data-end=\"1389\">Ladestationen f\u00fcr Elektrofahrr\u00e4der<\/strong><\/li>\n<li data-start=\"1392\" data-end=\"1436\"><strong data-start=\"1394\" data-end=\"1434\">Andere elektrische Verbraucher bis 16A<\/strong><\/li>\n<\/ul>\n<p data-start=\"1438\" data-end=\"1594\">Es funktioniert sowohl <strong data-start=\"1456\" data-end=\"1470\">unabh\u00e4ngig<\/strong> und als Teil einer <strong data-start=\"1493\" data-end=\"1515\">Plaid-Maschennetz<\/strong>, wo das Signal <strong data-start=\"1534\" data-end=\"1571\">erweiterbar \u00fcber andere Plejd-Ger\u00e4te<\/strong> f\u00fcr eine bessere Abdeckung.<\/p>\n<h3 data-start=\"1596\" data-end=\"1643\"><strong data-start=\"1600\" data-end=\"1641\">Intelligentes Zeitmanagement und Automatisierung<\/strong><\/h3>\n<p data-start=\"1644\" data-end=\"1765\">Neben der einfachen Ein-\/Aus-Steuerung verf\u00fcgt der SPR-01 \u00fcber integrierte <strong data-start=\"1692\" data-end=\"1710\">Zeitfunktionen<\/strong>, wodurch es sich ideal f\u00fcr die automatisierte Steuerung eignet.<\/p>\n<p data-start=\"1767\" data-end=\"2083\">\u2714 <strong data-start=\"1769\" data-end=\"1778\">Timer<\/strong> \u2013 Stellen Sie eine automatische Abschaltung nach einer bestimmten Zeit ein.<br data-start=\"1834\" data-end=\"1837\" \/>\u2714 <strong data-start=\"1839\" data-end=\"1851\">Astro-Uhr<\/strong> \u2013 Synchronisieren Sie das Ger\u00e4t mit Sonnenaufgang und Sonnenuntergang.<br data-start=\"1903\" data-end=\"1906\" \/>\u2714 <strong data-start=\"1908\" data-end=\"1919\">Wochenuhr<\/strong> \u2013 Planen Sie das Ein- und Ausschalten von Ger\u00e4ten zu bestimmten Zeiten.<br data-start=\"1986\" data-end=\"1989\" \/>\u2714 <strong data-start=\"1991\" data-end=\"2004\">Szenario<\/strong> \u2013 Wird zusammen mit der Plejd-App verwendet, um mehrere Ger\u00e4te gleichzeitig zu steuern.<\/p>\n<h3 data-start=\"2085\" data-end=\"2127\"><strong data-start=\"2089\" data-end=\"2125\">Benutzerfreundliche und flexible Steuerung<\/strong><\/h3>\n<p data-start=\"2128\" data-end=\"2162\">Der SPR-01 kann auf verschiedene Arten gesteuert werden:<\/p>\n<ul data-start=\"2164\" data-end=\"2374\">\n<li data-start=\"2164\" data-end=\"2201\"><strong data-start=\"2166\" data-end=\"2181\">Die Plejd App<\/strong> (iOS und Android)<\/li>\n<li data-start=\"2202\" data-end=\"2248\"><strong data-start=\"2204\" data-end=\"2246\">Druckkn\u00f6pfe oder andere Plejd-Ger\u00e4te<\/strong><\/li>\n<li data-start=\"2249\" data-end=\"2289\"><strong data-start=\"2251\" data-end=\"2287\">Der integrierte Knopf an der Seite<\/strong><\/li>\n<li data-start=\"2290\" data-end=\"2374\"><strong data-start=\"2292\" data-end=\"2350\">Sprachsteuerung \u00fcber Google Home, Apple HomeKit\u00ae und Alexa<\/strong> <em data-start=\"2351\" data-end=\"2372\">(\u00fcber Plaid Gateway)<\/em><\/li>\n<\/ul>\n<p data-start=\"2376\" data-end=\"2516\">Ob Sie wollen <strong data-start=\"2395\" data-end=\"2420\">Beleuchtung planen<\/strong> oder <strong data-start=\"2427\" data-end=\"2462\">Fernbedienung f\u00fcr Elektroger\u00e4te<\/strong> Der SPR-01 bietet eine <strong data-start=\"2482\" data-end=\"2513\">einfache und vielseitige L\u00f6sung<\/strong>.<\/p>\n<h3 data-start=\"2518\" data-end=\"2558\"><strong data-start=\"2522\" data-end=\"2556\">Produktmerkmale und Vorteile<\/strong><\/h3>\n<p data-start=\"2560\" data-end=\"3171\">\u2714 <strong data-start=\"2562\" data-end=\"2612\">Kabellose Steuerung \u00fcber Bluetooth\u00ae und Plejd Mesh<\/strong><br data-start=\"2612\" data-end=\"2615\" \/>\u2714 <strong data-start=\"2617\" data-end=\"2649\">Maximale Belastung von 16A (3.600W)<\/strong> \u2013 Kann mit leistungsstarken Elektroger\u00e4ten umgehen<br data-start=\"2690\" data-end=\"2693\" \/>\u2714 <strong data-start=\"2695\" data-end=\"2721\">Manuelle Ein-\/Aus-Steuerung<\/strong> \u00fcber integrierten Taster<br data-start=\"2742\" data-end=\"2745\" \/>\u2714 <strong data-start=\"2747\" data-end=\"2792\">Zeitfunktionen (Astrouhr, Wochenuhr, Timer)<\/strong><br data-start=\"2792\" data-end=\"2795\" \/>\u2714 <strong data-start=\"2797\" data-end=\"2847\">M\u00f6glichkeit der Fernsteuerung \u00fcber Plejd Gateway<\/strong><br data-start=\"2847\" data-end=\"2850\" \/>\u2714 <strong data-start=\"2852\" data-end=\"2908\">Kompatibel mit Google Home, Apple HomeKit\u00ae und Alexa<\/strong> <em data-start=\"2909\" data-end=\"2930\">(\u00fcber Plaid Gateway)<\/em><br data-start=\"2930\" data-end=\"2933\" \/>\u2714 <strong data-start=\"2935\" data-end=\"2987\">Energieeffizient mit geringem Standby-Verbrauch (0,3 W)<\/strong><br data-start=\"2987\" data-end=\"2990\" \/>\u2714 <strong data-start=\"2992\" data-end=\"3022\">Kompaktes und elegantes Design<\/strong> \u2013 Passt in jede Umgebung<br data-start=\"3050\" data-end=\"3053\" \/>\u2714 <strong data-start=\"3055\" data-end=\"3078\">\u00dcbertemperaturschutz<\/strong> f\u00fcr den sicheren Gebrauch<br data-start=\"3099\" data-end=\"3102\" \/>\u2714 <strong data-start=\"3104\" data-end=\"3139\">Funkreichweite bis zu 10 Meter<\/strong> <em data-start=\"3140\" data-end=\"3169\">(erweiterbar mit Plaid-Netz)<\/em><\/p>\n<h3 data-start=\"3173\" data-end=\"3207\"><strong data-start=\"3177\" data-end=\"3205\">Technische Spezifikationen<\/strong><\/h3>\n<ul data-start=\"3209\" data-end=\"3638\">\n<li data-start=\"3209\" data-end=\"3231\"><strong data-start=\"3211\" data-end=\"3222\">Modell:<\/strong> SPR-01<\/li>\n<li data-start=\"3232\" data-end=\"3264\"><strong data-start=\"3234\" data-end=\"3250\">Netzspannung:<\/strong> 230V \/ 50Hz<\/li>\n<li data-start=\"3265\" data-end=\"3294\"><strong data-start=\"3267\" data-end=\"3279\">Maximale Belastung:<\/strong> 16 A (3600 W)<\/li>\n<li data-start=\"3295\" data-end=\"3350\"><strong data-start=\"3297\" data-end=\"3313\">Funksystem:<\/strong> 2,4 GHz Mesh, Bluetooth\u00ae (&lt;10 dBm)<\/li>\n<li data-start=\"3351\" data-end=\"3396\"><strong data-start=\"3353\" data-end=\"3371\">Funkreichweite:<\/strong> Ungef\u00e4hr 10 Meter im Innenbereich<\/li>\n<li data-start=\"3397\" data-end=\"3430\"><strong data-start=\"3399\" data-end=\"3419\">Betriebstemperatur:<\/strong> 0 \u2013 35\u00b0C<\/li>\n<li data-start=\"3431\" data-end=\"3473\"><strong data-start=\"3433\" data-end=\"3449\">Betriebsumgebung:<\/strong> Nur im Innenbereich (IP20)<\/li>\n<li data-start=\"3474\" data-end=\"3505\"><strong data-start=\"3476\" data-end=\"3492\">Abmessungen:<\/strong> 66 x 43 mm<\/li>\n<li data-start=\"3506\" data-end=\"3533\"><strong data-start=\"3508\" data-end=\"3526\">Standby-Leistung:<\/strong> 0,3 W<\/li>\n<li data-start=\"3534\" data-end=\"3568\"><strong data-start=\"3536\" data-end=\"3546\">Schutz:<\/strong> \u00dcbertemperaturschutz<\/li>\n<li data-start=\"3569\" data-end=\"3638\"><strong data-start=\"3571\" data-end=\"3580\">Malen:<\/strong> Erh\u00e4ltlich in wei\u00df und schwarz (E-Nummer 13 777 40 \/ 13 777 41)<\/li>\n<\/ul>\n<h3 data-start=\"3640\" data-end=\"3682\"><strong data-start=\"3644\" data-end=\"3680\">Einfache Installation \u2013 Plug &amp; Play<\/strong><\/h3>\n<p data-start=\"3683\" data-end=\"3735\">Keine erweiterte Installation erforderlich! So geht&#039;s:<\/p>\n<ol data-start=\"3737\" data-end=\"3988\">\n<li data-start=\"3737\" data-end=\"3775\"><strong data-start=\"3740\" data-end=\"3773\">Stecken Sie den SPR-01 in eine Steckdose.<\/strong><\/li>\n<li data-start=\"3776\" data-end=\"3814\"><strong data-start=\"3779\" data-end=\"3812\">Schlie\u00dfen Sie das Ger\u00e4t an, das Sie steuern m\u00f6chten.<\/strong><\/li>\n<li data-start=\"3815\" data-end=\"3865\"><strong data-start=\"3818\" data-end=\"3847\">Koppeln Sie mit der Plejd-App<\/strong> \u00fcber Bluetooth\u00ae.<\/li>\n<li data-start=\"3866\" data-end=\"3930\"><strong data-start=\"3869\" data-end=\"3915\">Zeitfunktionen oder Szenarien konfigurieren<\/strong> nach Bedarf.<\/li>\n<li data-start=\"3931\" data-end=\"3988\"><strong data-start=\"3934\" data-end=\"3965\">Fernsteuerung mit Plejd Gateway<\/strong> <em data-start=\"3966\" data-end=\"3985\">(falls verf\u00fcgbar)<\/em>.<\/li>\n<\/ol>\n<p data-start=\"3990\" data-end=\"4114\">Innerhalb weniger Minuten haben Sie <strong data-start=\"4016\" data-end=\"4067\">vollst\u00e4ndige Kontrolle \u00fcber Ihre verbundenen Ger\u00e4te<\/strong>, direkt \u00fcber die App oder andere Plejd-Ger\u00e4te!<\/p>\n<h3 data-start=\"4116\" data-end=\"4182\"><strong data-start=\"4120\" data-end=\"4180\">Perfekt f\u00fcr Smart Homes und professionelle Installationen<\/strong><\/h3>\n<p data-start=\"4183\" data-end=\"4418\">Plejd Smart Plug SPR-01 ist ein <strong data-start=\"4213\" data-end=\"4276\">ideale L\u00f6sung f\u00fcr den privaten und gewerblichen Einsatz<\/strong>.<\/p>\n<p data-start=\"4183\" data-end=\"4418\">Perfekt f\u00fcr <strong data-start=\"4290\" data-end=\"4304\">Smart Homes<\/strong>, <strong data-start=\"4306\" data-end=\"4317\">Gesch\u00e4fte<\/strong>, <strong data-start=\"4319\" data-end=\"4329\">B\u00fcro<\/strong>, <strong data-start=\"4331\" data-end=\"4341\">Hotel<\/strong> und andere Umgebungen, in denen <strong data-start=\"4364\" data-end=\"4415\">drahtlose Steuerung von Elektroger\u00e4ten ist erforderlich<\/strong>.<\/p>\n<h3 data-start=\"4420\" data-end=\"4438\"><strong data-start=\"4424\" data-end=\"4436\">Abschluss<\/strong><\/h3>\n<p data-start=\"4439\" data-end=\"4819\">Plejd Smart Plug SPR-01 ist <strong data-start=\"4466\" data-end=\"4503\">Eine leistungsstarke und flexible L\u00f6sung<\/strong> zur Automatisierung und Fernsteuerung <strong data-start=\"4540\" data-end=\"4576\">Beleuchtung und elektrische Ger\u00e4te<\/strong>.<\/p>\n<p data-start=\"4439\" data-end=\"4819\">Mit <strong data-start=\"4582\" data-end=\"4632\">kabellose Steuerung \u00fcber Bluetooth\u00ae und Plejd Mesh<\/strong>, <strong data-start=\"4634\" data-end=\"4652\">Zeitfunktionen<\/strong> Und <strong data-start=\"4657\" data-end=\"4707\">M\u00f6glichkeit der Fernsteuerung \u00fcber Plejd Gateway<\/strong>, ist das ein <strong data-start=\"4721\" data-end=\"4739\">Must-Have-Ger\u00e4t<\/strong> f\u00fcr alle die einen wollen <strong data-start=\"4765\" data-end=\"4816\">intelligentes und energieeffizientes Zuhause oder am Arbeitsplatz<\/strong>.<\/p>","protected":false},"excerpt":{"rendered":"<p>Plejd Smart Plug SPR-01 ist eine kabellose intelligente Steckdose, die Beleuchtung und Ger\u00e4te mit bis zu 16 A (3.600 W) steuert.<\/p>\n<p>Steuerung \u00fcber die Plejd App, andere Plejd Produkte oder den integrierten Knopf.<\/p>\n<p>Unterst\u00fctzung f\u00fcr Timer, Astro- und Wochenuhr.<\/p>\n<p>Kann \u00fcber Plejd Gateway in Systeme von Drittanbietern integriert werden.<\/p>\n<p>IP20, nur f\u00fcr den Innenbereich.<\/p>","protected":false},"featured_media":148053,"template":"","meta":{"_acf_changed":false},"product_brand":[],"product_cat":[4659],"product_tag":[4670],"class_list":{"0":"post-148054","1":"product","2":"type-product","3":"status-publish","4":"has-post-thumbnail","6":"product_cat-plejd-plugg","7":"product_tag-plejd","8":"product_shipping_class-tunga-paket","9":"pa_farg-vit","10":"tm-has-options","12":"first","13":"instock","14":"sale","15":"taxable","16":"shipping-taxable","17":"purchasable","18":"product-type-simple"},"acf":[],"_links":{"self":[{"href":"https:\/\/secureus.se\/de\/wp-json\/wp\/v2\/product\/148054","targetHints":{"allow":["GET"]}}],"collection":[{"href":"https:\/\/secureus.se\/de\/wp-json\/wp\/v2\/product"}],"about":[{"href":"https:\/\/secureus.se\/de\/wp-json\/wp\/v2\/types\/product"}],"wp:featuredmedia":[{"embeddable":true,"href":"https:\/\/secureus.se\/de\/wp-json\/wp\/v2\/media\/148053"}],"wp:attachment":[{"href":"https:\/\/secureus.se\/de\/wp-json\/wp\/v2\/media?parent=148054"}],"wp:term":[{"taxonomy":"product_brand","embeddable":true,"href":"https:\/\/secureus.se\/de\/wp-json\/wp\/v2\/product_brand?post=148054"},{"taxonomy":"product_cat","embeddable":true,"href":"https:\/\/secureus.se\/de\/wp-json\/wp\/v2\/product_cat?post=148054"},{"taxonomy":"product_tag","embeddable":true,"href":"https:\/\/secureus.se\/de\/wp-json\/wp\/v2\/product_tag?post=148054"}],"curies":[{"name":"wp","href":"https:\/\/api.w.org\/{rel}","templated":true}]}}