{"id":148062,"date":"2025-02-25T12:22:25","date_gmt":"2025-02-25T11:22:25","guid":{"rendered":"https:\/\/secureus.se\/?post_type=product&#038;p=148062"},"modified":"2026-04-08T16:26:40","modified_gmt":"2026-04-08T14:26:40","slug":"plejd-krondimmer-dim-02-2x100va-mesh","status":"publish","type":"product","link":"https:\/\/secureus.se\/de\/plejd-krondimmer-dim-02-2x100va-mesh\/","title":{"rendered":"Plejd Crown Dimmer DIM-02 2x100VA Mesh"},"content":{"rendered":"<h1 data-start=\"500\" data-end=\"573\"><strong data-start=\"504\" data-end=\"571\">Plejd DIM-02 \u2013 Smarter Kronleuchter-Dimmer zur flexiblen Lichtsteuerung<\/strong><\/h1>\n<p data-start=\"575\" data-end=\"892\">Plejd Crown Dimmer DIM-02 ist ein innovativer und flexibler <strong data-start=\"628\" data-end=\"649\">Zweikanal-Dimmer<\/strong> Dies erm\u00f6glicht die unabh\u00e4ngige Steuerung von zwei separaten Lasten.<\/p>\n<p data-start=\"575\" data-end=\"892\">Mit Unterst\u00fctzung f\u00fcr beide <strong data-start=\"725\" data-end=\"759\">Phasenabschnitts- und Phasenanschnittdimmung<\/strong> Der DIM-02 kann mit einer Vielzahl von Lichtquellen umgehen und die perfekte Lichtumgebung sowohl f\u00fcr private als auch gewerbliche Installationen schaffen.<\/p>\n<p data-start=\"894\" data-end=\"1245\">Der Dimmer l\u00e4sst sich einfach in einem <strong data-start=\"926\" data-end=\"975\">Ger\u00e4tedose hinter einem Taster oder einer Dosenabdeckung<\/strong>, alternativ kann es an einer Wand oder einer DIN-Schiene montiert werden mit <strong data-start=\"1043\" data-end=\"1069\">Montageclip MNT-01<\/strong> (separat erh\u00e4ltlich).<\/p>\n<p data-start=\"894\" data-end=\"1245\">Mit <strong data-start=\"1091\" data-end=\"1120\">Bluetooth\u00ae Mesh-Technologie<\/strong> Das Ger\u00e4t kann drahtlos gesteuert werden \u00fcber <strong data-start=\"1153\" data-end=\"1168\">Die Plejd App<\/strong>, das Fernsteuerung und Integration mit anderen Plejd-Produkten erm\u00f6glicht.<\/p>\n<p data-start=\"1247\" data-end=\"1577\">DIM-02 verf\u00fcgt au\u00dferdem \u00fcber <strong data-start=\"1263\" data-end=\"1290\">eingebaute Zeitfunktionen<\/strong> als <strong data-start=\"1295\" data-end=\"1317\">Astro- und Wochenuhr<\/strong>, das eine Automatisierung der Beleuchtung basierend auf Sonnenaufgang und Sonnenuntergang oder vordefinierten Zeitpl\u00e4nen erm\u00f6glicht.<\/p>\n<p data-start=\"1247\" data-end=\"1577\">Es ist ausgestattet mit <strong data-start=\"1456\" data-end=\"1497\">einstellbare Min-, Max- und Startpegel<\/strong>, das volle Kontrolle \u00fcber die Helligkeit und ein optimales Dimmerlebnis bietet.<\/p>\n<p data-start=\"1579\" data-end=\"1906\">Mit zwei separaten Eing\u00e4ngen kann DIM-02 gesteuert werden mit <strong data-start=\"1627\" data-end=\"1701\">Federdrucktaster, Bewegungsmelder oder andere externe Steuersignale<\/strong>, und ist somit ideal f\u00fcr individuelle Lichtl\u00f6sungen.<\/p>\n<p data-start=\"1579\" data-end=\"1906\">Es verf\u00fcgt au\u00dferdem \u00fcber mehrere integrierte Schutzfunktionen, darunter <strong data-start=\"1811\" data-end=\"1848\">\u00dcbertemperatur- und \u00dcberlastschutz<\/strong>, was eine lange Lebensdauer und einen zuverl\u00e4ssigen Betrieb gew\u00e4hrleistet.<\/p>\n<h3 data-start=\"1908\" data-end=\"1943\"><strong data-start=\"1912\" data-end=\"1941\">Technische Spezifikationen:<\/strong><\/h3>\n<ul data-start=\"1944\" data-end=\"2727\">\n<li data-start=\"1944\" data-end=\"1976\"><strong data-start=\"1946\" data-end=\"1962\">Netzspannung:<\/strong> 230V \/ 50Hz<\/li>\n<li data-start=\"1977\" data-end=\"2005\"><strong data-start=\"1979\" data-end=\"1997\">Standby-Leistung:<\/strong> 0,3 W<\/li>\n<li data-start=\"2006\" data-end=\"2239\"><strong data-start=\"2008\" data-end=\"2031\">Max. Belastung pro Kanal:<\/strong>\n<ul data-start=\"2036\" data-end=\"2239\">\n<li data-start=\"2036\" data-end=\"2072\">Halogen-\/Gl\u00fchlampenlicht (230V): 0\u2013100 W<\/li>\n<li data-start=\"2075\" data-end=\"2126\">LED-Lichtquellen\/Treiber (230V Phasenabschnitt): 0\u2013100 VA<\/li>\n<li data-start=\"2129\" data-end=\"2180\">LED Lichtquellen\/Treiber (230V Frontkante): 0\u201350 VA<\/li>\n<li data-start=\"2183\" data-end=\"2239\">Elektronische Transformatoren (12V Halogen): 0\u2013100 VA<\/li>\n<\/ul>\n<\/li>\n<li data-start=\"2240\" data-end=\"2272\"><strong data-start=\"2242\" data-end=\"2263\">Gesamte Maximalleistung:<\/strong> 200 VA<\/li>\n<li data-start=\"2273\" data-end=\"2319\"><strong data-start=\"2275\" data-end=\"2293\">Kommunikation:<\/strong> 2,4 GHz Bluetooth\u00ae Mesh<\/li>\n<li data-start=\"2320\" data-end=\"2395\"><strong data-start=\"2322\" data-end=\"2340\">Funkreichweite:<\/strong> Ungef\u00e4hr 10 Meter im Innenbereich (erweitert mit Plejd Mesh-Technologie)<\/li>\n<li data-start=\"2396\" data-end=\"2473\"><strong data-start=\"2398\" data-end=\"2412\">Montage:<\/strong> Versenkter Einbau in eine Anschlussdose, Wand oder DIN-Schiene<\/li>\n<li data-start=\"2474\" data-end=\"2499\"><strong data-start=\"2476\" data-end=\"2485\">Messen:<\/strong> 46x46x18mm<\/li>\n<li data-start=\"2500\" data-end=\"2562\"><strong data-start=\"2502\" data-end=\"2512\">Schutz:<\/strong> \u00dcbertemperatur Software\/Hardware, \u00dcberlastschutz<\/li>\n<li data-start=\"2563\" data-end=\"2606\"><strong data-start=\"2565\" data-end=\"2578\">IP-Klasse:<\/strong> IP20 (nur f\u00fcr den Innenbereich)<\/li>\n<li data-start=\"2607\" data-end=\"2671\"><strong data-start=\"2609\" data-end=\"2622\">Material:<\/strong> Halogenfreier Thermoplast, t\u00fcrkis gl\u00e4nzend (RAL 6027)<\/li>\n<li data-start=\"2672\" data-end=\"2727\"><strong data-start=\"2674\" data-end=\"2693\">Kompatibilit\u00e4t:<\/strong> Apple HomeKit, Google Assistant<\/li>\n<\/ul>\n<p data-start=\"2729\" data-end=\"2927\">Plejd DIM-02 ist ein <strong data-start=\"2748\" data-end=\"2787\">zukunftssichere und vielseitige L\u00f6sung<\/strong> f\u00fcr diejenigen unter euch, die wollen <strong data-start=\"2808\" data-end=\"2853\">sanfte und intelligente Lichtsteuerung<\/strong>, egal ob es um das Eigenheim, das B\u00fcro oder gr\u00f6\u00dfere Immobilienprojekte geht.<\/p>","protected":false},"excerpt":{"rendered":"<p>Plejd DIM-02 ist ein Zweikanal-Universaldimmer mit Steuerung f\u00fcr zwei separate Lasten.<\/p>\n<p>Es l\u00e4sst sich per Federtaster oder Bewegungsmelder bedienen und bietet smarte Zeitfunktionen wie Astro- und Wochenuhr.<\/p>\n<p>Der Dimmer wird drahtlos \u00fcber die Plejd-App oder andere Plejd-Ger\u00e4te gesteuert und ist f\u00fcr LED-Lichtquellen bis zu 100 VA pro Kanal optimiert.<\/p>","protected":false},"featured_media":148061,"template":"","meta":{"_acf_changed":false},"product_brand":[],"product_cat":[4660],"product_tag":[4670],"class_list":{"0":"post-148062","1":"product","2":"type-product","3":"status-publish","4":"has-post-thumbnail","6":"product_cat-plejd-relaer-led","7":"product_tag-plejd","8":"product_shipping_class-postnord-varubrev","9":"pa_brands-plejd","10":"pa_farg-turkos","11":"tm-has-options","13":"first","14":"instock","15":"sale","16":"taxable","17":"shipping-taxable","18":"purchasable","19":"product-type-simple"},"acf":[],"_links":{"self":[{"href":"https:\/\/secureus.se\/de\/wp-json\/wp\/v2\/product\/148062","targetHints":{"allow":["GET"]}}],"collection":[{"href":"https:\/\/secureus.se\/de\/wp-json\/wp\/v2\/product"}],"about":[{"href":"https:\/\/secureus.se\/de\/wp-json\/wp\/v2\/types\/product"}],"wp:featuredmedia":[{"embeddable":true,"href":"https:\/\/secureus.se\/de\/wp-json\/wp\/v2\/media\/148061"}],"wp:attachment":[{"href":"https:\/\/secureus.se\/de\/wp-json\/wp\/v2\/media?parent=148062"}],"wp:term":[{"taxonomy":"product_brand","embeddable":true,"href":"https:\/\/secureus.se\/de\/wp-json\/wp\/v2\/product_brand?post=148062"},{"taxonomy":"product_cat","embeddable":true,"href":"https:\/\/secureus.se\/de\/wp-json\/wp\/v2\/product_cat?post=148062"},{"taxonomy":"product_tag","embeddable":true,"href":"https:\/\/secureus.se\/de\/wp-json\/wp\/v2\/product_tag?post=148062"}],"curies":[{"name":"wp","href":"https:\/\/api.w.org\/{rel}","templated":true}]}}