{"id":148064,"date":"2025-02-25T12:22:25","date_gmt":"2025-02-25T11:22:25","guid":{"rendered":"https:\/\/secureus.se\/?post_type=product&#038;p=148064"},"modified":"2026-04-23T10:17:35","modified_gmt":"2026-04-23T08:17:35","slug":"plejd-dosdimmer-dim-01-300va-led-mesh","status":"publish","type":"product","link":"https:\/\/secureus.se\/de\/plejd-dosdimmer-dim-01-300va-led-mesh\/","title":{"rendered":"Plejd Dosdimmer DIM-01 300VA LED Mesh"},"content":{"rendered":"<h1>Plejd DIM-01 \u2013 Smart Dose Dimmer f\u00fcr effiziente und sanfte Lichtsteuerung<\/h1>\n<p data-start=\"85\" data-end=\"436\">Plejd Dosdimmer DIM-01 ist ein Universaldimmer, der maximale Flexibilit\u00e4t bei der Lichtsteuerung bietet.<\/p>\n<p data-start=\"85\" data-end=\"436\">Durch die Unterst\u00fctzung von Phasenabschnitts- und Phasenanschnittdimmung kann es mit verschiedenen Arten von Lichtquellen umgehen, darunter LED-Lichtquellen und elektronische Transformatoren.<\/p>\n<p data-start=\"85\" data-end=\"436\">Es ist bis zu 300 VA belastbar und l\u00e4sst sich sowohl manuell als auch drahtlos steuern.<\/p>\n<p data-start=\"438\" data-end=\"843\">DIM-01 ist mit zwei separaten Eing\u00e4ngen ausgestattet, was die Steuerung \u00fcber einen Federtaster, Bewegungssensor oder andere externe Steuersignale erm\u00f6glicht.<\/p>\n<p data-start=\"438\" data-end=\"843\">Dadurch l\u00e4sst es sich sowohl in moderne als auch in traditionelle Lichtl\u00f6sungen integrieren. Dar\u00fcber hinaus verf\u00fcgt der Dimmer \u00fcber einstellbare Mindest-, H\u00f6chst- und Startwerte, sodass die Helligkeit f\u00fcr optimale Leistung und Komfort ganz einfach fein abgestimmt werden kann.<\/p>\n<p data-start=\"845\" data-end=\"1228\">Dank der Bluetooth\u00ae Mesh-Technologie kann der DIM-01 drahtlos \u00fcber die Plejd-App gesteuert werden und bietet einfachen Zugriff auf erweiterte Funktionen wie Zeitsteuerung, Szenarien und Fernsteuerung.<\/p>\n<p data-start=\"845\" data-end=\"1228\">Mit den integrierten Astro- und Wochenuhren k\u00f6nnen Sie die Beleuchtung je nach Tageszeit oder Sonnenauf- und -untergang automatisieren und so sowohl f\u00fcr Komfort als auch f\u00fcr Energieeffizienz sorgen.<\/p>\n<p data-start=\"1230\" data-end=\"1623\">DIM-01 ist mit Abmessungen von 46 x 46 x 18 mm kompakt und kann in einer Ger\u00e4tedose hinter einem Druckknopf oder einer Dosenabdeckung installiert werden.<\/p>\n<p data-start=\"1230\" data-end=\"1623\">Es kann auch mit dem Montageclip-Zubeh\u00f6r MNT-01 (separat erh\u00e4ltlich) an einer Wand oder DIN-Schiene montiert werden.<\/p>\n<p data-start=\"1230\" data-end=\"1623\">Das Ger\u00e4t verf\u00fcgt \u00fcber mehrere Schutzmechanismen, darunter \u00dcbertemperaturschutz und \u00dcberlastschutz, und gew\u00e4hrleistet so eine lange Lebensdauer und einen zuverl\u00e4ssigen Betrieb.<\/p>\n<p data-start=\"1625\" data-end=\"1833\">Egal, ob Sie zu Hause, im B\u00fcro oder in einer gr\u00f6\u00dferen gewerblichen Umgebung eine stimmungsvolle Beleuchtung schaffen m\u00f6chten, Plejd DIM-01 ist eine intelligente und zukunftssichere L\u00f6sung f\u00fcr eine reibungslose und effiziente Lichtsteuerung.<\/p>\n<h3 data-start=\"1840\" data-end=\"1875\"><strong data-start=\"1844\" data-end=\"1873\">Technische Spezifikationen:<\/strong><\/h3>\n<ul data-start=\"1876\" data-end=\"2617\">\n<li data-start=\"1876\" data-end=\"1908\"><strong data-start=\"1878\" data-end=\"1894\">Netzspannung:<\/strong> 230V \/ 50Hz<\/li>\n<li data-start=\"1909\" data-end=\"1937\"><strong data-start=\"1911\" data-end=\"1929\">Standby-Leistung:<\/strong> 0,3 W<\/li>\n<li data-start=\"1938\" data-end=\"2162\"><strong data-start=\"1940\" data-end=\"1953\">Maximale Belastung:<\/strong>\n<ul data-start=\"1958\" data-end=\"2162\">\n<li data-start=\"1958\" data-end=\"1994\">Halogen-\/Gl\u00fchlampe (230V): 0\u2013300 W<\/li>\n<li data-start=\"1997\" data-end=\"2048\">LED Lichtquellen\/Treiber (230V R\u00fcckkante): 0\u2013200 VA<\/li>\n<li data-start=\"2051\" data-end=\"2103\">LED-Lichtquellen\/Treiber (230V Frontkante): 0\u2013100 VA<\/li>\n<li data-start=\"2106\" data-end=\"2162\">Elektronische Transformatoren (12V Halogen): 0\u2013300 VA<\/li>\n<\/ul>\n<\/li>\n<li data-start=\"2163\" data-end=\"2209\"><strong data-start=\"2165\" data-end=\"2183\">Kommunikation:<\/strong> 2,4 GHz Bluetooth\u00ae Mesh<\/li>\n<li data-start=\"2210\" data-end=\"2285\"><strong data-start=\"2212\" data-end=\"2230\">Funkreichweite:<\/strong> Ungef\u00e4hr 10 Meter im Innenbereich (erweitert mit Plejd Mesh-Technologie)<\/li>\n<li data-start=\"2286\" data-end=\"2363\"><strong data-start=\"2288\" data-end=\"2302\">Montage:<\/strong> Versenkter Einbau in eine Anschlussdose, Wand oder DIN-Schiene<\/li>\n<li data-start=\"2364\" data-end=\"2389\"><strong data-start=\"2366\" data-end=\"2375\">Messen:<\/strong> 46x46x18mm<\/li>\n<li data-start=\"2390\" data-end=\"2452\"><strong data-start=\"2392\" data-end=\"2402\">Schutz:<\/strong> \u00dcbertemperatur Software\/Hardware, \u00dcberlastschutz<\/li>\n<li data-start=\"2453\" data-end=\"2496\"><strong data-start=\"2455\" data-end=\"2468\">IP-Klasse:<\/strong> IP20 (nur f\u00fcr den Innenbereich)<\/li>\n<li data-start=\"2497\" data-end=\"2561\"><strong data-start=\"2499\" data-end=\"2512\">Material:<\/strong> Halogenfreier Thermoplast, t\u00fcrkis gl\u00e4nzend (RAL 6027)<\/li>\n<li data-start=\"2562\" data-end=\"2617\"><strong data-start=\"2564\" data-end=\"2583\">Kompatibilit\u00e4t:<\/strong> Apple HomeKit, Google Assistant<\/li>\n<\/ul>","protected":false},"excerpt":{"rendered":"<p>Plejd DIM-01 ist ein leistungsstarker Universaldimmer mit Unterst\u00fctzung f\u00fcr Phasenabschnitts- und Phasenanschnittdimmen bis zu 300 VA.<\/p>\n<p>Die Steuerung erfolgt \u00fcber die Plejd-App oder andere Ger\u00e4te und verf\u00fcgt \u00fcber integrierte Zeitfunktionen wie Astro- und Wochenuhr.<\/p>\n<p>\u00dcber zwei separate Eing\u00e4nge ist der Anschluss an federbelastete Drucktaster oder Bewegungsmelder zur flexiblen Steuerung m\u00f6glich.<\/p>","protected":false},"featured_media":148063,"template":"","meta":{"_acf_changed":false},"product_brand":[],"product_cat":[4660],"product_tag":[],"class_list":{"0":"post-148064","1":"product","2":"type-product","3":"status-publish","4":"has-post-thumbnail","6":"product_cat-plejd-relaer-led","7":"product_shipping_class-postnord-varubrev","8":"pa_brands-plejd","9":"pa_farg-turkos","10":"tm-has-options","12":"first","13":"instock","14":"sale","15":"taxable","16":"shipping-taxable","17":"purchasable","18":"product-type-simple"},"acf":[],"_links":{"self":[{"href":"https:\/\/secureus.se\/de\/wp-json\/wp\/v2\/product\/148064","targetHints":{"allow":["GET"]}}],"collection":[{"href":"https:\/\/secureus.se\/de\/wp-json\/wp\/v2\/product"}],"about":[{"href":"https:\/\/secureus.se\/de\/wp-json\/wp\/v2\/types\/product"}],"wp:featuredmedia":[{"embeddable":true,"href":"https:\/\/secureus.se\/de\/wp-json\/wp\/v2\/media\/148063"}],"wp:attachment":[{"href":"https:\/\/secureus.se\/de\/wp-json\/wp\/v2\/media?parent=148064"}],"wp:term":[{"taxonomy":"product_brand","embeddable":true,"href":"https:\/\/secureus.se\/de\/wp-json\/wp\/v2\/product_brand?post=148064"},{"taxonomy":"product_cat","embeddable":true,"href":"https:\/\/secureus.se\/de\/wp-json\/wp\/v2\/product_cat?post=148064"},{"taxonomy":"product_tag","embeddable":true,"href":"https:\/\/secureus.se\/de\/wp-json\/wp\/v2\/product_tag?post=148064"}],"curies":[{"name":"wp","href":"https:\/\/api.w.org\/{rel}","templated":true}]}}