{"id":148066,"date":"2025-02-25T12:22:25","date_gmt":"2025-02-25T11:22:25","guid":{"rendered":"https:\/\/secureus.se\/?post_type=product&#038;p=148066"},"modified":"2026-04-23T10:17:30","modified_gmt":"2026-04-23T08:17:30","slug":"plejd-dimmer-dal-01-dali-bcast-128ma-dt8-bt","status":"publish","type":"product","link":"https:\/\/secureus.se\/de\/plejd-dimmer-dal-01-dali-bcast-128ma-dt8-bt\/","title":{"rendered":"Dimmer DAL-01 DALI Bcast 128mA DT8 BT"},"content":{"rendered":"<h1 data-start=\"503\" data-end=\"574\"><strong data-start=\"507\" data-end=\"572\">Plejd DAL-01 \u2013 Intelligenter DALI-Dimmer mit eingebautem Netzteil<\/strong><\/h1>\n<p data-start=\"576\" data-end=\"896\">Plejd DAL-01 ist ein DALI-Broadcast-Dimmer, der eine einfache und flexible Steuerung von DALI-basierten Beleuchtungsl\u00f6sungen erm\u00f6glicht.<\/p>\n<p data-start=\"576\" data-end=\"896\">Dank des integrierten Netzteils (PSU) kann der DAL-01 bis zu 64 DALI-Lasten ohne externe Stromversorgung handhaben, was die Installation einfacher und kosteng\u00fcnstiger macht.<\/p>\n<p data-start=\"898\" data-end=\"1213\">DAL-01 ist mit Tunable White (Ger\u00e4tetyp 8 \u2013 DT8) kompatibel, was bedeutet, dass es sowohl die Helligkeit als auch die Farbtemperatur angeschlossener DALI-Leuchten steuern kann.<\/p>\n<p data-start=\"898\" data-end=\"1213\">Es verf\u00fcgt \u00fcber zwei separate Eing\u00e4nge, die eine Steuerung des Ger\u00e4ts \u00fcber einen Federtaster, einen Bewegungssensor oder andere externe Steuersignale erm\u00f6glichen.<\/p>\n<p data-start=\"1215\" data-end=\"1581\">Die drahtlose Kommunikation erfolgt \u00fcber Bluetooth\u00ae Mesh, was die Steuerung \u00fcber die Plejd-App und die Integration mit anderen Plejd-Produkten erm\u00f6glicht.<\/p>\n<p data-start=\"1215\" data-end=\"1581\">Mithilfe der App kann der Benutzer Szenarien erstellen, Lichtst\u00e4rken anpassen und die Beleuchtung mit integrierten Astro- und Wochenuhren programmieren, sodass sich Beleuchtungspl\u00e4ne ganz einfach basierend auf der Tageszeit automatisieren lassen.<\/p>\n<p data-start=\"1583\" data-end=\"1921\">DAL-01 ist kompakt und f\u00fcr den Unterputzeinbau in einer Ger\u00e4tedose hinter einem Druckknopf oder einer Dosenabdeckung geeignet.<\/p>\n<p data-start=\"1583\" data-end=\"1921\">Alternativ kann es mit dem Montageclip MNT-01 (separat erh\u00e4ltlich) an einer Wand oder DIN-Schiene montiert werden. Dar\u00fcber hinaus verf\u00fcgt das Ger\u00e4t \u00fcber einen Kurzschlussschutz und einen \u00dcbertemperaturschutz, sodass ein dauerhafter und sicherer Betrieb gew\u00e4hrleistet ist.<\/p>\n<p data-start=\"1923\" data-end=\"2147\">Mit einer garantierten Stromversorgung von 128 mA und einer maximalen Kabell\u00e4nge von 300 Metern ist der DAL-01 eine ideale L\u00f6sung f\u00fcr kleine und gro\u00dfe DALI-Installationen, bei denen eine reibungslose und intelligente Lichtsteuerung erforderlich ist.<\/p>\n<h3 data-start=\"2154\" data-end=\"2189\"><strong data-start=\"2158\" data-end=\"2187\">Technische Spezifikationen:<\/strong><\/h3>\n<ul data-start=\"2190\" data-end=\"3010\">\n<li data-start=\"2190\" data-end=\"2235\"><strong data-start=\"2192\" data-end=\"2208\">Netzspannung:<\/strong> 230 V \/ 50 Hz (max. 0,05 A)<\/li>\n<li data-start=\"2236\" data-end=\"2264\"><strong data-start=\"2238\" data-end=\"2256\">Standby-Leistung:<\/strong> 0,4 W<\/li>\n<li data-start=\"2265\" data-end=\"2333\"><strong data-start=\"2267\" data-end=\"2281\">DALI-Unterst\u00fctzung:<\/strong> DALI-2 Broadcast (64 Lasten), abstimmbares Wei\u00df (DT8)<\/li>\n<li data-start=\"2334\" data-end=\"2475\"><strong data-start=\"2336\" data-end=\"2350\">DALI-Bus:<\/strong>\n<ul data-start=\"2355\" data-end=\"2475\">\n<li data-start=\"2355\" data-end=\"2394\">Garantierte Stromversorgung: 128 mA<\/li>\n<li data-start=\"2397\" data-end=\"2433\">Maximale Stromversorgung: 150 mA<\/li>\n<li data-start=\"2436\" data-end=\"2475\">Max. Kabell\u00e4nge: 300 Meter (1,5 mm\u00b2)<\/li>\n<\/ul>\n<\/li>\n<li data-start=\"2476\" data-end=\"2559\"><strong data-start=\"2478\" data-end=\"2497\">Anzahl Eing\u00e4nge:<\/strong> 2 (f\u00fcr Drucktaster, Bewegungsmelder oder andere externe Steuerung)<\/li>\n<li data-start=\"2560\" data-end=\"2606\"><strong data-start=\"2562\" data-end=\"2580\">Kommunikation:<\/strong> 2,4 GHz Bluetooth\u00ae Mesh<\/li>\n<li data-start=\"2607\" data-end=\"2682\"><strong data-start=\"2609\" data-end=\"2627\">Funkreichweite:<\/strong> Ungef\u00e4hr 10 Meter im Innenbereich (erweitert mit Plejd Mesh-Technologie)<\/li>\n<li data-start=\"2683\" data-end=\"2760\"><strong data-start=\"2685\" data-end=\"2699\">Montage:<\/strong> Versenkter Einbau in eine Anschlussdose, Wand oder DIN-Schiene<\/li>\n<li data-start=\"2761\" data-end=\"2786\"><strong data-start=\"2763\" data-end=\"2772\">Messen:<\/strong> 46x46x18mm<\/li>\n<li data-start=\"2787\" data-end=\"2845\"><strong data-start=\"2789\" data-end=\"2799\">Schutz:<\/strong> \u00dcbertemperatur-Software, Kurzschlussschutz<\/li>\n<li data-start=\"2846\" data-end=\"2889\"><strong data-start=\"2848\" data-end=\"2861\">IP-Klasse:<\/strong> IP20 (nur f\u00fcr den Innenbereich)<\/li>\n<li data-start=\"2890\" data-end=\"2954\"><strong data-start=\"2892\" data-end=\"2905\">Material:<\/strong> Halogenfreier Thermoplast, t\u00fcrkis gl\u00e4nzend (RAL 6027)<\/li>\n<li data-start=\"2955\" data-end=\"3010\"><strong data-start=\"2957\" data-end=\"2976\">Kompatibilit\u00e4t:<\/strong> Apple HomeKit, Google Assistant<\/li>\n<\/ul>\n<p data-start=\"3012\" data-end=\"3198\">Plejd DAL-01 ist eine zuverl\u00e4ssige und leistungsstarke L\u00f6sung f\u00fcr moderne DALI-basierte Beleuchtungssysteme und bietet eine einfache und flexible Steuerung sowohl f\u00fcr Wohn- als auch f\u00fcr Gesch\u00e4ftsumgebungen.<\/p>","protected":false},"excerpt":{"rendered":"<p>Plejd DAL-01 ist ein fortschrittlicher DALI-Dimmer mit integriertem Netzteil f\u00fcr bis zu 64 DALI-Lasten.<\/p>\n<p>Es unterst\u00fctzt Tunable White (DT8) und kann \u00fcber die Plejd-App, einen Druckknopf oder einen Bewegungssensor gesteuert werden.<\/p>\n<p>Mit integrierten Zeitfunktionen und Bluetooth\u00ae-Mesh-Technologie ist der DAL-01 eine flexible und leistungsstarke L\u00f6sung f\u00fcr die intelligente Lichtsteuerung.<\/p>","protected":false},"featured_media":148065,"template":"","meta":{"_acf_changed":false},"product_brand":[],"product_cat":[4660],"product_tag":[4670],"class_list":{"0":"post-148066","1":"product","2":"type-product","3":"status-publish","4":"has-post-thumbnail","6":"product_cat-plejd-relaer-led","7":"product_tag-plejd","8":"product_shipping_class-postnord-varubrev","9":"pa_brands-plejd","10":"pa_farg-turkos","11":"tm-has-options","13":"first","14":"instock","15":"sale","16":"taxable","17":"shipping-taxable","18":"purchasable","19":"product-type-simple"},"acf":[],"_links":{"self":[{"href":"https:\/\/secureus.se\/de\/wp-json\/wp\/v2\/product\/148066","targetHints":{"allow":["GET"]}}],"collection":[{"href":"https:\/\/secureus.se\/de\/wp-json\/wp\/v2\/product"}],"about":[{"href":"https:\/\/secureus.se\/de\/wp-json\/wp\/v2\/types\/product"}],"wp:featuredmedia":[{"embeddable":true,"href":"https:\/\/secureus.se\/de\/wp-json\/wp\/v2\/media\/148065"}],"wp:attachment":[{"href":"https:\/\/secureus.se\/de\/wp-json\/wp\/v2\/media?parent=148066"}],"wp:term":[{"taxonomy":"product_brand","embeddable":true,"href":"https:\/\/secureus.se\/de\/wp-json\/wp\/v2\/product_brand?post=148066"},{"taxonomy":"product_cat","embeddable":true,"href":"https:\/\/secureus.se\/de\/wp-json\/wp\/v2\/product_cat?post=148066"},{"taxonomy":"product_tag","embeddable":true,"href":"https:\/\/secureus.se\/de\/wp-json\/wp\/v2\/product_tag?post=148066"}],"curies":[{"name":"wp","href":"https:\/\/api.w.org\/{rel}","templated":true}]}}