{"id":148108,"date":"2025-02-19T16:37:19","date_gmt":"2025-02-19T15:37:19","guid":{"rendered":"https:\/\/secureus.se\/?post_type=product&#038;p=148108"},"modified":"2026-05-06T09:49:31","modified_gmt":"2026-05-06T07:49:31","slug":"magicard-mb600ko-black-monochrome-ribbon-600-prints","status":"publish","type":"product","link":"https:\/\/secureus.se\/de\/magicard-mb600ko-black-monochrome-ribbon-600-prints\/","title":{"rendered":"Magicard MB600KO svart\n  monokromt f\u00e4rgband (600 utskrifter)"},"content":{"rendered":"<h1>Schleife<br \/>\n  Magicard &#8211; MB600KO, svart monokrom (600 utskrifter)<\/h1>\n<p>F\u00e4rgband Magicard &#8211; MB600KO, svart monokrom (600 utskrifter) \u00e4r<br \/>\n  Ein KO-Armband mit schwarzem Panel und Schutzfolie. Es ist eine gute Wahl, wenn Sie<br \/>\n  Erfordert klaren Text, Barcodes und zus\u00e4tzlichen Schutz auf der Kartenoberfl\u00e4che.<\/p>\n<p>Geeignet f\u00fcr Ausweise, Zugangskarten, Mitgliedskarten und andere<br \/>\n  Plastikkarten, bei denen hohe Druckqualit\u00e4t und Zuverl\u00e4ssigkeit wichtig sind<br \/>\n  wichtig.<\/p>\n<ul>\n<li>Kapazit\u00e4t: bis zu 600 Ausdrucke<\/li>\n<li>Bandtyp: KO<\/li>\n<li>Artikelnummer: MB600KO<\/li>\n<\/ul>\n<p><strong>Kompatibel mit Magicard<br \/>\n  600.<\/strong><\/p>\n<p><strong>Produktgewicht:<\/strong> 0,20 kg<\/p>","protected":false},"excerpt":{"rendered":"<p>F\u00e4rgband Magicard &#8211; MB600KO, svart monokrom (600 utskrifter) F\u00e4rgband Magicard &#8211; MB600KO, svart monokrom (600 utskrifter) \u00e4r ett KO-band med svart panel och skyddande overlay. Det \u00e4r ett bra val<\/p>","protected":false},"featured_media":148107,"template":"","meta":{"_acf_changed":false},"product_brand":[],"product_cat":[3216,4830],"product_tag":[4863],"class_list":{"0":"post-148108","1":"product","2":"type-product","3":"status-publish","4":"has-post-thumbnail","6":"product_cat-magicard-fargband-retransfer","7":"product_cat-magicard-600-band","8":"product_tag-pf","9":"product_shipping_class-postnord-varubrev","10":"pa_brands-magicard","11":"tm-has-options","13":"first","14":"outofstock","15":"sale","16":"taxable","17":"shipping-taxable","18":"purchasable","19":"product-type-simple"},"acf":[],"_links":{"self":[{"href":"https:\/\/secureus.se\/de\/wp-json\/wp\/v2\/product\/148108","targetHints":{"allow":["GET"]}}],"collection":[{"href":"https:\/\/secureus.se\/de\/wp-json\/wp\/v2\/product"}],"about":[{"href":"https:\/\/secureus.se\/de\/wp-json\/wp\/v2\/types\/product"}],"wp:featuredmedia":[{"embeddable":true,"href":"https:\/\/secureus.se\/de\/wp-json\/wp\/v2\/media\/148107"}],"wp:attachment":[{"href":"https:\/\/secureus.se\/de\/wp-json\/wp\/v2\/media?parent=148108"}],"wp:term":[{"taxonomy":"product_brand","embeddable":true,"href":"https:\/\/secureus.se\/de\/wp-json\/wp\/v2\/product_brand?post=148108"},{"taxonomy":"product_cat","embeddable":true,"href":"https:\/\/secureus.se\/de\/wp-json\/wp\/v2\/product_cat?post=148108"},{"taxonomy":"product_tag","embeddable":true,"href":"https:\/\/secureus.se\/de\/wp-json\/wp\/v2\/product_tag?post=148108"}],"curies":[{"name":"wp","href":"https:\/\/api.w.org\/{rel}","templated":true}]}}