{"id":148311,"date":"2025-02-28T12:32:05","date_gmt":"2025-02-28T11:32:05","guid":{"rendered":"https:\/\/secureus.se\/seagate-st8000vx010-35-skyhawk-8tb-harddisk-sata-6gb-s\/"},"modified":"2025-12-31T21:44:00","modified_gmt":"2025-12-31T20:44:00","slug":"seagate-st8000vx010-35-skyhawk-8tb-harddisk-sata-6gb-s","status":"publish","type":"product","link":"https:\/\/secureus.se\/de\/seagate-st8000vx010-35-skyhawk-8tb-harddisk-sata-6gb-s\/","title":{"rendered":"Seagate ST8000VX010 3,5\u2033 SkyHawk 8TB Festplatte, SATA 6GB\/s"},"content":{"rendered":"<div class=\"headernamehrnone\">\n<p><b>Schlau. Sicher. Sicher. | Spezialisierter Speicher f\u00fcr die \u00dcberwachung<\/b>SkyHawk\u2122 profitiert von Seagates umfassender Erfahrung in der Entwicklung von Festplatten, die speziell f\u00fcr \u00dcberwachungsanwendungen entwickelt wurden.<\/p>\n<p><b>Hauptvorteile:<\/b><\/p>\n<ul>\n<li><b>ImagePerfect\u2122 Firmware<\/b>\u00a0wurde entwickelt, um eine nahtlose Videoerfassung bei \u00dcberwachungsworkloads im Rund-um-die-Uhr-Betrieb zu gew\u00e4hrleisten, bei denen Videos von 64 HD-Kameras aufgezeichnet werden.<\/li>\n<li><b>SkyHawk Gesundheitsmanagement<\/b>\u00a0tr\u00e4gt aktiv zum Schutz Ihres \u00dcberwachungsspeichers bei, indem der Schwerpunkt auf Pr\u00e4ventions-, Interventions- und Wiederherstellungsoptionen liegt. RAID RapidRebuild\u2122 ist im Lieferumfang enthalten und erm\u00f6glicht eine 3x schnellere Volume-Neuerstellung im Vergleich zur herk\u00f6mmlichen RAID-Neuerstellung.<\/li>\n<li><b>Beispielloser Datenschutz<\/b>\u00a0mit einem optionalen 2-Jahres-Plan f\u00fcr Rescue Data Recovery Services, der Zugriff auf die sicheren Labore von Seagate mit branchenf\u00fchrender Datenwiederherstellung bietet.<\/li>\n<li><b>Integrierte RV-Sensoren<\/b>\u00a0erm\u00f6glicht es den Laufwerken, ihre Leistung in Systemen mit mehreren Einsch\u00fcben aufrechtzuerhalten und gibt den Kunden die Flexibilit\u00e4t, ihre Systeme zu skalieren, wenn mehr Speicherplatz ben\u00f6tigt wird.<\/li>\n<li><b>ATA-Streaming-Unterst\u00fctzung<\/b>\u00a0erm\u00f6glicht Aufnahmen von bis zu 64 HD-Kameras f\u00fcr fl\u00fcssiges, unterbrechungsfreies Filmmaterial.<\/li>\n<li><b>1 Million Stunden MTBF, 3 Jahre eingeschr\u00e4nkte Garantie<\/b>\u00a0bedeutet verbesserte Gesamtbetriebskosten (TCO) bei reduzierten Wartungskosten.<\/li>\n<li>M<b>geringerer Stromverbrauch<\/b>\u00a0bedeutet eine Reduzierung der W\u00e4rmeabgabe, was die Zuverl\u00e4ssigkeit von \u00dcberwachungsl\u00f6sungen verbessert. Schmutzabweisende Komponenten sch\u00fctzen das Laufwerk vor Umwelteinfl\u00fcssen und erh\u00f6hen so die Zuverl\u00e4ssigkeit im Einsatz.<\/li>\n<\/ul>\n<\/div>\n<div class=\"row headername\">\n<div class=\"item-header rd-hyg-item-header\"><strong>Hauptmerkmale<\/strong><\/div>\n<div class=\"row\">\n<ul>\n<li>Netzwerk-Videorecorder (NVR)<\/li>\n<li>DVR-Videoaufzeichnungsger\u00e4te<\/li>\n<li>ImagePerfect\u2122-Firmware<\/li>\n<li>SkyHawk Gesundheitsmanagement<\/li>\n<li>Beispielloser Datenschutz<\/li>\n<li>1 Million Stunden MTBF, 3 Jahre eingeschr\u00e4nkte Garantie<\/li>\n<\/ul>\n<\/div>\n<\/div>","protected":false},"excerpt":{"rendered":"<p><strong>Seagate SkyHawk ST8000VX010 \u2013 8 TB 3,5\u2033 SATA-Festplatte<\/strong><\/p>\n<p>SkyHawk ist f\u00fcr Videosysteme konzipiert, ideal f\u00fcr DVR- und NVR-Systeme. Mit der ImagePerfect-Technologie und SkyHawk Health Management gew\u00e4hrleistet es eine zuverl\u00e4ssige und kontinuierliche Videoaufzeichnung. Es bietet eine schnelle Daten\u00fcbertragung mit 6 Gbit\/s und verf\u00fcgt \u00fcber eine Puffergr\u00f6\u00dfe von 256 MB. Beinhaltet drei Jahre Seagate Rescue Data Recovery f\u00fcr zus\u00e4tzlichen Datenschutz.<\/p>","protected":false},"featured_media":148310,"template":"","meta":{"_acf_changed":false},"product_brand":[],"product_cat":[3261],"product_tag":[],"class_list":{"0":"post-148311","1":"product","2":"type-product","3":"status-publish","4":"has-post-thumbnail","6":"product_cat-hdd-harddisk-3-5","7":"product_shipping_class-tunga-paket","8":"pa_brands-seagate","9":"tm-no-options","11":"first","12":"outofstock","13":"sale","14":"taxable","15":"shipping-taxable","16":"purchasable","17":"product-type-simple"},"acf":[],"_links":{"self":[{"href":"https:\/\/secureus.se\/de\/wp-json\/wp\/v2\/product\/148311","targetHints":{"allow":["GET"]}}],"collection":[{"href":"https:\/\/secureus.se\/de\/wp-json\/wp\/v2\/product"}],"about":[{"href":"https:\/\/secureus.se\/de\/wp-json\/wp\/v2\/types\/product"}],"wp:featuredmedia":[{"embeddable":true,"href":"https:\/\/secureus.se\/de\/wp-json\/wp\/v2\/media\/148310"}],"wp:attachment":[{"href":"https:\/\/secureus.se\/de\/wp-json\/wp\/v2\/media?parent=148311"}],"wp:term":[{"taxonomy":"product_brand","embeddable":true,"href":"https:\/\/secureus.se\/de\/wp-json\/wp\/v2\/product_brand?post=148311"},{"taxonomy":"product_cat","embeddable":true,"href":"https:\/\/secureus.se\/de\/wp-json\/wp\/v2\/product_cat?post=148311"},{"taxonomy":"product_tag","embeddable":true,"href":"https:\/\/secureus.se\/de\/wp-json\/wp\/v2\/product_tag?post=148311"}],"curies":[{"name":"wp","href":"https:\/\/api.w.org\/{rel}","templated":true}]}}