{"id":148355,"date":"2025-03-03T12:33:56","date_gmt":"2025-03-03T11:33:56","guid":{"rendered":"https:\/\/secureus.se\/eaton-640472full-0299x-flashni-horbart-visuellt-larm-bla-lins-djupvit\/"},"modified":"2026-04-23T13:28:59","modified_gmt":"2026-04-23T11:28:59","slug":"eaton-640472full-0299x-flashni-horbart-visuellt-larm-bla-lins-djupvit","status":"publish","type":"product","link":"https:\/\/secureus.se\/de\/eaton-640472full-0299x-flashni-horbart-visuellt-larm-bla-lins-djupvit\/","title":{"rendered":"Eaton 640472FULL-0299X Flashni akustischer optischer Alarm, blaue Linse, tiefwei\u00df"},"content":{"rendered":"<h1 data-start=\"220\" data-end=\"699\">Der Eaton 640472FULL-0299X ist ein leistungsstarker und zuverl\u00e4ssiger akustischer und visueller Alarm, der f\u00fcr den Einsatz in verschiedenen Sicherheitssystemen entwickelt wurde.<\/h1>\n<p data-start=\"220\" data-end=\"699\">Der Alarm verf\u00fcgt \u00fcber eine blaue Linse und eine tiefwei\u00dfe Basis, sodass er in Notsituationen sowohl sichtbar als auch h\u00f6rbar ist.<\/p>\n<p data-start=\"220\" data-end=\"699\">Mit einem Schallpegel von 110 dB ist es stark genug, um vor schwerwiegenden Zwischenf\u00e4llen zu warnen.<\/p>\n<p data-start=\"220\" data-end=\"699\">Der Alarm ist mit 24\u00a0V\u00a0Gleichstrom kompatibel und verf\u00fcgt \u00fcber separate Anschl\u00fcsse f\u00fcr Ton und Licht, was f\u00fcr Flexibilit\u00e4t bei der Installation sorgt.<\/p>\n<p data-start=\"701\" data-end=\"1086\">Die Schutzart des Produkts betr\u00e4gt IP65, wodurch es sowohl staub- als auch wasserdicht ist und sich f\u00fcr den Einsatz im Innen- und Au\u00dfenbereich eignet.<\/p>\n<p data-start=\"701\" data-end=\"1086\">Es wird auf der Oberfl\u00e4che montiert und verf\u00fcgt \u00fcber ein M20-Loch f\u00fcr eine einfache Installation.<\/p>\n<p data-start=\"701\" data-end=\"1086\">Der Alarm verf\u00fcgt \u00fcber mehrere verschiedene Tonoptionen, darunter Pulspiepton oder Dauerton, um unterschiedlichen Anforderungen gerecht zu werden.<\/p>\n<p data-start=\"701\" data-end=\"1086\">Der Alarm tr\u00e4gt die CE-Kennzeichnung und ist f\u00fcr den Einsatz in verschiedenen Sicherheitsanwendungen zugelassen.<\/p>\n<p data-start=\"1088\" data-end=\"1117\"><strong data-start=\"1088\" data-end=\"1117\">Technische Daten f\u00fcr Eaton 640472FULL-0299X:<\/strong><\/p>\n<ul data-start=\"1118\" data-end=\"1426\">\n<li data-start=\"1118\" data-end=\"1151\"><strong data-start=\"1120\" data-end=\"1129\">Malen:<\/strong> Wei\u00df (Basis), Blau (Linse)<\/li>\n<li data-start=\"1152\" data-end=\"1203\"><strong data-start=\"1154\" data-end=\"1163\">Messen:<\/strong> Breite: 93 mm, H\u00f6he: 93 mm, Tiefe: 121 mm<\/li>\n<li data-start=\"1204\" data-end=\"1223\"><strong data-start=\"1206\" data-end=\"1215\">Gewicht:<\/strong> 0,33 kg<\/li>\n<li data-start=\"1224\" data-end=\"1246\"><strong data-start=\"1226\" data-end=\"1239\">Schallpegel:<\/strong> 110 dB<\/li>\n<li data-start=\"1247\" data-end=\"1273\"><strong data-start=\"1249\" data-end=\"1268\">Schutzklasse:<\/strong> IP65<\/li>\n<li data-start=\"1274\" data-end=\"1296\"><strong data-start=\"1276\" data-end=\"1289\">Stromspannung:<\/strong> 24 V Gleichstrom<\/li>\n<li data-start=\"1297\" data-end=\"1325\"><strong data-start=\"1299\" data-end=\"1313\">Montage:<\/strong> Aufputzmontage<\/li>\n<li data-start=\"1326\" data-end=\"1362\"><strong data-start=\"1328\" data-end=\"1340\">Alarmtyp:<\/strong> Puls\/Dauerton<\/li>\n<li data-start=\"1363\" data-end=\"1426\"><strong data-start=\"1365\" data-end=\"1385\">Akustisches Signal:<\/strong> Separate Anschl\u00fcsse f\u00fcr Ton und Licht<\/li>\n<\/ul>","protected":false},"excerpt":{"rendered":"<p>Eaton 640472FULL-0299X Flashni, akustischer und optischer Alarm mit blauer Linse, 24\u00a0V\u00a0DC und tiefwei\u00dfem Sockel.<\/p>\n<p>Der Alarm erzeugt einen Ton von 110 dB und ist nach IP65-Schutz zertifiziert.<\/p>","protected":false},"featured_media":148354,"template":"","meta":{"_acf_changed":false},"product_brand":[],"product_cat":[1562,5097,1825],"product_tag":[],"class_list":{"0":"post-148355","1":"product","2":"type-product","3":"status-publish","4":"has-post-thumbnail","6":"product_cat-larmdon-blixtljus","7":"product_cat-kombisiren-blixt-brand","8":"product_cat-sirener-brand","9":"pa_brands-eaton","10":"tm-no-options","12":"first","13":"onbackorder","14":"sale","15":"taxable","16":"shipping-taxable","17":"purchasable","18":"product-type-simple"},"acf":[],"_links":{"self":[{"href":"https:\/\/secureus.se\/de\/wp-json\/wp\/v2\/product\/148355","targetHints":{"allow":["GET"]}}],"collection":[{"href":"https:\/\/secureus.se\/de\/wp-json\/wp\/v2\/product"}],"about":[{"href":"https:\/\/secureus.se\/de\/wp-json\/wp\/v2\/types\/product"}],"wp:featuredmedia":[{"embeddable":true,"href":"https:\/\/secureus.se\/de\/wp-json\/wp\/v2\/media\/148354"}],"wp:attachment":[{"href":"https:\/\/secureus.se\/de\/wp-json\/wp\/v2\/media?parent=148355"}],"wp:term":[{"taxonomy":"product_brand","embeddable":true,"href":"https:\/\/secureus.se\/de\/wp-json\/wp\/v2\/product_brand?post=148355"},{"taxonomy":"product_cat","embeddable":true,"href":"https:\/\/secureus.se\/de\/wp-json\/wp\/v2\/product_cat?post=148355"},{"taxonomy":"product_tag","embeddable":true,"href":"https:\/\/secureus.se\/de\/wp-json\/wp\/v2\/product_tag?post=148355"}],"curies":[{"name":"wp","href":"https:\/\/api.w.org\/{rel}","templated":true}]}}