{"id":148414,"date":"2025-03-05T12:03:59","date_gmt":"2025-03-05T11:03:59","guid":{"rendered":"https:\/\/secureus.se\/provstangsforlangare-113-m-solo-101\/"},"modified":"2026-04-08T16:02:26","modified_gmt":"2026-04-08T14:02:26","slug":"provstangsforlangare-113-m-solo-101","status":"publish","type":"product","link":"https:\/\/secureus.se\/de\/provstangsforlangare-113-m-solo-101\/","title":{"rendered":"Pr\u00fcfstabverl\u00e4ngerung 1,13 m \u2013 Solo 101"},"content":{"rendered":"<h1>Pr\u00fcfstabverl\u00e4ngerung 1,13 m \u2013 Solo 101<\/h1>\n<h3 data-start=\"264\" data-end=\"319\">Flexible Verl\u00e4ngerung f\u00fcr den Pr\u00fcfstab f\u00fcr gr\u00f6\u00dfere Reichweite<\/h3>\n<p data-start=\"320\" data-end=\"590\">Der Solo 101 ist eine 1,13 m lange Teststabverl\u00e4ngerung, mit der man auch ohne Leiter hoch angebrachte Rauch-, W\u00e4rme- und CO-Melder problemlos erreichen kann.<\/p>\n<p data-start=\"320\" data-end=\"590\">Es passt auf die Teleskopstangen Solo 100, Solo 108 und Solo 110 und ist somit ein vielseitiges Zubeh\u00f6r f\u00fcr Installateure und Techniker.<\/p>\n<h3 data-start=\"592\" data-end=\"624\">F\u00fcr maximale H\u00f6he kombinieren.<\/h3>\n<ul data-start=\"625\" data-end=\"823\">\n<li data-start=\"625\" data-end=\"699\">\n<p data-start=\"627\" data-end=\"699\">Bis zu 3 Solo 101 k\u00f6nnen miteinander verbunden werden, wodurch sich eine zus\u00e4tzliche Gesamth\u00f6he von 4,8 m ergibt.<\/p>\n<\/li>\n<li data-start=\"700\" data-end=\"761\">\n<p data-start=\"702\" data-end=\"761\">Kann mit Solo 108 kombiniert werden, um eine H\u00f6he von bis zu ca. 7,3 m zu erreichen.<\/p>\n<\/li>\n<li data-start=\"762\" data-end=\"823\">\n<p data-start=\"764\" data-end=\"823\">Kann mit Solo 100 kombiniert werden, um eine H\u00f6he von bis zu ca. 9,3 m zu erreichen.<\/p>\n<\/li>\n<\/ul>\n<h3 data-start=\"825\" data-end=\"852\">Vorteile von Solo 101<\/h3>\n<ul data-start=\"853\" data-end=\"1085\">\n<li data-start=\"853\" data-end=\"880\">\n<p data-start=\"855\" data-end=\"880\">L\u00e4nge: 1,13 m pro Einheit<\/p>\n<\/li>\n<li data-start=\"881\" data-end=\"921\">\n<p data-start=\"883\" data-end=\"921\">Kompatibel mit Solo 100, 108 und 110<\/p>\n<\/li>\n<li data-start=\"922\" data-end=\"984\">\n<p data-start=\"924\" data-end=\"984\">Verbinden Sie bis zu drei Einheiten f\u00fcr 4,8 m zus\u00e4tzliche Reichweite.<\/p>\n<\/li>\n<li data-start=\"985\" data-end=\"1037\">\n<p data-start=\"987\" data-end=\"1037\">Kann f\u00fcr h\u00f6here Decken mit Teleskopstangen kombiniert werden.<\/p>\n<\/li>\n<li data-start=\"1038\" data-end=\"1085\">\n<p data-start=\"1040\" data-end=\"1085\">Leicht und einfach am Arbeitsplatz zu handhaben.<\/p>\n<\/li>\n<\/ul>\n<p data-start=\"1087\" data-end=\"1114\"><strong>TECHNISCHE DATEN:<\/strong><\/p>\n<ul data-start=\"1115\" data-end=\"1451\">\n<li data-start=\"1115\" data-end=\"1148\">\n<p data-start=\"1117\" data-end=\"1148\">Produkt: Teststabverl\u00e4ngerung<\/p>\n<\/li>\n<li data-start=\"1149\" data-end=\"1169\">\n<p data-start=\"1151\" data-end=\"1169\">Modell: Solo 101<\/p>\n<\/li>\n<li data-start=\"1170\" data-end=\"1197\">\n<p data-start=\"1172\" data-end=\"1197\">L\u00e4nge pro Einheit: 1,13 m<\/p>\n<\/li>\n<li data-start=\"1198\" data-end=\"1236\">\n<p data-start=\"1200\" data-end=\"1236\">Kompatibel mit: Solo 100, 108, 110<\/p>\n<\/li>\n<li data-start=\"1237\" data-end=\"1280\">\n<p data-start=\"1239\" data-end=\"1280\">Maximale Anzahl anschlie\u00dfbar: 3 St\u00fcck (insgesamt 4,8 m)<\/p>\n<\/li>\n<li data-start=\"1281\" data-end=\"1331\">\n<p data-start=\"1283\" data-end=\"1331\">Kann mit Solo 108 kombiniert werden: ca. 7,3 m Reichweite<\/p>\n<\/li>\n<li data-start=\"1332\" data-end=\"1382\">\n<p data-start=\"1334\" data-end=\"1382\">Kann mit Solo 100 kombiniert werden: ca. 9,3 m Reichweite<\/p>\n<\/li>\n<li data-start=\"1383\" data-end=\"1451\">\n<p data-start=\"1385\" data-end=\"1451\">Verwendung: Verl\u00e4ngert Teleskopstangen beim Testen von Detektoren<\/p>\n<\/li>\n<\/ul>","protected":false},"excerpt":{"rendered":"<p>Der Teststockverl\u00e4ngerer Solo 101 ist eine 1,13 m lange Verl\u00e4ngerung f\u00fcr Teleskopst\u00f6cke wie Solo 100, 108 und 110.<\/p>\n<p>Bis zu 3 k\u00f6nnen miteinander verbunden werden, um eine H\u00f6he von bis zu 4,8 m zu erreichen, oder zusammen mit anderen Masten eine Deckenh\u00f6he von bis zu 9,3 m.<\/p>","protected":false},"featured_media":148413,"template":"","meta":{"_acf_changed":false},"product_brand":[],"product_cat":[2945,5070,5088,5072,5089,2946],"product_tag":[],"class_list":{"0":"post-148414","1":"product","2":"type-product","3":"status-publish","4":"has-post-thumbnail","6":"product_cat-solo","7":"product_cat-provstanger","8":"product_cat-solo-solo","9":"product_cat-solo-365","10":"product_cat-solo-365-solo-365","11":"product_cat-testifire","12":"product_shipping_class-tunga-paket","13":"pa_brands-solo","14":"tm-no-options","16":"first","17":"instock","18":"sale","19":"taxable","20":"shipping-taxable","21":"purchasable","22":"product-type-simple"},"acf":[],"_links":{"self":[{"href":"https:\/\/secureus.se\/de\/wp-json\/wp\/v2\/product\/148414","targetHints":{"allow":["GET"]}}],"collection":[{"href":"https:\/\/secureus.se\/de\/wp-json\/wp\/v2\/product"}],"about":[{"href":"https:\/\/secureus.se\/de\/wp-json\/wp\/v2\/types\/product"}],"wp:featuredmedia":[{"embeddable":true,"href":"https:\/\/secureus.se\/de\/wp-json\/wp\/v2\/media\/148413"}],"wp:attachment":[{"href":"https:\/\/secureus.se\/de\/wp-json\/wp\/v2\/media?parent=148414"}],"wp:term":[{"taxonomy":"product_brand","embeddable":true,"href":"https:\/\/secureus.se\/de\/wp-json\/wp\/v2\/product_brand?post=148414"},{"taxonomy":"product_cat","embeddable":true,"href":"https:\/\/secureus.se\/de\/wp-json\/wp\/v2\/product_cat?post=148414"},{"taxonomy":"product_tag","embeddable":true,"href":"https:\/\/secureus.se\/de\/wp-json\/wp\/v2\/product_tag?post=148414"}],"curies":[{"name":"wp","href":"https:\/\/api.w.org\/{rel}","templated":true}]}}