{"id":148589,"date":"2025-03-04T16:22:25","date_gmt":"2025-03-04T15:22:25","guid":{"rendered":"https:\/\/secureus.se\/armbagskontakt-50mm-alu-jck250\/"},"modified":"2026-04-16T16:52:41","modified_gmt":"2026-04-16T14:52:41","slug":"armbagskontakt-50mm-alu-jck250","status":"publish","type":"product","link":"https:\/\/secureus.se\/de\/armbagskontakt-50mm-alu-jck250\/","title":{"rendered":"Winkelverbinder \u2013 50mm \u2013 Alu \u2013 JCK250"},"content":{"rendered":"<h1>Winkelverbinder \u2013 50mm \u2013 Alu \u2013 JCK250<\/h1>\n<p>JCK250 ist nur 50 mm breit und f\u00fcr die Installation auf Glasabschnitten mit 50-mm-Profilsystemen sowie in anderen Bereichen mit begrenztem Platz entwickelt.<\/p>\n<section>\n<h4>Technische Spezifikation<\/h4>\n<ul>\n<li>Hergestellt in Schweden.<\/li>\n<li>Material: Alu.6060-T6, POM-Kunststoff (Acetal-Kunststoff).<\/li>\n<li>Abmessungen Standardversion L\/B\/H: 245x50x23 mm.<\/li>\n<li>Mikroschalter: NEIN IP-Klasse 67.<\/li>\n<li>Anzahl der Mikroschalter: Standardm\u00e4\u00dfig 1 Schlie\u00dfer, kann mit 2 Mikroschaltern und mit NO\/NC-Schaltmikroschaltern bestellt werden.<\/li>\n<\/ul>\n<\/section>","protected":false},"excerpt":{"rendered":"<p>Produktabmessungen: 245 x 50 x 23 mm.<\/p>\n<p>Winkelverbinder aus silber eloxiertem Aluminium mit schwarzen Endkappen.<\/p>\n<p>Schlankes Modell von nur 50 mm.<\/p>","protected":false},"featured_media":148588,"template":"","meta":{"_acf_changed":false},"product_brand":[],"product_cat":[1422,4706],"product_tag":[],"class_list":{"0":"post-148589","1":"product","2":"type-product","3":"status-publish","4":"has-post-thumbnail","6":"product_cat-armbagskontakter-dorrautomatik","7":"product_cat-metall","8":"product_shipping_class-tunga-paket","9":"pa_brands-jc-kontakter","10":"tm-has-options","12":"first","13":"instock","14":"sale","15":"taxable","16":"shipping-taxable","17":"purchasable","18":"product-type-simple"},"acf":[],"_links":{"self":[{"href":"https:\/\/secureus.se\/de\/wp-json\/wp\/v2\/product\/148589","targetHints":{"allow":["GET"]}}],"collection":[{"href":"https:\/\/secureus.se\/de\/wp-json\/wp\/v2\/product"}],"about":[{"href":"https:\/\/secureus.se\/de\/wp-json\/wp\/v2\/types\/product"}],"wp:featuredmedia":[{"embeddable":true,"href":"https:\/\/secureus.se\/de\/wp-json\/wp\/v2\/media\/148588"}],"wp:attachment":[{"href":"https:\/\/secureus.se\/de\/wp-json\/wp\/v2\/media?parent=148589"}],"wp:term":[{"taxonomy":"product_brand","embeddable":true,"href":"https:\/\/secureus.se\/de\/wp-json\/wp\/v2\/product_brand?post=148589"},{"taxonomy":"product_cat","embeddable":true,"href":"https:\/\/secureus.se\/de\/wp-json\/wp\/v2\/product_cat?post=148589"},{"taxonomy":"product_tag","embeddable":true,"href":"https:\/\/secureus.se\/de\/wp-json\/wp\/v2\/product_tag?post=148589"}],"curies":[{"name":"wp","href":"https:\/\/api.w.org\/{rel}","templated":true}]}}