{"id":148592,"date":"2025-03-10T11:55:48","date_gmt":"2025-03-10T10:55:48","guid":{"rendered":"https:\/\/secureus.se\/armbagskontakt-sparkfunktion-jck148\/"},"modified":"2026-04-16T16:19:17","modified_gmt":"2026-04-16T14:19:17","slug":"armbagskontakt-sparkfunktion-jck148","status":"publish","type":"product","link":"https:\/\/secureus.se\/de\/armbagskontakt-sparkfunktion-jck148\/","title":{"rendered":"Ellenbogenkontakt \u2013 Kickfunktion \u2013 JCK148"},"content":{"rendered":"<h1>Ellenbogenkontakt \u2013 Kickfunktion \u2013 JCK148<\/h1>\n<section>\n<section>Kombinierter Ellenbogen-\/Kickkontakt. Langes Modell aus silber eloxiertem Aluminium, mit Druckfl\u00e4che oben und Kickfl\u00e4che unten. JCK148 geh\u00f6rt zu einer Serie von Ellenbogenkontakten, die mit einem Kickkontakt unten kombiniert sind.<\/p>\n<p>Die Modelle sind speziell entwickelt, um z. B. Folgendes zu erm\u00f6glichen: Krankenhauspersonal kann T\u00fcren schnell und einfach \u00f6ffnen, z. B. mit das Bett, der Ellbogen, die H\u00fcfte oder der Fu\u00df.<\/p>\n<\/section>\n<section>\n<h3>Technische Spezifikation<\/h3>\n<ul>\n<li>Material: Alu.6060-T6, POM-Kunststoff (Acetal-Kunststoff).<\/li>\n<li>Abmessungen Standardversion L\/B\/H: 1200x80x28 mm.<\/li>\n<li>Mikroschalter: NEIN IP-Klasse 67.<\/li>\n<li>Anzahl der Mikroschalter: Standard 8 St\u00fcck NR.<\/li>\n<\/ul>\n<\/section>\n<p>&nbsp;<\/p>\n<section>\n<h3>Zubeh\u00f6r und Optionen<\/h3>\n<ul>\n<li>Steuereinheit mit zwei Ausg\u00e4ngen und verz\u00f6gertem Signal an einem Ausgang.<\/li>\n<\/ul>\n<\/section>\n<\/section>","protected":false},"excerpt":{"rendered":"<p>Produktabmessungen: 1200 x 80 x 28 mm.<\/p>\n<p>Langer Winkelverbinder aus silber eloxiertem Aluminium mit Kickfunktion\/Kickanschluss an der Unterseite.<\/p>","protected":false},"featured_media":148590,"template":"","meta":{"_acf_changed":false},"product_brand":[],"product_cat":[1422,4706],"product_tag":[],"class_list":{"0":"post-148592","1":"product","2":"type-product","3":"status-publish","4":"has-post-thumbnail","6":"product_cat-armbagskontakter-dorrautomatik","7":"product_cat-metall","8":"product_shipping_class-tunga-paket","9":"pa_brands-jc-kontakter","10":"tm-no-options","12":"first","13":"instock","14":"sale","15":"taxable","16":"shipping-taxable","17":"purchasable","18":"product-type-simple"},"acf":[],"_links":{"self":[{"href":"https:\/\/secureus.se\/de\/wp-json\/wp\/v2\/product\/148592","targetHints":{"allow":["GET"]}}],"collection":[{"href":"https:\/\/secureus.se\/de\/wp-json\/wp\/v2\/product"}],"about":[{"href":"https:\/\/secureus.se\/de\/wp-json\/wp\/v2\/types\/product"}],"wp:featuredmedia":[{"embeddable":true,"href":"https:\/\/secureus.se\/de\/wp-json\/wp\/v2\/media\/148590"}],"wp:attachment":[{"href":"https:\/\/secureus.se\/de\/wp-json\/wp\/v2\/media?parent=148592"}],"wp:term":[{"taxonomy":"product_brand","embeddable":true,"href":"https:\/\/secureus.se\/de\/wp-json\/wp\/v2\/product_brand?post=148592"},{"taxonomy":"product_cat","embeddable":true,"href":"https:\/\/secureus.se\/de\/wp-json\/wp\/v2\/product_cat?post=148592"},{"taxonomy":"product_tag","embeddable":true,"href":"https:\/\/secureus.se\/de\/wp-json\/wp\/v2\/product_tag?post=148592"}],"curies":[{"name":"wp","href":"https:\/\/api.w.org\/{rel}","templated":true}]}}