{"id":148604,"date":"2025-03-10T11:35:00","date_gmt":"2025-03-10T10:35:00","guid":{"rendered":"https:\/\/secureus.se\/armbagskontakt-aluminium-jck227\/"},"modified":"2026-04-16T16:29:55","modified_gmt":"2026-04-16T14:29:55","slug":"armbagskontakt-aluminium-jck227","status":"publish","type":"product","link":"https:\/\/secureus.se\/de\/armbagskontakt-aluminium-jck227\/","title":{"rendered":"Winkelverbinder \u2013 Aluminium \u2013 JCK227"},"content":{"rendered":"<h1>Winkelverbinder \u2013 Aluminium \u2013 JCK227<\/h1>\n<p>JCK227 geh\u00f6rt zu einer Serie von Winkelverbindern mit doppelter Druckfl\u00e4che, die es erm\u00f6glichen, z. B. eine zus\u00e4tzliche T\u00fcr oder ein Schloss.<\/p>\n<p>JCK227 besteht aus silber eloxiertem Aluminium mit schwarzen Endkappen.<\/p>\n<p>Beide Druckfl\u00e4chen sind mit vier taktilen Rillen ausgestattet und dienen als zus\u00e4tzliche Orientierung f\u00fcr Menschen mit Sehbehinderung.<\/p>\n<p>Sie k\u00f6nnen leicht ertasten, wo Sie dr\u00fccken m\u00fcssen, um die T\u00fcr\u00f6ffnung zu aktivieren.<\/p>\n<h4>Technische Spezifikation<\/h4>\n<ul>\n<li>Hergestellt in Schweden.<\/li>\n<li>Material: Alu.6060-T6, POM-Kunststoff (Acetal-Kunststoff).<\/li>\n<li>Abmessungen Standardversion L\/B\/H: 311x80x23 mm.<\/li>\n<li>Mikroschalter: 1 Schlie\u00dfer + 1 Schlie\u00dfer\/\u00d6ffner. IP67.<\/li>\n<\/ul>","protected":false},"excerpt":{"rendered":"<p>Produktabmessungen: 311 x 80 x 23 mm.<\/p>\n<p>Winkelverbinder aus silber eloxiertem Aluminium mit schwarzen Endkappen.<\/p>\n<p>Doppelte Druckfl\u00e4chen mit taktilen Rillen.<\/p>","protected":false},"featured_media":148602,"template":"","meta":{"_acf_changed":false},"product_brand":[],"product_cat":[1422,4706],"product_tag":[],"class_list":{"0":"post-148604","1":"product","2":"type-product","3":"status-publish","4":"has-post-thumbnail","6":"product_cat-armbagskontakter-dorrautomatik","7":"product_cat-metall","8":"product_shipping_class-tunga-paket","9":"pa_brands-jc-kontakter","10":"tm-has-options","12":"first","13":"instock","14":"sale","15":"taxable","16":"shipping-taxable","17":"purchasable","18":"product-type-simple"},"acf":[],"_links":{"self":[{"href":"https:\/\/secureus.se\/de\/wp-json\/wp\/v2\/product\/148604","targetHints":{"allow":["GET"]}}],"collection":[{"href":"https:\/\/secureus.se\/de\/wp-json\/wp\/v2\/product"}],"about":[{"href":"https:\/\/secureus.se\/de\/wp-json\/wp\/v2\/types\/product"}],"wp:featuredmedia":[{"embeddable":true,"href":"https:\/\/secureus.se\/de\/wp-json\/wp\/v2\/media\/148602"}],"wp:attachment":[{"href":"https:\/\/secureus.se\/de\/wp-json\/wp\/v2\/media?parent=148604"}],"wp:term":[{"taxonomy":"product_brand","embeddable":true,"href":"https:\/\/secureus.se\/de\/wp-json\/wp\/v2\/product_brand?post=148604"},{"taxonomy":"product_cat","embeddable":true,"href":"https:\/\/secureus.se\/de\/wp-json\/wp\/v2\/product_cat?post=148604"},{"taxonomy":"product_tag","embeddable":true,"href":"https:\/\/secureus.se\/de\/wp-json\/wp\/v2\/product_tag?post=148604"}],"curies":[{"name":"wp","href":"https:\/\/api.w.org\/{rel}","templated":true}]}}